{"id":10006,"date":"2025-09-24T09:19:23","date_gmt":"2025-09-24T08:19:23","guid":{"rendered":"https:\/\/vhrc.fr\/?page_id=10006"},"modified":"2025-09-25T08:32:49","modified_gmt":"2025-09-25T07:32:49","slug":"the-mini-car-project","status":"publish","type":"page","link":"https:\/\/vhrc.fr\/en\/voitures\/du-cote-des-usa\/the-mini-car-project\/","title":{"rendered":"The Mini car project"},"content":{"rendered":"<p>Edward Nunn est un am\u00e9ricain qui a fabriqu\u00e9 plusieurs mod\u00e8les de voitures hyper r\u00e9alistes dont une fameuse Corvette C2 d&rsquo;apr\u00e8s une carrosserie r\u00e9alis\u00e9e par un artisan (<a href=\"https:\/\/rcbodyshop.fr\/carrosseries\/stratification-en-fibre-de-verre-par-terry-holston\/\">Terry Holston<\/a>) il y a des ann\u00e9es, il utilise des moteur <a href=\"#https:\/\/vhrc.fr\/la-technique-des-autos-14\/les-moteurs-de-prestige\/#conley\" data-type=\"page\" data-id=\"1434\">Conley<\/a>. De nombreux d\u00e9tails sont fonctionnels comme les poign\u00e9es de portes, la boite \u00e0 gants, le volant, etc&#8230; une maquette de voiture de salon mais qui roule. Il a fait appel \u00e0 une entreprise Turque ( <a href=\"https:\/\/vhrc.fr\/en\/voitures\/metal-hoby\/\">Metal hoby<\/a> ) de camions RC pour certaines pi\u00e8ces.<\/p>\n\n\n\n<figure class=\"wp-block-gallery has-nested-images columns-default is-cropped wp-block-gallery-1 is-layout-flex wp-block-gallery-is-layout-flex\">\n<figure class=\"wp-block-image size-large\"><img loading=\"lazy\" decoding=\"async\" width=\"800\" height=\"592\" data-id=\"10011\" src=\"https:\/\/vhrc.fr\/wp-content\/uploads\/2025\/09\/1963-Corvette-Stingray-RC-Car-FTDEdward-Nunn-800x592.jpg\" alt=\"\" class=\"wp-image-10011\" srcset=\"https:\/\/vhrc.fr\/wp-content\/uploads\/2025\/09\/1963-Corvette-Stingray-RC-Car-FTDEdward-Nunn-800x592.jpg 800w, https:\/\/vhrc.fr\/wp-content\/uploads\/2025\/09\/1963-Corvette-Stingray-RC-Car-FTDEdward-Nunn-400x296.jpg 400w, https:\/\/vhrc.fr\/wp-content\/uploads\/2025\/09\/1963-Corvette-Stingray-RC-Car-FTDEdward-Nunn-768x568.jpg 768w, https:\/\/vhrc.fr\/wp-content\/uploads\/2025\/09\/1963-Corvette-Stingray-RC-Car-FTDEdward-Nunn-16x12.jpg 16w, https:\/\/vhrc.fr\/wp-content\/uploads\/2025\/09\/1963-Corvette-Stingray-RC-Car-FTDEdward-Nunn.jpg 1000w\" sizes=\"auto, (max-width: 800px) 100vw, 800px\" \/><figcaption class=\"wp-element-caption\">vue globale de l&rsquo;exemplaire rouge<\/figcaption><\/figure>\n\n\n\n<figure class=\"wp-block-image size-large\"><img loading=\"lazy\" decoding=\"async\" width=\"640\" height=\"480\" data-id=\"10010\" src=\"https:\/\/vhrc.fr\/wp-content\/uploads\/2025\/09\/1963-Corvette-Stingray-RC-Car-engine-The-Mini-Car_003.jpg\" alt=\"\" class=\"wp-image-10010\" srcset=\"https:\/\/vhrc.fr\/wp-content\/uploads\/2025\/09\/1963-Corvette-Stingray-RC-Car-engine-The-Mini-Car_003.jpg 640w, https:\/\/vhrc.fr\/wp-content\/uploads\/2025\/09\/1963-Corvette-Stingray-RC-Car-engine-The-Mini-Car_003-400x300.jpg 400w, https:\/\/vhrc.fr\/wp-content\/uploads\/2025\/09\/1963-Corvette-Stingray-RC-Car-engine-The-Mini-Car_003-16x12.jpg 16w\" sizes=\"auto, (max-width: 640px) 100vw, 640px\" \/><figcaption class=\"wp-element-caption\">en route!<\/figcaption><\/figure>\n\n\n\n<figure class=\"wp-block-image size-large\"><img loading=\"lazy\" decoding=\"async\" width=\"480\" height=\"360\" data-id=\"10009\" src=\"https:\/\/vhrc.fr\/wp-content\/uploads\/2025\/09\/1963-Corvette-Stingray-RC-Car-engine-The-Mini-Car_002.jpg\" alt=\"\" class=\"wp-image-10009\" srcset=\"https:\/\/vhrc.fr\/wp-content\/uploads\/2025\/09\/1963-Corvette-Stingray-RC-Car-engine-The-Mini-Car_002.jpg 480w, https:\/\/vhrc.fr\/wp-content\/uploads\/2025\/09\/1963-Corvette-Stingray-RC-Car-engine-The-Mini-Car_002-400x300.jpg 400w, https:\/\/vhrc.fr\/wp-content\/uploads\/2025\/09\/1963-Corvette-Stingray-RC-Car-engine-The-Mini-Car_002-16x12.jpg 16w\" sizes=\"auto, (max-width: 480px) 100vw, 480px\" \/><figcaption class=\"wp-element-caption\">la corvette c2 vue de cot\u00e9<\/figcaption><\/figure>\n\n\n\n<figure class=\"wp-block-image size-large\"><img loading=\"lazy\" decoding=\"async\" width=\"450\" height=\"800\" data-id=\"10008\" src=\"https:\/\/vhrc.fr\/wp-content\/uploads\/2025\/09\/1963-Corvette-Stingray-RC-Car-engine-The-Mini-Car_001-450x800.jpg\" alt=\"\" class=\"wp-image-10008\" srcset=\"https:\/\/vhrc.fr\/wp-content\/uploads\/2025\/09\/1963-Corvette-Stingray-RC-Car-engine-The-Mini-Car_001-450x800.jpg 450w, https:\/\/vhrc.fr\/wp-content\/uploads\/2025\/09\/1963-Corvette-Stingray-RC-Car-engine-The-Mini-Car_001-225x400.jpg 225w, https:\/\/vhrc.fr\/wp-content\/uploads\/2025\/09\/1963-Corvette-Stingray-RC-Car-engine-The-Mini-Car_001-7x12.jpg 7w, https:\/\/vhrc.fr\/wp-content\/uploads\/2025\/09\/1963-Corvette-Stingray-RC-Car-engine-The-Mini-Car_001.jpg 540w\" sizes=\"auto, (max-width: 450px) 100vw, 450px\" \/><figcaption class=\"wp-element-caption\">le seuil de porte en alu et les roues turbine usin\u00e9es<\/figcaption><\/figure>\n\n\n\n<figure class=\"wp-block-image size-large\"><img loading=\"lazy\" decoding=\"async\" width=\"800\" height=\"519\" data-id=\"10007\" src=\"https:\/\/vhrc.fr\/wp-content\/uploads\/2025\/09\/1963-Corvette-Stingray-RC-Car-engine-The-Mini-Car-800x519.jpg\" alt=\"\" class=\"wp-image-10007\" srcset=\"https:\/\/vhrc.fr\/wp-content\/uploads\/2025\/09\/1963-Corvette-Stingray-RC-Car-engine-The-Mini-Car-800x519.jpg 800w, https:\/\/vhrc.fr\/wp-content\/uploads\/2025\/09\/1963-Corvette-Stingray-RC-Car-engine-The-Mini-Car-400x260.jpg 400w, https:\/\/vhrc.fr\/wp-content\/uploads\/2025\/09\/1963-Corvette-Stingray-RC-Car-engine-The-Mini-Car-768x498.jpg 768w, https:\/\/vhrc.fr\/wp-content\/uploads\/2025\/09\/1963-Corvette-Stingray-RC-Car-engine-The-Mini-Car-18x12.jpg 18w, https:\/\/vhrc.fr\/wp-content\/uploads\/2025\/09\/1963-Corvette-Stingray-RC-Car-engine-The-Mini-Car.jpg 1000w\" sizes=\"auto, (max-width: 800px) 100vw, 800px\" \/><figcaption class=\"wp-element-caption\">le moteur conley v8<\/figcaption><\/figure>\n<\/figure>\n\n\n\n<h2 class=\"wp-block-heading\">vid\u00e9os<\/h2>\n\n\n\n<figure class=\"wp-block-embed is-type-video is-provider-youtube wp-block-embed-youtube wp-embed-aspect-16-9 wp-has-aspect-ratio\"><div class=\"wp-block-embed__wrapper\">\n<iframe loading=\"lazy\" title=\"Supercar Blondie video\" width=\"800\" height=\"450\" src=\"https:\/\/www.youtube.com\/embed\/Nm8q2Wo4_uE?feature=oembed\" frameborder=\"0\" allow=\"accelerometer; autoplay; clipboard-write; encrypted-media; gyroscope; picture-in-picture; web-share\" referrerpolicy=\"strict-origin-when-cross-origin\" allowfullscreen><\/iframe>\n<\/div><\/figure>\n\n\n\n<p>de nombreuses autres vid\u00e9os sur la <a href=\"https:\/\/www.youtube.com\/@TheMiniCar\/videos\" data-type=\"link\" data-id=\"https:\/\/www.youtube.com\/@TheMiniCar\/videos\">cha\u00eene Youtube the minicar<\/a><\/p>\n\n\n\n<p>et son site Internet officiel ici:&nbsp;<a href=\"http:\/\/www.myqsc2.com\/\">http:\/\/www.myqsc2.com<\/a><\/p>","protected":false},"excerpt":{"rendered":"<p>Edward Nunn est un am\u00e9ricain qui a fabriqu\u00e9 plusieurs mod\u00e8les de voitures hyper r\u00e9alistes dont une fameuse Corvette C2 d&rsquo;apr\u00e8s<\/p>","protected":false},"author":5,"featured_media":10011,"parent":339,"menu_order":0,"comment_status":"closed","ping_status":"closed","template":"","meta":{"colormag_page_container_layout":"default_layout","colormag_page_sidebar_layout":"default_layout","footnotes":""},"class_list":["post-10006","page","type-page","status-publish","has-post-thumbnail","hentry"],"_links":{"self":[{"href":"https:\/\/vhrc.fr\/en\/wp-json\/wp\/v2\/pages\/10006","targetHints":{"allow":["GET"]}}],"collection":[{"href":"https:\/\/vhrc.fr\/en\/wp-json\/wp\/v2\/pages"}],"about":[{"href":"https:\/\/vhrc.fr\/en\/wp-json\/wp\/v2\/types\/page"}],"author":[{"embeddable":true,"href":"https:\/\/vhrc.fr\/en\/wp-json\/wp\/v2\/users\/5"}],"replies":[{"embeddable":true,"href":"https:\/\/vhrc.fr\/en\/wp-json\/wp\/v2\/comments?post=10006"}],"version-history":[{"count":6,"href":"https:\/\/vhrc.fr\/en\/wp-json\/wp\/v2\/pages\/10006\/revisions"}],"predecessor-version":[{"id":10020,"href":"https:\/\/vhrc.fr\/en\/wp-json\/wp\/v2\/pages\/10006\/revisions\/10020"}],"up":[{"embeddable":true,"href":"https:\/\/vhrc.fr\/en\/wp-json\/wp\/v2\/pages\/339"}],"wp:featuredmedia":[{"embeddable":true,"href":"https:\/\/vhrc.fr\/en\/wp-json\/wp\/v2\/media\/10011"}],"wp:attachment":[{"href":"https:\/\/vhrc.fr\/en\/wp-json\/wp\/v2\/media?parent=10006"}],"curies":[{"name":"wp","href":"https:\/\/api.w.org\/{rel}","templated":true}]}}