{"id":1044,"date":"2010-07-15T07:26:53","date_gmt":"2010-07-15T06:26:53","guid":{"rendered":"http:\/\/vhrc.fr\/?page_id=1044"},"modified":"2012-06-14T12:05:18","modified_gmt":"2012-06-14T11:05:18","slug":"2009-m6-montpellier","status":"publish","type":"page","link":"https:\/\/vhrc.fr\/en\/historique\/vhrc-lhistorique\/2009vhr\/2009-m6-montpellier\/","title":{"rendered":"2009 M6 Montpellier"},"content":{"rendered":"<h2>\nLe 6 Septembre 2009 L&rsquo;AMO accueille le VHR 2009 pour sa 6e manche.<\/h2>\n<p>r\u00e9sum\u00e9<\/p>\n<p>&nbsp;<\/p>\n<p><a href=\"http:\/\/vhrc.fr\/wp-content\/uploads\/2010\/07\/vhrc-2009-mpl-IMG_2649.jpg\"><img loading=\"lazy\" decoding=\"async\" class=\"alignnone size-full wp-image-2643\" title=\"vhrc 2009 mpl IMG_2649\" src=\"http:\/\/vhrc.fr\/wp-content\/uploads\/2010\/07\/vhrc-2009-mpl-IMG_2649.jpg\" alt=\"\" width=\"640\" height=\"480\" srcset=\"https:\/\/vhrc.fr\/wp-content\/uploads\/2010\/07\/vhrc-2009-mpl-IMG_2649.jpg 640w, https:\/\/vhrc.fr\/wp-content\/uploads\/2010\/07\/vhrc-2009-mpl-IMG_2649-500x375.jpg 500w\" sizes=\"auto, (max-width: 640px) 100vw, 640px\" \/><\/a><\/p>\n<h2>vid\u00e9o<\/h2>\n<p><object width=\"560\" height=\"420\" classid=\"clsid:d27cdb6e-ae6d-11cf-96b8-444553540000\" codebase=\"http:\/\/download.macromedia.com\/pub\/shockwave\/cabs\/flash\/swflash.cab#version=6,0,40,0\"><param name=\"allowFullScreen\" value=\"true\" \/><param name=\"allowScriptAccess\" value=\"always\" \/><param name=\"src\" value=\"http:\/\/www.dailymotion.com\/swf\/video\/xafu90?background=%23171D1B&amp;foreground=%23F7FFFD&amp;highlight=%23FFC300&amp;autoPlay=0&amp;hideInfos=0&amp;width=560&amp;additionalInfos=0\" \/><param name=\"allowfullscreen\" value=\"true\" \/><param name=\"allowscriptaccess\" value=\"always\" \/><embed width=\"560\" height=\"420\" type=\"application\/x-shockwave-flash\" src=\"http:\/\/www.dailymotion.com\/swf\/video\/xafu90?background=%23171D1B&amp;foreground=%23F7FFFD&amp;highlight=%23FFC300&amp;autoPlay=0&amp;hideInfos=0&amp;width=560&amp;additionalInfos=0\" allowFullScreen=\"true\" allowScriptAccess=\"always\" allowfullscreen=\"true\" allowscriptaccess=\"always\" \/><\/object><br \/>\n<strong><a href=\"http:\/\/www.dailymotion.com\/video\/xafu90_vhrc-2009-manche-6-a-montpellier_auto\">VHRC 2009 manche 6 \u00e0 Montpellier<\/a><\/strong><br \/>\n<em>envoy\u00e9 par <a href=\"http:\/\/www.dailymotion.com\/eightman\">eightman<\/a><\/em><\/p>\n<h2>PHOTOS<em> <\/em><\/h2>\n<div id='gallery-1' class='gallery galleryid-1044 gallery-columns-2 gallery-size-colormag-featured-image'><figure class='gallery-item'>\n\t\t\t<div class='gallery-icon landscape'>\n\t\t\t\t<a href='https:\/\/vhrc.fr\/wp-content\/uploads\/2010\/07\/vhrc-2009-mpl-IMG_2649.jpg'><img loading=\"lazy\" decoding=\"async\" width=\"593\" height=\"445\" src=\"https:\/\/vhrc.fr\/wp-content\/uploads\/2010\/07\/vhrc-2009-mpl-IMG_2649.jpg\" class=\"attachment-colormag-featured-image size-colormag-featured-image\" alt=\"\" srcset=\"https:\/\/vhrc.fr\/wp-content\/uploads\/2010\/07\/vhrc-2009-mpl-IMG_2649.jpg 640w, https:\/\/vhrc.fr\/wp-content\/uploads\/2010\/07\/vhrc-2009-mpl-IMG_2649-500x375.jpg 500w\" sizes=\"auto, (max-width: 593px) 100vw, 593px\" \/><\/a>\n\t\t\t<\/div><\/figure><figure class='gallery-item'>\n\t\t\t<div class='gallery-icon landscape'>\n\t\t\t\t<a href='https:\/\/vhrc.fr\/wp-content\/uploads\/2010\/07\/vhrc-090906-montpellier_00.jpg'><img loading=\"lazy\" decoding=\"async\" width=\"520\" height=\"362\" src=\"https:\/\/vhrc.fr\/wp-content\/uploads\/2010\/07\/vhrc-090906-montpellier_00.jpg\" class=\"attachment-colormag-featured-image size-colormag-featured-image\" alt=\"\" srcset=\"https:\/\/vhrc.fr\/wp-content\/uploads\/2010\/07\/vhrc-090906-montpellier_00.jpg 520w, https:\/\/vhrc.fr\/wp-content\/uploads\/2010\/07\/vhrc-090906-montpellier_00-500x348.jpg 500w\" sizes=\"auto, (max-width: 520px) 100vw, 520px\" \/><\/a>\n\t\t\t<\/div><\/figure><figure class='gallery-item'>\n\t\t\t<div class='gallery-icon landscape'>\n\t\t\t\t<a href='https:\/\/vhrc.fr\/wp-content\/uploads\/2010\/07\/vhrc-090906-montpellier_00.jpg'><img loading=\"lazy\" decoding=\"async\" width=\"520\" height=\"362\" src=\"https:\/\/vhrc.fr\/wp-content\/uploads\/2010\/07\/vhrc-090906-montpellier_00.jpg\" class=\"attachment-colormag-featured-image size-colormag-featured-image\" alt=\"\" srcset=\"https:\/\/vhrc.fr\/wp-content\/uploads\/2010\/07\/vhrc-090906-montpellier_00.jpg 520w, https:\/\/vhrc.fr\/wp-content\/uploads\/2010\/07\/vhrc-090906-montpellier_00-500x348.jpg 500w\" sizes=\"auto, (max-width: 520px) 100vw, 520px\" \/><\/a>\n\t\t\t<\/div><\/figure><figure class='gallery-item'>\n\t\t\t<div class='gallery-icon landscape'>\n\t\t\t\t<a href='https:\/\/vhrc.fr\/wp-content\/uploads\/2010\/07\/vhrc-090906-montpellier_IMG_1736.jpg'><img loading=\"lazy\" decoding=\"async\" width=\"593\" height=\"445\" src=\"https:\/\/vhrc.fr\/wp-content\/uploads\/2010\/07\/vhrc-090906-montpellier_IMG_1736.jpg\" class=\"attachment-colormag-featured-image size-colormag-featured-image\" alt=\"\" srcset=\"https:\/\/vhrc.fr\/wp-content\/uploads\/2010\/07\/vhrc-090906-montpellier_IMG_1736.jpg 640w, https:\/\/vhrc.fr\/wp-content\/uploads\/2010\/07\/vhrc-090906-montpellier_IMG_1736-500x375.jpg 500w\" sizes=\"auto, (max-width: 593px) 100vw, 593px\" \/><\/a>\n\t\t\t<\/div><\/figure><figure class='gallery-item'>\n\t\t\t<div class='gallery-icon landscape'>\n\t\t\t\t<a href='https:\/\/vhrc.fr\/wp-content\/uploads\/2010\/07\/vhrc-090906-montpellier_IMG_1742.jpg'><img loading=\"lazy\" decoding=\"async\" width=\"593\" height=\"445\" src=\"https:\/\/vhrc.fr\/wp-content\/uploads\/2010\/07\/vhrc-090906-montpellier_IMG_1742.jpg\" class=\"attachment-colormag-featured-image size-colormag-featured-image\" alt=\"\" srcset=\"https:\/\/vhrc.fr\/wp-content\/uploads\/2010\/07\/vhrc-090906-montpellier_IMG_1742.jpg 640w, https:\/\/vhrc.fr\/wp-content\/uploads\/2010\/07\/vhrc-090906-montpellier_IMG_1742-500x375.jpg 500w\" sizes=\"auto, (max-width: 593px) 100vw, 593px\" \/><\/a>\n\t\t\t<\/div><\/figure><figure class='gallery-item'>\n\t\t\t<div class='gallery-icon landscape'>\n\t\t\t\t<a href='https:\/\/vhrc.fr\/wp-content\/uploads\/2010\/07\/vhrc-090906-montpellier_IMG_1762.jpg'><img loading=\"lazy\" decoding=\"async\" width=\"593\" height=\"445\" src=\"https:\/\/vhrc.fr\/wp-content\/uploads\/2010\/07\/vhrc-090906-montpellier_IMG_1762.jpg\" class=\"attachment-colormag-featured-image size-colormag-featured-image\" alt=\"\" srcset=\"https:\/\/vhrc.fr\/wp-content\/uploads\/2010\/07\/vhrc-090906-montpellier_IMG_1762.jpg 640w, https:\/\/vhrc.fr\/wp-content\/uploads\/2010\/07\/vhrc-090906-montpellier_IMG_1762-500x375.jpg 500w\" sizes=\"auto, (max-width: 593px) 100vw, 593px\" \/><\/a>\n\t\t\t<\/div><\/figure><figure class='gallery-item'>\n\t\t\t<div class='gallery-icon landscape'>\n\t\t\t\t<a href='https:\/\/vhrc.fr\/wp-content\/uploads\/2010\/07\/vhrc-090906-montpellier_IMG_17791.jpg'><img loading=\"lazy\" decoding=\"async\" width=\"593\" height=\"445\" src=\"https:\/\/vhrc.fr\/wp-content\/uploads\/2010\/07\/vhrc-090906-montpellier_IMG_17791.jpg\" class=\"attachment-colormag-featured-image size-colormag-featured-image\" alt=\"\" srcset=\"https:\/\/vhrc.fr\/wp-content\/uploads\/2010\/07\/vhrc-090906-montpellier_IMG_17791.jpg 640w, https:\/\/vhrc.fr\/wp-content\/uploads\/2010\/07\/vhrc-090906-montpellier_IMG_17791-500x375.jpg 500w\" sizes=\"auto, (max-width: 593px) 100vw, 593px\" \/><\/a>\n\t\t\t<\/div><\/figure><figure class='gallery-item'>\n\t\t\t<div class='gallery-icon landscape'>\n\t\t\t\t<a href='https:\/\/vhrc.fr\/wp-content\/uploads\/2010\/07\/vhrc-090906-montpellier_IMG_17811.jpg'><img loading=\"lazy\" decoding=\"async\" width=\"593\" height=\"445\" src=\"https:\/\/vhrc.fr\/wp-content\/uploads\/2010\/07\/vhrc-090906-montpellier_IMG_17811.jpg\" class=\"attachment-colormag-featured-image size-colormag-featured-image\" alt=\"\" srcset=\"https:\/\/vhrc.fr\/wp-content\/uploads\/2010\/07\/vhrc-090906-montpellier_IMG_17811.jpg 640w, https:\/\/vhrc.fr\/wp-content\/uploads\/2010\/07\/vhrc-090906-montpellier_IMG_17811-500x375.jpg 500w\" sizes=\"auto, (max-width: 593px) 100vw, 593px\" \/><\/a>\n\t\t\t<\/div><\/figure><figure class='gallery-item'>\n\t\t\t<div class='gallery-icon landscape'>\n\t\t\t\t<a href='https:\/\/vhrc.fr\/wp-content\/uploads\/2010\/07\/vhrc-090906-montpellier_IMG_17921.jpg'><img loading=\"lazy\" decoding=\"async\" width=\"593\" height=\"445\" src=\"https:\/\/vhrc.fr\/wp-content\/uploads\/2010\/07\/vhrc-090906-montpellier_IMG_17921.jpg\" class=\"attachment-colormag-featured-image size-colormag-featured-image\" alt=\"\" srcset=\"https:\/\/vhrc.fr\/wp-content\/uploads\/2010\/07\/vhrc-090906-montpellier_IMG_17921.jpg 640w, https:\/\/vhrc.fr\/wp-content\/uploads\/2010\/07\/vhrc-090906-montpellier_IMG_17921-500x375.jpg 500w\" sizes=\"auto, (max-width: 593px) 100vw, 593px\" \/><\/a>\n\t\t\t<\/div><\/figure><figure class='gallery-item'>\n\t\t\t<div class='gallery-icon landscape'>\n\t\t\t\t<a href='https:\/\/vhrc.fr\/wp-content\/uploads\/2010\/07\/vhrc-090906-montpellier_IMG_17951.jpg'><img loading=\"lazy\" decoding=\"async\" width=\"593\" height=\"445\" src=\"https:\/\/vhrc.fr\/wp-content\/uploads\/2010\/07\/vhrc-090906-montpellier_IMG_17951.jpg\" class=\"attachment-colormag-featured-image size-colormag-featured-image\" alt=\"\" srcset=\"https:\/\/vhrc.fr\/wp-content\/uploads\/2010\/07\/vhrc-090906-montpellier_IMG_17951.jpg 640w, https:\/\/vhrc.fr\/wp-content\/uploads\/2010\/07\/vhrc-090906-montpellier_IMG_17951-500x375.jpg 500w\" sizes=\"auto, (max-width: 593px) 100vw, 593px\" \/><\/a>\n\t\t\t<\/div><\/figure><figure class='gallery-item'>\n\t\t\t<div class='gallery-icon landscape'>\n\t\t\t\t<a href='https:\/\/vhrc.fr\/wp-content\/uploads\/2010\/07\/vhrc-090906-montpellier_IMG_18101.jpg'><img loading=\"lazy\" decoding=\"async\" width=\"593\" height=\"445\" src=\"https:\/\/vhrc.fr\/wp-content\/uploads\/2010\/07\/vhrc-090906-montpellier_IMG_18101.jpg\" class=\"attachment-colormag-featured-image size-colormag-featured-image\" alt=\"\" srcset=\"https:\/\/vhrc.fr\/wp-content\/uploads\/2010\/07\/vhrc-090906-montpellier_IMG_18101.jpg 640w, https:\/\/vhrc.fr\/wp-content\/uploads\/2010\/07\/vhrc-090906-montpellier_IMG_18101-500x375.jpg 500w\" sizes=\"auto, (max-width: 593px) 100vw, 593px\" \/><\/a>\n\t\t\t<\/div><\/figure><figure class='gallery-item'>\n\t\t\t<div class='gallery-icon landscape'>\n\t\t\t\t<a href='https:\/\/vhrc.fr\/wp-content\/uploads\/2010\/07\/vhrc-090906-montpellier_IMG_18191.jpg'><img loading=\"lazy\" decoding=\"async\" width=\"593\" height=\"445\" src=\"https:\/\/vhrc.fr\/wp-content\/uploads\/2010\/07\/vhrc-090906-montpellier_IMG_18191.jpg\" class=\"attachment-colormag-featured-image size-colormag-featured-image\" alt=\"\" srcset=\"https:\/\/vhrc.fr\/wp-content\/uploads\/2010\/07\/vhrc-090906-montpellier_IMG_18191.jpg 640w, https:\/\/vhrc.fr\/wp-content\/uploads\/2010\/07\/vhrc-090906-montpellier_IMG_18191-500x375.jpg 500w\" sizes=\"auto, (max-width: 593px) 100vw, 593px\" \/><\/a>\n\t\t\t<\/div><\/figure>\n\t\t<\/div>\n\n<p>photos ici<\/p>\n<p><a href=\"https:\/\/picasaweb.google.com\/117214895914138383678\/ModelismeAutoRCEch14VHRC2009Manche6AMontpellier\">https:\/\/picasaweb.google.com\/117214895914138383678\/ModelismeAutoRCEch14VHRC2009Manche6AMontpellier<\/a><\/p>\n<p>[picasaView album=&rsquo;ModelismeAutoRCEch14VHRC2009Manche6AMontpellier&rsquo; instantView=\u00a0\u00bbyes\u00a0\u00bb]<\/p>\n","protected":false},"excerpt":{"rendered":"<p>Le 6 Septembre 2009 L&rsquo;AMO accueille le VHR 2009 pour sa 6e manche. r\u00e9sum\u00e9 &nbsp; vid\u00e9o VHRC 2009 manche 6<\/p>","protected":false},"author":5,"featured_media":2643,"parent":153,"menu_order":0,"comment_status":"open","ping_status":"open","template":"","meta":{"colormag_page_container_layout":"default_layout","colormag_page_sidebar_layout":"default_layout","footnotes":""},"class_list":["post-1044","page","type-page","status-publish","has-post-thumbnail","hentry"],"_links":{"self":[{"href":"https:\/\/vhrc.fr\/en\/wp-json\/wp\/v2\/pages\/1044","targetHints":{"allow":["GET"]}}],"collection":[{"href":"https:\/\/vhrc.fr\/en\/wp-json\/wp\/v2\/pages"}],"about":[{"href":"https:\/\/vhrc.fr\/en\/wp-json\/wp\/v2\/types\/page"}],"author":[{"embeddable":true,"href":"https:\/\/vhrc.fr\/en\/wp-json\/wp\/v2\/users\/5"}],"replies":[{"embeddable":true,"href":"https:\/\/vhrc.fr\/en\/wp-json\/wp\/v2\/comments?post=1044"}],"version-history":[{"count":8,"href":"https:\/\/vhrc.fr\/en\/wp-json\/wp\/v2\/pages\/1044\/revisions"}],"predecessor-version":[{"id":1047,"href":"https:\/\/vhrc.fr\/en\/wp-json\/wp\/v2\/pages\/1044\/revisions\/1047"}],"up":[{"embeddable":true,"href":"https:\/\/vhrc.fr\/en\/wp-json\/wp\/v2\/pages\/153"}],"wp:featuredmedia":[{"embeddable":true,"href":"https:\/\/vhrc.fr\/en\/wp-json\/wp\/v2\/media\/2643"}],"wp:attachment":[{"href":"https:\/\/vhrc.fr\/en\/wp-json\/wp\/v2\/media?parent=1044"}],"curies":[{"name":"wp","href":"https:\/\/api.w.org\/{rel}","templated":true}]}}