{"id":1048,"date":"2008-10-15T08:01:23","date_gmt":"2008-10-15T07:01:23","guid":{"rendered":"http:\/\/vhrc.fr\/?page_id=1048"},"modified":"2016-10-10T08:35:01","modified_gmt":"2016-10-10T07:35:01","slug":"2008-montpellier","status":"publish","type":"page","link":"https:\/\/vhrc.fr\/en\/historique\/vhrc-lhistorique\/2008vhr\/2008-montpellier\/","title":{"rendered":"2008 VHR M4 Montpellier"},"content":{"rendered":"<h2><a href=\"http:\/\/vhrc.fr\/wp-content\/uploads\/2010\/07\/2008-mpl.jpg\"><img loading=\"lazy\" decoding=\"async\" class=\"alignnone size-full wp-image-2607\" title=\"2008 mpl\" src=\"http:\/\/vhrc.fr\/wp-content\/uploads\/2010\/07\/2008-mpl.jpg\" alt=\"\" width=\"420\" height=\"315\" \/><\/a><\/h2>\n<h2>Article et photos du site <a href=\"http:\/\/www.comptetours.com\/archives2008\" target=\"_blank\">Comptetours.com<\/a> de notre ami et pilote suisse Patrick<\/h2>\n<p><strong><span style=\"color: #000000;\">Nous nous somme retrouv\u00e9 \u00e0 Montpellier, au circuit du Parc Gramont pour la derni\u00e8re manche du VHRC 2008 avec 6 pilotes au rendez-vous, dont votre serviteur. <\/span><\/strong><\/p>\n<p><strong><span style=\"color: #000000;\">Dimanche matin les qualifications avec un grand soleil et apr\u00e8s-midi deux finales de 15 min<\/span><\/strong><\/p>\n<p><strong><span style=\"color: #000000;\">La premi\u00e8re finale \u00e0 \u00e9t\u00e9 sans probl\u00e8me mais la deuxi\u00e8me&#8230; probl\u00e8mes de servo et des accus <\/span><\/strong><\/p>\n<p><strong><span style=\"color: #000000;\">Brice qui \u00e0 la p\u00f4le, partira en t\u00eate et le restera jusqu\u2019\u00e0 la fin. En deuxi\u00e8me position Luc .<\/span><\/strong><\/p>\n<p><strong><span style=\"color: #000000;\">Il y avait Bruno et son ami venus rouler avec nous,\u00a0 se d\u00e9pla\u00e7aient depuis Toulouse.<\/span><\/strong><\/p>\n<p><strong><span style=\"color: #000000;\">Organisation au top niveau!<\/span><\/strong><\/p>\n<p><strong><span style=\"color: #000000;\"> Merci au club pour cette accueil.\u00a0 Voil\u00e0 il est l\u2019heure de partir car il y \u00e0 de la route \u00e0 faire. <\/span><\/strong><\/p>\n<p><strong><span style=\"color: #000000;\">Rendez-vous pour <a title=\"2009 VHR\" href=\"http:\/\/vhrc.fr\/historique\/vhrc-lhistorique\/vhr-2009\/\">2009<\/a> avec le VHR et le challenge Yankee <\/span><\/strong><\/p>\n<p>[nggallery id=48 template=caption]<\/p>\n<p>[foldergallery folder=\u00a0\u00bbwp-content\/gallery\/2008-montpellier\u00a0\u00bb title=\u00a0\u00bbmontpellier 2008&Prime;]<\/p>\n<p>&nbsp;<\/p>\n<h4><strong><span style=\"color: #000000;\">Compte rendu pour comptetours.com Patrick<\/span><\/strong><\/h4>\n","protected":false},"excerpt":{"rendered":"<p>Article et photos du site Comptetours.com de notre ami et pilote suisse Patrick Nous nous somme retrouv\u00e9 \u00e0 Montpellier, au<\/p>","protected":false},"author":5,"featured_media":2607,"parent":841,"menu_order":0,"comment_status":"open","ping_status":"open","template":"","meta":{"colormag_page_container_layout":"default_layout","colormag_page_sidebar_layout":"default_layout","footnotes":""},"class_list":["post-1048","page","type-page","status-publish","has-post-thumbnail","hentry"],"_links":{"self":[{"href":"https:\/\/vhrc.fr\/en\/wp-json\/wp\/v2\/pages\/1048","targetHints":{"allow":["GET"]}}],"collection":[{"href":"https:\/\/vhrc.fr\/en\/wp-json\/wp\/v2\/pages"}],"about":[{"href":"https:\/\/vhrc.fr\/en\/wp-json\/wp\/v2\/types\/page"}],"author":[{"embeddable":true,"href":"https:\/\/vhrc.fr\/en\/wp-json\/wp\/v2\/users\/5"}],"replies":[{"embeddable":true,"href":"https:\/\/vhrc.fr\/en\/wp-json\/wp\/v2\/comments?post=1048"}],"version-history":[{"count":7,"href":"https:\/\/vhrc.fr\/en\/wp-json\/wp\/v2\/pages\/1048\/revisions"}],"predecessor-version":[{"id":7433,"href":"https:\/\/vhrc.fr\/en\/wp-json\/wp\/v2\/pages\/1048\/revisions\/7433"}],"up":[{"embeddable":true,"href":"https:\/\/vhrc.fr\/en\/wp-json\/wp\/v2\/pages\/841"}],"wp:featuredmedia":[{"embeddable":true,"href":"https:\/\/vhrc.fr\/en\/wp-json\/wp\/v2\/media\/2607"}],"wp:attachment":[{"href":"https:\/\/vhrc.fr\/en\/wp-json\/wp\/v2\/media?parent=1048"}],"curies":[{"name":"wp","href":"https:\/\/api.w.org\/{rel}","templated":true}]}}