{"id":1068,"date":"2010-07-15T08:04:03","date_gmt":"2010-07-15T07:04:03","guid":{"rendered":"http:\/\/vhrc.fr\/?page_id=1068"},"modified":"2019-11-11T14:22:03","modified_gmt":"2019-11-11T13:22:03","slug":"2008-beaumont-monteux","status":"publish","type":"page","link":"https:\/\/vhrc.fr\/en\/historique\/vhrc-lhistorique\/2008vhr\/2008-beaumont-monteux\/","title":{"rendered":"2008 VHR M2 Beaumont Monteux"},"content":{"rendered":"<h2>11 mai 2008<\/h2>\n<p><object width=\"425\" height=\"349\" classid=\"clsid:d27cdb6e-ae6d-11cf-96b8-444553540000\" codebase=\"http:\/\/download.macromedia.com\/pub\/shockwave\/cabs\/flash\/swflash.cab#version=6,0,40,0\"><param name=\"allowFullScreen\" value=\"true\" \/><param name=\"allowscriptaccess\" value=\"always\" \/><param name=\"src\" value=\"http:\/\/www.youtube.com\/v\/KvVfMU06YAY?fs=1&amp;hl=fr_FR\" \/><param name=\"allowfullscreen\" value=\"true\" \/><embed type=\"application\/x-shockwave-flash\" width=\"425\" height=\"349\" src=\"http:\/\/www.youtube.com\/v\/KvVfMU06YAY?fs=1&amp;hl=fr_FR\" allowscriptaccess=\"always\" allowfullscreen=\"allowfullscreen\" \/><\/object><\/p>\n<h2>Yankee Shop Challenge<\/h2>\n<p><a href=\"http:\/\/vhrc.fr\/wp-content\/uploads\/2010\/07\/db_divers_217.jpg\"><img loading=\"lazy\" decoding=\"async\" class=\"alignnone size-full wp-image-1096\" title=\"db_divers_217\" src=\"http:\/\/vhrc.fr\/wp-content\/uploads\/2010\/07\/db_divers_217.jpg\" alt=\"\" width=\"353\" height=\"264\" \/><\/a><\/p>\n<h2>article et photos de Patrick de <a href=\"http:\/\/www.comptetours.com\/archives2008\">Comptetours.com<\/a><\/h2>\n<p>Arriv\u00e9e samedi apr\u00e8s midi, d\u00e9j\u00e0 pas mal de monde. Remercions le club de Beaumont pour son accueil au top niveau, surtout le super repas du soir.<br \/>\nDimanche on passe au choses s\u00e9rieuses: 3 manche de qualification et 2 finales de 10 min.<br \/>\nNous avons passer une superbe journ\u00e9e et avons vu des beaux mod\u00e8les de collection<br \/>\nen 1\/4 victoire de Brice &#8230;<\/p>\n<p>FG<\/p>\n<p>&nbsp;<\/p>\n<div id='gallery-1' class='gallery galleryid-1068 gallery-columns-2 gallery-size-colormag-featured-image'><figure class='gallery-item'>\n\t\t\t<div class='gallery-icon landscape'>\n\t\t\t\t<a href='https:\/\/vhrc.fr\/en\/historique\/vhrc-lhistorique\/2008vhr\/2008-beaumont-monteux\/bm2008-01\/'><img loading=\"lazy\" decoding=\"async\" width=\"592\" height=\"445\" src=\"https:\/\/vhrc.fr\/wp-content\/uploads\/2010\/07\/bm2008-01.jpg\" class=\"attachment-colormag-featured-image size-colormag-featured-image\" alt=\"\" srcset=\"https:\/\/vhrc.fr\/wp-content\/uploads\/2010\/07\/bm2008-01.jpg 600w, https:\/\/vhrc.fr\/wp-content\/uploads\/2010\/07\/bm2008-01-500x375.jpg 500w\" sizes=\"auto, (max-width: 592px) 100vw, 592px\" \/><\/a>\n\t\t\t<\/div><\/figure><figure class='gallery-item'>\n\t\t\t<div class='gallery-icon landscape'>\n\t\t\t\t<a href='https:\/\/vhrc.fr\/en\/historique\/vhrc-lhistorique\/2008vhr\/2008-beaumont-monteux\/bm2008-02\/'><img loading=\"lazy\" decoding=\"async\" width=\"592\" height=\"445\" src=\"https:\/\/vhrc.fr\/wp-content\/uploads\/2010\/07\/bm2008-02.jpg\" class=\"attachment-colormag-featured-image size-colormag-featured-image\" alt=\"\" srcset=\"https:\/\/vhrc.fr\/wp-content\/uploads\/2010\/07\/bm2008-02.jpg 600w, https:\/\/vhrc.fr\/wp-content\/uploads\/2010\/07\/bm2008-02-500x375.jpg 500w\" sizes=\"auto, (max-width: 592px) 100vw, 592px\" \/><\/a>\n\t\t\t<\/div><\/figure><figure class='gallery-item'>\n\t\t\t<div class='gallery-icon landscape'>\n\t\t\t\t<a href='https:\/\/vhrc.fr\/en\/historique\/vhrc-lhistorique\/2008vhr\/2008-beaumont-monteux\/bm2008-03\/'><img loading=\"lazy\" decoding=\"async\" width=\"592\" height=\"445\" src=\"https:\/\/vhrc.fr\/wp-content\/uploads\/2010\/07\/bm2008-03.jpg\" class=\"attachment-colormag-featured-image size-colormag-featured-image\" alt=\"\" srcset=\"https:\/\/vhrc.fr\/wp-content\/uploads\/2010\/07\/bm2008-03.jpg 600w, https:\/\/vhrc.fr\/wp-content\/uploads\/2010\/07\/bm2008-03-500x375.jpg 500w\" sizes=\"auto, (max-width: 592px) 100vw, 592px\" \/><\/a>\n\t\t\t<\/div><\/figure><figure class='gallery-item'>\n\t\t\t<div class='gallery-icon landscape'>\n\t\t\t\t<a href='https:\/\/vhrc.fr\/en\/historique\/vhrc-lhistorique\/2008vhr\/2008-beaumont-monteux\/bm2008-04\/'><img loading=\"lazy\" decoding=\"async\" width=\"670\" height=\"445\" src=\"https:\/\/vhrc.fr\/wp-content\/uploads\/2010\/07\/bm2008-04.jpg\" class=\"attachment-colormag-featured-image size-colormag-featured-image\" alt=\"\" srcset=\"https:\/\/vhrc.fr\/wp-content\/uploads\/2010\/07\/bm2008-04.jpg 900w, https:\/\/vhrc.fr\/wp-content\/uploads\/2010\/07\/bm2008-04-500x332.jpg 500w, https:\/\/vhrc.fr\/wp-content\/uploads\/2010\/07\/bm2008-04-800x531.jpg 800w\" sizes=\"auto, (max-width: 670px) 100vw, 670px\" \/><\/a>\n\t\t\t<\/div><\/figure><figure class='gallery-item'>\n\t\t\t<div class='gallery-icon landscape'>\n\t\t\t\t<a href='https:\/\/vhrc.fr\/en\/historique\/vhrc-lhistorique\/2008vhr\/2008-beaumont-monteux\/bm2008-05\/'><img loading=\"lazy\" decoding=\"async\" width=\"592\" height=\"445\" src=\"https:\/\/vhrc.fr\/wp-content\/uploads\/2010\/07\/bm2008-05.jpg\" class=\"attachment-colormag-featured-image size-colormag-featured-image\" alt=\"\" srcset=\"https:\/\/vhrc.fr\/wp-content\/uploads\/2010\/07\/bm2008-05.jpg 600w, https:\/\/vhrc.fr\/wp-content\/uploads\/2010\/07\/bm2008-05-500x375.jpg 500w\" sizes=\"auto, (max-width: 592px) 100vw, 592px\" \/><\/a>\n\t\t\t<\/div><\/figure><figure class='gallery-item'>\n\t\t\t<div class='gallery-icon landscape'>\n\t\t\t\t<a href='https:\/\/vhrc.fr\/en\/historique\/vhrc-lhistorique\/2008vhr\/2008-beaumont-monteux\/bm2008-06\/'><img loading=\"lazy\" decoding=\"async\" width=\"592\" height=\"445\" src=\"https:\/\/vhrc.fr\/wp-content\/uploads\/2010\/07\/bm2008-06.jpg\" class=\"attachment-colormag-featured-image size-colormag-featured-image\" alt=\"\" srcset=\"https:\/\/vhrc.fr\/wp-content\/uploads\/2010\/07\/bm2008-06.jpg 600w, https:\/\/vhrc.fr\/wp-content\/uploads\/2010\/07\/bm2008-06-500x375.jpg 500w\" sizes=\"auto, (max-width: 592px) 100vw, 592px\" \/><\/a>\n\t\t\t<\/div><\/figure><figure class='gallery-item'>\n\t\t\t<div class='gallery-icon landscape'>\n\t\t\t\t<a href='https:\/\/vhrc.fr\/en\/historique\/vhrc-lhistorique\/2008vhr\/2008-beaumont-monteux\/db_divers_215\/'><img loading=\"lazy\" decoding=\"async\" width=\"353\" height=\"264\" src=\"https:\/\/vhrc.fr\/wp-content\/uploads\/2010\/07\/db_divers_215.jpg\" class=\"attachment-colormag-featured-image size-colormag-featured-image\" alt=\"\" \/><\/a>\n\t\t\t<\/div><\/figure><figure class='gallery-item'>\n\t\t\t<div class='gallery-icon landscape'>\n\t\t\t\t<a href='https:\/\/vhrc.fr\/en\/historique\/vhrc-lhistorique\/2008vhr\/2008-beaumont-monteux\/db_divers_217\/'><img loading=\"lazy\" decoding=\"async\" width=\"353\" height=\"264\" src=\"https:\/\/vhrc.fr\/wp-content\/uploads\/2010\/07\/db_divers_217.jpg\" class=\"attachment-colormag-featured-image size-colormag-featured-image\" alt=\"\" \/><\/a>\n\t\t\t<\/div><\/figure><figure class='gallery-item'>\n\t\t\t<div class='gallery-icon landscape'>\n\t\t\t\t<a href='https:\/\/vhrc.fr\/en\/historique\/vhrc-lhistorique\/2008vhr\/2008-beaumont-monteux\/img_8281-1\/'><img loading=\"lazy\" decoding=\"async\" width=\"479\" height=\"445\" src=\"https:\/\/vhrc.fr\/wp-content\/uploads\/2019\/11\/IMG_8281-1.jpg\" class=\"attachment-colormag-featured-image size-colormag-featured-image\" alt=\"\" srcset=\"https:\/\/vhrc.fr\/wp-content\/uploads\/2019\/11\/IMG_8281-1.jpg 800w, https:\/\/vhrc.fr\/wp-content\/uploads\/2019\/11\/IMG_8281-1-400x372.jpg 400w, https:\/\/vhrc.fr\/wp-content\/uploads\/2019\/11\/IMG_8281-1-768x713.jpg 768w\" sizes=\"auto, (max-width: 479px) 100vw, 479px\" \/><\/a>\n\t\t\t<\/div><\/figure>\n\t\t<\/div>\n\n<h2>commentaire de Bruno Alliot<\/h2>\n<p>Salut- Et oui GADMAN, c&rsquo;est bien \u00e7a, <strong>la premi\u00e8re<\/strong> sortie de la <strong>JAG depuis 10 ans<\/strong>, et la <strong>premi\u00e8re sortie aussi du B30 de 2CM<\/strong>, re\u00e7u comme promis tout d\u00e9but mai.<br \/>\nQuelques petits soucis li\u00e9s au fait que tout \u00e9tait neuf et non rod\u00e9s, et que le moteur effectuait ses premiers tours de vilebrequin.<br \/>\n<strong>Il n&rsquo;\u00e9tait pas question de le casser!!!!<\/strong><br \/>\nMais avant tout cela, il est tr\u00e8s important que je donne mon ressenti de ce 2CM-YANKEE-CHALLENGE.<br \/>\n<strong>Que du bonheur, pas une seule fausse note<\/strong>, une ambiance <strong>conviviale<\/strong> et de grand <strong>respect<\/strong> entre tous les pr\u00e9sents, Exposants vintage-Pilotes-M\u00e9canos-Organisation-,<br \/>\net que dire d&rsquo;autre que <strong>chapeau et bravo au Club de Beaumont<\/strong>.<br \/>\nSourire, gentillesse, accueil chaleureux, r\u00e9ception comme je n&rsquo;en pas connu depuis longtemps.<br \/>\nUn \u00e9norme merci, et je promets de participer d\u00e9s que possible \u00e0 la prochaine organisation de ce Club de Beaumont.<br \/>\nA propos des joutes sur la piste, <strong>pas un seul accrochage<\/strong>, des portes qui s&rsquo;ouvrent instantan\u00e9ment, du respect, r\u00e9ellement ce qui prouve que <strong>chacun aime son auto, et respecte celle du copain.<\/strong><br \/>\nEt dans les stands, il me manquait un cordon de charges, proposition de pr\u00eat imm\u00e9diate, quitte \u00e0 couper un cordon pr\u00e9vu pour autre chose. Il m&rsquo;a manqu\u00e9 une rondelle de calage, l\u00e0 encore, \u00ab\u00a0prends dans la caisse, le tiroir qui est l\u00e0\u00a0\u00bb.<br \/>\nUn \u00e9norme merci aux pilotes pr\u00e9sents pour leur sympathie, leurs conseils de r\u00e9glage, et les d\u00e9pannages. A charge de revanche,<strong> sauf pour les conseils, je suis encore un peu court<\/strong>.<\/p>\n<p>Du coup, j&rsquo;annonce que je suis d\u00e9j\u00e0 inscrit pour la <strong>2\u00e8me manche <\/strong>du <strong>2CM-YANKEE-CHALLENGE<\/strong> le mois prochain <strong>\u00e0 Villeneuve<\/strong>, dans le cadre du Grand Prix.<\/p>\n<p>Je me permets d&rsquo;inviter tous ce qui pourront se rendre disponible, (publicit\u00e9 gratuite), car certain de retrouver <strong>un \u00e9tat d&rsquo;esprit <\/strong>certes de comp\u00e9tition, mais surtout de convivialit\u00e9 et de plaisir de partager.<br \/>\n<strong>Merci encore au Club de Beaumont, \u00e0 l&rsquo;organisation, et \u00e0 tous les pr\u00e9sents.<\/strong><br \/>\nWINGSAT (Bruno Alliot )<br \/>\n<img loading=\"lazy\" decoding=\"async\" class=\"alignnone wp-image-9074 size-full\" src=\"http:\/\/vhrc.fr\/wp-content\/uploads\/2019\/11\/IMG_8281-1.jpg\" alt=\"Bruno Alliot avec sa Jaguar B30\" width=\"800\" height=\"743\" srcset=\"https:\/\/vhrc.fr\/wp-content\/uploads\/2019\/11\/IMG_8281-1.jpg 800w, https:\/\/vhrc.fr\/wp-content\/uploads\/2019\/11\/IMG_8281-1-400x372.jpg 400w, https:\/\/vhrc.fr\/wp-content\/uploads\/2019\/11\/IMG_8281-1-768x713.jpg 768w\" sizes=\"auto, (max-width: 800px) 100vw, 800px\" \/><\/p>","protected":false},"excerpt":{"rendered":"<p>11 mai 2008 Yankee Shop Challenge article et photos de Patrick de Comptetours.com Arriv\u00e9e samedi apr\u00e8s midi, d\u00e9j\u00e0 pas mal<\/p>","protected":false},"author":5,"featured_media":1655,"parent":841,"menu_order":0,"comment_status":"open","ping_status":"open","template":"","meta":{"colormag_page_container_layout":"default_layout","colormag_page_sidebar_layout":"default_layout","footnotes":""},"class_list":["post-1068","page","type-page","status-publish","has-post-thumbnail","hentry"],"_links":{"self":[{"href":"https:\/\/vhrc.fr\/en\/wp-json\/wp\/v2\/pages\/1068","targetHints":{"allow":["GET"]}}],"collection":[{"href":"https:\/\/vhrc.fr\/en\/wp-json\/wp\/v2\/pages"}],"about":[{"href":"https:\/\/vhrc.fr\/en\/wp-json\/wp\/v2\/types\/page"}],"author":[{"embeddable":true,"href":"https:\/\/vhrc.fr\/en\/wp-json\/wp\/v2\/users\/5"}],"replies":[{"embeddable":true,"href":"https:\/\/vhrc.fr\/en\/wp-json\/wp\/v2\/comments?post=1068"}],"version-history":[{"count":12,"href":"https:\/\/vhrc.fr\/en\/wp-json\/wp\/v2\/pages\/1068\/revisions"}],"predecessor-version":[{"id":9077,"href":"https:\/\/vhrc.fr\/en\/wp-json\/wp\/v2\/pages\/1068\/revisions\/9077"}],"up":[{"embeddable":true,"href":"https:\/\/vhrc.fr\/en\/wp-json\/wp\/v2\/pages\/841"}],"wp:featuredmedia":[{"embeddable":true,"href":"https:\/\/vhrc.fr\/en\/wp-json\/wp\/v2\/media\/1655"}],"wp:attachment":[{"href":"https:\/\/vhrc.fr\/en\/wp-json\/wp\/v2\/media?parent=1068"}],"curies":[{"name":"wp","href":"https:\/\/api.w.org\/{rel}","templated":true}]}}