{"id":1221,"date":"2010-09-09T16:08:44","date_gmt":"2010-09-09T15:08:44","guid":{"rendered":"http:\/\/vhrc.fr\/?page_id=1221"},"modified":"2015-06-17T08:33:48","modified_gmt":"2015-06-17T07:33:48","slug":"venturi-600-lm","status":"publish","type":"page","link":"https:\/\/vhrc.fr\/en\/voitures\/yankee\/venturi-600-lm\/","title":{"rendered":"Venturi 600 LM"},"content":{"rendered":"<p><a href=\"http:\/\/vhrc.fr\/wp-content\/uploads\/2010\/09\/logo-venturi-rouge.jpg\"><img loading=\"lazy\" decoding=\"async\" class=\"alignnone  wp-image-6474\" src=\"http:\/\/vhrc.fr\/wp-content\/uploads\/2010\/09\/logo-venturi-rouge.jpg\" alt=\"logo venturi rouge\" width=\"343\" height=\"147\" srcset=\"https:\/\/vhrc.fr\/wp-content\/uploads\/2010\/09\/logo-venturi-rouge.jpg 522w, https:\/\/vhrc.fr\/wp-content\/uploads\/2010\/09\/logo-venturi-rouge-500x215.jpg 500w\" sizes=\"auto, (max-width: 343px) 100vw, 343px\" \/><\/a><\/p>\n<h1>Petite approche de l\u2019histoire de \u00ab\u00a0VENTURI\u00a0\u00bb constructeur Fran\u00e7ais d\u2019automobiles.<\/h1>\n<figure id=\"attachment_6457\" aria-describedby=\"caption-attachment-6457\" style=\"width: 448px\" class=\"wp-caption alignnone\"><a href=\"http:\/\/vhrc.fr\/wp-content\/uploads\/2010\/09\/esquisse-ventury.jpg\"><img loading=\"lazy\" decoding=\"async\" class=\"size-full wp-image-6457\" src=\"http:\/\/vhrc.fr\/wp-content\/uploads\/2010\/09\/esquisse-ventury.jpg\" alt=\"source http:\/\/deux-sevres-auto-memoire.auto-blog.fr\/r2162\/Venturi\/2\/\" width=\"448\" height=\"314\" \/><\/a><figcaption id=\"caption-attachment-6457\" class=\"wp-caption-text\">source http:\/\/deux-sevres-auto-memoire.auto-blog.fr\/r2162\/Venturi\/2\/<\/figcaption><\/figure>\n<p>Tout commence en 1983, cr\u00e9ation de (M.V.S) Manufacture de voitures de Sports, nous trouvons .<\/p>\n<p>M Claude Poiraud ( ing\u00e9nieur ) et G\u00e9rard Godefroy ( d\u00e9signer ) pr\u00e9sentent leur premi\u00e8re r\u00e9alisation une maquette \u00e0 l\u2019\u00e9chelle 1 au salon de Paris , baptis\u00e9e \u00ab\u00a0VENTURY \u00ab\u00a0avec un Y pour rappeler le mot aventure ainsi que le ph\u00e9nom\u00e9ne d\u2019acc\u00e9l\u00e9ration de l\u2019\u00a0\u00bbeffet venturi\u00a0\u00bb le Y disparaitra par la suite. Ce salon f\u00fbt un d\u00e9clic , l\u2019accueil de la presse est unanime , le public est conquis et surtout un financier, H. Boulan qui deviendra le PDG et qui r\u00e9ussit \u00e0 r\u00e9unir 5millions de Francs ,la MVS est lanc\u00e9e en 1985.<\/p>\n<p>-En 1986, pr\u00e9sentation au Trocad\u00e9ro (Paris) de la MS \u2018Venturi 200\u2019 appel\u00e9e aussi \u2018CUP 221\u2019 (d\u00e9nomination technique). Le moteur un 505 Peugeot Turbo de 200CH ,sera vite remplac\u00e9 par le .P.R.V. V6 \u2018association de constructeurs \u2013 Peugeot , Renault , Volvo.<\/p>\n<figure id=\"attachment_6471\" aria-describedby=\"caption-attachment-6471\" style=\"width: 280px\" class=\"wp-caption alignnone\"><a href=\"http:\/\/vhrc.fr\/wp-content\/uploads\/2010\/09\/PRVenginevolvo.jpg\"><img loading=\"lazy\" decoding=\"async\" class=\"size-full wp-image-6471\" src=\"http:\/\/vhrc.fr\/wp-content\/uploads\/2010\/09\/PRVenginevolvo.jpg\" alt=\"moteur V6 PRV\" width=\"280\" height=\"274\" srcset=\"https:\/\/vhrc.fr\/wp-content\/uploads\/2010\/09\/PRVenginevolvo.jpg 280w, https:\/\/vhrc.fr\/wp-content\/uploads\/2010\/09\/PRVenginevolvo-64x64.jpg 64w\" sizes=\"auto, (max-width: 280px) 100vw, 280px\" \/><\/a><figcaption id=\"caption-attachment-6471\" class=\"wp-caption-text\">moteur V6 PRV<\/figcaption><\/figure>\n<p>-La production de ce mod\u00e8le d\u00e9butera en 1987 \u00e0 ( Cholet . 49 ) il a \u00e9t\u00e9 fabriqu\u00e9 \u00e0 194 exemplaires de 1987 \u00e0 1990.<\/p>\n<p>-Venturi veut d\u00e9velopper une image sportive donc va s\u2019axer vers la comp\u00e9tition.<\/p>\n<p>Voici les autos de courses fabriqu\u00e9es.<\/p>\n<p>-La 400-Trophy de 1992 \u00e0 1994 . 73 voitures construites. Un challenge sera organis\u00e9.<\/p>\n<figure id=\"attachment_6459\" aria-describedby=\"caption-attachment-6459\" style=\"width: 673px\" class=\"wp-caption alignnone\"><a href=\"http:\/\/vhrc.fr\/wp-content\/uploads\/2010\/09\/Mondial006-1992.jpg\"><img loading=\"lazy\" decoding=\"async\" class=\"wp-image-6459 size-full\" src=\"http:\/\/vhrc.fr\/wp-content\/uploads\/2010\/09\/Mondial006-1992.jpg\" alt=\"source http:\/\/www.gtdreams.com\" width=\"673\" height=\"445\" srcset=\"https:\/\/vhrc.fr\/wp-content\/uploads\/2010\/09\/Mondial006-1992.jpg 673w, https:\/\/vhrc.fr\/wp-content\/uploads\/2010\/09\/Mondial006-1992-500x331.jpg 500w\" sizes=\"auto, (max-width: 673px) 100vw, 673px\" \/><\/a><figcaption id=\"caption-attachment-6459\" class=\"wp-caption-text\">source http:\/\/www.gtdreams.com<\/figcaption><\/figure>\n<figure id=\"attachment_6460\" aria-describedby=\"caption-attachment-6460\" style=\"width: 673px\" class=\"wp-caption alignnone\"><a href=\"http:\/\/vhrc.fr\/wp-content\/uploads\/2010\/09\/Venturi-400-Trophy-0057-1992.jpg\"><img loading=\"lazy\" decoding=\"async\" class=\"size-full wp-image-6460\" src=\"http:\/\/vhrc.fr\/wp-content\/uploads\/2010\/09\/Venturi-400-Trophy-0057-1992.jpg\" alt=\"source http:\/\/www.gtdreams.com\" width=\"673\" height=\"445\" srcset=\"https:\/\/vhrc.fr\/wp-content\/uploads\/2010\/09\/Venturi-400-Trophy-0057-1992.jpg 673w, https:\/\/vhrc.fr\/wp-content\/uploads\/2010\/09\/Venturi-400-Trophy-0057-1992-500x331.jpg 500w\" sizes=\"auto, (max-width: 673px) 100vw, 673px\" \/><\/a><figcaption id=\"caption-attachment-6460\" class=\"wp-caption-text\">source http:\/\/www.gtdreams.com<\/figcaption><\/figure>\n<p>-La 500 LM \u2018 ( signifie\u00a0: Le Mans ),cette auto a \u00e9t\u00e9 construite pour la course et plus pr\u00e9cis\u00e9ment les courses d\u2019endurance, elle sera pr\u00e9sent\u00e9e en F\u00e9vrier 1992 avec un moteur V6 PRV de 480CV. 7 voitures seront construites en 1993.<\/p>\n<p>-La 600 LM \u2013 1 voiture construite en 1994.<\/p>\n<figure id=\"attachment_6472\" aria-describedby=\"caption-attachment-6472\" style=\"width: 800px\" class=\"wp-caption alignnone\"><a href=\"http:\/\/vhrc.fr\/wp-content\/uploads\/2010\/09\/venturi-600-03.jpg\"><img loading=\"lazy\" decoding=\"async\" class=\"size-large wp-image-6472\" src=\"http:\/\/vhrc.fr\/wp-content\/uploads\/2010\/09\/venturi-600-03-800x534.jpg\" alt=\"venturi 600 LM\" width=\"800\" height=\"534\" srcset=\"https:\/\/vhrc.fr\/wp-content\/uploads\/2010\/09\/venturi-600-03-800x534.jpg 800w, https:\/\/vhrc.fr\/wp-content\/uploads\/2010\/09\/venturi-600-03-500x333.jpg 500w, https:\/\/vhrc.fr\/wp-content\/uploads\/2010\/09\/venturi-600-03.jpg 1024w\" sizes=\"auto, (max-width: 800px) 100vw, 800px\" \/><\/a><figcaption id=\"caption-attachment-6472\" class=\"wp-caption-text\">venturi 600 LM<\/figcaption><\/figure>\n<p>-La 600SLM \u2013 1 voiture construite en 1995.<\/p>\n<p>-Et la 300GTR \u2013 2 voitures construites en 1999.<\/p>\n<p>Les courses\u00a0: Les 24h du Mans , 1000 km de Suzuka , 4h de Dijon et 1000 km de Spa.<\/p>\n<p>Les pilotes\u00a0: J.m Gounon , A Tr\u00e9visiol , Ph .Gache , Paul Belmondo , H. Pescarolo , J.Laffite , Ch. Dechavanne\u2026\u2026.<\/p>\n<figure id=\"attachment_6458\" aria-describedby=\"caption-attachment-6458\" style=\"width: 336px\" class=\"wp-caption alignnone\"><a href=\"http:\/\/vhrc.fr\/wp-content\/uploads\/2010\/09\/venturi-mvs.jpg\"><img loading=\"lazy\" decoding=\"async\" class=\"size-full wp-image-6458\" src=\"http:\/\/vhrc.fr\/wp-content\/uploads\/2010\/09\/venturi-mvs.jpg\" alt=\"source http:\/\/deux-sevres-auto-memoire.auto-blog.fr\/r2162\/Venturi\/2\/\" width=\"336\" height=\"448\" \/><\/a><figcaption id=\"caption-attachment-6458\" class=\"wp-caption-text\">source http:\/\/deux-sevres-auto-memoire.auto-blog.fr\/r2162\/Venturi\/2\/<\/figcaption><\/figure>\n<p>En 2000\u00a0: Gildo Pallanca Pastor , rach\u00e9te l\u2019entreprise en difficult\u00e9. L\u2019orientation de la nouvelle entreprise ira vers la fabrication exclusivement de v\u00e9hicules \u00e9lectriques de sport et autres, toujours sous la marque \u00ab\u00a0VENTURI \u00ab.<\/p>\n<h1>La voiture pr\u00e9sent\u00e9e\u00a0:<\/h1>\n<p>Dans son \u00ab\u00a0jus\u00a0\u00bb depuis sa derni\u00e8re course qui remonte \u00e0 2005 . Le ch\u00e2ssis est en carbone , le train AR est un montage \u00e0 l\u2019essai qui a \u00e9t\u00e9 conserv\u00e9 , le moteur un Z\u00e9noah G230 , qui a remplac\u00e9 le F7 , l\u2019\u00e9chappement est un assemblage \u00ab\u00a0maison\u00a0\u00bb , l\u2019auto est pourvu de freins avant \u00e0 c\u00e2bles d\u00e9branch\u00e9s. La carrosserie a v\u00e9cu\u00a0!<\/p>\n<p>&nbsp;<\/p>\n<div id='gallery-1' class='gallery galleryid-1221 gallery-columns-3 gallery-size-colormag-featured-image'><figure class='gallery-item'>\n\t\t\t<div class='gallery-icon landscape'>\n\t\t\t\t<a href='https:\/\/vhrc.fr\/wp-content\/uploads\/2010\/09\/venturi_01_yankee.jpg.jpg'><img loading=\"lazy\" decoding=\"async\" width=\"626\" height=\"445\" src=\"https:\/\/vhrc.fr\/wp-content\/uploads\/2010\/09\/venturi_01_yankee.jpg.jpg\" class=\"attachment-colormag-featured-image size-colormag-featured-image\" alt=\"\" aria-describedby=\"gallery-1-6461\" srcset=\"https:\/\/vhrc.fr\/wp-content\/uploads\/2010\/09\/venturi_01_yankee.jpg.jpg 1024w, https:\/\/vhrc.fr\/wp-content\/uploads\/2010\/09\/venturi_01_yankee.jpg-500x355.jpg 500w, https:\/\/vhrc.fr\/wp-content\/uploads\/2010\/09\/venturi_01_yankee.jpg-800x569.jpg 800w\" sizes=\"auto, (max-width: 626px) 100vw, 626px\" \/><\/a>\n\t\t\t<\/div>\n\t\t\t\t<figcaption class='wp-caption-text gallery-caption' id='gallery-1-6461'>\n\t\t\t\tventuri\n\t\t\t\t<\/figcaption><\/figure><figure class='gallery-item'>\n\t\t\t<div class='gallery-icon landscape'>\n\t\t\t\t<a href='https:\/\/vhrc.fr\/wp-content\/uploads\/2010\/09\/venturi_03_yankee.jpg.jpg'><img loading=\"lazy\" decoding=\"async\" width=\"593\" height=\"445\" src=\"https:\/\/vhrc.fr\/wp-content\/uploads\/2010\/09\/venturi_03_yankee.jpg.jpg\" class=\"attachment-colormag-featured-image size-colormag-featured-image\" alt=\"\" aria-describedby=\"gallery-1-6462\" srcset=\"https:\/\/vhrc.fr\/wp-content\/uploads\/2010\/09\/venturi_03_yankee.jpg.jpg 1024w, https:\/\/vhrc.fr\/wp-content\/uploads\/2010\/09\/venturi_03_yankee.jpg-500x375.jpg 500w, https:\/\/vhrc.fr\/wp-content\/uploads\/2010\/09\/venturi_03_yankee.jpg-800x600.jpg 800w\" sizes=\"auto, (max-width: 593px) 100vw, 593px\" \/><\/a>\n\t\t\t<\/div>\n\t\t\t\t<figcaption class='wp-caption-text gallery-caption' id='gallery-1-6462'>\n\t\t\t\tVenturi yankee\n\t\t\t\t<\/figcaption><\/figure><figure class='gallery-item'>\n\t\t\t<div class='gallery-icon landscape'>\n\t\t\t\t<a href='https:\/\/vhrc.fr\/wp-content\/uploads\/2010\/09\/venturi_04_yankee.jpg.jpg'><img loading=\"lazy\" decoding=\"async\" width=\"593\" height=\"445\" src=\"https:\/\/vhrc.fr\/wp-content\/uploads\/2010\/09\/venturi_04_yankee.jpg.jpg\" class=\"attachment-colormag-featured-image size-colormag-featured-image\" alt=\"\" aria-describedby=\"gallery-1-6463\" srcset=\"https:\/\/vhrc.fr\/wp-content\/uploads\/2010\/09\/venturi_04_yankee.jpg.jpg 1024w, https:\/\/vhrc.fr\/wp-content\/uploads\/2010\/09\/venturi_04_yankee.jpg-500x375.jpg 500w, https:\/\/vhrc.fr\/wp-content\/uploads\/2010\/09\/venturi_04_yankee.jpg-800x600.jpg 800w\" sizes=\"auto, (max-width: 593px) 100vw, 593px\" \/><\/a>\n\t\t\t<\/div>\n\t\t\t\t<figcaption class='wp-caption-text gallery-caption' id='gallery-1-6463'>\n\t\t\t\tVenturi yankee\n\t\t\t\t<\/figcaption><\/figure><figure class='gallery-item'>\n\t\t\t<div class='gallery-icon landscape'>\n\t\t\t\t<a href='https:\/\/vhrc.fr\/wp-content\/uploads\/2010\/09\/venturi_05_yankee.jpg.jpg'><img loading=\"lazy\" decoding=\"async\" width=\"593\" height=\"445\" src=\"https:\/\/vhrc.fr\/wp-content\/uploads\/2010\/09\/venturi_05_yankee.jpg.jpg\" class=\"attachment-colormag-featured-image size-colormag-featured-image\" alt=\"\" aria-describedby=\"gallery-1-6464\" srcset=\"https:\/\/vhrc.fr\/wp-content\/uploads\/2010\/09\/venturi_05_yankee.jpg.jpg 1024w, https:\/\/vhrc.fr\/wp-content\/uploads\/2010\/09\/venturi_05_yankee.jpg-500x375.jpg 500w, https:\/\/vhrc.fr\/wp-content\/uploads\/2010\/09\/venturi_05_yankee.jpg-800x600.jpg 800w\" sizes=\"auto, (max-width: 593px) 100vw, 593px\" \/><\/a>\n\t\t\t<\/div>\n\t\t\t\t<figcaption class='wp-caption-text gallery-caption' id='gallery-1-6464'>\n\t\t\t\tVenturi yankee\n\t\t\t\t<\/figcaption><\/figure><figure class='gallery-item'>\n\t\t\t<div class='gallery-icon landscape'>\n\t\t\t\t<a href='https:\/\/vhrc.fr\/wp-content\/uploads\/2010\/09\/venturi_06_yankee.jpg.jpg'><img loading=\"lazy\" decoding=\"async\" width=\"593\" height=\"445\" src=\"https:\/\/vhrc.fr\/wp-content\/uploads\/2010\/09\/venturi_06_yankee.jpg.jpg\" class=\"attachment-colormag-featured-image size-colormag-featured-image\" alt=\"\" aria-describedby=\"gallery-1-6465\" srcset=\"https:\/\/vhrc.fr\/wp-content\/uploads\/2010\/09\/venturi_06_yankee.jpg.jpg 1024w, https:\/\/vhrc.fr\/wp-content\/uploads\/2010\/09\/venturi_06_yankee.jpg-500x375.jpg 500w, https:\/\/vhrc.fr\/wp-content\/uploads\/2010\/09\/venturi_06_yankee.jpg-800x600.jpg 800w\" sizes=\"auto, (max-width: 593px) 100vw, 593px\" \/><\/a>\n\t\t\t<\/div>\n\t\t\t\t<figcaption class='wp-caption-text gallery-caption' id='gallery-1-6465'>\n\t\t\t\tVenturi yankee\n\t\t\t\t<\/figcaption><\/figure><figure class='gallery-item'>\n\t\t\t<div class='gallery-icon landscape'>\n\t\t\t\t<a href='https:\/\/vhrc.fr\/wp-content\/uploads\/2010\/09\/venturi_07_yankee.jpg.jpg'><img loading=\"lazy\" decoding=\"async\" width=\"593\" height=\"445\" src=\"https:\/\/vhrc.fr\/wp-content\/uploads\/2010\/09\/venturi_07_yankee.jpg.jpg\" class=\"attachment-colormag-featured-image size-colormag-featured-image\" alt=\"\" aria-describedby=\"gallery-1-6466\" srcset=\"https:\/\/vhrc.fr\/wp-content\/uploads\/2010\/09\/venturi_07_yankee.jpg.jpg 1024w, https:\/\/vhrc.fr\/wp-content\/uploads\/2010\/09\/venturi_07_yankee.jpg-500x375.jpg 500w, https:\/\/vhrc.fr\/wp-content\/uploads\/2010\/09\/venturi_07_yankee.jpg-800x600.jpg 800w\" sizes=\"auto, (max-width: 593px) 100vw, 593px\" \/><\/a>\n\t\t\t<\/div>\n\t\t\t\t<figcaption class='wp-caption-text gallery-caption' id='gallery-1-6466'>\n\t\t\t\tVenturi yankee\n\t\t\t\t<\/figcaption><\/figure><figure class='gallery-item'>\n\t\t\t<div class='gallery-icon landscape'>\n\t\t\t\t<a href='https:\/\/vhrc.fr\/wp-content\/uploads\/2010\/09\/venturi_08_yankee.jpg.jpg'><img loading=\"lazy\" decoding=\"async\" width=\"593\" height=\"445\" src=\"https:\/\/vhrc.fr\/wp-content\/uploads\/2010\/09\/venturi_08_yankee.jpg.jpg\" class=\"attachment-colormag-featured-image size-colormag-featured-image\" alt=\"\" aria-describedby=\"gallery-1-6467\" srcset=\"https:\/\/vhrc.fr\/wp-content\/uploads\/2010\/09\/venturi_08_yankee.jpg.jpg 1024w, https:\/\/vhrc.fr\/wp-content\/uploads\/2010\/09\/venturi_08_yankee.jpg-500x375.jpg 500w, https:\/\/vhrc.fr\/wp-content\/uploads\/2010\/09\/venturi_08_yankee.jpg-800x600.jpg 800w\" sizes=\"auto, (max-width: 593px) 100vw, 593px\" \/><\/a>\n\t\t\t<\/div>\n\t\t\t\t<figcaption class='wp-caption-text gallery-caption' id='gallery-1-6467'>\n\t\t\t\tVenturi yankee\n\t\t\t\t<\/figcaption><\/figure><figure class='gallery-item'>\n\t\t\t<div class='gallery-icon landscape'>\n\t\t\t\t<a href='https:\/\/vhrc.fr\/wp-content\/uploads\/2010\/09\/venturi_09_yankee.jpg.jpg'><img loading=\"lazy\" decoding=\"async\" width=\"593\" height=\"445\" src=\"https:\/\/vhrc.fr\/wp-content\/uploads\/2010\/09\/venturi_09_yankee.jpg.jpg\" class=\"attachment-colormag-featured-image size-colormag-featured-image\" alt=\"\" aria-describedby=\"gallery-1-6468\" srcset=\"https:\/\/vhrc.fr\/wp-content\/uploads\/2010\/09\/venturi_09_yankee.jpg.jpg 1024w, https:\/\/vhrc.fr\/wp-content\/uploads\/2010\/09\/venturi_09_yankee.jpg-500x375.jpg 500w, https:\/\/vhrc.fr\/wp-content\/uploads\/2010\/09\/venturi_09_yankee.jpg-800x600.jpg 800w\" sizes=\"auto, (max-width: 593px) 100vw, 593px\" \/><\/a>\n\t\t\t<\/div>\n\t\t\t\t<figcaption class='wp-caption-text gallery-caption' id='gallery-1-6468'>\n\t\t\t\tVenturi yankee\n\t\t\t\t<\/figcaption><\/figure>\n\t\t<\/div>\n\n<h3>\u00a0Venturi course team Yankee pilote Brice Giardini (ann\u00e9e ?)<\/h3>\n<p><a href=\"http:\/\/vhrc.fr\/wp-content\/uploads\/2010\/09\/Venturi-1.jpg\"><img loading=\"lazy\" decoding=\"async\" class=\"alignnone size-full wp-image-1222\" title=\"Venturi-1\" src=\"http:\/\/vhrc.fr\/wp-content\/uploads\/2010\/09\/Venturi-1.jpg\" alt=\"\" width=\"328\" height=\"480\" \/><\/a><\/p>","protected":false},"excerpt":{"rendered":"<p>Petite approche de l\u2019histoire de \u00ab\u00a0VENTURI\u00a0\u00bb constructeur Fran\u00e7ais d\u2019automobiles. Tout commence en 1983, cr\u00e9ation de (M.V.S) Manufacture de voitures de<\/p>","protected":false},"author":5,"featured_media":1222,"parent":183,"menu_order":0,"comment_status":"open","ping_status":"open","template":"","meta":{"colormag_page_container_layout":"default_layout","colormag_page_sidebar_layout":"default_layout","footnotes":""},"class_list":["post-1221","page","type-page","status-publish","has-post-thumbnail","hentry"],"_links":{"self":[{"href":"https:\/\/vhrc.fr\/en\/wp-json\/wp\/v2\/pages\/1221","targetHints":{"allow":["GET"]}}],"collection":[{"href":"https:\/\/vhrc.fr\/en\/wp-json\/wp\/v2\/pages"}],"about":[{"href":"https:\/\/vhrc.fr\/en\/wp-json\/wp\/v2\/types\/page"}],"author":[{"embeddable":true,"href":"https:\/\/vhrc.fr\/en\/wp-json\/wp\/v2\/users\/5"}],"replies":[{"embeddable":true,"href":"https:\/\/vhrc.fr\/en\/wp-json\/wp\/v2\/comments?post=1221"}],"version-history":[{"count":8,"href":"https:\/\/vhrc.fr\/en\/wp-json\/wp\/v2\/pages\/1221\/revisions"}],"predecessor-version":[{"id":6475,"href":"https:\/\/vhrc.fr\/en\/wp-json\/wp\/v2\/pages\/1221\/revisions\/6475"}],"up":[{"embeddable":true,"href":"https:\/\/vhrc.fr\/en\/wp-json\/wp\/v2\/pages\/183"}],"wp:featuredmedia":[{"embeddable":true,"href":"https:\/\/vhrc.fr\/en\/wp-json\/wp\/v2\/media\/1222"}],"wp:attachment":[{"href":"https:\/\/vhrc.fr\/en\/wp-json\/wp\/v2\/media?parent=1221"}],"curies":[{"name":"wp","href":"https:\/\/api.w.org\/{rel}","templated":true}]}}