{"id":131,"date":"2009-12-02T21:41:18","date_gmt":"2009-12-02T20:41:18","guid":{"rendered":"http:\/\/vhrc.fr\/?page_id=131"},"modified":"2025-07-08T09:21:22","modified_gmt":"2025-07-08T08:21:22","slug":"historique","status":"publish","type":"page","link":"https:\/\/vhrc.fr\/en\/historique\/","title":{"rendered":"competitions"},"content":{"rendered":"<h1><a title=\"HISTORIQUE\" href=\"http:\/\/vhrc.fr\/en\/historique\/\">Histoire des courses au 1\/4<\/a> : en France, en Europe et dans le monde.<\/h1>\n<ul>\n<li>\n<h3>Les d\u00e9buts avec <a title=\"Yankee Racing Show\" href=\"http:\/\/vhrc.fr\/en\/historique\/yankee-racing-show\/\">Yankee, Europa Cup, Yankee Racing Show<\/a><\/h3>\n<p><a href=\"http:\/\/vhrc.fr\/en\/historique\/yankee-racing-show\/\"><img loading=\"lazy\" decoding=\"async\" class=\"alignnone wp-image-9591\" src=\"http:\/\/vhrc.fr\/wp-content\/uploads\/2020\/02\/w-1995-gergovie-img0009ci-400x270.jpg\" alt=\"\" width=\"200\" height=\"135\" srcset=\"https:\/\/vhrc.fr\/wp-content\/uploads\/2020\/02\/w-1995-gergovie-img0009ci-400x270.jpg 400w, https:\/\/vhrc.fr\/wp-content\/uploads\/2020\/02\/w-1995-gergovie-img0009ci-768x517.jpg 768w, https:\/\/vhrc.fr\/wp-content\/uploads\/2020\/02\/w-1995-gergovie-img0009ci.jpg 800w\" sizes=\"auto, (max-width: 200px) 100vw, 200px\" \/><\/a><\/li>\n<li>\n<h3>La grande \u00e9poque c&rsquo;\u00e9tait le <a title=\"Le Championat de France 1990-1998\" href=\"http:\/\/vhrc.fr\/en\/historique\/le-championat-de-france-1990-1998\/\">Championnat de France<\/a> de 1990 \u00e0 1998 (?)<\/h3>\n<h3><a href=\"http:\/\/vhrc.fr\/en\/historique\/le-championat-de-france-1990-1998\/\"><img loading=\"lazy\" decoding=\"async\" class=\"alignnone wp-image-9791\" src=\"http:\/\/vhrc.fr\/wp-content\/uploads\/2020\/11\/cf-Championnat-France-Pontault-Combault-1999-400x272.jpg\" alt=\"Championnat France Pontault-Combault 1999\" width=\"200\" height=\"136\" srcset=\"https:\/\/vhrc.fr\/wp-content\/uploads\/2020\/11\/cf-Championnat-France-Pontault-Combault-1999-400x272.jpg 400w, https:\/\/vhrc.fr\/wp-content\/uploads\/2020\/11\/cf-Championnat-France-Pontault-Combault-1999-768x522.jpg 768w, https:\/\/vhrc.fr\/wp-content\/uploads\/2020\/11\/cf-Championnat-France-Pontault-Combault-1999-16x12.jpg 16w, https:\/\/vhrc.fr\/wp-content\/uploads\/2020\/11\/cf-Championnat-France-Pontault-Combault-1999.jpg 800w\" sizes=\"auto, (max-width: 200px) 100vw, 200px\" \/><\/a><\/h3>\n<\/li>\n<li>\n<h3>Le<a title=\"Championnat d\u2019Europe Palmares\" href=\"http:\/\/vhrc.fr\/en\/historique\/championnat-deurope-palmares\/\"> Championnat d&rsquo;Europe<\/a> de 1988 \u00e0 2004<\/h3>\n<p><figure id=\"attachment_7884\" aria-describedby=\"caption-attachment-7884\" style=\"width: 200px\" class=\"wp-caption alignnone\"><a href=\"http:\/\/vhrc.fr\/en\/historique\/championnat-deurope-palmares\/\"><img loading=\"lazy\" decoding=\"async\" class=\"wp-image-7884\" src=\"http:\/\/vhrc.fr\/wp-content\/uploads\/2017\/03\/wrcm169-104z-500x338.jpg\" alt=\"\" width=\"200\" height=\"135\" srcset=\"https:\/\/vhrc.fr\/wp-content\/uploads\/2017\/03\/wrcm169-104z-500x338.jpg 500w, https:\/\/vhrc.fr\/wp-content\/uploads\/2017\/03\/wrcm169-104z-768x518.jpg 768w, https:\/\/vhrc.fr\/wp-content\/uploads\/2017\/03\/wrcm169-104z-800x540.jpg 800w, https:\/\/vhrc.fr\/wp-content\/uploads\/2017\/03\/wrcm169-104z.jpg 1600w\" sizes=\"auto, (max-width: 200px) 100vw, 200px\" \/><\/a><figcaption id=\"caption-attachment-7884\" class=\"wp-caption-text\">championnat d&rsquo;Europe 1:4 Grenoble 1995<\/figcaption><\/figure><\/li>\n<li>\n<h3>la \u00ab\u00a0rel\u00e8ve\u00a0\u00bb avec le <a title=\"VHRC historique\" href=\"http:\/\/vhrc.fr\/en\/historique\/vhrc-lhistorique\/\">VHR<\/a> en 2003 et <a title=\"VHRC\" href=\"http:\/\/vhrc.fr\/en\/historique\/vhrc-lhistorique\/\">VHRC<\/a> en 2010.suivez son histoire <a title=\"HISTORIQUE\" href=\"http:\/\/vhrc.fr\/en\/historique\/vhrc-lhistorique\/\">ici<\/a>.<\/h3>\n<\/li>\n<li>\n<h3>Les <a title=\"courses de c\u00f4te\" href=\"http:\/\/vhrc.fr\/en\/historique\/les-courses-de-cote\/\">Les Courses de C\u00f4te<\/a>.<\/h3>\n<\/li>\n<\/ul>\n<p>&nbsp;<\/p>\n<p>soit:<\/p>\n<div class=\"pt-cv-wrapper\"><div class=\"pt-cv-view pt-cv-grid pt-cv-colsys\" id=\"pt-cv-view-ec83c55yo2\"><div data-id=\"pt-cv-page-1\" class=\"pt-cv-page\" data-cvc=\"3\"><div class=\"col-md-4 col-sm-6 col-xs-12 pt-cv-content-item pt-cv-1-col\" ><div class='pt-cv-ifield'><a href=\"https:\/\/vhrc.fr\/en\/historique\/le-championat-de-france-1990-1998\/\" class=\"_self pt-cv-href-thumbnail pt-cv-thumb-default\" target=\"_self\" ><img loading=\"lazy\" decoding=\"async\" width=\"400\" height=\"300\" src=\"https:\/\/vhrc.fr\/wp-content\/uploads\/2012\/07\/cf-1991-auto8-72-500x375.jpg\" class=\"pt-cv-thumbnail\" alt=\"\" srcset=\"https:\/\/vhrc.fr\/wp-content\/uploads\/2012\/07\/cf-1991-auto8-72-500x375.jpg 500w, https:\/\/vhrc.fr\/wp-content\/uploads\/2012\/07\/cf-1991-auto8-72-768x576.jpg 768w, https:\/\/vhrc.fr\/wp-content\/uploads\/2012\/07\/cf-1991-auto8-72-800x600.jpg 800w, https:\/\/vhrc.fr\/wp-content\/uploads\/2012\/07\/cf-1991-auto8-72.jpg 1227w\" sizes=\"auto, (max-width: 400px) 100vw, 400px\" \/><\/a>\n<h4 class=\"pt-cv-title\"><a href=\"https:\/\/vhrc.fr\/en\/historique\/le-championat-de-france-1990-1998\/\" class=\"_self\" target=\"_self\" >french championship 1990-1998<\/a><\/h4>\n<div class=\"pt-cv-content\">l'\u00e9poque \"officielle\" du 1\/4 ...<br \/><div class=\"pt-cv-rmwrap\"><a href=\"https:\/\/vhrc.fr\/en\/historique\/le-championat-de-france-1990-1998\/\" class=\"_self pt-cv-readmore btn btn-success\" target=\"_self\">Lire La Suite\u2026<\/a><\/div><\/div><\/div><\/div>\n<div class=\"col-md-4 col-sm-6 col-xs-12 pt-cv-content-item pt-cv-1-col\" ><div class='pt-cv-ifield'><a href=\"https:\/\/vhrc.fr\/en\/historique\/championnat-deurope-palmares\/\" class=\"_self pt-cv-href-thumbnail pt-cv-thumb-default\" target=\"_self\" ><img loading=\"lazy\" decoding=\"async\" width=\"400\" height=\"294\" src=\"https:\/\/vhrc.fr\/wp-content\/uploads\/2013\/05\/ce-2004-lostallo-comptat-podium-2-500x368.jpg\" class=\"pt-cv-thumbnail\" alt=\"\" srcset=\"https:\/\/vhrc.fr\/wp-content\/uploads\/2013\/05\/ce-2004-lostallo-comptat-podium-2-500x368.jpg 500w, https:\/\/vhrc.fr\/wp-content\/uploads\/2013\/05\/ce-2004-lostallo-comptat-podium-2.jpg 640w\" sizes=\"auto, (max-width: 400px) 100vw, 400px\" \/><\/a>\n<h4 class=\"pt-cv-title\"><a href=\"https:\/\/vhrc.fr\/en\/historique\/championnat-deurope-palmares\/\" class=\"_self\" target=\"_self\" >Championnat d&rsquo;Europe 1988-2004<\/a><\/h4>\n<div class=\"pt-cv-content\">palmar\u00e8s championnat d'Europe voitures RC 1:4 GT an nom pays Ville pays course 1988 Weck H. Germany Schl\u00fcchtern Germany 1989 ...<br \/><div class=\"pt-cv-rmwrap\"><a href=\"https:\/\/vhrc.fr\/en\/historique\/championnat-deurope-palmares\/\" class=\"_self pt-cv-readmore btn btn-success\" target=\"_self\">Lire La Suite\u2026<\/a><\/div><\/div><\/div><\/div>\n<div class=\"col-md-4 col-sm-6 col-xs-12 pt-cv-content-item pt-cv-1-col\" ><div class='pt-cv-ifield'><a href=\"https:\/\/vhrc.fr\/en\/historique\/championnat-deurope-15-piste-touring-cars-1995-2019\/\" class=\"_self pt-cv-href-thumbnail pt-cv-thumb-default\" target=\"_self\" ><img loading=\"lazy\" decoding=\"async\" width=\"400\" height=\"270\" src=\"https:\/\/vhrc.fr\/wp-content\/uploads\/2017\/03\/wrcm169-104z-500x338.jpg\" class=\"pt-cv-thumbnail\" alt=\"\" srcset=\"https:\/\/vhrc.fr\/wp-content\/uploads\/2017\/03\/wrcm169-104z-500x338.jpg 500w, https:\/\/vhrc.fr\/wp-content\/uploads\/2017\/03\/wrcm169-104z-768x518.jpg 768w, https:\/\/vhrc.fr\/wp-content\/uploads\/2017\/03\/wrcm169-104z-800x540.jpg 800w, https:\/\/vhrc.fr\/wp-content\/uploads\/2017\/03\/wrcm169-104z.jpg 1600w\" sizes=\"auto, (max-width: 400px) 100vw, 400px\" \/><\/a>\n<h4 class=\"pt-cv-title\"><a href=\"https:\/\/vhrc.fr\/en\/historique\/championnat-deurope-15-piste-touring-cars-1995-2019\/\" class=\"_self\" target=\"_self\" >Championnat d&rsquo;Europe 1:5 piste Touring Cars 1995 2019<\/a><\/h4>\n<div class=\"pt-cv-content\">European Championship 1:5th IC track Touring Cars ann\u00e9e Nom Pr\u00e9nom Pays Lieu course 2019 Arnaldi Bernard-Alain France Zagreb, Croatia 2018 ...<br \/><div class=\"pt-cv-rmwrap\"><a href=\"https:\/\/vhrc.fr\/en\/historique\/championnat-deurope-15-piste-touring-cars-1995-2019\/\" class=\"_self pt-cv-readmore btn btn-success\" target=\"_self\">Lire La Suite\u2026<\/a><\/div><\/div><\/div><\/div>\n<div class=\"col-md-4 col-sm-6 col-xs-12 pt-cv-content-item pt-cv-1-col\" ><div class='pt-cv-ifield'><a href=\"https:\/\/vhrc.fr\/en\/historique\/vhrc-lhistorique\/\" class=\"_self pt-cv-href-thumbnail pt-cv-thumb-default\" target=\"_self\" ><img loading=\"lazy\" decoding=\"async\" width=\"390\" height=\"400\" src=\"https:\/\/vhrc.fr\/wp-content\/uploads\/2010\/01\/VHR2009tour-487x500.png\" class=\"pt-cv-thumbnail\" alt=\"\" srcset=\"https:\/\/vhrc.fr\/wp-content\/uploads\/2010\/01\/VHR2009tour-487x500.png 487w, https:\/\/vhrc.fr\/wp-content\/uploads\/2010\/01\/VHR2009tour-780x800.png 780w, https:\/\/vhrc.fr\/wp-content\/uploads\/2010\/01\/VHR2009tour.png 1054w\" sizes=\"auto, (max-width: 390px) 100vw, 390px\" \/><\/a>\n<h4 class=\"pt-cv-title\"><a href=\"https:\/\/vhrc.fr\/en\/historique\/vhrc-lhistorique\/\" class=\"_self\" target=\"_self\" >Le VHRC<\/a><\/h4>\n<div class=\"pt-cv-content\">Un peu d\u2019histoire du VHRC remontons en 2001 lorsque quelques possesseurs passionn\u00e9s de voitures au \u00bc du club Villeneuv\u2019 Models ...<br \/><div class=\"pt-cv-rmwrap\"><a href=\"https:\/\/vhrc.fr\/en\/historique\/vhrc-lhistorique\/\" class=\"_self pt-cv-readmore btn btn-success\" target=\"_self\">Lire La Suite\u2026<\/a><\/div><\/div><\/div><\/div>\n<div class=\"col-md-4 col-sm-6 col-xs-12 pt-cv-content-item pt-cv-1-col\" ><div class='pt-cv-ifield'><a href=\"https:\/\/vhrc.fr\/en\/historique\/les-courses-de-cote\/\" class=\"_self pt-cv-href-thumbnail pt-cv-thumb-default\" target=\"_self\" ><img loading=\"lazy\" decoding=\"async\" width=\"400\" height=\"193\" src=\"https:\/\/vhrc.fr\/wp-content\/uploads\/2010\/01\/ventoux99_Picture11-500x241.jpg\" class=\"pt-cv-thumbnail\" alt=\"\" srcset=\"https:\/\/vhrc.fr\/wp-content\/uploads\/2010\/01\/ventoux99_Picture11-500x241.jpg 500w, https:\/\/vhrc.fr\/wp-content\/uploads\/2010\/01\/ventoux99_Picture11-800x386.jpg 800w, https:\/\/vhrc.fr\/wp-content\/uploads\/2010\/01\/ventoux99_Picture11.jpg 1600w\" sizes=\"auto, (max-width: 400px) 100vw, 400px\" \/><\/a>\n<h4 class=\"pt-cv-title\"><a href=\"https:\/\/vhrc.fr\/en\/historique\/les-courses-de-cote\/\" class=\"_self\" target=\"_self\" >hill climbs<\/a><\/h4>\n<div class=\"pt-cv-content\">1995 championnat d'Europe de la Montagne 29\/30 Juillet 1995 Chamrousse 1999 le Mont Ventoux Les courses ...<br \/><div class=\"pt-cv-rmwrap\"><a href=\"https:\/\/vhrc.fr\/en\/historique\/les-courses-de-cote\/\" class=\"_self pt-cv-readmore btn btn-success\" target=\"_self\">Lire La Suite\u2026<\/a><\/div><\/div><\/div><\/div>\n<div class=\"col-md-4 col-sm-6 col-xs-12 pt-cv-content-item pt-cv-1-col\" ><div class='pt-cv-ifield'><a href=\"https:\/\/vhrc.fr\/en\/historique\/yankee-racing-show\/\" class=\"_self pt-cv-href-thumbnail pt-cv-thumb-default\" target=\"_self\" ><img loading=\"lazy\" decoding=\"async\" width=\"400\" height=\"271\" src=\"https:\/\/vhrc.fr\/wp-content\/uploads\/2020\/02\/w-1995-gergovie-img0008os-400x271.jpg\" class=\"pt-cv-thumbnail\" alt=\"\" srcset=\"https:\/\/vhrc.fr\/wp-content\/uploads\/2020\/02\/w-1995-gergovie-img0008os-400x271.jpg 400w, https:\/\/vhrc.fr\/wp-content\/uploads\/2020\/02\/w-1995-gergovie-img0008os-768x519.jpg 768w, https:\/\/vhrc.fr\/wp-content\/uploads\/2020\/02\/w-1995-gergovie-img0008os.jpg 800w\" sizes=\"auto, (max-width: 400px) 100vw, 400px\" \/><\/a>\n<h4 class=\"pt-cv-title\"><a href=\"https:\/\/vhrc.fr\/en\/historique\/yankee-racing-show\/\" class=\"_self\" target=\"_self\" >Yankee Racing Shows<\/a><\/h4>\n<div class=\"pt-cv-content\">\u00e9v\u00e9nements organis\u00e9s d\u00e8s 1989 par Yankee, une des marques pr\u00e9curseurs dans le domaine du 1:4 Liste des \u00e9ditions: ...<br \/><div class=\"pt-cv-rmwrap\"><a href=\"https:\/\/vhrc.fr\/en\/historique\/yankee-racing-show\/\" class=\"_self pt-cv-readmore btn btn-success\" target=\"_self\">Lire La Suite\u2026<\/a><\/div><\/div><\/div><\/div><\/div><\/div><\/div>\n<p>&nbsp;<\/p>","protected":false},"excerpt":{"rendered":"<p>Histoire des courses au 1\/4 : en France, en Europe et dans le monde. Les d\u00e9buts avec Yankee, Europa Cup,<\/p>","protected":false},"author":5,"featured_media":1464,"parent":0,"menu_order":0,"comment_status":"open","ping_status":"closed","template":"","meta":{"colormag_page_container_layout":"default_layout","colormag_page_sidebar_layout":"default_layout","footnotes":""},"class_list":["post-131","page","type-page","status-publish","has-post-thumbnail","hentry"],"_links":{"self":[{"href":"https:\/\/vhrc.fr\/en\/wp-json\/wp\/v2\/pages\/131","targetHints":{"allow":["GET"]}}],"collection":[{"href":"https:\/\/vhrc.fr\/en\/wp-json\/wp\/v2\/pages"}],"about":[{"href":"https:\/\/vhrc.fr\/en\/wp-json\/wp\/v2\/types\/page"}],"author":[{"embeddable":true,"href":"https:\/\/vhrc.fr\/en\/wp-json\/wp\/v2\/users\/5"}],"replies":[{"embeddable":true,"href":"https:\/\/vhrc.fr\/en\/wp-json\/wp\/v2\/comments?post=131"}],"version-history":[{"count":21,"href":"https:\/\/vhrc.fr\/en\/wp-json\/wp\/v2\/pages\/131\/revisions"}],"predecessor-version":[{"id":9792,"href":"https:\/\/vhrc.fr\/en\/wp-json\/wp\/v2\/pages\/131\/revisions\/9792"}],"wp:featuredmedia":[{"embeddable":true,"href":"https:\/\/vhrc.fr\/en\/wp-json\/wp\/v2\/media\/1464"}],"wp:attachment":[{"href":"https:\/\/vhrc.fr\/en\/wp-json\/wp\/v2\/media?parent=131"}],"curies":[{"name":"wp","href":"https:\/\/api.w.org\/{rel}","templated":true}]}}