{"id":133,"date":"2009-12-02T21:43:17","date_gmt":"2009-12-02T20:43:17","guid":{"rendered":"http:\/\/vhrc.fr\/?page_id=133"},"modified":"2019-12-18T11:02:27","modified_gmt":"2019-12-18T10:02:27","slug":"le-championat-de-france-1990-1998","status":"publish","type":"page","link":"https:\/\/vhrc.fr\/en\/historique\/le-championat-de-france-1990-1998\/","title":{"rendered":"french championship 1990-1998"},"content":{"rendered":"<h1>l&rsquo;\u00e9poque \u00ab\u00a0officielle\u00a0\u00bb du 1\/4&#8230;<\/h1>\n<div class=\"pt-cv-wrapper\"><div class=\"pt-cv-view pt-cv-grid pt-cv-colsys\" id=\"pt-cv-view-dcb876b591\"><div data-id=\"pt-cv-page-1\" class=\"pt-cv-page\" data-cvc=\"2\"><div class=\"col-md-6 col-sm-6 col-xs-12 pt-cv-content-item pt-cv-1-col\" ><div class='pt-cv-ifield'><a href=\"https:\/\/vhrc.fr\/en\/historique\/le-championat-de-france-1990-1998\/cf-1998\/\" class=\"_self pt-cv-href-thumbnail pt-cv-thumb-default\" target=\"_self\" ><img loading=\"lazy\" decoding=\"async\" width=\"400\" height=\"229\" src=\"https:\/\/vhrc.fr\/wp-content\/uploads\/2015\/12\/f198-500x286.jpg\" class=\"pt-cv-thumbnail\" alt=\"\" srcset=\"https:\/\/vhrc.fr\/wp-content\/uploads\/2015\/12\/f198-500x286.jpg 500w, https:\/\/vhrc.fr\/wp-content\/uploads\/2015\/12\/f198-768x440.jpg 768w, https:\/\/vhrc.fr\/wp-content\/uploads\/2015\/12\/f198-800x458.jpg 800w, https:\/\/vhrc.fr\/wp-content\/uploads\/2015\/12\/f198.jpg 1727w\" sizes=\"auto, (max-width: 400px) 100vw, 400px\" \/><\/a>\n<h4 class=\"pt-cv-title\"><a href=\"https:\/\/vhrc.fr\/en\/historique\/le-championat-de-france-1990-1998\/cf-1998\/\" class=\"_self\" target=\"_self\" >CF 1998<\/a><\/h4>\n<div class=\"pt-cv-content\">Championnat de France Voiture RC thermique 1:4 1998 manche date ville club 1 14 &amp; 15 Mars Limoge 2 18&amp;19 ...<br \/><div class=\"pt-cv-rmwrap\"><a href=\"https:\/\/vhrc.fr\/en\/historique\/le-championat-de-france-1990-1998\/cf-1998\/\" class=\"_self pt-cv-readmore btn btn-success\" target=\"_self\">Lire La Suite\u2026<\/a><\/div><\/div><\/div><\/div>\n<div class=\"col-md-6 col-sm-6 col-xs-12 pt-cv-content-item pt-cv-1-col\" ><div class='pt-cv-ifield'><a href=\"https:\/\/vhrc.fr\/en\/historique\/le-championat-de-france-1990-1998\/cf-1992\/\" class=\"_self pt-cv-href-thumbnail pt-cv-thumb-default\" target=\"_self\" ><img loading=\"lazy\" decoding=\"async\" width=\"400\" height=\"221\" src=\"https:\/\/vhrc.fr\/wp-content\/uploads\/2014\/11\/a8-77-page_001_cr-500x276.jpg\" class=\"pt-cv-thumbnail\" alt=\"\" srcset=\"https:\/\/vhrc.fr\/wp-content\/uploads\/2014\/11\/a8-77-page_001_cr-500x276.jpg 500w, https:\/\/vhrc.fr\/wp-content\/uploads\/2014\/11\/a8-77-page_001_cr-768x424.jpg 768w, https:\/\/vhrc.fr\/wp-content\/uploads\/2014\/11\/a8-77-page_001_cr-800x442.jpg 800w, https:\/\/vhrc.fr\/wp-content\/uploads\/2014\/11\/a8-77-page_001_cr.jpg 1119w\" sizes=\"auto, (max-width: 400px) 100vw, 400px\" \/><\/a>\n<h4 class=\"pt-cv-title\"><a href=\"https:\/\/vhrc.fr\/en\/historique\/le-championat-de-france-1990-1998\/cf-1992\/\" class=\"_self\" target=\"_self\" >CF 1992<\/a><\/h4>\n<div class=\"pt-cv-content\">derni\u00e8re ann\u00e9e des cat\u00e9gories Normes et Hors Norme en 1:4 Lavardac (47) 25 26 avril 1992 Ampuis (38) 30 31 ...<br \/><div class=\"pt-cv-rmwrap\"><a href=\"https:\/\/vhrc.fr\/en\/historique\/le-championat-de-france-1990-1998\/cf-1992\/\" class=\"_self pt-cv-readmore btn btn-success\" target=\"_self\">Lire La Suite\u2026<\/a><\/div><\/div><\/div><\/div>\n<div class=\"col-md-6 col-sm-6 col-xs-12 pt-cv-content-item pt-cv-1-col\" ><div class='pt-cv-ifield'><a href=\"https:\/\/vhrc.fr\/en\/historique\/le-championat-de-france-1990-1998\/cf-1993\/\" class=\"_self pt-cv-href-thumbnail pt-cv-thumb-default\" target=\"_self\" ><img loading=\"lazy\" decoding=\"async\" width=\"400\" height=\"368\" src=\"https:\/\/vhrc.fr\/wp-content\/uploads\/2014\/10\/veysseyere-500x460.jpg\" class=\"pt-cv-thumbnail\" alt=\"\" srcset=\"https:\/\/vhrc.fr\/wp-content\/uploads\/2014\/10\/veysseyere-500x460.jpg 500w, https:\/\/vhrc.fr\/wp-content\/uploads\/2014\/10\/veysseyere-800x736.jpg 800w, https:\/\/vhrc.fr\/wp-content\/uploads\/2014\/10\/veysseyere.jpg 1014w\" sizes=\"auto, (max-width: 400px) 100vw, 400px\" \/><\/a>\n<h4 class=\"pt-cv-title\"><a href=\"https:\/\/vhrc.fr\/en\/historique\/le-championat-de-france-1990-1998\/cf-1993\/\" class=\"_self\" target=\"_self\" >CF 1993<\/a><\/h4>\n<div class=\"pt-cv-content\">les manches de ce championnat de France 1\/4 1993: apparition des cat\u00e9gories GT et Sport proto 1:4 [autonav display=\"images\"] programme: ...<br \/><div class=\"pt-cv-rmwrap\"><a href=\"https:\/\/vhrc.fr\/en\/historique\/le-championat-de-france-1990-1998\/cf-1993\/\" class=\"_self pt-cv-readmore btn btn-success\" target=\"_self\">Lire La Suite\u2026<\/a><\/div><\/div><\/div><\/div>\n<div class=\"col-md-6 col-sm-6 col-xs-12 pt-cv-content-item pt-cv-1-col\" ><div class='pt-cv-ifield'><a href=\"https:\/\/vhrc.fr\/en\/historique\/le-championat-de-france-1990-1998\/cf-1991\/\" class=\"_self pt-cv-href-thumbnail pt-cv-thumb-default\" target=\"_self\" ><img loading=\"lazy\" decoding=\"async\" width=\"400\" height=\"300\" src=\"https:\/\/vhrc.fr\/wp-content\/uploads\/2012\/07\/cf-1991-auto8-72-500x375.jpg\" class=\"pt-cv-thumbnail\" alt=\"\" srcset=\"https:\/\/vhrc.fr\/wp-content\/uploads\/2012\/07\/cf-1991-auto8-72-500x375.jpg 500w, https:\/\/vhrc.fr\/wp-content\/uploads\/2012\/07\/cf-1991-auto8-72-768x576.jpg 768w, https:\/\/vhrc.fr\/wp-content\/uploads\/2012\/07\/cf-1991-auto8-72-800x600.jpg 800w, https:\/\/vhrc.fr\/wp-content\/uploads\/2012\/07\/cf-1991-auto8-72.jpg 1227w\" sizes=\"auto, (max-width: 400px) 100vw, 400px\" \/><\/a>\n<h4 class=\"pt-cv-title\"><a href=\"https:\/\/vhrc.fr\/en\/historique\/le-championat-de-france-1990-1998\/cf-1991\/\" class=\"_self\" target=\"_self\" >CF 1991<\/a><\/h4>\n<div class=\"pt-cv-content\">date PISTE 1\/4 THERMIQUE 1e Manche \u00a0Lavardac (auto8 78) 2\u00e8 Manche Ampuis 3\u00e8 Manche 4\u00e8 Manche Manspach 5\u00e8 Manche Saran ...<br \/><div class=\"pt-cv-rmwrap\"><a href=\"https:\/\/vhrc.fr\/en\/historique\/le-championat-de-france-1990-1998\/cf-1991\/\" class=\"_self pt-cv-readmore btn btn-success\" target=\"_self\">Lire La Suite\u2026<\/a><\/div><\/div><\/div><\/div>\n<div class=\"col-md-6 col-sm-6 col-xs-12 pt-cv-content-item pt-cv-1-col\" ><div class='pt-cv-ifield'><a href=\"https:\/\/vhrc.fr\/en\/historique\/le-championat-de-france-1990-1998\/cf-1994\/\" class=\"_self pt-cv-href-thumbnail pt-cv-thumb-default\" target=\"_self\" ><img loading=\"lazy\" decoding=\"async\" width=\"400\" height=\"255\" src=\"https:\/\/vhrc.fr\/wp-content\/uploads\/2012\/07\/w-rcm_152-59-cf1994-500x319.jpg\" class=\"pt-cv-thumbnail\" alt=\"\" srcset=\"https:\/\/vhrc.fr\/wp-content\/uploads\/2012\/07\/w-rcm_152-59-cf1994-500x319.jpg 500w, https:\/\/vhrc.fr\/wp-content\/uploads\/2012\/07\/w-rcm_152-59-cf1994-800x511.jpg 800w, https:\/\/vhrc.fr\/wp-content\/uploads\/2012\/07\/w-rcm_152-59-cf1994.jpg 1024w\" sizes=\"auto, (max-width: 400px) 100vw, 400px\" \/><\/a>\n<h4 class=\"pt-cv-title\"><a href=\"https:\/\/vhrc.fr\/en\/historique\/le-championat-de-france-1990-1998\/cf-1994\/\" class=\"_self\" target=\"_self\" >CF 1994<\/a><\/h4>\n<div class=\"pt-cv-content\">4e ann\u00e9e de Championnat France voitures RC 1:4 \u00a0manche date PISTE 1\/4 THERMIQUE 1e Manche Dijon 2e Manche 14\/15 mai ...<br \/><div class=\"pt-cv-rmwrap\"><a href=\"https:\/\/vhrc.fr\/en\/historique\/le-championat-de-france-1990-1998\/cf-1994\/\" class=\"_self pt-cv-readmore btn btn-success\" target=\"_self\">Lire La Suite\u2026<\/a><\/div><\/div><\/div><\/div>\n<div class=\"col-md-6 col-sm-6 col-xs-12 pt-cv-content-item pt-cv-1-col\" ><div class='pt-cv-ifield'><a href=\"https:\/\/vhrc.fr\/en\/historique\/le-championat-de-france-1990-1998\/cf-1995\/\" class=\"_self pt-cv-href-thumbnail pt-cv-thumb-default\" target=\"_self\" ><img loading=\"lazy\" decoding=\"async\" width=\"400\" height=\"265\" src=\"https:\/\/vhrc.fr\/wp-content\/uploads\/2012\/07\/w-1995-gergovie-img0014sa-500x331.jpg\" class=\"pt-cv-thumbnail\" alt=\"\" srcset=\"https:\/\/vhrc.fr\/wp-content\/uploads\/2012\/07\/w-1995-gergovie-img0014sa-500x331.jpg 500w, https:\/\/vhrc.fr\/wp-content\/uploads\/2012\/07\/w-1995-gergovie-img0014sa.jpg 800w\" sizes=\"auto, (max-width: 400px) 100vw, 400px\" \/><\/a>\n<h4 class=\"pt-cv-title\"><a href=\"https:\/\/vhrc.fr\/en\/historique\/le-championat-de-france-1990-1998\/cf-1995\/\" class=\"_self\" target=\"_self\" >CF 1995<\/a><\/h4>\n<div class=\"pt-cv-content\">Piste 1:4 Thermique Longvic, Limoges,Macon,Evry,Moulin, Coupe Clermont Ferrand,Coupe espoir Besan\u00e7on 18 19 mars 1995 longvic 021\/7 15 16 avril 1995 ...<br \/><div class=\"pt-cv-rmwrap\"><a href=\"https:\/\/vhrc.fr\/en\/historique\/le-championat-de-france-1990-1998\/cf-1995\/\" class=\"_self pt-cv-readmore btn btn-success\" target=\"_self\">Lire La Suite\u2026<\/a><\/div><\/div><\/div><\/div>\n<div class=\"col-md-6 col-sm-6 col-xs-12 pt-cv-content-item pt-cv-1-col\" ><div class='pt-cv-ifield'><a href=\"https:\/\/vhrc.fr\/en\/historique\/le-championat-de-france-1990-1998\/cf-1997\/\" class=\"_self pt-cv-href-thumbnail pt-cv-thumb-default\" target=\"_self\" ><\/a>\n<h4 class=\"pt-cv-title\"><a href=\"https:\/\/vhrc.fr\/en\/historique\/le-championat-de-france-1990-1998\/cf-1997\/\" class=\"_self\" target=\"_self\" >CF 1997<\/a><\/h4>\n<div class=\"pt-cv-content\">manche date ville club 1 15 16 Mars 1997 Louviers 699\/3 2 19 20 Avril 1997 Grenoble 070\/09 3 17 ...<br \/><div class=\"pt-cv-rmwrap\"><a href=\"https:\/\/vhrc.fr\/en\/historique\/le-championat-de-france-1990-1998\/cf-1997\/\" class=\"_self pt-cv-readmore btn btn-success\" target=\"_self\">Lire La Suite\u2026<\/a><\/div><\/div><\/div><\/div>\n<div class=\"col-md-6 col-sm-6 col-xs-12 pt-cv-content-item pt-cv-1-col\" ><div class='pt-cv-ifield'><a href=\"https:\/\/vhrc.fr\/en\/historique\/le-championat-de-france-1990-1998\/cf-1996\/\" class=\"_self pt-cv-href-thumbnail pt-cv-thumb-default\" target=\"_self\" ><img loading=\"lazy\" decoding=\"async\" width=\"400\" height=\"256\" src=\"https:\/\/vhrc.fr\/wp-content\/uploads\/2010\/01\/bmw_e36-500x320.jpg\" class=\"pt-cv-thumbnail\" alt=\"\" srcset=\"https:\/\/vhrc.fr\/wp-content\/uploads\/2010\/01\/bmw_e36-500x320.jpg 500w, https:\/\/vhrc.fr\/wp-content\/uploads\/2010\/01\/bmw_e36-800x512.jpg 800w, https:\/\/vhrc.fr\/wp-content\/uploads\/2010\/01\/bmw_e36.jpg 936w\" sizes=\"auto, (max-width: 400px) 100vw, 400px\" \/><\/a>\n<h4 class=\"pt-cv-title\"><a href=\"https:\/\/vhrc.fr\/en\/historique\/le-championat-de-france-1990-1998\/cf-1996\/\" class=\"_self\" target=\"_self\" >CF 1996<\/a><\/h4>\n<div class=\"pt-cv-content\">Championnat de France voitures RC 1:4 1996 date PISTE 1\/4 THERMIQUE PISTE 1\/5 THERMIQUE 16\/17 Mars 1e Manche Moulins Niort ...<br \/><div class=\"pt-cv-rmwrap\"><a href=\"https:\/\/vhrc.fr\/en\/historique\/le-championat-de-france-1990-1998\/cf-1996\/\" class=\"_self pt-cv-readmore btn btn-success\" target=\"_self\">Lire La Suite\u2026<\/a><\/div><\/div><\/div><\/div><\/div><\/div><\/div>\n","protected":false},"excerpt":{"rendered":"<p>l&rsquo;\u00e9poque \u00ab\u00a0officielle\u00a0\u00bb du 1\/4&#8230;<\/p>","protected":false},"author":5,"featured_media":7042,"parent":131,"menu_order":3,"comment_status":"closed","ping_status":"closed","template":"","meta":{"colormag_page_container_layout":"default_layout","colormag_page_sidebar_layout":"default_layout","footnotes":""},"class_list":["post-133","page","type-page","status-publish","has-post-thumbnail","hentry"],"_links":{"self":[{"href":"https:\/\/vhrc.fr\/en\/wp-json\/wp\/v2\/pages\/133","targetHints":{"allow":["GET"]}}],"collection":[{"href":"https:\/\/vhrc.fr\/en\/wp-json\/wp\/v2\/pages"}],"about":[{"href":"https:\/\/vhrc.fr\/en\/wp-json\/wp\/v2\/types\/page"}],"author":[{"embeddable":true,"href":"https:\/\/vhrc.fr\/en\/wp-json\/wp\/v2\/users\/5"}],"replies":[{"embeddable":true,"href":"https:\/\/vhrc.fr\/en\/wp-json\/wp\/v2\/comments?post=133"}],"version-history":[{"count":9,"href":"https:\/\/vhrc.fr\/en\/wp-json\/wp\/v2\/pages\/133\/revisions"}],"predecessor-version":[{"id":9120,"href":"https:\/\/vhrc.fr\/en\/wp-json\/wp\/v2\/pages\/133\/revisions\/9120"}],"up":[{"embeddable":true,"href":"https:\/\/vhrc.fr\/en\/wp-json\/wp\/v2\/pages\/131"}],"wp:featuredmedia":[{"embeddable":true,"href":"https:\/\/vhrc.fr\/en\/wp-json\/wp\/v2\/media\/7042"}],"wp:attachment":[{"href":"https:\/\/vhrc.fr\/en\/wp-json\/wp\/v2\/media?parent=133"}],"curies":[{"name":"wp","href":"https:\/\/api.w.org\/{rel}","templated":true}]}}