{"id":1338,"date":"2010-10-07T20:58:28","date_gmt":"2010-10-07T19:58:28","guid":{"rendered":"http:\/\/vhrc.fr\/?page_id=1338"},"modified":"2012-06-14T12:14:57","modified_gmt":"2012-06-14T11:14:57","slug":"2010-m6-pierrelate","status":"publish","type":"page","link":"https:\/\/vhrc.fr\/en\/historique\/vhrc-lhistorique\/2010vhrc\/2010-m6-pierrelate\/","title":{"rendered":"2010 M7 Pierrelate"},"content":{"rendered":"<h2><span style=\"color: #ff0000;\">la m\u00e9t\u00e9o ne nous a pas laiss\u00e9 courir, rendez vous en 2011!<\/span><\/h2>\n<h2>La Derni\u00e8re manche ! venez!<\/h2>\n<h2>Radio-Model Club de Pierrelatte (R.M.C.P.)<\/h2>\n<div id='gallery-1' class='gallery galleryid-1338 gallery-columns-2 gallery-size-colormag-featured-image'><figure class='gallery-item'>\n\t\t\t<div class='gallery-icon landscape'>\n\t\t\t\t<a href='https:\/\/vhrc.fr\/en\/historique\/vhrc-lhistorique\/2010vhrc\/2010-m6-pierrelate\/circuit2\/'><img loading=\"lazy\" decoding=\"async\" width=\"369\" height=\"246\" src=\"https:\/\/vhrc.fr\/wp-content\/uploads\/2010\/10\/circuit2.jpg\" class=\"attachment-colormag-featured-image size-colormag-featured-image\" alt=\"\" \/><\/a>\n\t\t\t<\/div><\/figure><figure class='gallery-item'>\n\t\t\t<div class='gallery-icon landscape'>\n\t\t\t\t<a href='https:\/\/vhrc.fr\/en\/historique\/vhrc-lhistorique\/2010vhrc\/2010-m6-pierrelate\/circuit3\/'><img loading=\"lazy\" decoding=\"async\" width=\"369\" height=\"246\" src=\"https:\/\/vhrc.fr\/wp-content\/uploads\/2010\/10\/circuit3.jpg\" class=\"attachment-colormag-featured-image size-colormag-featured-image\" alt=\"\" \/><\/a>\n\t\t\t<\/div><\/figure><figure class='gallery-item'>\n\t\t\t<div class='gallery-icon landscape'>\n\t\t\t\t<a href='https:\/\/vhrc.fr\/en\/historique\/vhrc-lhistorique\/2010vhrc\/2010-m6-pierrelate\/circuit5\/'><img loading=\"lazy\" decoding=\"async\" width=\"369\" height=\"246\" src=\"https:\/\/vhrc.fr\/wp-content\/uploads\/2010\/10\/circuit5.jpg\" class=\"attachment-colormag-featured-image size-colormag-featured-image\" alt=\"\" \/><\/a>\n\t\t\t<\/div><\/figure><figure class='gallery-item'>\n\t\t\t<div class='gallery-icon landscape'>\n\t\t\t\t<a href='https:\/\/vhrc.fr\/en\/historique\/vhrc-lhistorique\/2010vhrc\/2010-m6-pierrelate\/pierrelatecircuit1\/'><img loading=\"lazy\" decoding=\"async\" width=\"369\" height=\"246\" src=\"https:\/\/vhrc.fr\/wp-content\/uploads\/2010\/10\/pierrelatecircuit1.jpg\" class=\"attachment-colormag-featured-image size-colormag-featured-image\" alt=\"\" \/><\/a>\n\t\t\t<\/div><\/figure>\n\t\t<\/div>\n\n<h2>Piste photos de Luc 13 Octobre<\/h2>\n<p>[nggallery id=57]<\/p>\n<h2>Pilotes:<\/h2>\n<p>[table id=23 \/]<\/p>\n<h2>ENGAGEMENT PILOTE \u00bc : VHRC.<\/h2>\n<p>7\u00e9 Manche : 31 \/ 10 \/ 2010.<\/p>\n<p>LIEU : Pierrelatte \u2026.26.<\/p>\n<p>Adresse : Circuit de l\u2019a\u00e9rodrome.<\/p>\n<p>Nom :\u2026\u2026\u2026\u2026\u2026\u2026\u2026\u2026\u2026\u2026\u2026\/Pr\u00e9nom\u2026\u2026\u2026\u2026\u2026\u2026\u2026..<\/p>\n<p>Fr\u00e9quences :\u2026\u2026\u2026\u2026\u2026\u2026\u2026\u2026\u2026.\/\u2026\u2026\u2026\u2026\u2026\u2026\u2026\u2026\u2026\u2026.<\/p>\n<p>2.4 GHZ\u2026\u2026\u2026\u2026\u2026\u2026OUI.<\/p>\n<h2><span style=\"color: #ff0000;\">. Attention : Amener son repas et les boissons pour toute la journ\u00e9e !<\/span><\/h2>\n<h4>Date limite d\u2019engagement 23\/10\/2010\u2026\u2026.<\/h4>\n<p>R\u00e8glement par ch\u00e9que de ; 15\u20ac \u00e0 l\u2019ordre de :<\/p>\n<h3>VILLENEUV\u2019 MODELS<\/h3>\n<p>Par COURRIER a l\u2019adresse suivante :<\/p>\n<address>Villeneuv\u2019 Models<\/address>\n<address>16 rue de la Monnaie<\/address>\n<address>30400 Villeneuve lez Avignon.<\/address>\n<h2>Site internet<\/h2>\n<h3><a href=\"http:\/\/www.rmcp.fr\">http:\/\/www.rmcp.fr<\/a><\/h3>\n<h2>Acc\u00e8s<\/h2>\n<p><small><a style=\"color: #0000ff; text-align: left;\" href=\"http:\/\/maps.google.fr\/maps?f=d&amp;source=embed&amp;saddr=Route+inconnue&amp;daddr=La+Garde-Adh%C3%A9mar+(AVT+PIERRELATTE+AEROCLUB+PLANEUR)&amp;geocode=FZzbowIdkHdIAA%3BFeFmpQIdAAVIACEUXONdHzDdQA&amp;hl=fr&amp;mra=pd&amp;mrcr=0&amp;sll=44.437702,4.574432&amp;sspn=0.373096,1.056747&amp;ie=UTF8&amp;ll=44.341284,4.736824&amp;spn=0.11786,0.219727&amp;z=12\">Agrandir le plan<\/a><\/small><\/p>\n","protected":false},"excerpt":{"rendered":"<p>la m\u00e9t\u00e9o ne nous a pas laiss\u00e9 courir, rendez vous en 2011! La Derni\u00e8re manche ! venez! Radio-Model Club de<\/p>","protected":false},"author":5,"featured_media":1344,"parent":379,"menu_order":0,"comment_status":"open","ping_status":"open","template":"","meta":{"colormag_page_container_layout":"default_layout","colormag_page_sidebar_layout":"default_layout","footnotes":""},"class_list":["post-1338","page","type-page","status-publish","has-post-thumbnail","hentry"],"_links":{"self":[{"href":"https:\/\/vhrc.fr\/en\/wp-json\/wp\/v2\/pages\/1338","targetHints":{"allow":["GET"]}}],"collection":[{"href":"https:\/\/vhrc.fr\/en\/wp-json\/wp\/v2\/pages"}],"about":[{"href":"https:\/\/vhrc.fr\/en\/wp-json\/wp\/v2\/types\/page"}],"author":[{"embeddable":true,"href":"https:\/\/vhrc.fr\/en\/wp-json\/wp\/v2\/users\/5"}],"replies":[{"embeddable":true,"href":"https:\/\/vhrc.fr\/en\/wp-json\/wp\/v2\/comments?post=1338"}],"version-history":[{"count":7,"href":"https:\/\/vhrc.fr\/en\/wp-json\/wp\/v2\/pages\/1338\/revisions"}],"predecessor-version":[{"id":2666,"href":"https:\/\/vhrc.fr\/en\/wp-json\/wp\/v2\/pages\/1338\/revisions\/2666"}],"up":[{"embeddable":true,"href":"https:\/\/vhrc.fr\/en\/wp-json\/wp\/v2\/pages\/379"}],"wp:featuredmedia":[{"embeddable":true,"href":"https:\/\/vhrc.fr\/en\/wp-json\/wp\/v2\/media\/1344"}],"wp:attachment":[{"href":"https:\/\/vhrc.fr\/en\/wp-json\/wp\/v2\/media?parent=1338"}],"curies":[{"name":"wp","href":"https:\/\/api.w.org\/{rel}","templated":true}]}}