{"id":1396,"date":"2010-12-21T13:14:38","date_gmt":"2010-12-21T12:14:38","guid":{"rendered":"http:\/\/vhrc.fr\/?page_id=1396"},"modified":"2019-12-18T12:16:24","modified_gmt":"2019-12-18T11:16:24","slug":"2011-vhrc","status":"publish","type":"page","link":"https:\/\/vhrc.fr\/en\/historique\/vhrc-lhistorique\/2011-vhrc\/","title":{"rendered":"2011 VHRC"},"content":{"rendered":"<p>pour la 11e ann\u00e9e, retrouvez ce challenge amical du 1:4 dans le Sud.<\/p>\n<h1>CALENDRIER<\/h1>\n<div class=\"pt-cv-wrapper\"><div class=\"pt-cv-view pt-cv-grid pt-cv-colsys\" id=\"pt-cv-view-94e2d1futc\"><div data-id=\"pt-cv-page-1\" class=\"pt-cv-page\" data-cvc=\"2\"><div class=\"col-md-6 col-sm-6 col-xs-12 pt-cv-content-item pt-cv-1-col\" ><div class='pt-cv-ifield'><a href=\"https:\/\/vhrc.fr\/en\/historique\/vhrc-lhistorique\/2011-vhrc\/2011-m1-montpellier\/\" class=\"_self pt-cv-href-thumbnail pt-cv-thumb-default\" target=\"_self\" ><img loading=\"lazy\" decoding=\"async\" width=\"400\" height=\"216\" src=\"https:\/\/vhrc.fr\/wp-content\/uploads\/2011\/01\/00_2011_M1_montpellier_pilotes_800-500x270.jpg\" class=\"pt-cv-thumbnail\" alt=\"\" srcset=\"https:\/\/vhrc.fr\/wp-content\/uploads\/2011\/01\/00_2011_M1_montpellier_pilotes_800-500x270.jpg 500w, https:\/\/vhrc.fr\/wp-content\/uploads\/2011\/01\/00_2011_M1_montpellier_pilotes_800.jpg 800w\" sizes=\"auto, (max-width: 400px) 100vw, 400px\" \/><\/a>\n<h4 class=\"pt-cv-title\"><a href=\"https:\/\/vhrc.fr\/en\/historique\/vhrc-lhistorique\/2011-vhrc\/2011-m1-montpellier\/\" class=\"_self\" target=\"_self\" >2011 M1 Montpellier<\/a><\/h4>\n<div class=\"pt-cv-content\">20 F\u00e9vrier 2011 r\u00e9sultats [table id=31 \/] R\u00e9sum\u00e9 de Course par Luc 8h du mat.. la majorit\u00e9 du plateau est ...<br \/><div class=\"pt-cv-rmwrap\"><a href=\"https:\/\/vhrc.fr\/en\/historique\/vhrc-lhistorique\/2011-vhrc\/2011-m1-montpellier\/\" class=\"_self pt-cv-readmore btn btn-success\" target=\"_self\">Lire La Suite\u2026<\/a><\/div><\/div><\/div><\/div>\n<div class=\"col-md-6 col-sm-6 col-xs-12 pt-cv-content-item pt-cv-1-col\" ><div class='pt-cv-ifield'><a href=\"https:\/\/vhrc.fr\/en\/historique\/vhrc-lhistorique\/2011-vhrc\/2011-m2-pierrelate\/\" class=\"_self pt-cv-href-thumbnail pt-cv-thumb-default\" target=\"_self\" ><img loading=\"lazy\" decoding=\"async\" width=\"400\" height=\"109\" src=\"https:\/\/vhrc.fr\/wp-content\/uploads\/2011\/02\/vhrc2011_m2_001-500x136.jpg\" class=\"pt-cv-thumbnail\" alt=\"\" srcset=\"https:\/\/vhrc.fr\/wp-content\/uploads\/2011\/02\/vhrc2011_m2_001-500x136.jpg 500w, https:\/\/vhrc.fr\/wp-content\/uploads\/2011\/02\/vhrc2011_m2_001.jpg 800w\" sizes=\"auto, (max-width: 400px) 100vw, 400px\" \/><\/a>\n<h4 class=\"pt-cv-title\"><a href=\"https:\/\/vhrc.fr\/en\/historique\/vhrc-lhistorique\/2011-vhrc\/2011-m2-pierrelate\/\" class=\"_self\" target=\"_self\" >2011 M2 Pierrelate<\/a><\/h4>\n<div class=\"pt-cv-content\">6 Mars 2011 Le r\u00e9sum\u00e9 Mini compte rendu par Luc. Onze .. pilotes g\u00e9niaux\u00a0! Pr\u00e9sents \u00e0 09h30 sur le circuit ...<br \/><div class=\"pt-cv-rmwrap\"><a href=\"https:\/\/vhrc.fr\/en\/historique\/vhrc-lhistorique\/2011-vhrc\/2011-m2-pierrelate\/\" class=\"_self pt-cv-readmore btn btn-success\" target=\"_self\">Lire La Suite\u2026<\/a><\/div><\/div><\/div><\/div>\n<div class=\"col-md-6 col-sm-6 col-xs-12 pt-cv-content-item pt-cv-1-col\" ><div class='pt-cv-ifield'><a href=\"https:\/\/vhrc.fr\/en\/historique\/vhrc-lhistorique\/2011-vhrc\/2011-m3-montpellier\/\" class=\"_self pt-cv-href-thumbnail pt-cv-thumb-default\" target=\"_self\" ><img loading=\"lazy\" decoding=\"async\" width=\"400\" height=\"300\" src=\"https:\/\/vhrc.fr\/wp-content\/uploads\/2011\/03\/montpellier-7552-500x375.jpg\" class=\"pt-cv-thumbnail\" alt=\"\" srcset=\"https:\/\/vhrc.fr\/wp-content\/uploads\/2011\/03\/montpellier-7552-500x375.jpg 500w, https:\/\/vhrc.fr\/wp-content\/uploads\/2011\/03\/montpellier-7552.jpg 800w\" sizes=\"auto, (max-width: 400px) 100vw, 400px\" \/><\/a>\n<h4 class=\"pt-cv-title\"><a href=\"https:\/\/vhrc.fr\/en\/historique\/vhrc-lhistorique\/2011-vhrc\/2011-m3-montpellier\/\" class=\"_self\" target=\"_self\" >2011 M3 Montpellier<\/a><\/h4>\n<div class=\"pt-cv-content\">M3 le 03 AVRIL 2011 \u00e0 Montpellier D\u00e9partement 34 ligue13 Club # 008: AMO retour sur la piste du parc ...<br \/><div class=\"pt-cv-rmwrap\"><a href=\"https:\/\/vhrc.fr\/en\/historique\/vhrc-lhistorique\/2011-vhrc\/2011-m3-montpellier\/\" class=\"_self pt-cv-readmore btn btn-success\" target=\"_self\">Lire La Suite\u2026<\/a><\/div><\/div><\/div><\/div>\n<div class=\"col-md-6 col-sm-6 col-xs-12 pt-cv-content-item pt-cv-1-col\" ><div class='pt-cv-ifield'><a href=\"https:\/\/vhrc.fr\/en\/historique\/vhrc-lhistorique\/2011-vhrc\/2011-m4-saint-affrique\/\" class=\"_self pt-cv-href-thumbnail pt-cv-thumb-default\" target=\"_self\" ><img loading=\"lazy\" decoding=\"async\" width=\"400\" height=\"300\" src=\"https:\/\/vhrc.fr\/wp-content\/uploads\/2010\/01\/30-14h47m56s_IMG_0914-500x375.jpg\" class=\"pt-cv-thumbnail\" alt=\"\" srcset=\"https:\/\/vhrc.fr\/wp-content\/uploads\/2010\/01\/30-14h47m56s_IMG_0914-500x375.jpg 500w, https:\/\/vhrc.fr\/wp-content\/uploads\/2010\/01\/30-14h47m56s_IMG_0914-800x600.jpg 800w, https:\/\/vhrc.fr\/wp-content\/uploads\/2010\/01\/30-14h47m56s_IMG_0914.jpg 1024w\" sizes=\"auto, (max-width: 400px) 100vw, 400px\" \/><\/a>\n<h4 class=\"pt-cv-title\"><a href=\"https:\/\/vhrc.fr\/en\/historique\/vhrc-lhistorique\/2011-vhrc\/2011-m4-saint-affrique\/\" class=\"_self\" target=\"_self\" >2011 M4 Saint Affrique<\/a><\/h4>\n<div class=\"pt-cv-content\">1er Mai 2011 Vid\u00e9os R\u00e9sum\u00e9 01\/05\/2011 4\u00e9 Manche du VHRC. St Affrique. La 4e manche du VHRC s\u2019est bien d\u00e9roul\u00e9e ...<br \/><div class=\"pt-cv-rmwrap\"><a href=\"https:\/\/vhrc.fr\/en\/historique\/vhrc-lhistorique\/2011-vhrc\/2011-m4-saint-affrique\/\" class=\"_self pt-cv-readmore btn btn-success\" target=\"_self\">Lire La Suite\u2026<\/a><\/div><\/div><\/div><\/div>\n<div class=\"col-md-6 col-sm-6 col-xs-12 pt-cv-content-item pt-cv-1-col\" ><div class='pt-cv-ifield'><a href=\"https:\/\/vhrc.fr\/en\/historique\/vhrc-lhistorique\/2011-vhrc\/2011-m5-beaumont-monteux\/\" class=\"_self pt-cv-href-thumbnail pt-cv-thumb-default\" target=\"_self\" ><img loading=\"lazy\" decoding=\"async\" width=\"400\" height=\"300\" src=\"https:\/\/vhrc.fr\/wp-content\/uploads\/2011\/05\/old004-500x375.jpg\" class=\"pt-cv-thumbnail\" alt=\"\" srcset=\"https:\/\/vhrc.fr\/wp-content\/uploads\/2011\/05\/old004-500x375.jpg 500w, https:\/\/vhrc.fr\/wp-content\/uploads\/2011\/05\/old004.jpg 800w\" sizes=\"auto, (max-width: 400px) 100vw, 400px\" \/><\/a>\n<h4 class=\"pt-cv-title\"><a href=\"https:\/\/vhrc.fr\/en\/historique\/vhrc-lhistorique\/2011-vhrc\/2011-m5-beaumont-monteux\/\" class=\"_self\" target=\"_self\" >2011 M5 Beaumont Monteux<\/a><\/h4>\n<div class=\"pt-cv-content\">Beaumont Retro 5 Juin 2011 une nouvelle manche lors du Week End Vintage \u00e0 Beaumont Monteux au BMVRC (Beaumont Monteux ...<br \/><div class=\"pt-cv-rmwrap\"><a href=\"https:\/\/vhrc.fr\/en\/historique\/vhrc-lhistorique\/2011-vhrc\/2011-m5-beaumont-monteux\/\" class=\"_self pt-cv-readmore btn btn-success\" target=\"_self\">Lire La Suite\u2026<\/a><\/div><\/div><\/div><\/div>\n<div class=\"col-md-6 col-sm-6 col-xs-12 pt-cv-content-item pt-cv-1-col\" ><div class='pt-cv-ifield'><a href=\"https:\/\/vhrc.fr\/en\/historique\/vhrc-lhistorique\/2011-vhrc\/2011-m6-villeneuve\/\" class=\"_self pt-cv-href-thumbnail pt-cv-thumb-default\" target=\"_self\" ><img loading=\"lazy\" decoding=\"async\" width=\"400\" height=\"270\" src=\"https:\/\/vhrc.fr\/wp-content\/uploads\/2011\/05\/JCG3074-1000-500x338.jpg\" class=\"pt-cv-thumbnail\" alt=\"\" srcset=\"https:\/\/vhrc.fr\/wp-content\/uploads\/2011\/05\/JCG3074-1000-500x338.jpg 500w, https:\/\/vhrc.fr\/wp-content\/uploads\/2011\/05\/JCG3074-1000-800x540.jpg 800w, https:\/\/vhrc.fr\/wp-content\/uploads\/2011\/05\/JCG3074-1000.jpg 1000w\" sizes=\"auto, (max-width: 400px) 100vw, 400px\" \/><\/a>\n<h4 class=\"pt-cv-title\"><a href=\"https:\/\/vhrc.fr\/en\/historique\/vhrc-lhistorique\/2011-vhrc\/2011-m6-villeneuve\/\" class=\"_self\" target=\"_self\" >2011 M6 Villeneuve<\/a><\/h4>\n<div class=\"pt-cv-content\">M6 le 12 Juin 2011 R\u00e9sum\u00e9 par Luc Quel Grand Prix \u00bc, le Soleil \u00e9tait au rendez-vous 10 pilotes pr\u00e9sents ...<br \/><div class=\"pt-cv-rmwrap\"><a href=\"https:\/\/vhrc.fr\/en\/historique\/vhrc-lhistorique\/2011-vhrc\/2011-m6-villeneuve\/\" class=\"_self pt-cv-readmore btn btn-success\" target=\"_self\">Lire La Suite\u2026<\/a><\/div><\/div><\/div><\/div>\n<div class=\"col-md-6 col-sm-6 col-xs-12 pt-cv-content-item pt-cv-1-col\" ><div class='pt-cv-ifield'><a href=\"https:\/\/vhrc.fr\/en\/historique\/vhrc-lhistorique\/2011-vhrc\/2011-m7-saint-affrique\/\" class=\"_self pt-cv-href-thumbnail pt-cv-thumb-default\" target=\"_self\" ><img loading=\"lazy\" decoding=\"async\" width=\"400\" height=\"300\" src=\"https:\/\/vhrc.fr\/wp-content\/uploads\/2011\/07\/2011-m7-01-500x375.jpg\" class=\"pt-cv-thumbnail\" alt=\"\" srcset=\"https:\/\/vhrc.fr\/wp-content\/uploads\/2011\/07\/2011-m7-01-500x375.jpg 500w, https:\/\/vhrc.fr\/wp-content\/uploads\/2011\/07\/2011-m7-01-800x600.jpg 800w, https:\/\/vhrc.fr\/wp-content\/uploads\/2011\/07\/2011-m7-01.jpg 1024w\" sizes=\"auto, (max-width: 400px) 100vw, 400px\" \/><\/a>\n<h4 class=\"pt-cv-title\"><a href=\"https:\/\/vhrc.fr\/en\/historique\/vhrc-lhistorique\/2011-vhrc\/2011-m7-saint-affrique\/\" class=\"_self\" target=\"_self\" >2011 M7 Saint Affrique<\/a><\/h4>\n<div class=\"pt-cv-content\">M7 le 10 juillet 2011 manche dans l'Aveyron sur le beau site de Saint Affrique Samedi pour profiter du magnifique ...<br \/><div class=\"pt-cv-rmwrap\"><a href=\"https:\/\/vhrc.fr\/en\/historique\/vhrc-lhistorique\/2011-vhrc\/2011-m7-saint-affrique\/\" class=\"_self pt-cv-readmore btn btn-success\" target=\"_self\">Lire La Suite\u2026<\/a><\/div><\/div><\/div><\/div>\n<div class=\"col-md-6 col-sm-6 col-xs-12 pt-cv-content-item pt-cv-1-col\" ><div class='pt-cv-ifield'><a href=\"https:\/\/vhrc.fr\/en\/historique\/vhrc-lhistorique\/2011-vhrc\/2011-m8-montpellier\/\" class=\"_self pt-cv-href-thumbnail pt-cv-thumb-default\" target=\"_self\" ><img loading=\"lazy\" decoding=\"async\" width=\"400\" height=\"225\" src=\"https:\/\/vhrc.fr\/wp-content\/uploads\/2011\/09\/depart_qualif4-500x281.jpg\" class=\"pt-cv-thumbnail\" alt=\"\" srcset=\"https:\/\/vhrc.fr\/wp-content\/uploads\/2011\/09\/depart_qualif4-500x281.jpg 500w, https:\/\/vhrc.fr\/wp-content\/uploads\/2011\/09\/depart_qualif4.jpg 800w\" sizes=\"auto, (max-width: 400px) 100vw, 400px\" \/><\/a>\n<h4 class=\"pt-cv-title\"><a href=\"https:\/\/vhrc.fr\/en\/historique\/vhrc-lhistorique\/2011-vhrc\/2011-m8-montpellier\/\" class=\"_self\" target=\"_self\" >2011 M8 Montpellier<\/a><\/h4>\n<div class=\"pt-cv-content\">m8 le 16 Octobre 20111 R\u00e9sultats voici le tableau des r\u00e9sultats de VHRC Montpellier M8 de 2011 [table id=42 \/] ...<br \/><div class=\"pt-cv-rmwrap\"><a href=\"https:\/\/vhrc.fr\/en\/historique\/vhrc-lhistorique\/2011-vhrc\/2011-m8-montpellier\/\" class=\"_self pt-cv-readmore btn btn-success\" target=\"_self\">Lire La Suite\u2026<\/a><\/div><\/div><\/div><\/div>\n<div class=\"col-md-6 col-sm-6 col-xs-12 pt-cv-content-item pt-cv-1-col\" ><div class='pt-cv-ifield'><a href=\"https:\/\/vhrc.fr\/en\/historique\/vhrc-lhistorique\/2011-vhrc\/2011-m9-pierrelatte\/\" class=\"_self pt-cv-href-thumbnail pt-cv-thumb-default\" target=\"_self\" ><img loading=\"lazy\" decoding=\"async\" width=\"400\" height=\"266\" src=\"https:\/\/vhrc.fr\/wp-content\/uploads\/2011\/10\/djerpix_m9-vhrc-226-400x266.jpg\" class=\"pt-cv-thumbnail\" alt=\"\" srcset=\"https:\/\/vhrc.fr\/wp-content\/uploads\/2011\/10\/djerpix_m9-vhrc-226-400x266.jpg 400w, https:\/\/vhrc.fr\/wp-content\/uploads\/2011\/10\/djerpix_m9-vhrc-226-800x532.jpg 800w, https:\/\/vhrc.fr\/wp-content\/uploads\/2011\/10\/djerpix_m9-vhrc-226-768x511.jpg 768w, https:\/\/vhrc.fr\/wp-content\/uploads\/2011\/10\/djerpix_m9-vhrc-226.jpg 1024w\" sizes=\"auto, (max-width: 400px) 100vw, 400px\" \/><\/a>\n<h4 class=\"pt-cv-title\"><a href=\"https:\/\/vhrc.fr\/en\/historique\/vhrc-lhistorique\/2011-vhrc\/2011-m9-pierrelatte\/\" class=\"_self\" target=\"_self\" >2011 M9 Pierrelatte<\/a><\/h4>\n<div class=\"pt-cv-content\">Finale du VHRC M9 le 13 Novembre 2011 sur la piste de Pierrelatte dans la Drome. R\u00e9sum\u00e9 Le club s\u2019est ...<br \/><div class=\"pt-cv-rmwrap\"><a href=\"https:\/\/vhrc.fr\/en\/historique\/vhrc-lhistorique\/2011-vhrc\/2011-m9-pierrelatte\/\" class=\"_self pt-cv-readmore btn btn-success\" target=\"_self\">Lire La Suite\u2026<\/a><\/div><\/div><\/div><\/div>\n<div class=\"col-md-6 col-sm-6 col-xs-12 pt-cv-content-item pt-cv-1-col\" ><div class='pt-cv-ifield'><a href=\"https:\/\/vhrc.fr\/en\/historique\/vhrc-lhistorique\/2011-vhrc\/reglement-vhrc-2011\/\" class=\"_self pt-cv-href-thumbnail pt-cv-thumb-default\" target=\"_self\" ><img loading=\"lazy\" decoding=\"async\" width=\"400\" height=\"357\" src=\"https:\/\/vhrc.fr\/wp-content\/uploads\/2011\/02\/VHRC_2011_b-500x446.jpg\" class=\"pt-cv-thumbnail\" alt=\"\" srcset=\"https:\/\/vhrc.fr\/wp-content\/uploads\/2011\/02\/VHRC_2011_b-500x446.jpg 500w, https:\/\/vhrc.fr\/wp-content\/uploads\/2011\/02\/VHRC_2011_b.jpg 800w\" sizes=\"auto, (max-width: 400px) 100vw, 400px\" \/><\/a>\n<h4 class=\"pt-cv-title\"><a href=\"https:\/\/vhrc.fr\/en\/historique\/vhrc-lhistorique\/2011-vhrc\/reglement-vhrc-2011\/\" class=\"_self\" target=\"_self\" >R\u00e8glement 2011 VHRC<\/a><\/h4>\n<div class=\"pt-cv-content\">R\u00e8glement G\u00e9n\u00e9ral VHRC 2011 - 9\u00e8me \u00e9dition Si\u00e9ge social : Villeneuv\u2019 models - Contacts VHRC- - Secr\u00e9tariat : t\u00e9l : ...<br \/><div class=\"pt-cv-rmwrap\"><a href=\"https:\/\/vhrc.fr\/en\/historique\/vhrc-lhistorique\/2011-vhrc\/reglement-vhrc-2011\/\" class=\"_self pt-cv-readmore btn btn-success\" target=\"_self\">Lire La Suite\u2026<\/a><\/div><\/div><\/div><\/div><\/div><\/div><\/div>\n<h1>Inscrits<\/h1>\n<div id=\"myText\" style=\"visibility: hidden;\">[table id=27 \/]<\/div>\n<h1>Classement Final<\/h1>\n<h2>Classement Final officiel :Apr\u00e8s 9 Manches.<\/h2>\n<p><!--more--><\/p>\n<h2>Historique :<\/h2>\n<h3>nom&#8230;&#8230;&#8230;&#8230;.voiture&#8230;&#8230;points&#8230;&#8230;nb manches courrues :<\/h3>\n<p>Bols\u00e9e P\u2026\u2026\u2026\u2026VIPER\u2026\u2026\u2026 200 pts\u2026\u2026..1er. 9.<\/p>\n<p>Bouisson G\u2026\u2026\u2026Porsche 930\u2026\u2026..162 \u2026\u2026\u2026\u2026.2\u00e9 8.<\/p>\n<p>B\u00e9gou D\u2026\u2026\u2026\u2026 Porsche 930\u2026\u2026..126\u2026\u2026\u2026\u2026. 3\u00e9 9.<\/p>\n<p>Tramier Th\u2026\u2026..Twingo RS\u2026\u2026.. 111 \u2026\u2026\u2026\u2026.4\u00e9 8.<\/p>\n<p>Coronas R\u2026\u2026\u2026.Porsche 930 \u2026\u2026.110\u2026\u2026\u2026\u2026&#8230;5\u00e9 5.<\/p>\n<p>Nouveau j\u2026\u2026\u2026Porsche 930\u2026\u2026..075\u2026\u2026\u2026\u2026..6\u00e9 3.<\/p>\n<p>Roux V\u2026\u2026\u2026\u2026Virago\u2026\u2026\u2026\u2026\u2026064\u2026\u2026\u2026\u2026..7\u00e9 4.<\/p>\n<p>Coronas M\u2026\u2026 Bugatti EB 110..058\u2026\u2026\u2026\u2026..8\u00e9 4.<\/p>\n<p>C\u00e9rone A\u2026\u2026\u2026 Spyder R\u2026\u2026&#8230;&#8230;..056\u2026\u2026\u2026\u2026.9\u00e9 3.<\/p>\n<p>Dr\u00f4ne E\u2026\u2026\u2026 Fiat A\u2026\u2026\u2026\u2026\u2026..046\u2026\u2026\u2026\u202610\u00e9 4.<\/p>\n<p>Mazard Ch\u2026\u2026Opel C\u2026\u2026\u2026\u2026\u2026\u2026045\u2026\u2026\u2026\u202611\u00e9 3.<\/p>\n<p>Aubort P\u2026\u2026\u2026BMW M3\u2026\u2026\u2026\u2026044\u2026\u2026\u2026\u202612\u00e9 3.<\/p>\n<p>Valat J\u2026\u2026\u2026\u2026Porsche 930\u2026\u2026\u2026029\u2026\u2026\u2026\u202613\u00e9 2.<\/p>\n<p>Gr\u00e8ve J\u2026\u2026\u2026\u2026Bmw M3\u2026\u2026\u2026\u2026.025\u2026\u2026\u2026\u202614\u00e9 2.<\/p>\n<p>Li\u00e9gy Y\u2026\u2026\u2026\u2026Porsche 930\u2026\u2026..013\u2026\u2026\u2026\u202615\u00e9 1.<\/p>\n<h2>Libre :<\/h2>\n<h3>nom&#8230;&#8230;&#8230;&#8230;.voiture&#8230;&#8230;points&#8230;&#8230;nb manches courrues :<\/h3>\n<p>Giardini B\u2026R21 Turbo\u2026\u2026.\u2026\u2026\u2026..185\u2026\u2026\u2026\u20261\u00e9r 7.<\/p>\n<p>Giardini L\u2026Cox Racing\u2026\u2026\u2026&#8230;&#8230;..165\u2026\u2026\u2026\u20262\u00e9 9.<\/p>\n<p>Godin P\u2026\u2026 Fiat A\u2026\u2026\u2026\u2026\u2026\u2026\u2026..090\u2026\u2026\u2026\u20263\u00e9 4.<\/p>\n<p>Heyberger S Venturi LM\u2026\u2026\u2026\u2026075\u2026\u2026\u2026\u20264\u00e9 3.<\/p>\n<p>Dr\u00f4ne E\u2026\u2026Alpine A110\u2026\u2026\u2026\u2026.020\u2026\u2026\u2026\u20265\u00e9 4.<\/p>\n<p>[nggallery id=80 template=caption]<\/p>\n","protected":false},"excerpt":{"rendered":"<p>pour la 11e ann\u00e9e, retrouvez ce challenge amical du 1:4 dans le Sud. CALENDRIER Inscrits [table id=27 \/] Classement Final<\/p>\n","protected":false},"author":5,"featured_media":1464,"parent":686,"menu_order":0,"comment_status":"open","ping_status":"open","template":"","meta":{"colormag_page_container_layout":"default_layout","colormag_page_sidebar_layout":"default_layout","footnotes":""},"class_list":["post-1396","page","type-page","status-publish","has-post-thumbnail","hentry"],"_links":{"self":[{"href":"https:\/\/vhrc.fr\/en\/wp-json\/wp\/v2\/pages\/1396","targetHints":{"allow":["GET"]}}],"collection":[{"href":"https:\/\/vhrc.fr\/en\/wp-json\/wp\/v2\/pages"}],"about":[{"href":"https:\/\/vhrc.fr\/en\/wp-json\/wp\/v2\/types\/page"}],"author":[{"embeddable":true,"href":"https:\/\/vhrc.fr\/en\/wp-json\/wp\/v2\/users\/5"}],"replies":[{"embeddable":true,"href":"https:\/\/vhrc.fr\/en\/wp-json\/wp\/v2\/comments?post=1396"}],"version-history":[{"count":23,"href":"https:\/\/vhrc.fr\/en\/wp-json\/wp\/v2\/pages\/1396\/revisions"}],"predecessor-version":[{"id":9141,"href":"https:\/\/vhrc.fr\/en\/wp-json\/wp\/v2\/pages\/1396\/revisions\/9141"}],"up":[{"embeddable":true,"href":"https:\/\/vhrc.fr\/en\/wp-json\/wp\/v2\/pages\/686"}],"wp:featuredmedia":[{"embeddable":true,"href":"https:\/\/vhrc.fr\/en\/wp-json\/wp\/v2\/media\/1464"}],"wp:attachment":[{"href":"https:\/\/vhrc.fr\/en\/wp-json\/wp\/v2\/media?parent=1396"}],"curies":[{"name":"wp","href":"https:\/\/api.w.org\/{rel}","templated":true}]}}