{"id":1482,"date":"2011-02-17T22:08:15","date_gmt":"2011-02-17T21:08:15","guid":{"rendered":"http:\/\/vhrc.fr\/?page_id=1482"},"modified":"2019-12-18T12:17:54","modified_gmt":"2019-12-18T11:17:54","slug":"2011-m2-pierrelate","status":"publish","type":"page","link":"https:\/\/vhrc.fr\/en\/historique\/vhrc-lhistorique\/2011-vhrc\/2011-m2-pierrelate\/","title":{"rendered":"2011 M2 Pierrelate"},"content":{"rendered":"<h1>6 Mars 2011<\/h1>\n<figure id=\"attachment_1506\" aria-describedby=\"caption-attachment-1506\" style=\"width: 800px\" class=\"wp-caption alignnone\"><a href=\"http:\/\/vhrc.fr\/wp-content\/uploads\/2011\/02\/vhrc2011_m2_001.jpg\"><img loading=\"lazy\" decoding=\"async\" class=\"wp-image-1506 size-full\" title=\"vhrc2011_m2_001\" src=\"http:\/\/vhrc.fr\/wp-content\/uploads\/2011\/02\/vhrc2011_m2_001.jpg\" alt=\"\" width=\"800\" height=\"218\" srcset=\"https:\/\/vhrc.fr\/wp-content\/uploads\/2011\/02\/vhrc2011_m2_001.jpg 800w, https:\/\/vhrc.fr\/wp-content\/uploads\/2011\/02\/vhrc2011_m2_001-500x136.jpg 500w\" sizes=\"auto, (max-width: 800px) 100vw, 800px\" \/><\/a><figcaption id=\"caption-attachment-1506\" class=\"wp-caption-text\">pierrelatte 2011<\/figcaption><\/figure>\n<h2>Le r\u00e9sum\u00e9<\/h2>\n<p>Mini compte rendu par Luc.<\/p>\n<p>Onze .. pilotes g\u00e9niaux\u00a0!<\/p>\n<h3>Pr\u00e9sents \u00e0 09h30<\/h3>\n<p>sur le circuit de l\u2019a\u00e9rodrome \u00e0 Pierrelatte\u2026\u2026\u2026d\u00e9j\u00e0 les moteurs rugissent\u00a0!<\/p>\n<h3>10h15<\/h3>\n<p>\u2026 Briefing<\/p>\n<h3>10h30<\/h3>\n<p>\u2026\u2026Fred (Le comptage) nous dirige vers quatre qualifs , de 5\u2019 en deux s\u00e9ries AET B.<\/p>\n<h3>12h30<\/h3>\n<p>repas pris en commun dans la salle de classe , c\u2019est la 1\u00e9re fois que le VHRC se retrouve sur (des bancs de classe et cela fait du bien que de souvenirs ) Original se retour a l\u2019\u00e9cole , vous ne croyez pas\u00a0?<\/p>\n<p>La p\u00f4le est d\u00e9cid\u00e9 au meilleur temps au tour , ce sera \u2026. Vincent Roux qui la d\u00e9crochera. .sur une superbe VERTIGO\u2026.SUISSE.<\/p>\n<h3>14h15<\/h3>\n<p>\u20261\/2 finale , quatre pilotes\u2026.15\u2019 \u2026.. Julien Nouveau, R\u00e9mi Coronas, Thierry Tramier, et Patrick Aubort qui\u00a0: N\u2019arrivera pas \u00e0 se qualifier.<\/p>\n<h3>15h<\/h3>\n<p>D\u00e9part des finales\u2026\u2026.au nombre de trois de 15\u2019\u2026\u202620\u2019 d\u2019intrevalle seront<\/p>\n<p>Accord\u00e9es entre celles- \u00e7i.<\/p>\n<h3>17h<\/h3>\n<p>remise de Prix.<\/p>\n<h3>Les Pilotes\u00a0:<\/h3>\n<h4>Th. Tramier<\/h4>\n<p>\u2026\u2026Twingo. Auto assez fiable,nous fait des cabriolles, il n\u2019est pas le seul\u2026\u2026..toujours difficile \u00e0 doubler,sont auto est a rude \u00e9preuve\u00a0! Costaud une yankee\u2026\u2026.<\/p>\n<h4>V.Roux<\/h4>\n<p>\u2026\u2026.A eu des probl\u00e9mes de chaine de transmission \u00ab\u00a0saut\u00a0\u00bb et un bris de tubulure d\u2019\u00e9chappement, belle auto et \u00e0 voir rouler\u2026.. Pilote fair play et<\/p>\n<p>Rapide\u2026.Sur sa Vertigo jaune.<\/p>\n<h4>B. Giardini<\/h4>\n<p>\u2026.R21t EXP\u2026\u2026.Dit le m\u00e9tronome, a changer le turn force contre un servo, a fait des r\u00e9glages jusqu\u2019au finales\u2026..1\u00e9r .<\/p>\n<p>P.Aubort<\/p>\n<p>\u2026\u2026.BMW E30\u2026..A m\u00e9caniquer tout le matin sur des probl\u00e9mes de transmission.<\/p>\n<h4>P.Bols\u00e9e<\/h4>\n<p>\u2026\u2026. Viper. Dit la force tranquile , un moteur faiblissant, mais nous gratifie d\u2019une superbe course\u2026\u20263\u00e9 en qualif\u2026..3\u00e9 au G\u00e9n\u00e9ral , superbe auto ,Excellent pilote\u2026\u2026de qualit\u00e9.<\/p>\n<h4>J.Nouveau<\/h4>\n<p>\u2026\u2026.Porsche\u2026.. Beaucoup de probl\u00e9mes m\u00e9canique (insert de moyeux) a cette course A trouver le circuit difficile avec une auto pas facile.<\/p>\n<h4>M.Coronas<\/h4>\n<p>\u2026\u2026Bugatti.. Pilote fair play\u2026\u2026se plaignait de ses servos faiblissant. Grande exp\u00e9rience de la course et du \u00bc.<\/p>\n<h4>D. B\u00e9gou<\/h4>\n<p>\u2026\u2026.Porsche.. A rencontrer pour la 2\u00e9 course des probl\u00e8mes de pignons de transmission qui fondent. Pilote tr\u00e8s fair play et appliqu\u00e9.<\/p>\n<h4>R.Coronas<\/h4>\n<p>\u2026\u2026\u2026.Porsche\u2026Nous a fait un festival de pilotage\u2026.. Bon pilote r\u00e9gulier, maitrise la mise au point de cette \u00e9chelle. 2\u00e9 au g\u00e9n\u00e9ral.<\/p>\n<h4>St. Heyberger<\/h4>\n<p>\u2026\u2026..Venturi\u2026\u2026.A eu des probl\u00e8mes de fiabilit\u00e9 , train avant<\/p>\n<p>A revoir\u2026\u2026.<\/p>\n<h4>L.Giardini<\/h4>\n<p>\u2026\u2026\u2026Cox\u2026\u2026Manque deux finales\u2026.perte de l\u2019auto. Dans tout les sens d\u2019ailleurs\u00a0!<\/p>\n<h3>Mon sentiment\u00a0:<\/h3>\n<p>Grand cru cette 2\u00e9 Manche du vhrc a Pierrelatte , la m\u00e9t\u00e9o a \u00e9t\u00e9 de la partie enfin\u00a0!! On c\u2019est r\u00e9gal\u00e9 \u00e0 la d\u00e9couverte de ce circuit technique \u00e9troit avec de l\u2019accroche. Mon soucis \u00e9tait de voir 10 pilotes en finale sur ce circuit, et bien, ils ont fait preuve de toutes leurs capacit\u00e9s de pilotage , des sorties certes , mais pas de \u00ab\u00a0 cartons\u00a0\u00bb , i l est vrai que sortir de la piste nous avions besoin d\u2019un ramasseur, nous en avons tous fait les frais\u2026.<\/p>\n<p>Je f\u00e9licite tous les pilotes pour cette agr\u00e9able journ\u00e8 de courses \u00bc.Encourageant\u00a0!<\/p>\n<p>Je voudrais remercier tout particuli\u00e9rement\u00a0 : Julien Valat et Jean claude Lemoine\u2026\u2026. Nos b\u00e9n\u00e9voles\u00a0; Qui ont \u0153uvr\u00e9 a la t\u00e2che de ramasseurs tout au long de la Journ\u00e9e.<\/p>\n<p>Grand merci a FRED, au comptage sans failles\u2026\u2026\u2026\u2026\u2026\u2026..<\/p>\n<p>Que de plaisirs dans notre passion du \u00bc\u2026\u2026.AU VHRC\u2026\u2026..<\/p>\n<h4>Luc<\/h4>\n<h1>Le Classement<\/h1>\n<p>[table id=34 \/]<\/p>\n<p>g\u00e9n\u00e9ral apr\u00e8s M2<\/p>\n<p>[table id=32 \/]<\/p>\n<p>[table id=33 \/]<\/p>\n<h2>Les Photos&#8230;<\/h2>\n<h3><a href=\"http:\/\/www.casimages.com\/galerie.php?id=185597h80728\">ICI<\/a> une autre galerie de <a href=\"http:\/\/yankee-rc.com\/user.php?id.422\" target=\"_blank\" rel=\"noopener noreferrer\">Djerpix<\/a><\/h3>\n<p><a href=\"http:\/\/www.casimages.com\/galerie.php?id=185597h80728\" target=\"_blank\" rel=\"noopener noreferrer\"><img loading=\"lazy\" decoding=\"async\" class=\"alignnone size-medium wp-image-1524\" title=\"djerpix_vertigo\" src=\"http:\/\/vhrc.fr\/wp-content\/uploads\/2011\/02\/djerpix_vertigo-300x199.jpg\" alt=\"\" width=\"300\" height=\"199\" \/><\/a><\/p>\n<p>[nggallery id=66 template=caption]<\/p>\n<h3>la galerie B:<\/h3>\n<p>[nggallery id=67 template=caption]<\/p>\n<h2>Les vid\u00e9os&#8230;<\/h2>\n<p><object width=\"560\" height=\"448\" classid=\"clsid:d27cdb6e-ae6d-11cf-96b8-444553540000\" codebase=\"http:\/\/download.macromedia.com\/pub\/shockwave\/cabs\/flash\/swflash.cab#version=6,0,40,0\"><param name=\"allowFullScreen\" value=\"true\" \/><param name=\"allowScriptAccess\" value=\"always\" \/><param name=\"src\" value=\"http:\/\/www.dailymotion.com\/swf\/video\/xhehxn?width=560&amp;theme=slayer&amp;foreground=%23FF0000&amp;highlight=%23FFFFFF&amp;background=%23000000\" \/><param name=\"allowfullscreen\" value=\"true\" \/><param name=\"allowscriptaccess\" value=\"always\" \/><embed width=\"560\" height=\"448\" type=\"application\/x-shockwave-flash\" src=\"http:\/\/www.dailymotion.com\/swf\/video\/xhehxn?width=560&amp;theme=slayer&amp;foreground=%23FF0000&amp;highlight=%23FFFFFF&amp;background=%23000000\" allowfullscreen=\"allowfullscreen\" allowscriptaccess=\"always\" allowfullscreen=\"allowfullscreen\" allowscriptaccess=\"always\" \/><\/object><br \/>\n<strong><a href=\"http:\/\/www.dailymotion.com\/video\/xhehxn_vhrc2011-m2-pierrelatte-eightman_sport\" target=\"_blank\" rel=\"noopener noreferrer\">VHRC2011-m2_pierrelatte_eightman<\/a><\/strong><br \/>\n<em>envoy\u00e9 par <a href=\"http:\/\/www.dailymotion.com\/eightman\" target=\"_blank\" rel=\"noopener noreferrer\">eightman<\/a>.<\/em><\/p>\n<p><em>(ayant cass\u00e9 mon cam\u00e9scope \u00e0 Montpellier pendant la M1, mes r\u00e9sum\u00e9s vid\u00e9os du VHRC se feront avec un petit appareil photo le temps de pouvoir acheter un nouveau cam\u00e9scope.<\/em><\/p>\n<p><em>Comme en 2009 un <strong>DVD<\/strong> sera disponible sur demande \u00e0 la fin de l&rsquo;ann\u00e9e. Stef)<\/em><\/p>\n<p><em><object width=\"560\" height=\"448\" classid=\"clsid:d27cdb6e-ae6d-11cf-96b8-444553540000\" codebase=\"http:\/\/download.macromedia.com\/pub\/shockwave\/cabs\/flash\/swflash.cab#version=6,0,40,0\"><param name=\"allowFullScreen\" value=\"true\" \/><param name=\"allowScriptAccess\" value=\"always\" \/><param name=\"src\" value=\"http:\/\/www.dailymotion.com\/swf\/video\/xhestj?width=560&amp;theme=none\" \/><param name=\"allowfullscreen\" value=\"true\" \/><param name=\"allowscriptaccess\" value=\"always\" \/><embed width=\"560\" height=\"448\" type=\"application\/x-shockwave-flash\" src=\"http:\/\/www.dailymotion.com\/swf\/video\/xhestj?width=560&amp;theme=none\" allowfullscreen=\"allowfullscreen\" allowscriptaccess=\"always\" allowfullscreen=\"allowfullscreen\" allowscriptaccess=\"always\" \/><\/object><br \/>\n<a href=\"http:\/\/www.dailymotion.com\/video\/xhestj_pierrelatte-2011_auto\" target=\"_blank\" rel=\"noopener noreferrer\">pierrelatte 2011<\/a> <em>par <a href=\"http:\/\/www.dailymotion.com\/rivieratech\" target=\"_blank\" rel=\"noopener noreferrer\">rivieratech<\/a> alias Patrick le suisse tranquille!<\/em><br \/>\n<\/em><\/p>\n<h2>les inscrits<\/h2>\n<p>[table id=30 \/]<\/p>\n<h2><a href=\"http:\/\/vhrc.fr\/pdf\/m2_Engagement_Pierrelatte.pdf\">bulletin inscription \u00e0 t\u00e9l\u00e9charger : \u00e0 renvoyer avant 26 F\u00e9vrier, merci.<\/a><\/h2>\n<p><a href=\"http:\/\/vhrc.fr\/wp-content\/uploads\/2010\/10\/pierrelatecircuit1.jpg\"><img loading=\"lazy\" decoding=\"async\" class=\"alignnone size-full wp-image-1344\" title=\"pierrelatecircuit1\" src=\"http:\/\/vhrc.fr\/wp-content\/uploads\/2010\/10\/pierrelatecircuit1.jpg\" alt=\"\" width=\"369\" height=\"246\" \/><\/a><\/p>\n<h1>course Dimanche 6 Mars 2011<\/h1>\n<p>[nggallery id=57]<\/p>\n<h2>Site internet<\/h2>\n<h3><a href=\"http:\/\/www.rmcp.fr\">http:\/\/www.rmcp.fr<\/a><\/h3>\n<h2>Acc\u00e8s<\/h2>\n<p><small><a style=\"color: #0000ff; text-align: left;\" href=\"http:\/\/maps.google.fr\/maps?f=d&amp;source=embed&amp;saddr=Route+inconnue&amp;daddr=La+Garde-Adh%C3%A9mar+(AVT+PIERRELATTE+AEROCLUB+PLANEUR)&amp;geocode=FZzbowIdkHdIAA%3BFeFmpQIdAAVIACEUXONdHzDdQA&amp;hl=fr&amp;mra=pd&amp;mrcr=0&amp;sll=44.437702,4.574432&amp;sspn=0.373096,1.056747&amp;ie=UTF8&amp;ll=44.341284,4.736824&amp;spn=0.11786,0.219727&amp;z=12\">Agrandir le plan<\/a><\/small><\/p>\n","protected":false},"excerpt":{"rendered":"<p>6 Mars 2011 Le r\u00e9sum\u00e9 Mini compte rendu par Luc. Onze .. pilotes g\u00e9niaux\u00a0! Pr\u00e9sents \u00e0 09h30 sur le circuit<\/p>","protected":false},"author":5,"featured_media":1506,"parent":1396,"menu_order":0,"comment_status":"open","ping_status":"open","template":"","meta":{"colormag_page_container_layout":"default_layout","colormag_page_sidebar_layout":"default_layout","footnotes":""},"class_list":["post-1482","page","type-page","status-publish","has-post-thumbnail","hentry"],"_links":{"self":[{"href":"https:\/\/vhrc.fr\/en\/wp-json\/wp\/v2\/pages\/1482","targetHints":{"allow":["GET"]}}],"collection":[{"href":"https:\/\/vhrc.fr\/en\/wp-json\/wp\/v2\/pages"}],"about":[{"href":"https:\/\/vhrc.fr\/en\/wp-json\/wp\/v2\/types\/page"}],"author":[{"embeddable":true,"href":"https:\/\/vhrc.fr\/en\/wp-json\/wp\/v2\/users\/5"}],"replies":[{"embeddable":true,"href":"https:\/\/vhrc.fr\/en\/wp-json\/wp\/v2\/comments?post=1482"}],"version-history":[{"count":15,"href":"https:\/\/vhrc.fr\/en\/wp-json\/wp\/v2\/pages\/1482\/revisions"}],"predecessor-version":[{"id":9142,"href":"https:\/\/vhrc.fr\/en\/wp-json\/wp\/v2\/pages\/1482\/revisions\/9142"}],"up":[{"embeddable":true,"href":"https:\/\/vhrc.fr\/en\/wp-json\/wp\/v2\/pages\/1396"}],"wp:featuredmedia":[{"embeddable":true,"href":"https:\/\/vhrc.fr\/en\/wp-json\/wp\/v2\/media\/1506"}],"wp:attachment":[{"href":"https:\/\/vhrc.fr\/en\/wp-json\/wp\/v2\/media?parent=1482"}],"curies":[{"name":"wp","href":"https:\/\/api.w.org\/{rel}","templated":true}]}}