{"id":153,"date":"2010-01-05T11:40:36","date_gmt":"2010-01-05T10:40:36","guid":{"rendered":"http:\/\/vhrc.fr\/?page_id=153"},"modified":"2019-12-18T11:36:27","modified_gmt":"2019-12-18T10:36:27","slug":"2009vhr","status":"publish","type":"page","link":"https:\/\/vhrc.fr\/en\/historique\/vhrc-lhistorique\/2009vhr\/","title":{"rendered":"2009 VHR"},"content":{"rendered":"<h1><a href=\"http:\/\/vhrc.fr\/wp-content\/uploads\/2010\/01\/vhr_2009_100x100.png\"><img loading=\"lazy\" decoding=\"async\" class=\"size-full wp-image-563 alignnone\" title=\"vhr_2009_100x100\" src=\"http:\/\/vhrc.fr\/wp-content\/uploads\/2010\/01\/vhr_2009_100x100.png\" alt=\"vhr_2009_100x100\" width=\"100\" height=\"100\" srcset=\"https:\/\/vhrc.fr\/wp-content\/uploads\/2010\/01\/vhr_2009_100x100.png 100w, https:\/\/vhrc.fr\/wp-content\/uploads\/2010\/01\/vhr_2009_100x100-64x64.png 64w\" sizes=\"auto, (max-width: 100px) 100vw, 100px\" \/><\/a><\/h1>\n<div class=\"pt-cv-wrapper\"><div class=\"pt-cv-view pt-cv-grid pt-cv-colsys\" id=\"pt-cv-view-ddb7ebcfy2\"><div data-id=\"pt-cv-page-1\" class=\"pt-cv-page\" data-cvc=\"2\"><div class=\"col-md-6 col-sm-6 col-xs-12 pt-cv-content-item pt-cv-1-col\" ><div class='pt-cv-ifield'><a href=\"https:\/\/vhrc.fr\/en\/historique\/vhrc-lhistorique\/2009vhr\/2009-m1-montpellier\/\" class=\"_self pt-cv-href-thumbnail pt-cv-thumb-default\" target=\"_self\" ><img loading=\"lazy\" decoding=\"async\" width=\"400\" height=\"300\" src=\"https:\/\/vhrc.fr\/wp-content\/uploads\/2010\/07\/montpellier1-2009-500x375.jpg\" class=\"pt-cv-thumbnail\" alt=\"\" srcset=\"https:\/\/vhrc.fr\/wp-content\/uploads\/2010\/07\/montpellier1-2009-500x375.jpg 500w, https:\/\/vhrc.fr\/wp-content\/uploads\/2010\/07\/montpellier1-2009-800x600.jpg 800w, https:\/\/vhrc.fr\/wp-content\/uploads\/2010\/07\/montpellier1-2009.jpg 1000w\" sizes=\"auto, (max-width: 400px) 100vw, 400px\" \/><\/a>\n<h4 class=\"pt-cv-title\"><a href=\"https:\/\/vhrc.fr\/en\/historique\/vhrc-lhistorique\/2009vhr\/2009-m1-montpellier\/\" class=\"_self\" target=\"_self\" >2009 M1 Montpellier<\/a><\/h4>\n<div class=\"pt-cv-content\">premi\u00e8re manche de la saison 2009 Photos partie 1 Partie 2 : Classement [table id=39 \/] Vid\u00e9o ...<br \/><div class=\"pt-cv-rmwrap\"><a href=\"https:\/\/vhrc.fr\/en\/historique\/vhrc-lhistorique\/2009vhr\/2009-m1-montpellier\/\" class=\"_self pt-cv-readmore btn btn-success\" target=\"_self\">Lire La Suite\u2026<\/a><\/div><\/div><\/div><\/div>\n<div class=\"col-md-6 col-sm-6 col-xs-12 pt-cv-content-item pt-cv-1-col\" ><div class='pt-cv-ifield'><a href=\"https:\/\/vhrc.fr\/en\/historique\/vhrc-lhistorique\/2009vhr\/2009-m2-monteux\/\" class=\"_self pt-cv-href-thumbnail pt-cv-thumb-default\" target=\"_self\" ><img loading=\"lazy\" decoding=\"async\" width=\"400\" height=\"300\" src=\"https:\/\/vhrc.fr\/wp-content\/uploads\/2010\/07\/db_Photo_001.jpg\" class=\"pt-cv-thumbnail\" alt=\"\" \/><\/a>\n<h4 class=\"pt-cv-title\"><a href=\"https:\/\/vhrc.fr\/en\/historique\/vhrc-lhistorique\/2009vhr\/2009-m2-monteux\/\" class=\"_self\" target=\"_self\" >2009 M2 Monteux<\/a><\/h4>\n<div class=\"pt-cv-content\">le 5 Avril 2009 l'AMAC Monteux accueille le VHR. christian Une bien belle journ\u00e9e,sans pluie et sans nuage. Juste un ...<br \/><div class=\"pt-cv-rmwrap\"><a href=\"https:\/\/vhrc.fr\/en\/historique\/vhrc-lhistorique\/2009vhr\/2009-m2-monteux\/\" class=\"_self pt-cv-readmore btn btn-success\" target=\"_self\">Lire La Suite\u2026<\/a><\/div><\/div><\/div><\/div>\n<div class=\"col-md-6 col-sm-6 col-xs-12 pt-cv-content-item pt-cv-1-col\" ><div class='pt-cv-ifield'><a href=\"https:\/\/vhrc.fr\/en\/historique\/vhrc-lhistorique\/2009vhr\/manche-3-1er-juin-2009-st-affrique\/\" class=\"_self pt-cv-href-thumbnail pt-cv-thumb-default\" target=\"_self\" ><img loading=\"lazy\" decoding=\"async\" width=\"400\" height=\"317\" src=\"https:\/\/vhrc.fr\/wp-content\/uploads\/2009\/06\/2009-m3.jpg\" class=\"pt-cv-thumbnail\" alt=\"\" \/><\/a>\n<h4 class=\"pt-cv-title\"><a href=\"https:\/\/vhrc.fr\/en\/historique\/vhrc-lhistorique\/2009vhr\/manche-3-1er-juin-2009-st-affrique\/\" class=\"_self\" target=\"_self\" >2009 M3 St Affrique<\/a><\/h4>\n<div class=\"pt-cv-content\">le club Mod\u00e9lisme Saint Affricain accueille ma 3e manche 2009 du VHR le 1er Juin 2009 [singlepic id=489 w=320 h=240 ...<br \/><div class=\"pt-cv-rmwrap\"><a href=\"https:\/\/vhrc.fr\/en\/historique\/vhrc-lhistorique\/2009vhr\/manche-3-1er-juin-2009-st-affrique\/\" class=\"_self pt-cv-readmore btn btn-success\" target=\"_self\">Lire La Suite\u2026<\/a><\/div><\/div><\/div><\/div>\n<div class=\"col-md-6 col-sm-6 col-xs-12 pt-cv-content-item pt-cv-1-col\" ><div class='pt-cv-ifield'><a href=\"https:\/\/vhrc.fr\/en\/historique\/vhrc-lhistorique\/2009vhr\/vhr-2009-villeneuve-les-avignon-1314-juin\/\" class=\"_self pt-cv-href-thumbnail pt-cv-thumb-default\" target=\"_self\" ><img loading=\"lazy\" decoding=\"async\" width=\"400\" height=\"108\" src=\"https:\/\/vhrc.fr\/wp-content\/uploads\/2010\/03\/2009-m4-vm-500x135.jpg\" class=\"pt-cv-thumbnail\" alt=\"\" srcset=\"https:\/\/vhrc.fr\/wp-content\/uploads\/2010\/03\/2009-m4-vm-500x135.jpg 500w, https:\/\/vhrc.fr\/wp-content\/uploads\/2010\/03\/2009-m4-vm-800x216.jpg 800w, https:\/\/vhrc.fr\/wp-content\/uploads\/2010\/03\/2009-m4-vm.jpg 1000w\" sizes=\"auto, (max-width: 400px) 100vw, 400px\" \/><\/a>\n<h4 class=\"pt-cv-title\"><a href=\"https:\/\/vhrc.fr\/en\/historique\/vhrc-lhistorique\/2009vhr\/vhr-2009-villeneuve-les-avignon-1314-juin\/\" class=\"_self\" target=\"_self\" >2009 M4 Villeneuve<\/a><\/h4>\n<div class=\"pt-cv-content\">le 20e grand prix par Villeneuv'Models : 2009 manche 4 VHR Villeneuve les Avignon 13\/14 juin Photos photos google https:\/\/goo.gl\/photos\/i2h1zWUxYZf5gKkr5 ...<br \/><div class=\"pt-cv-rmwrap\"><a href=\"https:\/\/vhrc.fr\/en\/historique\/vhrc-lhistorique\/2009vhr\/vhr-2009-villeneuve-les-avignon-1314-juin\/\" class=\"_self pt-cv-readmore btn btn-success\" target=\"_self\">Lire La Suite\u2026<\/a><\/div><\/div><\/div><\/div>\n<div class=\"col-md-6 col-sm-6 col-xs-12 pt-cv-content-item pt-cv-1-col\" ><div class='pt-cv-ifield'><a href=\"https:\/\/vhrc.fr\/en\/historique\/vhrc-lhistorique\/2009vhr\/vhr-2009-orange-13-juillet\/\" class=\"_self pt-cv-href-thumbnail pt-cv-thumb-default\" target=\"_self\" ><img loading=\"lazy\" decoding=\"async\" width=\"298\" height=\"400\" src=\"https:\/\/vhrc.fr\/wp-content\/uploads\/2009\/07\/vhrpmo_IMG_2260_cr-373x500.jpg\" class=\"pt-cv-thumbnail\" alt=\"\" srcset=\"https:\/\/vhrc.fr\/wp-content\/uploads\/2009\/07\/vhrpmo_IMG_2260_cr-373x500.jpg 373w, https:\/\/vhrc.fr\/wp-content\/uploads\/2009\/07\/vhrpmo_IMG_2260_cr-597x800.jpg 597w, https:\/\/vhrc.fr\/wp-content\/uploads\/2009\/07\/vhrpmo_IMG_2260_cr.jpg 756w\" sizes=\"auto, (max-width: 298px) 100vw, 298px\" \/><\/a>\n<h4 class=\"pt-cv-title\"><a href=\"https:\/\/vhrc.fr\/en\/historique\/vhrc-lhistorique\/2009vhr\/vhr-2009-orange-13-juillet\/\" class=\"_self\" target=\"_self\" >2009 M5 Orange<\/a><\/h4>\n<div class=\"pt-cv-content\">premi\u00e8re course 1:4 pour le nouveau bureau du club d'Orange Passion Mod\u00e9lisme Orangeois. 463m pour faire rouler les 1:4. voici ...<br \/><div class=\"pt-cv-rmwrap\"><a href=\"https:\/\/vhrc.fr\/en\/historique\/vhrc-lhistorique\/2009vhr\/vhr-2009-orange-13-juillet\/\" class=\"_self pt-cv-readmore btn btn-success\" target=\"_self\">Lire La Suite\u2026<\/a><\/div><\/div><\/div><\/div>\n<div class=\"col-md-6 col-sm-6 col-xs-12 pt-cv-content-item pt-cv-1-col\" ><div class='pt-cv-ifield'><a href=\"https:\/\/vhrc.fr\/en\/historique\/vhrc-lhistorique\/2009vhr\/2009-m6-montpellier\/\" class=\"_self pt-cv-href-thumbnail pt-cv-thumb-default\" target=\"_self\" ><img loading=\"lazy\" decoding=\"async\" width=\"400\" height=\"300\" src=\"https:\/\/vhrc.fr\/wp-content\/uploads\/2010\/07\/vhrc-2009-mpl-IMG_2649-500x375.jpg\" class=\"pt-cv-thumbnail\" alt=\"\" srcset=\"https:\/\/vhrc.fr\/wp-content\/uploads\/2010\/07\/vhrc-2009-mpl-IMG_2649-500x375.jpg 500w, https:\/\/vhrc.fr\/wp-content\/uploads\/2010\/07\/vhrc-2009-mpl-IMG_2649.jpg 640w\" sizes=\"auto, (max-width: 400px) 100vw, 400px\" \/><\/a>\n<h4 class=\"pt-cv-title\"><a href=\"https:\/\/vhrc.fr\/en\/historique\/vhrc-lhistorique\/2009vhr\/2009-m6-montpellier\/\" class=\"_self\" target=\"_self\" >2009 M6 Montpellier<\/a><\/h4>\n<div class=\"pt-cv-content\">Le 6 Septembre 2009 L'AMO accueille le VHR 2009 pour sa 6e manche. r\u00e9sum\u00e9 vid\u00e9o VHRC 2009 manche 6 \u00e0 ...<br \/><div class=\"pt-cv-rmwrap\"><a href=\"https:\/\/vhrc.fr\/en\/historique\/vhrc-lhistorique\/2009vhr\/2009-m6-montpellier\/\" class=\"_self pt-cv-readmore btn btn-success\" target=\"_self\">Lire La Suite\u2026<\/a><\/div><\/div><\/div><\/div>\n<div class=\"col-md-6 col-sm-6 col-xs-12 pt-cv-content-item pt-cv-1-col\" ><div class='pt-cv-ifield'><a href=\"https:\/\/vhrc.fr\/en\/historique\/vhrc-lhistorique\/2009vhr\/manche-7-vhr-2009-superfinale-castelsarrasin\/\" class=\"_self pt-cv-href-thumbnail pt-cv-thumb-default\" target=\"_self\" ><img loading=\"lazy\" decoding=\"async\" width=\"400\" height=\"266\" src=\"https:\/\/vhrc.fr\/wp-content\/uploads\/2009\/10\/Yankee-VHR.-Castelsarrasin-2009-021-500x333.jpg\" class=\"pt-cv-thumbnail\" alt=\"\" srcset=\"https:\/\/vhrc.fr\/wp-content\/uploads\/2009\/10\/Yankee-VHR.-Castelsarrasin-2009-021-500x333.jpg 500w, https:\/\/vhrc.fr\/wp-content\/uploads\/2009\/10\/Yankee-VHR.-Castelsarrasin-2009-021.jpg 640w\" sizes=\"auto, (max-width: 400px) 100vw, 400px\" \/><\/a>\n<h4 class=\"pt-cv-title\"><a href=\"https:\/\/vhrc.fr\/en\/historique\/vhrc-lhistorique\/2009vhr\/manche-7-vhr-2009-superfinale-castelsarrasin\/\" class=\"_self\" target=\"_self\" >2009 M7 Castelsarrasin<\/a><\/h4>\n<div class=\"pt-cv-content\">classement [table id=16 \/] photos [nggallery id=32 template=caption] vid\u00e9os VHRC Super Finale 2009 1\/2 Castelsarrasin Auto Modelisme envoy\u00e9 par eightman ...<br \/><div class=\"pt-cv-rmwrap\"><a href=\"https:\/\/vhrc.fr\/en\/historique\/vhrc-lhistorique\/2009vhr\/manche-7-vhr-2009-superfinale-castelsarrasin\/\" class=\"_self pt-cv-readmore btn btn-success\" target=\"_self\">Lire La Suite\u2026<\/a><\/div><\/div><\/div><\/div>\n<div class=\"col-md-6 col-sm-6 col-xs-12 pt-cv-content-item pt-cv-1-col\" ><div class='pt-cv-ifield'><a href=\"https:\/\/vhrc.fr\/en\/historique\/vhrc-lhistorique\/2009vhr\/ancien-reglement-2009\/\" class=\"_self pt-cv-href-thumbnail pt-cv-thumb-default\" target=\"_self\" ><img loading=\"lazy\" decoding=\"async\" width=\"390\" height=\"400\" src=\"https:\/\/vhrc.fr\/wp-content\/uploads\/2010\/01\/VHR2009tour-487x500.png\" class=\"pt-cv-thumbnail\" alt=\"\" srcset=\"https:\/\/vhrc.fr\/wp-content\/uploads\/2010\/01\/VHR2009tour-487x500.png 487w, https:\/\/vhrc.fr\/wp-content\/uploads\/2010\/01\/VHR2009tour-780x800.png 780w, https:\/\/vhrc.fr\/wp-content\/uploads\/2010\/01\/VHR2009tour.png 1054w\" sizes=\"auto, (max-width: 390px) 100vw, 390px\" \/><\/a>\n<h4 class=\"pt-cv-title\"><a href=\"https:\/\/vhrc.fr\/en\/historique\/vhrc-lhistorique\/2009vhr\/ancien-reglement-2009\/\" class=\"_self\" target=\"_self\" >R\u00e8glement 2009 VHR<\/a><\/h4>\n<div class=\"pt-cv-content\">ancien r\u00e8glement jusqu'\u00e0 2009 pour m\u00e9moire... \u00ab Le challenge est ouvert \u00e0 tous pilotes d\u00e9tenteurs d\u2019une licence FVRC (validit\u00e9 2009) ...<br \/><div class=\"pt-cv-rmwrap\"><a href=\"https:\/\/vhrc.fr\/en\/historique\/vhrc-lhistorique\/2009vhr\/ancien-reglement-2009\/\" class=\"_self pt-cv-readmore btn btn-success\" target=\"_self\">Lire La Suite\u2026<\/a><\/div><\/div><\/div><\/div><\/div><\/div><\/div>\n<h1>Classement<\/h1>\n<p>[singlepic id=118 w=640 h=480 float=]<\/p>\n<p>le podium<br \/>\n1-Luc Giardini (milieu) 2-Alessandro Cerone (droite) et 3-Bruno Alliot (\u00e0 gauche)<\/p>\n<p>[table id=1 \/]<br \/>\nles points sont attribu\u00e9s en 2009 \u00e0 chaque course aux 10 premiers pilotes suivant ce bar\u00e8me:<br \/>\n[table id=2 \/]<\/p>\n<h1>courses<\/h1>\n<p>1ere Manche Montpellier\u00a0 08 f\u00e9vrier.<\/p>\n<p>2e Manche Orange 1\u00e9r Mars (report\u00e9e au 13 juillet)<\/p>\n<p>3e Manche Monteux 05\u00a0 Avril.<\/p>\n<p>4e Manche St Afrique 31\u00a0 Mai.<\/p>\n<p>5e Manche <a title=\"manche 4 VHR 2009 Villeneuve les Avignon 13\/14 juin\" href=\"http:\/\/vhrc.fr\/historique\/histoire-du-vhr\/palmares-du-vhrc\/vhr-2009\/vhr-2009-villeneuve-les-avignon-1314-juin\/\">Villeneuve-les-Avignon 13\/14 Juin<\/a><\/p>\n<p>6e Manche <a title=\"vhr 2009 orange 13 juillet\" href=\"http:\/\/vhrc.fr\/historique\/histoire-du-vhr\/palmares-du-vhrc\/classement-vhr-2009\/vhr-2009-orange-13-juillet\/\">Orange 13 juillet<\/a><\/p>\n<p>7e Manche Montpellier 06\u00a0 Septembre<\/p>\n<p>8e Manche<a title=\"manche 7 VHR 2009 Superfinale Castelsarrasin\" href=\"http:\/\/vhrc.fr\/historique\/histoire-du-vhr\/palmares-du-vhrc\/vhr-2009\/manche-7-vhr-2009-superfinale-castelsarrasin\/\"> Superfinale \u00e0 Castelsarrasin<\/a><\/p>\n<h2>et en 2010?<\/h2>\n<p>[singlepic id=139 w=416 h=640 float=]<\/p>\n","protected":false},"excerpt":{"rendered":"<p>Classement [singlepic id=118 w=640 h=480 float=] le podium 1-Luc Giardini (milieu) 2-Alessandro Cerone (droite) et 3-Bruno Alliot (\u00e0 gauche) [table<\/p>\n","protected":false},"author":5,"featured_media":562,"parent":686,"menu_order":0,"comment_status":"open","ping_status":"open","template":"","meta":{"colormag_page_container_layout":"default_layout","colormag_page_sidebar_layout":"default_layout","footnotes":""},"class_list":["post-153","page","type-page","status-publish","has-post-thumbnail","hentry"],"_links":{"self":[{"href":"https:\/\/vhrc.fr\/en\/wp-json\/wp\/v2\/pages\/153","targetHints":{"allow":["GET"]}}],"collection":[{"href":"https:\/\/vhrc.fr\/en\/wp-json\/wp\/v2\/pages"}],"about":[{"href":"https:\/\/vhrc.fr\/en\/wp-json\/wp\/v2\/types\/page"}],"author":[{"embeddable":true,"href":"https:\/\/vhrc.fr\/en\/wp-json\/wp\/v2\/users\/5"}],"replies":[{"embeddable":true,"href":"https:\/\/vhrc.fr\/en\/wp-json\/wp\/v2\/comments?post=153"}],"version-history":[{"count":16,"href":"https:\/\/vhrc.fr\/en\/wp-json\/wp\/v2\/pages\/153\/revisions"}],"predecessor-version":[{"id":9124,"href":"https:\/\/vhrc.fr\/en\/wp-json\/wp\/v2\/pages\/153\/revisions\/9124"}],"up":[{"embeddable":true,"href":"https:\/\/vhrc.fr\/en\/wp-json\/wp\/v2\/pages\/686"}],"wp:featuredmedia":[{"embeddable":true,"href":"https:\/\/vhrc.fr\/en\/wp-json\/wp\/v2\/media\/562"}],"wp:attachment":[{"href":"https:\/\/vhrc.fr\/en\/wp-json\/wp\/v2\/media?parent=153"}],"curies":[{"name":"wp","href":"https:\/\/api.w.org\/{rel}","templated":true}]}}