{"id":158,"date":"2010-01-05T11:45:49","date_gmt":"2010-01-05T10:45:49","guid":{"rendered":"http:\/\/vhrc.fr\/?page_id=158"},"modified":"2019-12-18T11:44:32","modified_gmt":"2019-12-18T10:44:32","slug":"2006vhr","status":"publish","type":"page","link":"https:\/\/vhrc.fr\/en\/historique\/vhrc-lhistorique\/2006vhr\/","title":{"rendered":"2006 VHR"},"content":{"rendered":"<p>nouvelle saison avec 5 manches du VHR<\/p>\n<h1>dates<\/h1>\n<p>M1 9 Avril MARSEILLE<br \/>\nM2 18 juin VILLENEUVE LEZ AVIGNON<br \/>\nM3 23 Juillet ST AFFRIQUE<br \/>\nM4 24 Septembre Montpellier ou Al\u00e8s<br \/>\nM5 15 octobre MONTPELLIER (bourse vente\/\u00e9change de mat\u00e9riel)<\/p>\n<div class=\"pt-cv-wrapper\"><div class=\"pt-cv-view pt-cv-grid pt-cv-colsys\" id=\"pt-cv-view-3d3727crvc\"><div data-id=\"pt-cv-page-1\" class=\"pt-cv-page\" data-cvc=\"2\"><div class=\"col-md-6 col-sm-6 col-xs-12 pt-cv-content-item pt-cv-1-col\" ><div class='pt-cv-ifield'><a href=\"https:\/\/vhrc.fr\/en\/historique\/vhrc-lhistorique\/2006vhr\/2006-17e-grand-prix-de-villeneuve-les-avignon\/\" class=\"_self pt-cv-href-thumbnail pt-cv-thumb-default\" target=\"_self\" ><img loading=\"lazy\" decoding=\"async\" width=\"400\" height=\"300\" src=\"https:\/\/vhrc.fr\/wp-content\/uploads\/2010\/05\/vilneuv18juin20061144oy-500x375.jpg\" class=\"pt-cv-thumbnail\" alt=\"\" srcset=\"https:\/\/vhrc.fr\/wp-content\/uploads\/2010\/05\/vilneuv18juin20061144oy-500x375.jpg 500w, https:\/\/vhrc.fr\/wp-content\/uploads\/2010\/05\/vilneuv18juin20061144oy.jpg 640w\" sizes=\"auto, (max-width: 400px) 100vw, 400px\" \/><\/a>\n<h4 class=\"pt-cv-title\"><a href=\"https:\/\/vhrc.fr\/en\/historique\/vhrc-lhistorique\/2006vhr\/2006-17e-grand-prix-de-villeneuve-les-avignon\/\" class=\"_self\" target=\"_self\" >2006 GP Villeneuve<\/a><\/h4>\n<div class=\"pt-cv-content\">r\u00e9sum\u00e9 de la course sur le forum Villeneuv'Models \u00e0 transf\u00e9rer ICI ...<br \/><div class=\"pt-cv-rmwrap\"><a href=\"https:\/\/vhrc.fr\/en\/historique\/vhrc-lhistorique\/2006vhr\/2006-17e-grand-prix-de-villeneuve-les-avignon\/\" class=\"_self pt-cv-readmore btn btn-success\" target=\"_self\">Lire La Suite\u2026<\/a><\/div><\/div><\/div><\/div>\n<div class=\"col-md-6 col-sm-6 col-xs-12 pt-cv-content-item pt-cv-1-col\" ><div class='pt-cv-ifield'><a href=\"https:\/\/vhrc.fr\/en\/historique\/vhrc-lhistorique\/2006vhr\/2006-m3-saint-affrique\/\" class=\"_self pt-cv-href-thumbnail pt-cv-thumb-default\" target=\"_self\" ><img loading=\"lazy\" decoding=\"async\" width=\"399\" height=\"300\" src=\"https:\/\/vhrc.fr\/wp-content\/uploads\/2013\/05\/aubort-vhr-2006-saint-affrique-009.jpg\" class=\"pt-cv-thumbnail\" alt=\"\" \/><\/a>\n<h4 class=\"pt-cv-title\"><a href=\"https:\/\/vhrc.fr\/en\/historique\/vhrc-lhistorique\/2006vhr\/2006-m3-saint-affrique\/\" class=\"_self\" target=\"_self\" >2006 M3 saint affrique<\/a><\/h4>\n<div class=\"pt-cv-content\"> ...<br \/><div class=\"pt-cv-rmwrap\"><a href=\"https:\/\/vhrc.fr\/en\/historique\/vhrc-lhistorique\/2006vhr\/2006-m3-saint-affrique\/\" class=\"_self pt-cv-readmore btn btn-success\" target=\"_self\">Lire La Suite\u2026<\/a><\/div><\/div><\/div><\/div>\n<div class=\"col-md-6 col-sm-6 col-xs-12 pt-cv-content-item pt-cv-1-col\" ><div class='pt-cv-ifield'><a href=\"https:\/\/vhrc.fr\/en\/historique\/vhrc-lhistorique\/2006vhr\/2006-m5-montpellier\/\" class=\"_self pt-cv-href-thumbnail pt-cv-thumb-default\" target=\"_self\" ><img loading=\"lazy\" decoding=\"async\" width=\"400\" height=\"300\" src=\"https:\/\/vhrc.fr\/wp-content\/uploads\/2013\/05\/aubort-vhr-2006-montpellier-932.jpg\" class=\"pt-cv-thumbnail\" alt=\"\" \/><\/a>\n<h4 class=\"pt-cv-title\"><a href=\"https:\/\/vhrc.fr\/en\/historique\/vhrc-lhistorique\/2006vhr\/2006-m5-montpellier\/\" class=\"_self\" target=\"_self\" >2006 M5 Montpellier<\/a><\/h4>\n<div class=\"pt-cv-content\">M5 15 octobre MONTPELLIER ...<br \/><div class=\"pt-cv-rmwrap\"><a href=\"https:\/\/vhrc.fr\/en\/historique\/vhrc-lhistorique\/2006vhr\/2006-m5-montpellier\/\" class=\"_self pt-cv-readmore btn btn-success\" target=\"_self\">Lire La Suite\u2026<\/a><\/div><\/div><\/div><\/div><\/div><\/div><\/div>\n<p>&nbsp;<\/p>\n<h1>Classement<\/h1>\n<p>[table id=8 \/]<\/p>\n","protected":false},"excerpt":{"rendered":"<p>nouvelle saison avec 5 manches du VHR dates M1 9 Avril MARSEILLE M2 18 juin VILLENEUVE LEZ AVIGNON M3 23<\/p>","protected":false},"author":5,"featured_media":4129,"parent":686,"menu_order":0,"comment_status":"open","ping_status":"closed","template":"","meta":{"colormag_page_container_layout":"default_layout","colormag_page_sidebar_layout":"default_layout","footnotes":""},"class_list":["post-158","page","type-page","status-publish","has-post-thumbnail","hentry"],"_links":{"self":[{"href":"https:\/\/vhrc.fr\/en\/wp-json\/wp\/v2\/pages\/158","targetHints":{"allow":["GET"]}}],"collection":[{"href":"https:\/\/vhrc.fr\/en\/wp-json\/wp\/v2\/pages"}],"about":[{"href":"https:\/\/vhrc.fr\/en\/wp-json\/wp\/v2\/types\/page"}],"author":[{"embeddable":true,"href":"https:\/\/vhrc.fr\/en\/wp-json\/wp\/v2\/users\/5"}],"replies":[{"embeddable":true,"href":"https:\/\/vhrc.fr\/en\/wp-json\/wp\/v2\/comments?post=158"}],"version-history":[{"count":13,"href":"https:\/\/vhrc.fr\/en\/wp-json\/wp\/v2\/pages\/158\/revisions"}],"predecessor-version":[{"id":9132,"href":"https:\/\/vhrc.fr\/en\/wp-json\/wp\/v2\/pages\/158\/revisions\/9132"}],"up":[{"embeddable":true,"href":"https:\/\/vhrc.fr\/en\/wp-json\/wp\/v2\/pages\/686"}],"wp:featuredmedia":[{"embeddable":true,"href":"https:\/\/vhrc.fr\/en\/wp-json\/wp\/v2\/media\/4129"}],"wp:attachment":[{"href":"https:\/\/vhrc.fr\/en\/wp-json\/wp\/v2\/media?parent=158"}],"curies":[{"name":"wp","href":"https:\/\/api.w.org\/{rel}","templated":true}]}}