{"id":1638,"date":"2011-05-02T13:06:30","date_gmt":"2011-05-02T12:06:30","guid":{"rendered":"http:\/\/vhrc.fr\/?page_id=1638"},"modified":"2012-09-04T21:19:15","modified_gmt":"2012-09-04T20:19:15","slug":"2011-m6-villeneuve","status":"publish","type":"page","link":"https:\/\/vhrc.fr\/en\/historique\/vhrc-lhistorique\/2011-vhrc\/2011-m6-villeneuve\/","title":{"rendered":"2011 M6 Villeneuve"},"content":{"rendered":"<h1>M6 le 12 Juin 2011<\/h1>\n<p><a href=\"http:\/\/vhrc.fr\/wp-content\/uploads\/2011\/05\/gpvla2011.jpg\"><img loading=\"lazy\" decoding=\"async\" class=\"alignnone size-full wp-image-1791\" title=\"gpvla2011\" src=\"http:\/\/vhrc.fr\/wp-content\/uploads\/2011\/05\/gpvla2011.jpg\" alt=\"\" width=\"362\" height=\"512\" srcset=\"https:\/\/vhrc.fr\/wp-content\/uploads\/2011\/05\/gpvla2011.jpg 362w, https:\/\/vhrc.fr\/wp-content\/uploads\/2011\/05\/gpvla2011-353x500.jpg 353w\" sizes=\"auto, (max-width: 362px) 100vw, 362px\" \/><\/a><\/p>\n<h1>R\u00e9sum\u00e9 par Luc<\/h1>\n<p>Quel Grand Prix \u00bc, le Soleil \u00e9tait au rendez-vous 10 pilotes pr\u00e9sents sur un circuit rapide et mythique.<\/p>\n<p>Le dicton\u00a0:Si tu as roul\u00e9 \u00e0 Villeneuve, tu trouveras tous les circuits de France faciles.<\/p>\n<p>Des commissaires ramasseurs efficaces , une ambiance sympa, une remise de prix unique , font de cette journ\u00e9e de courses pour tous un excellent souvenir.<\/p>\n<p>Tr\u00e8s occup\u00e9 par l\u2019organisation et par la participation \u00e0 la manche \u00bc je n\u2019ai pu me balader comme a l\u2019accoutum\u00e9 dans le paddock du VHRC mais car m\u00eame je vais essayer de vous transmettre quelque infos\u2026..<\/p>\n<p>Voir la liste des r\u00e9sultats des qualifs au nombre de quatre sur 5\u2019\u2026. Patrick .Viper\u2026 et Remi.Porsche , Daniel .Porsche se disput\u00e8rent la P\u00f4le.<\/p>\n<p>Un revenant\u2026\u2026.Christophe sur Opel Calibra au bout de trois qualifs grillera sont turn -force\u2026\u2026.ne participera pas aux finales.<\/p>\n<p>Pascal Godin\u2026.Fiat\u2026\u2026.toujours en gal\u00e8re avec sa direction, ne sera pas en finale.<\/p>\n<p>Les finales ont rencontr\u00e9es des accrochages qui priveront la 1\u00e9re place<\/p>\n<p>Certainement a Patrick .Viper et R\u00e9mi.. Porsche\u2026.de gagner le GPX.<\/p>\n<p>A Villeneuve le circuit est sur la place du March\u00e9, depuis 21 ans la tradition , une fois par an on organise en ville le mod\u00e9lisme auto en f\u00eate, cette place au rev\u00eatement qui se d\u00e9grade d\u2019ann\u00e9e en ann\u00e9e nous am\u00e9ne \u00e0 piloter et r\u00e9gler l\u2019auto de fa\u00e7on diff\u00e9rente et on roule (pied au plancher ) pardon la gachette \u00e0 fond , quel plaisir, nos vintages souffrent , nous on se r\u00e9gale\u2026\u2026\u2026\u2026\u2026\u2026.<\/p>\n<h3>Le Paddock\u2026.<\/h3>\n<p><strong>Christophe Mazard<\/strong>\u2026.Opel\u2026..Out pour les finales.<\/p>\n<p><strong>Coronas R\u00e9mi<\/strong>\u2026\u2026\u2026\u2026.Porsche. accrochage, repartira et tombera en panne.<\/p>\n<p><strong>Heyberger St\u00e9phane<\/strong>..Venturi. qq touchettes, la Venturi fragile des s\u00e9ances dans les stands obligatoire.<\/p>\n<p><strong> Daniel B\u00e9gou<\/strong>\u2026Porsche 930 Blanche . Souvent trois\u2026..qq touchettes le priveront d\u2019une meilleure place.<\/p>\n<p><strong> Bouisson Gilles<\/strong>\u2026. Spider 905. Tr\u00e8s rapide perdra sont aileron\u2026..<\/p>\n<p><strong> Coronas Marc<\/strong> .Bugatti.. Son embrayage t\u00e9flon le privera d\u2019une meilleure place.<\/p>\n<p><strong> Thierry tramier<\/strong> : Epoustouflant La Twingo (salsa) \u00e0 d\u00e9cid\u00e9 de moins danser devenu plus s\u00e9rieuse, nous fait un podium\u2026.. F\u00e9licitation\u00a0!<\/p>\n<p><strong> Patrick Bols\u00e9e<\/strong>.. Viper , la course en \u00e0 d\u00e9cid\u00e9 ainsi. Podium.<\/p>\n<p><strong> Luc G <\/strong>Porsche. Yacco\u2026 Chanceux a align\u00e9 des tours rapides et r\u00e9guliers. Podium.<\/p>\n<p><strong> Voir absolument les photos \u00bc et 1\/5\u2026\u2026de J. Claude G. Amateur\u2026.<\/strong><\/p>\n<p><strong>Elles sont g\u00e9niales toutes en action\u2026\u2026.<\/strong><\/p>\n<h2><a href=\"https:\/\/cid-95a4ef1a581c671f.skydrive.live.com\/redir.aspx?page=play&amp;resid=95A4EF1A581C671F!647&amp;authkey=GkdmkB3XteM%24\">Cliquez cette adresse.<\/a><\/h2>\n<p><a href=\"https:\/\/cid-95a4ef1a581c671f.skydrive.live.com\/redir.aspx?page=play&amp;resid=95A4EF1A581C671F!647&amp;authkey=GkdmkB3XteM%24\"><img loading=\"lazy\" decoding=\"async\" class=\"alignnone size-full wp-image-1859\" title=\"_JCG3074-1000\" src=\"http:\/\/vhrc.fr\/wp-content\/uploads\/2011\/05\/JCG3074-1000.jpg\" alt=\"\" width=\"761\" height=\"514\" srcset=\"https:\/\/vhrc.fr\/wp-content\/uploads\/2011\/05\/JCG3074-1000.jpg 1000w, https:\/\/vhrc.fr\/wp-content\/uploads\/2011\/05\/JCG3074-1000-500x338.jpg 500w, https:\/\/vhrc.fr\/wp-content\/uploads\/2011\/05\/JCG3074-1000-800x540.jpg 800w\" sizes=\"auto, (max-width: 761px) 100vw, 761px\" \/><\/a><br \/>\ndernier vol pour la venturi<\/p>\n<h2>Les Qualifs\u00a0:<\/h2>\n<p>1)Bolsee P.<\/p>\n<p>2)Coronas R.<\/p>\n<p>3)B\u00e9gou D.<\/p>\n<p>4)Tramier T.<\/p>\n<p>5)Giardini L.<\/p>\n<p>6)Bouisson G.<\/p>\n<p>7)Mazard C.<\/p>\n<p>8)Coronas M.<\/p>\n<p>9)Heyberger S<\/p>\n<p>10) Godin P.<\/p>\n<h2>Classement Final\u00a0:<\/h2>\n<p>Total (2&#215;15\u2019)<\/p>\n<p>1)Giardini L. porsche yacco. 81t.<\/p>\n<p>2)Bols\u00e9e P. Viper 80t<\/p>\n<p>3)Tramier TH. Twingo. 78t.<\/p>\n<p>4)B\u00e9gou D.<\/p>\n<p>5)Coronas M.<\/p>\n<p>6)Bouisson G.<\/p>\n<p>7)Heyberger S.<\/p>\n<p>8)Coronas R.<\/p>\n<p>9)Mazard C.<\/p>\n<p>Stop :GL..VHRC org.<\/p>\n<h2>Photos de St\u00e9phane<\/h2>\n<p>[picasaView album=\u00a0\u00bb22eGpVilleneuve\u00a0\u00bb instantView=\u00a0\u00bbyes\u00a0\u00bb]<\/p>\n<p><a href=\"http:\/\/vhrc.fr\/wp-content\/uploads\/2010\/06\/slidegp2010.jpg\"><img loading=\"lazy\" decoding=\"async\" class=\"alignnone size-large wp-image-889\" title=\"slidegp2010\" src=\"http:\/\/vhrc.fr\/wp-content\/uploads\/2010\/06\/slidegp2010-1024x197.jpg\" alt=\"\" width=\"1024\" height=\"197\" \/><\/a><\/p>\n<p>la 22e \u00e9dition du fameux grand prix!<\/p>\n<h1>Inscription<\/h1>\n<h2><a href=\"http:\/\/vhrc.fr\/wp-content\/uploads\/2011\/05\/inscription-GP-2011-de-villeneuve-6e-manches-du-vhrc.pdf\">inscription GP 2011 de villeneuve 6e manches du vhrc<\/a><\/h2>\n<p><a href=\"http:\/\/vhrc.fr\/wp-content\/uploads\/2011\/05\/inscription-GP-2011-de-villeneuve-6e-manches-du-vhrc.pdf\" target=\"_blank\"><img loading=\"lazy\" decoding=\"async\" class=\"alignnone size-full wp-image-1789\" title=\"m6inscription\" src=\"http:\/\/vhrc.fr\/wp-content\/uploads\/2011\/05\/m6inscription.jpg\" alt=\"\" width=\"333\" height=\"371\" srcset=\"https:\/\/vhrc.fr\/wp-content\/uploads\/2011\/05\/m6inscription.jpg 592w, https:\/\/vhrc.fr\/wp-content\/uploads\/2011\/05\/m6inscription-448x500.jpg 448w\" sizes=\"auto, (max-width: 333px) 100vw, 333px\" \/><\/a><\/p>\n","protected":false},"excerpt":{"rendered":"<p>M6 le 12 Juin 2011 R\u00e9sum\u00e9 par Luc Quel Grand Prix \u00bc, le Soleil \u00e9tait au rendez-vous 10 pilotes pr\u00e9sents<\/p>","protected":false},"author":5,"featured_media":1859,"parent":1396,"menu_order":0,"comment_status":"closed","ping_status":"closed","template":"","meta":{"colormag_page_container_layout":"default_layout","colormag_page_sidebar_layout":"default_layout","footnotes":""},"class_list":["post-1638","page","type-page","status-publish","has-post-thumbnail","hentry"],"_links":{"self":[{"href":"https:\/\/vhrc.fr\/en\/wp-json\/wp\/v2\/pages\/1638","targetHints":{"allow":["GET"]}}],"collection":[{"href":"https:\/\/vhrc.fr\/en\/wp-json\/wp\/v2\/pages"}],"about":[{"href":"https:\/\/vhrc.fr\/en\/wp-json\/wp\/v2\/types\/page"}],"author":[{"embeddable":true,"href":"https:\/\/vhrc.fr\/en\/wp-json\/wp\/v2\/users\/5"}],"replies":[{"embeddable":true,"href":"https:\/\/vhrc.fr\/en\/wp-json\/wp\/v2\/comments?post=1638"}],"version-history":[{"count":9,"href":"https:\/\/vhrc.fr\/en\/wp-json\/wp\/v2\/pages\/1638\/revisions"}],"predecessor-version":[{"id":3014,"href":"https:\/\/vhrc.fr\/en\/wp-json\/wp\/v2\/pages\/1638\/revisions\/3014"}],"up":[{"embeddable":true,"href":"https:\/\/vhrc.fr\/en\/wp-json\/wp\/v2\/pages\/1396"}],"wp:featuredmedia":[{"embeddable":true,"href":"https:\/\/vhrc.fr\/en\/wp-json\/wp\/v2\/media\/1859"}],"wp:attachment":[{"href":"https:\/\/vhrc.fr\/en\/wp-json\/wp\/v2\/media?parent=1638"}],"curies":[{"name":"wp","href":"https:\/\/api.w.org\/{rel}","templated":true}]}}