{"id":1663,"date":"2011-05-06T00:17:08","date_gmt":"2011-05-05T23:17:08","guid":{"rendered":"http:\/\/vhrc.fr\/?page_id=1663"},"modified":"2019-11-11T15:31:57","modified_gmt":"2019-11-11T14:31:57","slug":"2008-m5-besancon","status":"publish","type":"page","link":"https:\/\/vhrc.fr\/en\/historique\/vhrc-lhistorique\/2008vhr\/2008-m5-besancon\/","title":{"rendered":"2008 VHR M5 Besan\u00e7on"},"content":{"rendered":"<h1>18 Octobre 2008<\/h1>\n<h1>derni\u00e8re manche du 2CM-Y-C et de la saison 1:4<\/h1>\n<p><a href=\"http:\/\/vhrc.fr\/wp-content\/uploads\/2011\/05\/2008-m5-besan%C3%A7on-4.jpg\"><img loading=\"lazy\" decoding=\"async\" class=\"alignnone size-full wp-image-2609\" title=\"2008 m5 besan\u00e7on 4\" src=\"http:\/\/vhrc.fr\/wp-content\/uploads\/2011\/05\/2008-m5-besan%C3%A7on-4.jpg\" alt=\"\" width=\"487\" height=\"326\" \/><\/a><\/p>\n<p>Le lieu qui nous accueille<\/p>\n<p><strong>C.A.R Besan\u00e7on<\/strong><\/p>\n<div><strong>Club F.V.R.C n\u00b054<br \/>\nLigue n\u00b07 (Bourgogne\/Franche-Comt\u00e9)<\/strong><br \/>\nCircuit:<br \/>\n<strong>Route de Besan\u00e7on<br \/>\n25420 POUILLEY-FRANCAIS<\/strong><\/div>\n<p>&#8211; Possibilit\u00e9 de faire des essais libre le samedi 18 octobre.<br \/>\n&#8211; Le r\u00e8glement et la fiche d\u2019inscription sont disponibles en t\u00e9l\u00e9chargement :<br \/>\ndans \u00ab\u00a0Divers-Tous les T\u00e9l\u00e9chargement\u00a0\u00bb<\/p>\n<p>&#8211; Le C.A.R Besan\u00e7on mettra \u00e0 la disposition de chacun, pilotes et accompagnateurs une possibilit\u00e9 de restauration. L\u2019accueil sera comme \u00e0 l\u2019habitude chaleureux et convivial.<br \/>\n&#8211; Le C.A.R Besan\u00e7on est habitu\u00e9 \u00e0 l\u2019organisation de courses grandes \u00e9chelles, et le comptage par puce sera assur\u00e9.<br \/>\n&#8211; Le rev\u00eatement du circuit est tout neuf, et promet du plaisir et du bonheur.<br \/>\n&#8211; La totalit\u00e9 des droits d\u2019inscription sera revers\u00e9 au C.A.R Besan\u00e7on.<\/p>\n<p>Il convient maintenant que le <strong>nombre d\u2019inscrit <\/strong>surprenne par son ampleur, afin que toute l\u2019\u00e9nergie d\u00e9ploy\u00e9e pour la mise \u00e0 disposition du circuit, ainsi que pour la mise en \u0153uvre de l\u2019intendance et l\u2019organisation soient r\u00e9compens\u00e9s par un nombre important de pilotes.<\/p>\n<p>Merci de montrer <strong>par votre pr\u00e9sence <\/strong>sur la piste votre envie de participer l\u2019organisation de cette manifestation pour 2008, et de <strong>permettre de valid\u00e9 sa continuit\u00e9 en 2009.<\/strong><\/p>\n<h2><strong>r\u00e9sum\u00e9<\/strong><\/h2>\n<p>Salut- Que dire de plus qui n&rsquo;est pas \u00e9t\u00e9 d\u00e9j\u00e0 dit, je ne suis rentr\u00e9 que hier, ce qui explique mon retard dans ce post, et les nombreux messages que je viens de lire me font tr\u00e9s plaisir.<\/p>\n<p>Sur le r\u00e9sum\u00e9 de la journ\u00e9e:<br \/>\n&#8211; Tout d\u2019abord bravo au CAR Besan\u00e7on, voil\u00e0 un <strong>Pr\u00e9sident<\/strong> de Club qui a su mettre en place autour de lui une bien belle <strong>\u00e9quipe de b\u00e9n\u00e9voles <\/strong>int\u00e9ressants et int\u00e9ress\u00e9s \u00e0 distribuer du plaisir autour d&rsquo;eux. Et merci Monsieur le Pr\u00e9sident de nous avoir permis de rouler sur votre bitume dans des <strong>conditions exceptionnelles <\/strong>de qualit\u00e9.<br \/>\n&#8211; Sur le Circuit, technique, rapide, avec un bel enrob\u00e9, il ne manquait que quelques degr\u00e9s de temp\u00e9rature au sol&#8230;<br \/>\n&#8211; L\u2019organisation du CAR avait m\u00eame command\u00e9e le soleil pour tous les participants, et croyez moi je me suis organis\u00e9 pour rester le plus longtemps possible en sa pr\u00e9sence\u2026.<\/p>\n<p>Sur les participants :<br \/>\n&#8211; Que des pilotes et accompagnateurs <strong>heureux<\/strong> d\u2019\u00eatre pr\u00e9sent, et m\u00eame sans se conna\u00eetre pour la plupart, une <strong>ambiance loyale et amicale<\/strong>.<br \/>\n&#8211; La convivialit\u00e9 est arriv\u00e9e le samedi soir, et va rester pr\u00e9sente longtemps j\u2019en suis convaincu.<br \/>\n&#8211; <strong>L\u2019entraide et le respect <\/strong>ont \u00e9t\u00e9 de la partie, et je suis heureux d\u2019avoir particip\u00e9 \u00e0 cette manche comme aux pr\u00e9c\u00e9dentes d\u2019ailleurs.<br \/>\n&#8211; J\u2019en profite pour f\u00e9liciter tous les participants.<\/p>\n<p>Sur les diverses manches :<br \/>\n&#8211; Des voitures bien pr\u00e9par\u00e9es, m\u00eame si certaines atteignent maintenant un \u00e2ge assez canonique pour une auto RC, plus de 15 ans.<br \/>\n&#8211; Un niveau de pilotage impressionnant, et quelques figures libres de la part de votre serviteur qui raviront les amateurs de photos \u00ab chocs \u00bb.<br \/>\n&#8211; Une comp\u00e9tition de tr\u00e8s haut niveau, m\u00eame si il s\u2019agissait dans le cas pr\u00e9sent d\u2019autre chose que d\u2019une course.<\/p>\n<p>Sur les r\u00e9sultats :<br \/>\n&#8211; Sont-ils si importants concernant le classement ?<br \/>\n&#8211; Le principal r\u00e9sultat \u00e9tait de <strong>se retrouver<\/strong>, dans le respect, l\u2019entraide et la convivialit\u00e9, et bien voil\u00e0 un objectif atteint de fort belle mani\u00e8re.<\/p>\n<p>Sur les retours photos et vid\u00e9o :<br \/>\n&#8211; Merci \u00e0 ces \u00ab photocoliques \u00bb et \u00ab cam\u00e9racoliques \u00bb qui permettent de mettre \u00e0 la disposition de tous des d\u2019images de tr\u00e8s grande qualit\u00e9<\/p>\n<p>Et puis un mot pour <strong>l\u2019initiateur<\/strong> de ce Challenge, 2CM et son BIG BOSS, qui a r\u00e9ussi \u00e0 mobiliser autour de lui pour permettre aux possesseurs de voiture YANKEE de se faire et refaire plaisir, et qui a lanc\u00e9 l\u00e0 un grand d\u00e9fi pour 2009. Merci \u00e0 toi cher BIG BOSS.<\/p>\n<p>Des questions ?<br \/>\nCertains ont d\u00e9j\u00e0 annonc\u00e9 que si un Challenge \u00e9tait mis en place pour 2009 ils seraient pr\u00eats \u00e0 s\u2019inscrire d\u00e9s \u00e0 pr\u00e9sent,<br \/>\n&#8211; <strong>aussi j\u2019annonce tout de suite que dans la mesure o\u00f9 l\u2019esprit reste ce qu\u2019il est actuellement, il y aura un YANKEE SHOP-CHALLENGE en 5 manches en 2009<\/strong>.<br \/>\nChallenge qui sera ouvert \u00e0 tous possesseurs d\u2019une voiture de marque YANKEE.<\/p>\n<p>C\u2019\u00e9tait le SCOOP du jour, mais il ne m\u2019appartient pas, ce sont les pilotes pr\u00e9sents et l\u2019initiateur du 2CM-Y-C qui ont prouv\u00e9s <strong>qu\u2019il fallait organiser <\/strong>ce rendez vous des passionn\u00e9s de la marque.<br \/>\nWINGSAT<\/p>\n<address>Bruno Alliot<\/address>\n<address>\u00a0<\/address>\n<address>\u00a0<\/address>\n<address>\u00a0[foldergallery folder=\u00a0\u00bbwp-content\/gallery\/2008-besancon\u00a0\u00bb title=\u00a0\u00bb2008 besancon\u00a0\u00bb]<\/address>\n<h2>La der. des der. 2008&#8230;<\/h2>\n<p>Un grand merci aux organisateurs Claude, Bruno et le Club de Besan\u00e7on qui avec ses b\u00e9n\u00e9voles a su nous recevoir superbement et chaleureusement.<br \/>\nUn week-end de roi !<br \/>\nLa m\u00e9t\u00e9o \u00e9tant de la partie, nos vieilles \u00ab tiges \u00bb ont roul\u00e9 et se sont fort bien comport\u00e9es, les moteurs ont rugi sur un beau circuit (que pour nous !!).<br \/>\nTant pis pour les absents ; 20 pilotes ont fait le d\u00e9placement venant de tous les coins de la France. Nous avons pu voir en \u00bc de tr\u00e8s belles F1, GT et Sport Prototypes et des Formules France en 1\/5\u00e8me.<br \/>\nAu menu, essais libres le samedi, qualifications et finales, 2 X 15 minutes par s\u00e9rie le dimanche. On a roul\u00e9, on n\u2019a pas arr\u00eat\u00e9, nous avons consomm\u00e9 pr\u00e8s de 8 l d\u2019essence mon fils et moi\u2026<br \/>\nCertains pilotes ressortaient leurs autos qui n\u2019avaient pas roul\u00e9 depuis 5 voire 10 ans\u2026<br \/>\nIls retrouvaient leurs sensations et la joie illuminait leurs visages souriants et \u00e9merveill\u00e9s.<br \/>\nD\u2019autres tr\u00e8s affair\u00e9s \u00e0 rechercher leurs r\u00e9glages : \u00ab T\u2018as pas des GRP, moi j\u2019en veux <img decoding=\"async\" src=\"http:\/\/www.yankee-rc.com\/e107_images\/emotes\/Yankee\/041.gif\" alt=\"\" \/> \u00bb, \u00ab T\u2019as mis quoi comme huile ? \u00bb, \u00ab Tiens je te pr\u00eate mes couvertures chauffantes ! \u00bb, \u00ab 4% pour le m\u00e9lange c\u2019est bon non ? \u00bb, \u00ab Le S3 H c\u2019est top ! \u00bb<br \/>\nL\u2019ambiance \u00e9tait au rendez-vous et cela faisait chaud au c\u0153ur !<\/p>\n<p>Modestement, que recherchons-nous dans notre passion du mod\u00e9lisme auto ?<br \/>\nCertaines valeurs :<br \/>\n&#8211; Se retrouver plusieurs fois dans l\u2019ann\u00e9e sur un beau circuit<br \/>\n&#8211; Un esprit simple, de comp\u00e9tition certes, mais amical.<br \/>\n&#8211; Des stands o\u00f9 l\u2019on se ballade en toute qui\u00e9tude, o\u00f9 on donne un coup de main, des r\u00e9glages, de la combine, o\u00f9 on trouve la pi\u00e8ce manquante ou plaisante.<br \/>\n&#8211; Un fabriquant qui vient vous d\u00e9panner<br \/>\n&#8211; Sur la piste on ouvre la porte, on laisse passer les plus rapides ; nos autos on les aime, on les respecte.<br \/>\n&#8211; Prendre le temps, se retrouver \u00e0 midi autour d\u2019une table, o\u00f9 de franches rigolades \u00e9clatent, o\u00f9 chacun y va de sa petite histoire pleine d\u2019int\u00e9r\u00eat.<br \/>\n&#8211; Aucun laiss\u00e9 pour compte lors de la remise des prix.<br \/>\n&#8211; Une ambiance facile, correcte, o\u00f9 l\u2019on se sent bien.<\/p>\n<p>C\u2019est ce que nous avons v\u00e9cu ce week-end\u2026<br \/>\nCes valeurs, cette \u00e9dition 2008 du challenge, organis\u00e9 par et pour des passionn\u00e9s, a su nous les offrir.<\/p>\n<p>Messieurs les organisateurs vous avez les cl\u00e9s en mains pour l\u2019avenir, nous attendons avec impatience un Yankee Shop Challenge 2009, auquel nous participerons avec toute la passion qui nous anime <img decoding=\"async\" src=\"http:\/\/www.yankee-rc.com\/e107_images\/emotes\/Yankee\/041.gif\" alt=\"\" \/><\/p>\n<address>\u00a0<\/address>\n<address>Luc<\/address>\n<address>\u00a0<\/address>\n<h2>Voil\u00e0 le Challenge 2008 vient de s&rsquo;achever par un week-end particuli\u00e8rement r\u00e9ussi !<\/h2>\n<p>Toutes les conditions ont \u00e9t\u00e9 r\u00e9unies :<\/p>\n<p>beau temps, tr\u00e8s beau circuit, tr\u00e8s bonne ambiance, accueil irr\u00e9prochable et des heures de roulage&#8230;<br \/>\nQue dire qui n&rsquo;a pas d\u00e9j\u00e0 \u00e9t\u00e9 dit, si ce n&rsquo;est encore un grand merci \u00e0 tous ceux qui ont permis la r\u00e9alisation de cette manifestation : organisateurs et participants.<br \/>\nDe belles rencontres, de belles retrouvailles, du beau spectacle et de merveilleux souvenirs, \u00e7a ressemblerait presque \u00e0 du mod\u00e9lisme ! <img decoding=\"async\" src=\"http:\/\/www.yankee-rc.com\/e107_images\/emotes\/Yankee\/002.gif\" alt=\"\" \/><\/p>\n<address>Brice<\/address>\n<address>\u00a0<\/address>\n<h1>vid\u00e9o<\/h1>\n<p><object width=\"425\" height=\"349\" classid=\"clsid:d27cdb6e-ae6d-11cf-96b8-444553540000\" codebase=\"http:\/\/download.macromedia.com\/pub\/shockwave\/cabs\/flash\/swflash.cab#version=6,0,40,0\"><param name=\"allowFullScreen\" value=\"true\" \/><param name=\"allowscriptaccess\" value=\"always\" \/><param name=\"src\" value=\"http:\/\/www.youtube.com\/v\/wAAc-QalfiQ?fs=1&amp;hl=fr_FR\" \/><param name=\"allowfullscreen\" value=\"true\" \/><embed width=\"425\" height=\"349\" type=\"application\/x-shockwave-flash\" src=\"http:\/\/www.youtube.com\/v\/wAAc-QalfiQ?fs=1&amp;hl=fr_FR\" allowfullscreen=\"allowfullscreen\" allowscriptaccess=\"always\" allowfullscreen=\"allowfullscreen\" \/><\/object><\/p>\n","protected":false},"excerpt":{"rendered":"<p>18 Octobre 2008 derni\u00e8re manche du 2CM-Y-C et de la saison 1:4 Le lieu qui nous accueille C.A.R Besan\u00e7on Club<\/p>","protected":false},"author":5,"featured_media":2609,"parent":841,"menu_order":0,"comment_status":"open","ping_status":"open","template":"","meta":{"colormag_page_container_layout":"default_layout","colormag_page_sidebar_layout":"default_layout","footnotes":""},"class_list":["post-1663","page","type-page","status-publish","has-post-thumbnail","hentry"],"_links":{"self":[{"href":"https:\/\/vhrc.fr\/en\/wp-json\/wp\/v2\/pages\/1663","targetHints":{"allow":["GET"]}}],"collection":[{"href":"https:\/\/vhrc.fr\/en\/wp-json\/wp\/v2\/pages"}],"about":[{"href":"https:\/\/vhrc.fr\/en\/wp-json\/wp\/v2\/types\/page"}],"author":[{"embeddable":true,"href":"https:\/\/vhrc.fr\/en\/wp-json\/wp\/v2\/users\/5"}],"replies":[{"embeddable":true,"href":"https:\/\/vhrc.fr\/en\/wp-json\/wp\/v2\/comments?post=1663"}],"version-history":[{"count":12,"href":"https:\/\/vhrc.fr\/en\/wp-json\/wp\/v2\/pages\/1663\/revisions"}],"predecessor-version":[{"id":9097,"href":"https:\/\/vhrc.fr\/en\/wp-json\/wp\/v2\/pages\/1663\/revisions\/9097"}],"up":[{"embeddable":true,"href":"https:\/\/vhrc.fr\/en\/wp-json\/wp\/v2\/pages\/841"}],"wp:featuredmedia":[{"embeddable":true,"href":"https:\/\/vhrc.fr\/en\/wp-json\/wp\/v2\/media\/2609"}],"wp:attachment":[{"href":"https:\/\/vhrc.fr\/en\/wp-json\/wp\/v2\/media?parent=1663"}],"curies":[{"name":"wp","href":"https:\/\/api.w.org\/{rel}","templated":true}]}}