{"id":187,"date":"2010-01-05T14:40:18","date_gmt":"2010-01-05T13:40:18","guid":{"rendered":"http:\/\/vhrc.fr\/?page_id=187"},"modified":"2019-03-06T14:55:26","modified_gmt":"2019-03-06T13:55:26","slug":"mrc","status":"publish","type":"page","link":"https:\/\/vhrc.fr\/en\/voitures\/mrc\/","title":{"rendered":"MRC: Model racing Car"},"content":{"rendered":"<p>les voitures <img decoding=\"async\" class=\"ngg-singlepic ngg-none\" src=\"http:\/\/vhrc.fr\/wp-content\/gallery\/logos\/mrc.gif\" alt=\"mrc\" \/><\/p>\n<h3>Model Racing Car,ex fabricant fran\u00e7ais voitures au 1\/4 et 1\/5e.<\/h3>\n<p>avant de se contenter de l&rsquo;importation<strong> MRC<\/strong> a \u00e9t\u00e9 une grande marque du 1\/4 puis du 1\/5. Porsche 911 Flatnose, Peugeot 405 T16, Clio 16s&#8230;<\/p>\n<h1>Les mod\u00e8les MRC \u00e9chelle 1:4<\/h1>\n<div class=\"pt-cv-wrapper\"><div class=\"pt-cv-view pt-cv-grid pt-cv-colsys\" id=\"pt-cv-view-c9c8e788r1\"><div data-id=\"pt-cv-page-1\" class=\"pt-cv-page\" data-cvc=\"2\"><div class=\"col-md-6 col-sm-6 col-xs-12 pt-cv-content-item pt-cv-1-col\" ><div class='pt-cv-ifield'><a href=\"https:\/\/vhrc.fr\/en\/voitures\/mrc\/ford-escort-cosworth\/\" class=\"_self pt-cv-href-thumbnail pt-cv-thumb-default\" target=\"_self\" ><img loading=\"lazy\" decoding=\"async\" width=\"400\" height=\"177\" src=\"https:\/\/vhrc.fr\/wp-content\/uploads\/2015\/04\/escort_cosworth_philou_concept_09-500x221.jpg\" class=\"pt-cv-thumbnail\" alt=\"\" srcset=\"https:\/\/vhrc.fr\/wp-content\/uploads\/2015\/04\/escort_cosworth_philou_concept_09-500x221.jpg 500w, https:\/\/vhrc.fr\/wp-content\/uploads\/2015\/04\/escort_cosworth_philou_concept_09.jpg 799w\" sizes=\"auto, (max-width: 400px) 100vw, 400px\" \/><\/a>\n<h4 class=\"pt-cv-title\"><a href=\"https:\/\/vhrc.fr\/en\/voitures\/mrc\/ford-escort-cosworth\/\" class=\"_self\" target=\"_self\" >Ford Escort Cosworth<\/a><\/h4>\n<div class=\"pt-cv-content\">Ford Escort Cosworth sortie Septembre 1994: autre reine des Rallyes ...<br \/><div class=\"pt-cv-rmwrap\"><a href=\"https:\/\/vhrc.fr\/en\/voitures\/mrc\/ford-escort-cosworth\/\" class=\"_self pt-cv-readmore btn btn-success\" target=\"_self\">Lire La Suite\u2026<\/a><\/div><\/div><\/div><\/div>\n<div class=\"col-md-6 col-sm-6 col-xs-12 pt-cv-content-item pt-cv-1-col\" ><div class='pt-cv-ifield'><a href=\"https:\/\/vhrc.fr\/en\/voitures\/mrc\/porsche-911-flatnose\/\" class=\"_self pt-cv-href-thumbnail pt-cv-thumb-default\" target=\"_self\" ><img loading=\"lazy\" decoding=\"async\" width=\"400\" height=\"300\" src=\"https:\/\/vhrc.fr\/wp-content\/uploads\/ngg_featured\/vhrc_porsche_911_mrc_flatnose_1991_turquoise_04porsche_911_mrc_flatnose_1991_turquoise_04-500x375.jpg\" class=\"pt-cv-thumbnail\" alt=\"\" srcset=\"https:\/\/vhrc.fr\/wp-content\/uploads\/ngg_featured\/vhrc_porsche_911_mrc_flatnose_1991_turquoise_04porsche_911_mrc_flatnose_1991_turquoise_04-500x375.jpg 500w, https:\/\/vhrc.fr\/wp-content\/uploads\/ngg_featured\/vhrc_porsche_911_mrc_flatnose_1991_turquoise_04porsche_911_mrc_flatnose_1991_turquoise_04-800x600.jpg 800w, https:\/\/vhrc.fr\/wp-content\/uploads\/ngg_featured\/vhrc_porsche_911_mrc_flatnose_1991_turquoise_04porsche_911_mrc_flatnose_1991_turquoise_04.jpg 1024w\" sizes=\"auto, (max-width: 400px) 100vw, 400px\" \/><\/a>\n<h4 class=\"pt-cv-title\"><a href=\"https:\/\/vhrc.fr\/en\/voitures\/mrc\/porsche-911-flatnose\/\" class=\"_self\" target=\"_self\" >Porsche 911 Flatnose<\/a><\/h4>\n<div class=\"pt-cv-content\">La Porsche 911 \"Flatnose\" au 1:4 ou presque sortie 1991: premier mod\u00e8le de la marque au 1\/4, il est plus ...<br \/><div class=\"pt-cv-rmwrap\"><a href=\"https:\/\/vhrc.fr\/en\/voitures\/mrc\/porsche-911-flatnose\/\" class=\"_self pt-cv-readmore btn btn-success\" target=\"_self\">Lire La Suite\u2026<\/a><\/div><\/div><\/div><\/div>\n<div class=\"col-md-6 col-sm-6 col-xs-12 pt-cv-content-item pt-cv-1-col\" ><div class='pt-cv-ifield'><a href=\"https:\/\/vhrc.fr\/en\/voitures\/mrc\/peugeot-405-t16\/\" class=\"_self pt-cv-href-thumbnail pt-cv-thumb-default\" target=\"_self\" ><img loading=\"lazy\" decoding=\"async\" width=\"400\" height=\"300\" src=\"https:\/\/vhrc.fr\/wp-content\/uploads\/2013\/02\/roc_405_01-500x375.jpg\" class=\"pt-cv-thumbnail\" alt=\"\" srcset=\"https:\/\/vhrc.fr\/wp-content\/uploads\/2013\/02\/roc_405_01-500x375.jpg 500w, https:\/\/vhrc.fr\/wp-content\/uploads\/2013\/02\/roc_405_01-800x600.jpg 800w, https:\/\/vhrc.fr\/wp-content\/uploads\/2013\/02\/roc_405_01.jpg 1024w\" sizes=\"auto, (max-width: 400px) 100vw, 400px\" \/><\/a>\n<h4 class=\"pt-cv-title\"><a href=\"https:\/\/vhrc.fr\/en\/voitures\/mrc\/peugeot-405-t16\/\" class=\"_self\" target=\"_self\" >peugeot 405 t16<\/a><\/h4>\n<div class=\"pt-cv-content\">La Peugeot 405 Turbo16 piste ou TT sortie \u00e9t\u00e9 92: inspir\u00e9e de la championne Rallye et Rallye Raid Apr\u00e8s une ...<br \/><div class=\"pt-cv-rmwrap\"><a href=\"https:\/\/vhrc.fr\/en\/voitures\/mrc\/peugeot-405-t16\/\" class=\"_self pt-cv-readmore btn btn-success\" target=\"_self\">Lire La Suite\u2026<\/a><\/div><\/div><\/div><\/div>\n<div class=\"col-md-6 col-sm-6 col-xs-12 pt-cv-content-item pt-cv-1-col\" ><div class='pt-cv-ifield'><a href=\"https:\/\/vhrc.fr\/en\/voitures\/mrc\/renault-clio-16s\/\" class=\"_self pt-cv-href-thumbnail pt-cv-thumb-default\" target=\"_self\" ><img loading=\"lazy\" decoding=\"async\" width=\"400\" height=\"264\" src=\"https:\/\/vhrc.fr\/wp-content\/uploads\/2012\/12\/leopard-68-numari10-500x330.jpg\" class=\"pt-cv-thumbnail\" alt=\"\" srcset=\"https:\/\/vhrc.fr\/wp-content\/uploads\/2012\/12\/leopard-68-numari10-500x330.jpg 500w, https:\/\/vhrc.fr\/wp-content\/uploads\/2012\/12\/leopard-68-numari10.jpg 800w\" sizes=\"auto, (max-width: 400px) 100vw, 400px\" \/><\/a>\n<h4 class=\"pt-cv-title\"><a href=\"https:\/\/vhrc.fr\/en\/voitures\/mrc\/renault-clio-16s\/\" class=\"_self\" target=\"_self\" >Renault Clio 16s<\/a><\/h4>\n<div class=\"pt-cv-content\">La Renault Clio 16s MRC au 1:4 sortie 1993 : mod\u00e8le de course au \"vrai\" 1\/4 Auto 8 mars 93 ...<br \/><div class=\"pt-cv-rmwrap\"><a href=\"https:\/\/vhrc.fr\/en\/voitures\/mrc\/renault-clio-16s\/\" class=\"_self pt-cv-readmore btn btn-success\" target=\"_self\">Lire La Suite\u2026<\/a><\/div><\/div><\/div><\/div><\/div><\/div><\/div>","protected":false},"excerpt":{"rendered":"<p>les voitures Model Racing Car,ex fabricant fran\u00e7ais voitures au 1\/4 et 1\/5e. avant de se contenter de l&rsquo;importation MRC a<\/p>","protected":false},"author":5,"featured_media":1130,"parent":138,"menu_order":0,"comment_status":"open","ping_status":"open","template":"","meta":{"colormag_page_container_layout":"default_layout","colormag_page_sidebar_layout":"default_layout","footnotes":""},"class_list":["post-187","page","type-page","status-publish","has-post-thumbnail","hentry"],"_links":{"self":[{"href":"https:\/\/vhrc.fr\/en\/wp-json\/wp\/v2\/pages\/187","targetHints":{"allow":["GET"]}}],"collection":[{"href":"https:\/\/vhrc.fr\/en\/wp-json\/wp\/v2\/pages"}],"about":[{"href":"https:\/\/vhrc.fr\/en\/wp-json\/wp\/v2\/types\/page"}],"author":[{"embeddable":true,"href":"https:\/\/vhrc.fr\/en\/wp-json\/wp\/v2\/users\/5"}],"replies":[{"embeddable":true,"href":"https:\/\/vhrc.fr\/en\/wp-json\/wp\/v2\/comments?post=187"}],"version-history":[{"count":31,"href":"https:\/\/vhrc.fr\/en\/wp-json\/wp\/v2\/pages\/187\/revisions"}],"predecessor-version":[{"id":8805,"href":"https:\/\/vhrc.fr\/en\/wp-json\/wp\/v2\/pages\/187\/revisions\/8805"}],"up":[{"embeddable":true,"href":"https:\/\/vhrc.fr\/en\/wp-json\/wp\/v2\/pages\/138"}],"wp:featuredmedia":[{"embeddable":true,"href":"https:\/\/vhrc.fr\/en\/wp-json\/wp\/v2\/media\/1130"}],"wp:attachment":[{"href":"https:\/\/vhrc.fr\/en\/wp-json\/wp\/v2\/media?parent=187"}],"curies":[{"name":"wp","href":"https:\/\/api.w.org\/{rel}","templated":true}]}}