{"id":202,"date":"2010-01-05T22:01:25","date_gmt":"2010-01-05T21:01:25","guid":{"rendered":"http:\/\/vhrc.fr\/?page_id=202"},"modified":"2017-03-29T18:05:22","modified_gmt":"2017-03-29T17:05:22","slug":"bmw-m3-gtr-e36","status":"publish","type":"page","link":"https:\/\/vhrc.fr\/en\/voitures\/yankee\/bmw-m3-gtr-e36\/","title":{"rendered":"BMW M3 GTR E36"},"content":{"rendered":"<figure style=\"width: 300px\" class=\"wp-caption alignnone\"><img loading=\"lazy\" decoding=\"async\" class=\"size-large\" src=\"http:\/\/vhrc.fr\/wp-content\/gallery\/bmw-e36\/cache_300x0\/yankeebmw-e30_bmw-1.jpg\" width=\"300\" height=\"203\" \/><figcaption class=\"wp-caption-text\">bmw e36 1:4 gtr yankee<\/figcaption><\/figure>\n<p>Bonjour \u00e0 tous,<\/p>\n<p>Nostalgie d\u2019une auto \u00bc <strong>Yankee<\/strong>, la BMW serie 3 \u00ab\u00a0E36\u00a0\u00bb version Racing mod\u00e8le 1995, dans son jus, \u00e9quip\u00e9e du fameux moteur \u00ab F7 \u00bb 25cm3, Fox Motori (italia)\u2026<\/p>\n<p>J\u2019ai voulu vous montrer cette carrosserie pour la beaut\u00e9 de la r\u00e9alisation du constructeur et faire d\u00e9couvrir ses formes \u00e0 ceux qui ne l\u2019ont pas connue \u00e9tant donn\u00e9 la raret\u00e9 de ce mod\u00e8le\u2026<\/p>\n<p>Cette auto avec laquelle mon fils Brice a couru quelques manches en Championnat de France \u00bc Gt, avant de passer \u00e0 la Venturi ; des souvenirs inoubliables, j\u2019\u00e9tais le meccano.<br \/>\nC\u2019\u00e9tait la belle \u00e9poque du \u00bc, le constructeur Yankee en \u00ab plein essor \u00bb fabriquait de fabuleuses autos avec des carrosseries d\u2019un r\u00e9alisme du plus haut niveau\u2026<br \/>\nIl m\u2019arrive de regretter la cr\u00e9ativit\u00e9 et l\u2019avance technologique permanente de ce fabricant\u2026<\/p>\n<p>Pour la petite histoire, depuis 1989 nous n\u2019avons jamais arr\u00eat\u00e9 de rouler avec nos \u00bc \u00e0 Villeneuve les Avignon, la marque Yankee a toujours \u00e9t\u00e9 repr\u00e9sent\u00e9e.<br \/>\nAussi, je suis ravi que l\u2019activit\u00e9 Yankee renaisse, la rel\u00e8ve est assur\u00e9e.<br \/>\nQu\u2019allons nous d\u00e9couvrir, j\u2019en br\u00fble d\u2019impatience !<br \/>\nMerci \u00e0 vous les passionn\u00e9s\u2026<\/p>\n<p>(Luc mer 15 oct 2008 sur forum Yankee)<\/p>\n<h1>photos<\/h1>\n<p>&nbsp;<\/p>\n<p>[foldergallery folder=\u00a0\u00bbwp-content\/gallery\/bmw-e36&Prime; title=\u00a0\u00bbgalerie photo\u00a0\u00bb]<\/p>\n","protected":false},"excerpt":{"rendered":"<p>Bonjour \u00e0 tous, Nostalgie d\u2019une auto \u00bc Yankee, la BMW serie 3 \u00ab\u00a0E36\u00a0\u00bb version Racing mod\u00e8le 1995, dans son jus,<\/p>","protected":false},"author":5,"featured_media":2672,"parent":183,"menu_order":0,"comment_status":"open","ping_status":"open","template":"","meta":{"colormag_page_container_layout":"default_layout","colormag_page_sidebar_layout":"default_layout","footnotes":""},"class_list":["post-202","page","type-page","status-publish","has-post-thumbnail","hentry"],"_links":{"self":[{"href":"https:\/\/vhrc.fr\/en\/wp-json\/wp\/v2\/pages\/202","targetHints":{"allow":["GET"]}}],"collection":[{"href":"https:\/\/vhrc.fr\/en\/wp-json\/wp\/v2\/pages"}],"about":[{"href":"https:\/\/vhrc.fr\/en\/wp-json\/wp\/v2\/types\/page"}],"author":[{"embeddable":true,"href":"https:\/\/vhrc.fr\/en\/wp-json\/wp\/v2\/users\/5"}],"replies":[{"embeddable":true,"href":"https:\/\/vhrc.fr\/en\/wp-json\/wp\/v2\/comments?post=202"}],"version-history":[{"count":10,"href":"https:\/\/vhrc.fr\/en\/wp-json\/wp\/v2\/pages\/202\/revisions"}],"predecessor-version":[{"id":7892,"href":"https:\/\/vhrc.fr\/en\/wp-json\/wp\/v2\/pages\/202\/revisions\/7892"}],"up":[{"embeddable":true,"href":"https:\/\/vhrc.fr\/en\/wp-json\/wp\/v2\/pages\/183"}],"wp:featuredmedia":[{"embeddable":true,"href":"https:\/\/vhrc.fr\/en\/wp-json\/wp\/v2\/media\/2672"}],"wp:attachment":[{"href":"https:\/\/vhrc.fr\/en\/wp-json\/wp\/v2\/media?parent=202"}],"curies":[{"name":"wp","href":"https:\/\/api.w.org\/{rel}","templated":true}]}}