{"id":2113,"date":"2012-01-29T10:11:07","date_gmt":"2012-01-29T09:11:07","guid":{"rendered":"http:\/\/vhrc.fr\/?page_id=2113"},"modified":"2025-07-08T09:22:53","modified_gmt":"2025-07-08T08:22:53","slug":"2012-m1-montpellier","status":"publish","type":"page","link":"https:\/\/vhrc.fr\/en\/historique\/vhrc-lhistorique\/2012-vhrc\/2012-m1-montpellier\/","title":{"rendered":"2012 M01 Montpellier"},"content":{"rendered":"<p>ouverture de la saison 2012 chez nos amis de Montpellier le 26 F\u00e9vrier 2012.<\/p>\n<p>Vid\u00e9o par Stef<br \/>\n<object width=\"853\" height=\"480\"><param name=\"movie\" value=\"http:\/\/www.youtube.com\/v\/GIQ-B3eH30w?version=3&amp;hl=fr_FR&amp;rel=0\"><\/param><param name=\"allowFullScreen\" value=\"true\"><\/param><param name=\"allowscriptaccess\" value=\"always\"><\/param><embed src=\"http:\/\/www.youtube.com\/v\/GIQ-B3eH30w?version=3&amp;hl=fr_FR&amp;rel=0\" type=\"application\/x-shockwave-flash\" width=\"853\" height=\"480\" allowscriptaccess=\"always\" allowfullscreen=\"true\"><\/embed><\/object><br \/>\n&nbsp;<\/p>\n<h1>R\u00e9sum\u00e9 par Lugia<\/h1>\n<p>Enfin , ouverture de la saison 2012 du \u2018VHRC , 1\u00e9re manche le 26\/02 \u00e0 Montpellier \u00ab Grammont \u00bb neuf pilotes ont r\u00e9pondu pr\u00e9sent.<\/p>\n<p>Des conditions climatiques id\u00e9ales ,19\u00b0 sans vent , beaucoup de cat\u00e9gories pour l\u2019organisation sans failles du club ,nous am\u00e8neront a des courses \u00e9poustouflantes .<\/p>\n<p>Les pilotes du VHRC , fin pr\u00eat ont eu le temps de \u2018m\u00e9caniquer\u2019 cet hiver bien au chaud , d\u2019affuter leurs bolides \u00e0 l\u2019echelle \u00bc\u2026\u2026\u2026.<\/p>\n<p>En ce d\u00e9but d\u2019ann\u00e9e nous apercevons avec ravissement de nouvelles carrosseries<\/p>\n<p>Pour citer : Nissan 300sx ,Porsche 930 ,Ford GT 40 ,Viper GTR , R21 turbo\u2026\u2026.<\/p>\n<p>A noter au sein des pilotes , la pr\u00e9sence d\u2019un \u00e9l\u00e9ment f\u00e9minin , Ellen Dr\u00f4ne sur<\/p>\n<p>Porsche 930 venant de DIJON\u2026, Bernard Savajano revient \u00e0 la comp\u00e9t, apr\u00e8s plusieurs ann\u00e9es d\u2019arr\u00eat,Porsche 930.<\/p>\n<p>Dans le \u2018Paddock\u2019 D\u00e9s 8h du matin ,le sourire aux l\u00e8vres les pilotes tr\u00e8s affair\u00e9s peaufinent les r\u00e9glages ,menu du jour :3 Qualifs de 5 minutes le matin et une finale de 30 minutes l\u2019apr\u00e8s midi.<\/p>\n<h3>Qualifications<\/h3>\n<p>Dans les qualifs, Patrick Bols\u00e9e , changera un servo \u2026.Daniel B\u00e9gou ayant oubli\u00e9 sa radio \u00e0 la maison , prendra l\u2019\u00e9lectronique de son \u00ab mulet \u00bb. Ellen et son meccano pr\u00e9f\u00e9r\u00e9, mettront du temps \u00e0 trouver la bonne monte de pneus. Brice arrivera en retard ,ne fera qu\u2019une Qualif\u2026.et fondra un pignon de transmission. Marc avec sa nouvelle Nissan angoisse \u2018 la touchette\u2019\u2026\u2026.Julien a beaucoup travaill\u00e9 sur l\u2019auto et fera de bonnes qualifs , R\u00e9mi toujours pr\u00eat a rendre service \u2018 p\u00eatera \u2018 de bons temps en qualifs. Bernard tout doucement cherchera les sensations du pilotage .<\/p>\n<p>La majorit\u00e9 du plateau roulera en gomme.<\/p>\n<p>A l\u2019issu des Qualifs ,le classement : 1er P.Bols\u00e9e . Viper. 2\u00e9 Lugia Porsche.<\/p>\n<p>3\u00e9 R.Coronas . Porsche.<\/p>\n<p>Constat :<\/p>\n<p>les 6 premiers des qualifs se retrouvent dans les m\u00eames temps\u2026..Les pr\u00e9parations des autos sont tr\u00e8s proches et cela est tant mieux ,car plus de comp\u00e9titivit\u00e9 au sein des pilotes\u2026..<\/p>\n<p>Apr\u00e8s un repas tir\u00e9 du sac , la finale de 30 minutes en dessert nous attends , pour certains cela allait \u00eatre une premi\u00e8re ,car g\u00e9n\u00e9ralement habitu\u00e9s \u00e0 faire deux fois 15 minutes . Les discussions vont bon train , aurais-je assez d\u2019essence ? Les pneus avec la chaleur vont ils tenir ?<\/p>\n<h3>\u00a0Finale<\/h3>\n<p>Faits de courses :<\/p>\n<p>Tous conscients de la distance d\u00e9part correct. Enfin presque ,Julien ne terminera pas , un servo de direction claquera\u2026. R\u00e9mi un accrochage l\u2019immobilisera. Marc apr\u00e8s un arr\u00eat assez long dans les stands repartira le couteau entre les dents ,Patrick nous fera un tonneau sans cons\u00e9quence, tringlerie des gazs qui se coince repartira , Daniel accrochage repartira et roulera plein pot pour remonter . Ellen fera une course r\u00e9guli\u00e8re en tenant toute la piste\u2026.. Bernard fera son bout de chemin sans forcer , terminera .<\/p>\n<p>Lugia stoppera deux tours ,le temps de r\u00e9gler le moteur devenu pauvre ,la chaleur !<\/p>\n<p>Brice imp\u00e9rial , r\u00e9gularit\u00e9 efficacit\u00e9 avait mis ses 21 turbos au taquet !<\/p>\n<p>&nbsp;<\/p>\n<h1>Les podiums.<\/h1>\n<p>Historique : 1er D B\u00e9gou .Gt40 Ford. 2\u00e9 Ellen Dr\u00f4ne .Porsche. 3\u00e9 P. Bols\u00e9e .Viper GTR.<\/p>\n<p>Libre : 1er .B . Giardini . Renault 21 turbo. 2\u00e9 Lugia. Porsche. 3\u00e9 B. Savajano .Porsche.<\/p>\n<p>Belle journ\u00e9e de courses, la passion , la convivialit\u00e9 , la joie \u00e9taient au RDV. Les pilotes attendent la prochaine manche qui se d\u00e9roulera \u00e0 Pierrelatte dans la Dr\u00f4me.<\/p>\n<p>Le 11\/ Mars. Vive le \u00bc\u2026\u2026\u2026..<\/p>\n<p>&nbsp;<\/p>\n<p>Challenge 2012 du VHRC \u00bc. Manche 2.<\/p>\n<p>Course du : 11 \/ 03\/ 2012.<\/p>\n<p>Lieu : Pierrelatte.<\/p>\n<p>&nbsp;<\/p>\n<p>&#8211; Circuit de l\u2019A\u00e9rodrome. 26. Dr\u00f4me. Engagement \u00e0 la course : M .2.<\/p>\n<p>&nbsp;<\/p>\n<p>-Date limite de l\u2019engagement le 04\/03\/2012..<\/p>\n<p>&nbsp;<\/p>\n<p>Nom :\u2026\u2026\u2026\u2026\u2026\u2026\u2026\u2026\u2026<\/p>\n<p>Pr\u00e9nom :\u2026\u2026\u2026\u2026\u2026\u2026\u2026\u2026.<\/p>\n<p>N\u00b0 de puce perso : \u2026\u2026\u2026\u2026\u2026\u2026..<\/p>\n<p>Votre Cat\u00e9gorie : Historique :\u2026\u2026\u2026\u2026. Libre :\u2026\u2026\u2026..<\/p>\n<p>&nbsp;<\/p>\n<p>Attention :<\/p>\n<p>1) Amener votre ou vos repas et boissons.<\/p>\n<p>2) Des v\u00eatements chauds\u2026<\/p>\n<p>3) Le circuit sera ouvert \u00e0 08h00.<\/p>\n<p>4) D\u00e9but des Qualifs \u00e0 10h.<\/p>\n<p>&nbsp;<\/p>\n<p>Organis\u00e9 par V.Models. Comptage : Fred et Stan<\/p>\n<p>&nbsp;<\/p>\n<p>Inscription :<\/p>\n<p>Envoie par courrier \u00e0 l\u2019adresse suivante :<\/p>\n<p>VHRC . 16 rue de la Monnaie .30400<\/p>\n<p>Villeneuve les Avignon.<\/p>\n<p>lugia<\/p>\n<h1>Photos<\/h1>\n<p><a href=\"http:\/\/vhrc.fr\/wp-content\/uploads\/2012\/01\/m1vhrc2012_01.jpg\"><img loading=\"lazy\" decoding=\"async\" class=\"alignnone size-full wp-image-2191\" title=\"m1vhrc2012_01\" src=\"http:\/\/vhrc.fr\/wp-content\/uploads\/2012\/01\/m1vhrc2012_01.jpg\" alt=\"\" width=\"600\" height=\"450\" srcset=\"https:\/\/vhrc.fr\/wp-content\/uploads\/2012\/01\/m1vhrc2012_01.jpg 960w, https:\/\/vhrc.fr\/wp-content\/uploads\/2012\/01\/m1vhrc2012_01-500x375.jpg 500w, https:\/\/vhrc.fr\/wp-content\/uploads\/2012\/01\/m1vhrc2012_01-800x600.jpg 800w\" sizes=\"auto, (max-width: 600px) 100vw, 600px\" \/><\/a><\/p>\n<h2>Photos de St\u00e9phane<\/h2>\n<p>[nggallery id=82 template=caption]<\/p>\n<h2>d&rsquo;autres\u00a0\u00a0 <a href=\"http:\/\/www.facebook.com\/media\/set\/?set=a.3154950645890.139383.1628910144&amp;type=3\">photos\u00a0d&rsquo;Ellen ICI<\/a><\/h2>\n<p>&gt; galerie des <a title=\"galerie\" href=\"https:\/\/picasaweb.google.com\/101927760957968692890\/ModelismeAutoRCCourseMontpellier\" target=\"_blank\">photos de la F1 et du RallyGame<\/a><\/p>\n<p><a href=\"https:\/\/picasaweb.google.com\/101927760957968692890\/ModelismeAutoRCCourseMontpellier#5714461576393280354\" target=\"_blank\"><img loading=\"lazy\" decoding=\"async\" class=\"alignnone\" title=\"f1\" src=\"https:\/\/lh6.googleusercontent.com\/-PB1BHs21Hzk\/T03YhveKS2I\/AAAAAAAAB6g\/wkQ8Xm_yH-s\/s800\/IMG_0021.jpg\" alt=\"\" width=\"598\" height=\"448\" \/><\/a><\/p>\n<p>&nbsp;<\/p>\n<h1>Classement<\/h1>\n<p><a href=\"http:\/\/vhrc.fr\/wp-content\/uploads\/2012\/01\/m1vhrc2012_03.jpg\"><img loading=\"lazy\" decoding=\"async\" class=\"alignnone size-full wp-image-2193\" title=\"m1vhrc2012_03\" src=\"http:\/\/vhrc.fr\/wp-content\/uploads\/2012\/01\/m1vhrc2012_03.jpg\" alt=\"\" width=\"600\" height=\"450\" srcset=\"https:\/\/vhrc.fr\/wp-content\/uploads\/2012\/01\/m1vhrc2012_03.jpg 800w, https:\/\/vhrc.fr\/wp-content\/uploads\/2012\/01\/m1vhrc2012_03-500x375.jpg 500w\" sizes=\"auto, (max-width: 600px) 100vw, 600px\" \/><\/a><br \/>\nPodium historique<\/p>\n<p>1er D B\u00e9gou .Gt40 Ford. 2\u00e9 Ellen Dr\u00f4ne .Porsche. 3\u00e9 P. Bols\u00e9e .Viper GTR.<\/p>\n<p><a href=\"http:\/\/vhrc.fr\/wp-content\/uploads\/2012\/01\/m1vhrc2012_02.jpg\"><img loading=\"lazy\" decoding=\"async\" class=\"alignnone size-full wp-image-2192\" title=\"m1vhrc2012_02\" src=\"http:\/\/vhrc.fr\/wp-content\/uploads\/2012\/01\/m1vhrc2012_02.jpg\" alt=\"\" width=\"595\" height=\"446\" srcset=\"https:\/\/vhrc.fr\/wp-content\/uploads\/2012\/01\/m1vhrc2012_02.jpg 800w, https:\/\/vhrc.fr\/wp-content\/uploads\/2012\/01\/m1vhrc2012_02-500x375.jpg 500w\" sizes=\"auto, (max-width: 595px) 100vw, 595px\" \/><\/a><br \/>\npodium Libre<\/p>\n<p>1er .B . Giardini . Renault 21 turbo. 2\u00e9 Lugia. Porsche. 3\u00e9 B. Savajano .Porsche.<\/p>\n<h1>Programme<\/h1>\n<p>&nbsp;<\/p>\n<p>La 1\u00e9re course \u00e0 Montpellier est une amicale organis\u00e9e par le club de l&rsquo;Amo. Il n&rsquo;y aura pas de remise de prix.<\/p>\n<p><a href=\"http:\/\/vhrc.fr\/wp-content\/uploads\/2012\/01\/sandwich.jpg\"><img loading=\"lazy\" decoding=\"async\" class=\"alignnone size-medium wp-image-2145\" title=\"sandwich\" src=\"http:\/\/vhrc.fr\/wp-content\/uploads\/2012\/01\/sandwich-300x171.jpg\" alt=\"\" width=\"300\" height=\"171\" \/><\/a><\/p>\n<p><strong><span style=\"color: #ff0000;\">Attention ! il n&rsquo;y aura pas de restauration sur place, donc amener vos ou votre repas, seule une buvette sera ouverte !<\/span><\/strong><\/p>\n<p>Si il neige amenez les chaines, on a connu cela en 2010.\u00a0 Lugia.<\/p>\n<h2>le <a href=\"http:\/\/amo34.xooit.fr\/index.php\">club<\/a><\/h2>\n<p><a href=\"http:\/\/vhrc.fr\/wp-content\/uploads\/2012\/01\/circuit-AMO-montpellier-satellite1.jpg\"><img loading=\"lazy\" decoding=\"async\" class=\"alignnone size-full wp-image-2135\" title=\"circuit AMO montpellier satellite\" src=\"http:\/\/vhrc.fr\/wp-content\/uploads\/2012\/01\/circuit-AMO-montpellier-satellite1.jpg\" alt=\"\" width=\"880\" height=\"547\" srcset=\"https:\/\/vhrc.fr\/wp-content\/uploads\/2012\/01\/circuit-AMO-montpellier-satellite1.jpg 1000w, https:\/\/vhrc.fr\/wp-content\/uploads\/2012\/01\/circuit-AMO-montpellier-satellite1-500x311.jpg 500w, https:\/\/vhrc.fr\/wp-content\/uploads\/2012\/01\/circuit-AMO-montpellier-satellite1-800x498.jpg 800w\" sizes=\"auto, (max-width: 880px) 100vw, 880px\" \/><\/a><\/p>\n<h1>la course<\/h1>\n<p><a href=\"http:\/\/vhrc.fr\/wp-content\/uploads\/2012\/01\/amco-26fev-30.png\"><img loading=\"lazy\" decoding=\"async\" class=\"alignnone size-full wp-image-2116\" title=\"amco-26fev-30\" src=\"http:\/\/vhrc.fr\/wp-content\/uploads\/2012\/01\/amco-26fev-30.png\" alt=\"course 1:4 amco montpellier 2012 vhrc\" width=\"516\" height=\"387\" srcset=\"https:\/\/vhrc.fr\/wp-content\/uploads\/2012\/01\/amco-26fev-30.png 800w, https:\/\/vhrc.fr\/wp-content\/uploads\/2012\/01\/amco-26fev-30-500x375.png 500w\" sizes=\"auto, (max-width: 516px) 100vw, 516px\" \/><\/a><\/p>\n<h2>Inscription<\/h2>\n<p>fiche d&rsquo;inscription \u00e0 t\u00e9l\u00e9charger ici <a title=\"engagement m1 2012\" href=\"http:\/\/vhrc.fr\/wp-content\/uploads\/2012\/01\/VHRC_2012_engagement_M1_montpellier.pdf\">VHRC_2012_engagement_M1_montpellier<\/a><\/p>\n<p><a title=\"engagement 2012 m1\" href=\"http:\/\/vhrc.fr\/wp-content\/uploads\/2012\/01\/VHRC_2012_engagement_M1_montpellier.pdf\"><img loading=\"lazy\" decoding=\"async\" class=\"alignnone size-full wp-image-2114\" title=\"inscription-m1-2012\" src=\"http:\/\/vhrc.fr\/wp-content\/uploads\/2012\/01\/inscription-m1-2012.jpg\" alt=\"\" width=\"131\" height=\"164\" \/><\/a><\/p>\n","protected":false},"excerpt":{"rendered":"<p>ouverture de la saison 2012 chez nos amis de Montpellier le 26 F\u00e9vrier 2012. Vid\u00e9o par Stef &nbsp; R\u00e9sum\u00e9 par<\/p>","protected":false},"author":5,"featured_media":2116,"parent":2091,"menu_order":0,"comment_status":"closed","ping_status":"closed","template":"","meta":{"colormag_page_container_layout":"default_layout","colormag_page_sidebar_layout":"default_layout","footnotes":""},"class_list":["post-2113","page","type-page","status-publish","has-post-thumbnail","hentry"],"_links":{"self":[{"href":"https:\/\/vhrc.fr\/en\/wp-json\/wp\/v2\/pages\/2113","targetHints":{"allow":["GET"]}}],"collection":[{"href":"https:\/\/vhrc.fr\/en\/wp-json\/wp\/v2\/pages"}],"about":[{"href":"https:\/\/vhrc.fr\/en\/wp-json\/wp\/v2\/types\/page"}],"author":[{"embeddable":true,"href":"https:\/\/vhrc.fr\/en\/wp-json\/wp\/v2\/users\/5"}],"replies":[{"embeddable":true,"href":"https:\/\/vhrc.fr\/en\/wp-json\/wp\/v2\/comments?post=2113"}],"version-history":[{"count":16,"href":"https:\/\/vhrc.fr\/en\/wp-json\/wp\/v2\/pages\/2113\/revisions"}],"predecessor-version":[{"id":9958,"href":"https:\/\/vhrc.fr\/en\/wp-json\/wp\/v2\/pages\/2113\/revisions\/9958"}],"up":[{"embeddable":true,"href":"https:\/\/vhrc.fr\/en\/wp-json\/wp\/v2\/pages\/2091"}],"wp:featuredmedia":[{"embeddable":true,"href":"https:\/\/vhrc.fr\/en\/wp-json\/wp\/v2\/media\/2116"}],"wp:attachment":[{"href":"https:\/\/vhrc.fr\/en\/wp-json\/wp\/v2\/media?parent=2113"}],"curies":[{"name":"wp","href":"https:\/\/api.w.org\/{rel}","templated":true}]}}