{"id":215,"date":"2010-01-05T22:45:34","date_gmt":"2010-01-05T21:45:34","guid":{"rendered":"http:\/\/vhrc.fr\/?page_id=215"},"modified":"2012-06-15T08:17:01","modified_gmt":"2012-06-15T07:17:01","slug":"twingo-yankee","status":"publish","type":"page","link":"https:\/\/vhrc.fr\/en\/voitures\/yankee\/twingo-yankee\/","title":{"rendered":"Renault Twingo"},"content":{"rendered":"<p><a href=\"http:\/\/vhrc.fr\/wp-content\/uploads\/2010\/01\/yankee_twingo_03.jpg\"><img loading=\"lazy\" decoding=\"async\" class=\"alignnone size-medium wp-image-2685\" title=\"yankee_twingo_03\" src=\"http:\/\/vhrc.fr\/wp-content\/uploads\/2010\/01\/yankee_twingo_03-300x200.jpg\" alt=\"\" width=\"300\" height=\"200\" \/><\/a><\/p>\n<h2>Coup de C\u0153ur, la <strong>Twingo<\/strong> \u00bc Yankee.<\/h2>\n<p>[singlepic id=70 w=640 h=480 float=]<\/p>\n<p>Le constructeur RENAULT, apr\u00e8s la 4L, l\u2019infatigable super 5 et l\u2019ind\u00e9tr\u00f4nable Clio, inventa la \u00ab TWINGO \u00bb, surprenante r\u00e9ussite commerciale\u2026<br \/>\nEn 1994, Yankee lui embo\u00eeta le pas.<\/p>\n<h2>CARROSSERIE :<\/h2>\n<p>[singlepic id=71 w=640 h=480 float=]<\/p>\n<p>Une gueule d\u2019amour avec ses ailes joufflues, ses bas de caisse l\u00e9chant le bitume, ses roues et pneus tailles basses au raz des ailes.<br \/>\nLe spoiler avant surmont\u00e9 d\u2019\u00e9normes prises d\u2019air, un aileron de toit et un bouclier arri\u00e8re donnent une auto compacte, rondouillarde mais au look muscl\u00e9.<\/p>\n<h2>MECANIQUE :<\/h2>\n<p>Fait nouveau sur la twingo, on trouve de nouveaux moyeux 5 branches \u00e0 d\u00e9ports.<br \/>\nDe nouveaux triangles inf\u00e9rieur avant en nylon noir ; sp\u00e9cifique de part leur forme, afin de laisser passer les bras de direction du turn-force ; celui-ci se trouvant plac\u00e9 au raz du ch\u00e2ssis en position avanc\u00e9e.<br \/>\nUn arceau, arri\u00e8re vient supporter une hauteur de carrosserie importante.<br \/>\nLe ch\u00e2ssis est en aluminium, peint en noir.<br \/>\nLe moteur, le G2D Z\u00e9noah : 22 cm3, surmont\u00e9 d\u2019une longue bougie et d\u2019un antiparasite (bosch) blind\u00e9.<br \/>\nL\u2019\u00e9chappement est la gamelle Z\u00e9noah origine.<br \/>\nLes amortisseurs sont les mod\u00e8les hydrauliques longs avec ressorts rouges.<br \/>\nUn rapport de transmission primaire de : 19&#215;44.<\/p>\n<p>Nous trouvons un empattement de 58 cm, longueur 86 cm (3cm de plus qu\u2019une Porsche 930), son poids est de 11.500 kg.<br \/>\nLes premi\u00e8res carrosseries livr\u00e9es \u00e9taient en ABS. Par la suite le lexan se g\u00e9n\u00e9ralisa, plus r\u00e9sistant et surtout moins lourd.<br \/>\nUne superbe planche d\u2019autocollants tr\u00e8s fournie, comme Yankee savait si bien le faire.<\/p>\n<p>Au fait ! \u00c0 l\u2019\u00e9poque on trouvait aussi, comme chez tout constructeur qui se respecte, un catalogue d\u2019options Yankee pour la Twingo (Bingo) :<br \/>\nBavettes lat\u00e9rales (\u00e9vitant de salir le ch\u00e2ssis).<br \/>\nBarres antiroulis : Av et AR, permettant de supprimer les limiteurs de d\u00e9battement.<br \/>\nEmbrayage t\u00e9flon r\u00e9glable<br \/>\nCoude et r\u00e9sonateur (noir).<br \/>\nCarburateur gros diam\u00e8tre<br \/>\nVolant moteur all\u00e9g\u00e9<br \/>\nCh\u00e2ssis carbone (Tecma)<br \/>\nCorps de diff\u00e9rentiel aluminium<\/p>\n<p>R\u00e9glages :<br \/>\n&#8211; Ch\u00e2ssis<br \/>\nTrims de la radio au neutre, nos roues avant doivent \u00eatre bien droites<br \/>\nA l\u2019arri\u00e8re, 2\u00b0 de pincement et 3 mm de carrossage en haut de la roue.<br \/>\nLes amortisseurs : Viscosit\u00e9 de l\u2019huile 750 \u00e0 l\u2019arri\u00e8re et 1000 \u00e0 l\u2019avant.<br \/>\nBien \u00ab d\u00e9buller \u00bb au remplissage ces amortisseurs gros volume.<br \/>\nAttention ne pas m\u00e9langer les marques de fabricants d\u2019huile, ils n\u2019ont pas les m\u00eames r\u00e9f\u00e9rences.<br \/>\nR\u00e9glage hauteur de caisse : de 12 a 15 mm et relever le ch\u00e2ssis jusqu&rsquo;\u00e0 20 mm sans que les roues ne d\u00e9collent.<\/p>\n<p>&#8211; Moteur<br \/>\nLe G2D\u2026\u2026.. Amener un soin tout particulier au r\u00e9glage de la carburation de base d\u2019abord. 1 tour 1\/8 a la reprise. L. et 1 tour a la Pointe .H.<br \/>\nSelon la m\u00e9t\u00e9o, 1 tour \u00bc reprise et 1 tour \u00bc a la pointe.<\/p>\n<h2>ET \u00e7a ROULE.<\/h2>\n<p>[singlepic id=72 w=640 h=480 float=]<\/p>\n<p>Facile a transporter, pas besoin d\u2019un \u00ab break \u00bb pour la v\u00e9hiculer, de la maison au circuit.<br \/>\nRadio charg\u00e9e, plein fait \u00e0 3% d\u2019une bonne huile de synth\u00e8se 2 temps.<br \/>\nQuatre bons pneus et nous voila par\u00e9\u2026\u2026..pour du loisir.<\/p>\n<p>Notre \u2018 Batracien\u2019 peut chanter sur l\u2019air du ZENOAH.<br \/>\nMiss Twingo prend la piste, vive dans le sinueux, elle saute de n\u00e9nuphars en virages avec agilit\u00e9. Elle aborde les grandes courbes avec une l\u00e9g\u00e8re d\u00e9rive du train arri\u00e8re (survirage), mais vu la vitesse de l\u2019auto qui comme son pilote est tr\u00e8s raisonnable, tout se rattrape facilement.<\/p>\n<p>Attachante, cette Twingo \u00e0 beaucoup de charme.<br \/>\nCertains disent qu\u2019elle ressemble \u00e0 une grenouille avec ses yeux ronds, mais roulez devant des spectateurs et vous verrez l\u2019effet produit par cette auto que tout le monde reconna\u00eet.<\/p>\n<p>[singlepic id=73 w=640 h=480 float=]<\/p>\n<p>[singlepic id=74 w=640 h=480 float=]<\/p>\n<p>[singlepic id=90 w=640 h=480 float=]<\/p>\n","protected":false},"excerpt":{"rendered":"<p>Coup de C\u0153ur, la Twingo \u00bc Yankee. [singlepic id=70 w=640 h=480 float=] Le constructeur RENAULT, apr\u00e8s la 4L, l\u2019infatigable super<\/p>\n","protected":false},"author":5,"featured_media":2685,"parent":183,"menu_order":0,"comment_status":"open","ping_status":"open","template":"","meta":{"colormag_page_container_layout":"default_layout","colormag_page_sidebar_layout":"default_layout","footnotes":""},"class_list":["post-215","page","type-page","status-publish","has-post-thumbnail","hentry"],"_links":{"self":[{"href":"https:\/\/vhrc.fr\/en\/wp-json\/wp\/v2\/pages\/215","targetHints":{"allow":["GET"]}}],"collection":[{"href":"https:\/\/vhrc.fr\/en\/wp-json\/wp\/v2\/pages"}],"about":[{"href":"https:\/\/vhrc.fr\/en\/wp-json\/wp\/v2\/types\/page"}],"author":[{"embeddable":true,"href":"https:\/\/vhrc.fr\/en\/wp-json\/wp\/v2\/users\/5"}],"replies":[{"embeddable":true,"href":"https:\/\/vhrc.fr\/en\/wp-json\/wp\/v2\/comments?post=215"}],"version-history":[{"count":8,"href":"https:\/\/vhrc.fr\/en\/wp-json\/wp\/v2\/pages\/215\/revisions"}],"predecessor-version":[{"id":2686,"href":"https:\/\/vhrc.fr\/en\/wp-json\/wp\/v2\/pages\/215\/revisions\/2686"}],"up":[{"embeddable":true,"href":"https:\/\/vhrc.fr\/en\/wp-json\/wp\/v2\/pages\/183"}],"wp:featuredmedia":[{"embeddable":true,"href":"https:\/\/vhrc.fr\/en\/wp-json\/wp\/v2\/media\/2685"}],"wp:attachment":[{"href":"https:\/\/vhrc.fr\/en\/wp-json\/wp\/v2\/media?parent=215"}],"curies":[{"name":"wp","href":"https:\/\/api.w.org\/{rel}","templated":true}]}}