{"id":2153,"date":"2012-02-13T07:42:30","date_gmt":"2012-02-13T06:42:30","guid":{"rendered":"http:\/\/vhrc.fr\/?page_id=2153"},"modified":"2019-11-03T17:54:36","modified_gmt":"2019-11-03T16:54:36","slug":"2003-vhr","status":"publish","type":"page","link":"https:\/\/vhrc.fr\/en\/historique\/vhrc-lhistorique\/2003-vhr\/","title":{"rendered":"2003 VHR"},"content":{"rendered":"<h1>Le 1\/4 \u00e7a repart&#8230;.<\/h1>\n<p>A l&rsquo;initiative du <strong>club de Villeneuve les Avignon<\/strong> et de son pr\u00e9sident Luc Giardini, quelques nostalgiques du 1\/4 ont pu retrouver en 2003 quelques sensations aux commandes de leurs bolides d\u00e9poussi\u00e9r\u00e9s, autour de l&rsquo;organisation d&rsquo;un challenge intitul\u00e9 V.H.R (V\u00e9hicules Historiques Radio-command\u00e9s), qui s&rsquo;est disput\u00e9 au sein de manches r\u00e9gionales de 1\/5.<!--more--><\/p>\n<div class=\"pt-cv-wrapper\"><div class=\"pt-cv-view pt-cv-grid pt-cv-colsys\" id=\"pt-cv-view-55b0d17ovs\"><div data-id=\"pt-cv-page-1\" class=\"pt-cv-page\" data-cvc=\"2\"><div class=\"col-md-6 col-sm-6 col-xs-12 pt-cv-content-item pt-cv-1-col\" ><div class='pt-cv-ifield'><a href=\"https:\/\/vhrc.fr\/en\/historique\/vhrc-lhistorique\/2003-vhr\/vhr-2003-le-luc\/\" class=\"_self pt-cv-href-thumbnail pt-cv-thumb-default\" target=\"_self\" ><img loading=\"lazy\" decoding=\"async\" width=\"400\" height=\"300\" src=\"https:\/\/vhrc.fr\/wp-content\/uploads\/2013\/05\/db_db_Photo_le_luc_01111.jpg\" class=\"pt-cv-thumbnail\" alt=\"\" \/><\/a>\n<h4 class=\"pt-cv-title\"><a href=\"https:\/\/vhrc.fr\/en\/historique\/vhrc-lhistorique\/2003-vhr\/vhr-2003-le-luc\/\" class=\"_self\" target=\"_self\" >2003 Le Luc<\/a><\/h4>\n<div class=\"pt-cv-content\"> ...<br \/><div class=\"pt-cv-rmwrap\"><a href=\"https:\/\/vhrc.fr\/en\/historique\/vhrc-lhistorique\/2003-vhr\/vhr-2003-le-luc\/\" class=\"_self pt-cv-readmore btn btn-success\" target=\"_self\">Lire La Suite\u2026<\/a><\/div><\/div><\/div><\/div>\n<div class=\"col-md-6 col-sm-6 col-xs-12 pt-cv-content-item pt-cv-1-col\" ><div class='pt-cv-ifield'><a href=\"https:\/\/vhrc.fr\/en\/historique\/vhrc-lhistorique\/2003-vhr\/2003-monteux\/\" class=\"_self pt-cv-href-thumbnail pt-cv-thumb-default\" target=\"_self\" ><img loading=\"lazy\" decoding=\"async\" width=\"204\" height=\"166\" src=\"https:\/\/vhrc.fr\/wp-content\/uploads\/2013\/05\/a_Photo_113.jpg\" class=\"pt-cv-thumbnail\" alt=\"\" \/><\/a>\n<h4 class=\"pt-cv-title\"><a href=\"https:\/\/vhrc.fr\/en\/historique\/vhrc-lhistorique\/2003-vhr\/2003-monteux\/\" class=\"_self\" target=\"_self\" >2003 M1 Monteux<\/a><\/h4>\n<div class=\"pt-cv-content\">Le 25 avril 2003 l\u2019\u00e9quipe du V.H.R se retrouve pour la premi\u00e8re fois sur le circuit des Confines \u00e0 Monteux ...<br \/><div class=\"pt-cv-rmwrap\"><a href=\"https:\/\/vhrc.fr\/en\/historique\/vhrc-lhistorique\/2003-vhr\/2003-monteux\/\" class=\"_self pt-cv-readmore btn btn-success\" target=\"_self\">Lire La Suite\u2026<\/a><\/div><\/div><\/div><\/div>\n<div class=\"col-md-6 col-sm-6 col-xs-12 pt-cv-content-item pt-cv-1-col\" ><div class='pt-cv-ifield'><a href=\"https:\/\/vhrc.fr\/en\/historique\/vhrc-lhistorique\/2003-vhr\/2003-villeneuve-les-avignon\/\" class=\"_self pt-cv-href-thumbnail pt-cv-thumb-default\" target=\"_self\" ><img loading=\"lazy\" decoding=\"async\" width=\"300\" height=\"400\" src=\"https:\/\/vhrc.fr\/wp-content\/uploads\/2013\/05\/Photo_006.jpg\" class=\"pt-cv-thumbnail\" alt=\"\" \/><\/a>\n<h4 class=\"pt-cv-title\"><a href=\"https:\/\/vhrc.fr\/en\/historique\/vhrc-lhistorique\/2003-vhr\/2003-villeneuve-les-avignon\/\" class=\"_self\" target=\"_self\" >2003 M5 Villeneuve les Avignon<\/a><\/h4>\n<div class=\"pt-cv-content\">Compte rendu 5\u00e8me manche du challenge du V.H.R 1\/4 Le 25 mai 2003 pour son 14\u00e8me grand prix le club ...<br \/><div class=\"pt-cv-rmwrap\"><a href=\"https:\/\/vhrc.fr\/en\/historique\/vhrc-lhistorique\/2003-vhr\/2003-villeneuve-les-avignon\/\" class=\"_self pt-cv-readmore btn btn-success\" target=\"_self\">Lire La Suite\u2026<\/a><\/div><\/div><\/div><\/div>\n<div class=\"col-md-6 col-sm-6 col-xs-12 pt-cv-content-item pt-cv-1-col\" ><div class='pt-cv-ifield'><a href=\"https:\/\/vhrc.fr\/en\/historique\/vhrc-lhistorique\/2003-vhr\/2003-marseille\/\" class=\"_self pt-cv-href-thumbnail pt-cv-thumb-default\" target=\"_self\" ><img loading=\"lazy\" decoding=\"async\" width=\"400\" height=\"300\" src=\"https:\/\/vhrc.fr\/wp-content\/uploads\/2013\/05\/Photo_093-500x375.jpg\" class=\"pt-cv-thumbnail\" alt=\"\" srcset=\"https:\/\/vhrc.fr\/wp-content\/uploads\/2013\/05\/Photo_093-500x375.jpg 500w, https:\/\/vhrc.fr\/wp-content\/uploads\/2013\/05\/Photo_093.jpg 640w\" sizes=\"auto, (max-width: 400px) 100vw, 400px\" \/><\/a>\n<h4 class=\"pt-cv-title\"><a href=\"https:\/\/vhrc.fr\/en\/historique\/vhrc-lhistorique\/2003-vhr\/2003-marseille\/\" class=\"_self\" target=\"_self\" >2003 M6 Marseille<\/a><\/h4>\n<div class=\"pt-cv-content\">Compte rendu 6 \u00e8me manche du Challenge V.H.R 1\/4 St Menet le 5 juillet 2003 Traditionnellement le club de Marseille ...<br \/><div class=\"pt-cv-rmwrap\"><a href=\"https:\/\/vhrc.fr\/en\/historique\/vhrc-lhistorique\/2003-vhr\/2003-marseille\/\" class=\"_self pt-cv-readmore btn btn-success\" target=\"_self\">Lire La Suite\u2026<\/a><\/div><\/div><\/div><\/div>\n<div class=\"col-md-6 col-sm-6 col-xs-12 pt-cv-content-item pt-cv-1-col\" ><div class='pt-cv-ifield'><a href=\"https:\/\/vhrc.fr\/en\/historique\/vhrc-lhistorique\/2003-vhr\/2003-montpellier\/\" class=\"_self pt-cv-href-thumbnail pt-cv-thumb-default\" target=\"_self\" ><img loading=\"lazy\" decoding=\"async\" width=\"400\" height=\"249\" src=\"https:\/\/vhrc.fr\/wp-content\/uploads\/2012\/01\/circuit-AMO-montpellier-satellite1-500x311.jpg\" class=\"pt-cv-thumbnail\" alt=\"\" srcset=\"https:\/\/vhrc.fr\/wp-content\/uploads\/2012\/01\/circuit-AMO-montpellier-satellite1-500x311.jpg 500w, https:\/\/vhrc.fr\/wp-content\/uploads\/2012\/01\/circuit-AMO-montpellier-satellite1-800x498.jpg 800w, https:\/\/vhrc.fr\/wp-content\/uploads\/2012\/01\/circuit-AMO-montpellier-satellite1.jpg 1000w\" sizes=\"auto, (max-width: 400px) 100vw, 400px\" \/><\/a>\n<h4 class=\"pt-cv-title\"><a href=\"https:\/\/vhrc.fr\/en\/historique\/vhrc-lhistorique\/2003-vhr\/2003-montpellier\/\" class=\"_self\" target=\"_self\" >2003 Montpellier<\/a><\/h4>\n<div class=\"pt-cv-content\"> ...<br \/><div class=\"pt-cv-rmwrap\"><a href=\"https:\/\/vhrc.fr\/en\/historique\/vhrc-lhistorique\/2003-vhr\/2003-montpellier\/\" class=\"_self pt-cv-readmore btn btn-success\" target=\"_self\">Lire La Suite\u2026<\/a><\/div><\/div><\/div><\/div><\/div><\/div><\/div>\n<p>Cr\u00e9ant aussi, au passage, une animation, sous les yeux amus\u00e9s des pilotes 1\/5, qui ont du admettre la qualit\u00e9 du spectacle, le `fairplay&rsquo; des pilotes, la qualit\u00e9 de l&rsquo;entretien de ces m\u00e9caniques un peu us\u00e9s par le temps. Malgr\u00e9 l&rsquo;usure, les performances sont plus qu&rsquo;honorables, puisque sur certaines manches les 1\/4 ont r\u00e9alis\u00e9s plus de tours que les 1\/5.<\/p>\n<p>Sept manches ont pu \u00eatre disput\u00e9es en 2003 ; deux manches au <strong>Luc<\/strong> dans le Var, deux manches \u00e0 <strong>Marseille<\/strong>, 1 manche \u00e0 <strong>Montpellier<\/strong>, une manche \u00e0 <strong>Monteux<\/strong> et une manche \u00e0 V<strong>illeneuve les Avignon<\/strong>. A noter parmi les pilotes la pr\u00e9sence d&rsquo;un citoyen Suisse qui s&rsquo;est joint \u00e0 ce challenge d\u00e9s qu&rsquo;il a lu dans la presse sp\u00e9cialis\u00e9e en d\u00e9but d&rsquo;ann\u00e9e la cr\u00e9ation de ce challenge. Sa pr\u00e9sence fut remarqu\u00e9e par la pr\u00e9sentation de ses purs sangs, dont l&rsquo;un \u00e9tait carross\u00e9 par une Subaru maison de belle r\u00e9alisation. D&rsquo;autre part en course son fairplay et sa gentillesse furent appr\u00e9ci\u00e9s de tout le plateau. Les organisateurs envisagent m\u00eame pour 2004 d&rsquo;effectuer une manche en Suisse au cours de laquelle d&rsquo;autres pilotes Suisse se joindraient au challenge.<\/p>\n<p>D&rsquo;autres projets de courses sont \u00e0 l&rsquo;\u00e9tude, et vraisemblablement l&rsquo;ann\u00e9e 2004 sera plus remplie que 2003, plus de pilotes aussi. C&rsquo;est une bonne progression esp\u00e9rons que ce renouveau suscitera des vocations et permettra \u00e0 cette attachante \u00e9chelle de revivre. Il est vrai qu&rsquo;il devient difficile de trouver de la pi\u00e8ce d\u00e9tach\u00e9e, sauf pour Yankee dont une soci\u00e9t\u00e9 propose toujours des pi\u00e8ces, et puis il existe aussi d&rsquo;anciens pilotes poss\u00e9dant des autos et des pi\u00e8ces&#8230;..<\/p>\n<p>Si le c\u0153ur vous en dit contactez les responsables du VHR :<\/p>\n<p>[table id=46 \/]<\/p>\n","protected":false},"excerpt":{"rendered":"<p>Le 1\/4 \u00e7a repart&#8230;. A l&rsquo;initiative du club de Villeneuve les Avignon et de son pr\u00e9sident Luc Giardini, quelques nostalgiques<\/p>","protected":false},"author":5,"featured_media":5709,"parent":686,"menu_order":0,"comment_status":"closed","ping_status":"closed","template":"","meta":{"colormag_page_container_layout":"default_layout","colormag_page_sidebar_layout":"default_layout","footnotes":""},"class_list":["post-2153","page","type-page","status-publish","has-post-thumbnail","hentry"],"_links":{"self":[{"href":"https:\/\/vhrc.fr\/en\/wp-json\/wp\/v2\/pages\/2153","targetHints":{"allow":["GET"]}}],"collection":[{"href":"https:\/\/vhrc.fr\/en\/wp-json\/wp\/v2\/pages"}],"about":[{"href":"https:\/\/vhrc.fr\/en\/wp-json\/wp\/v2\/types\/page"}],"author":[{"embeddable":true,"href":"https:\/\/vhrc.fr\/en\/wp-json\/wp\/v2\/users\/5"}],"replies":[{"embeddable":true,"href":"https:\/\/vhrc.fr\/en\/wp-json\/wp\/v2\/comments?post=2153"}],"version-history":[{"count":6,"href":"https:\/\/vhrc.fr\/en\/wp-json\/wp\/v2\/pages\/2153\/revisions"}],"predecessor-version":[{"id":9036,"href":"https:\/\/vhrc.fr\/en\/wp-json\/wp\/v2\/pages\/2153\/revisions\/9036"}],"up":[{"embeddable":true,"href":"https:\/\/vhrc.fr\/en\/wp-json\/wp\/v2\/pages\/686"}],"wp:featuredmedia":[{"embeddable":true,"href":"https:\/\/vhrc.fr\/en\/wp-json\/wp\/v2\/media\/5709"}],"wp:attachment":[{"href":"https:\/\/vhrc.fr\/en\/wp-json\/wp\/v2\/media?parent=2153"}],"curies":[{"name":"wp","href":"https:\/\/api.w.org\/{rel}","templated":true}]}}