{"id":2179,"date":"2012-02-14T15:49:48","date_gmt":"2012-02-14T14:49:48","guid":{"rendered":"http:\/\/vhrc.fr\/?page_id=2179"},"modified":"2025-07-08T09:22:17","modified_gmt":"2025-07-08T08:22:17","slug":"opel-calibra-dtm","status":"publish","type":"page","link":"https:\/\/vhrc.fr\/en\/voitures\/yankee\/opel-calibra-dtm\/","title":{"rendered":"Opel Calibra DTM"},"content":{"rendered":"<h2>Opel Lugia<\/h2>\n<figure id=\"attachment_3088\" aria-describedby=\"caption-attachment-3088\" style=\"width: 706px\" class=\"wp-caption alignnone\"><a href=\"http:\/\/vhrc.fr\/wp-content\/uploads\/2012\/02\/Klaus-Ludwig-Norisring-1996-Calibra-a20254304.jpg\"><img loading=\"lazy\" decoding=\"async\" class=\"wp-image-3088\" title=\"Klaus-Ludwig-Norisring-1996-Calibra-a20254304\" src=\"http:\/\/vhrc.fr\/wp-content\/uploads\/2012\/02\/Klaus-Ludwig-Norisring-1996-Calibra-a20254304.jpg\" alt=\" Opel Calibra Klaus Ludwig Norisring 1996\" width=\"706\" height=\"491\" srcset=\"https:\/\/vhrc.fr\/wp-content\/uploads\/2012\/02\/Klaus-Ludwig-Norisring-1996-Calibra-a20254304.jpg 1000w, https:\/\/vhrc.fr\/wp-content\/uploads\/2012\/02\/Klaus-Ludwig-Norisring-1996-Calibra-a20254304-500x348.jpg 500w, https:\/\/vhrc.fr\/wp-content\/uploads\/2012\/02\/Klaus-Ludwig-Norisring-1996-Calibra-a20254304-800x556.jpg 800w\" sizes=\"auto, (max-width: 706px) 100vw, 706px\" \/><\/a><figcaption id=\"caption-attachment-3088\" class=\"wp-caption-text\">Opel Calibra Klaus Ludwig Norisring 1996<\/figcaption><\/figure>\n<p>Pr\u00e9senter une OPEL CALIBRA DTM au \u00bc de fabrication Yankee, \u00e9voque un souvenir de courses passionnantes aux pilotes talentueux se d\u00e9roulant en Allemagne.<\/p>\n<h3>Un peu d\u2019histoire<\/h3>\n<p>le DTM (Deutsch Tourenwagen Meisterschaft ) \u00e9tait un championnat de Super Tourisme qui d\u00e9buta dans les ann\u00e9es 1980.<br \/>\nNous trouvions comme constructeurs participants\u00a0: Volvo 240 turbo , Bmw 635 csi et M3 , Merc\u00e9d\u00e8s 190E , Rover vitesse , Ford Sierra RS 500 , Audi V8 et Alfa Rom\u00e9o 155 ( 1993) ,Opel Calibra.<br \/>\nDe v\u00e9ritables courses \u00e0 l\u2019armement des berlines aux appendices a\u00e9rodynamiques boursouffl\u00e9s et aux moteurs de 2.5 l sur vitamin\u00e9s devenus de plus en plus cher \u00e0 d\u00e9velopper.<br \/>\nDonc L\u2019OPEL CALIBRA est n\u00e9e en DTM, collaboration entre Opel et le Team Joest,la pr\u00e9paration et l\u2019optimisation fut faite par Cosworth , bien connu dans les pr\u00e9parations moteurs. (Source Lookitt ).<br \/>\nUne transmission int\u00e9grale fut choisie pour transmettre les 420 cv. Le ch\u00e2ssis car\u00e9n\u00e9 est optimis\u00e9 en soufflerie, un fond plat prolong\u00e9 d\u2019un diffuseur d\u2019air et un aileron inf\u00e9rieur furent mis au point pour l\u2019effet de sol. Cette auto conserve la carrosserie du v\u00e9hicule de s\u00e9rie avec quelques raffinements a\u00e9rodynamiques tels que passages des roues \u00e9largies, spoilers et ailerons surdimensionn\u00e9s.<\/p>\n<p><a href=\"http:\/\/vhrc.fr\/wp-content\/uploads\/2012\/02\/web_118-opecaldtm01.jpg\"><img loading=\"lazy\" decoding=\"async\" class=\"alignnone  wp-image-3102\" title=\"web_118-opecaldtm01\" src=\"http:\/\/vhrc.fr\/wp-content\/uploads\/2012\/02\/web_118-opecaldtm01.jpg\" alt=\"\" width=\"702\" height=\"526\" srcset=\"https:\/\/vhrc.fr\/wp-content\/uploads\/2012\/02\/web_118-opecaldtm01.jpg 1024w, https:\/\/vhrc.fr\/wp-content\/uploads\/2012\/02\/web_118-opecaldtm01-500x375.jpg 500w, https:\/\/vhrc.fr\/wp-content\/uploads\/2012\/02\/web_118-opecaldtm01-800x600.jpg 800w\" sizes=\"auto, (max-width: 702px) 100vw, 702px\" \/><\/a><br \/>\nConcernant les motorisations\u00a0:<br \/>\nDe 93 \u00e0 95:<br \/>\nV6 24 valves . 2498 cm3 . 420cv . \u00e0 11650 t\/mn.<br \/>\nDe 95 \u00e0 96:<br \/>\nV6 24 Valves . 3200 cm3 . 520cv . \u00e0 12750 t\/mn.<br \/>\nPilotes les plus connus\u00a0: Klaus Ludwig\u2026\u2026Manuel Reuter , sans oublier le Team Rosberg.<br \/>\nEn 1996\u00a0: L\u2019Opel Calibra \u00e0 l\u2019approche de sa retraite, prouve sa supr\u00e9matie en devenant championne. D\u2019Allemagne .La nouvelle puissante V6 de 570cv \u00e0 remport\u00e9 neuf victoires cette ann\u00e9e l\u00e0. Le Pilote Manuel Reuter remporte le super tourisme Allemand et OPEL remporte le titre des constructeurs.<\/p>\n<h3><a href=\"http:\/\/vhrc.fr\/wp-content\/uploads\/2012\/02\/web_118-opecaldtm02.jpg\"><img decoding=\"async\" class=\"alignnone  wp-image-3103\" title=\"web_118-opecaldtm02\" src=\"http:\/\/vhrc.fr\/wp-content\/uploads\/2012\/02\/web_118-opecaldtm02.jpg\" alt=\"\" width=\"700\" srcset=\"https:\/\/vhrc.fr\/wp-content\/uploads\/2012\/02\/web_118-opecaldtm02.jpg 1024w, https:\/\/vhrc.fr\/wp-content\/uploads\/2012\/02\/web_118-opecaldtm02-500x375.jpg 500w, https:\/\/vhrc.fr\/wp-content\/uploads\/2012\/02\/web_118-opecaldtm02-800x600.jpg 800w\" sizes=\"(max-width: 1024px) 100vw, 1024px\" \/><\/a><br \/>\nLe constructeur Yankee collait \u00e0 l\u2019actualit\u00e9, il fabriquait des carrosseries de toute beaut\u00e9 fid\u00e8les \u00e0 l\u2019\u00e9chelle \u00bc.<\/h3>\n<p>Voici un mod\u00e8le\u00a0: Opel Calibra Yankee de 1994. Restaur\u00e9, remis en \u00e9tat de fonctionnement.<\/p>\n<div id='gallery-1' class='gallery galleryid-2179 gallery-columns-4 gallery-size-colormag-featured-image'><figure class='gallery-item'>\n\t\t\t<div class='gallery-icon landscape'>\n\t\t\t\t<a href='https:\/\/vhrc.fr\/wp-content\/uploads\/2012\/02\/web_118-opecaldtm04.jpg'><img loading=\"lazy\" decoding=\"async\" width=\"593\" height=\"445\" src=\"https:\/\/vhrc.fr\/wp-content\/uploads\/2012\/02\/web_118-opecaldtm04.jpg\" class=\"attachment-colormag-featured-image size-colormag-featured-image\" alt=\"\" srcset=\"https:\/\/vhrc.fr\/wp-content\/uploads\/2012\/02\/web_118-opecaldtm04.jpg 1024w, https:\/\/vhrc.fr\/wp-content\/uploads\/2012\/02\/web_118-opecaldtm04-500x375.jpg 500w, https:\/\/vhrc.fr\/wp-content\/uploads\/2012\/02\/web_118-opecaldtm04-800x600.jpg 800w\" sizes=\"auto, (max-width: 593px) 100vw, 593px\" \/><\/a>\n\t\t\t<\/div><\/figure><figure class='gallery-item'>\n\t\t\t<div class='gallery-icon landscape'>\n\t\t\t\t<a href='https:\/\/vhrc.fr\/wp-content\/uploads\/2012\/02\/web_118-opecaldtm03.jpg'><img loading=\"lazy\" decoding=\"async\" width=\"593\" height=\"445\" src=\"https:\/\/vhrc.fr\/wp-content\/uploads\/2012\/02\/web_118-opecaldtm03.jpg\" class=\"attachment-colormag-featured-image size-colormag-featured-image\" alt=\"\" srcset=\"https:\/\/vhrc.fr\/wp-content\/uploads\/2012\/02\/web_118-opecaldtm03.jpg 1024w, https:\/\/vhrc.fr\/wp-content\/uploads\/2012\/02\/web_118-opecaldtm03-500x375.jpg 500w, https:\/\/vhrc.fr\/wp-content\/uploads\/2012\/02\/web_118-opecaldtm03-800x600.jpg 800w\" sizes=\"auto, (max-width: 593px) 100vw, 593px\" \/><\/a>\n\t\t\t<\/div><\/figure><figure class='gallery-item'>\n\t\t\t<div class='gallery-icon landscape'>\n\t\t\t\t<a href='https:\/\/vhrc.fr\/wp-content\/uploads\/2012\/02\/web_118-opecaldtm02.jpg'><img loading=\"lazy\" decoding=\"async\" width=\"593\" height=\"445\" src=\"https:\/\/vhrc.fr\/wp-content\/uploads\/2012\/02\/web_118-opecaldtm02.jpg\" class=\"attachment-colormag-featured-image size-colormag-featured-image\" alt=\"\" srcset=\"https:\/\/vhrc.fr\/wp-content\/uploads\/2012\/02\/web_118-opecaldtm02.jpg 1024w, https:\/\/vhrc.fr\/wp-content\/uploads\/2012\/02\/web_118-opecaldtm02-500x375.jpg 500w, https:\/\/vhrc.fr\/wp-content\/uploads\/2012\/02\/web_118-opecaldtm02-800x600.jpg 800w\" sizes=\"auto, (max-width: 593px) 100vw, 593px\" \/><\/a>\n\t\t\t<\/div><\/figure><figure class='gallery-item'>\n\t\t\t<div class='gallery-icon landscape'>\n\t\t\t\t<a href='https:\/\/vhrc.fr\/wp-content\/uploads\/2012\/02\/web_118-opecaldtm01.jpg'><img loading=\"lazy\" decoding=\"async\" width=\"593\" height=\"445\" src=\"https:\/\/vhrc.fr\/wp-content\/uploads\/2012\/02\/web_118-opecaldtm01.jpg\" class=\"attachment-colormag-featured-image size-colormag-featured-image\" alt=\"\" srcset=\"https:\/\/vhrc.fr\/wp-content\/uploads\/2012\/02\/web_118-opecaldtm01.jpg 1024w, https:\/\/vhrc.fr\/wp-content\/uploads\/2012\/02\/web_118-opecaldtm01-500x375.jpg 500w, https:\/\/vhrc.fr\/wp-content\/uploads\/2012\/02\/web_118-opecaldtm01-800x600.jpg 800w\" sizes=\"auto, (max-width: 593px) 100vw, 593px\" \/><\/a>\n\t\t\t<\/div><\/figure><figure class='gallery-item'>\n\t\t\t<div class='gallery-icon landscape'>\n\t\t\t\t<a href='https:\/\/vhrc.fr\/wp-content\/uploads\/2012\/02\/web_14-calibra-lugia-13.jpg'><img loading=\"lazy\" decoding=\"async\" width=\"593\" height=\"445\" src=\"https:\/\/vhrc.fr\/wp-content\/uploads\/2012\/02\/web_14-calibra-lugia-13.jpg\" class=\"attachment-colormag-featured-image size-colormag-featured-image\" alt=\"\" srcset=\"https:\/\/vhrc.fr\/wp-content\/uploads\/2012\/02\/web_14-calibra-lugia-13.jpg 1024w, https:\/\/vhrc.fr\/wp-content\/uploads\/2012\/02\/web_14-calibra-lugia-13-500x375.jpg 500w, https:\/\/vhrc.fr\/wp-content\/uploads\/2012\/02\/web_14-calibra-lugia-13-800x600.jpg 800w\" sizes=\"auto, (max-width: 593px) 100vw, 593px\" \/><\/a>\n\t\t\t<\/div><\/figure><figure class='gallery-item'>\n\t\t\t<div class='gallery-icon landscape'>\n\t\t\t\t<a href='https:\/\/vhrc.fr\/wp-content\/uploads\/2012\/02\/web_14-calibra-lugia-12.jpg'><img loading=\"lazy\" decoding=\"async\" width=\"791\" height=\"445\" src=\"https:\/\/vhrc.fr\/wp-content\/uploads\/2012\/02\/web_14-calibra-lugia-12.jpg\" class=\"attachment-colormag-featured-image size-colormag-featured-image\" alt=\"\" srcset=\"https:\/\/vhrc.fr\/wp-content\/uploads\/2012\/02\/web_14-calibra-lugia-12.jpg 1024w, https:\/\/vhrc.fr\/wp-content\/uploads\/2012\/02\/web_14-calibra-lugia-12-500x281.jpg 500w, https:\/\/vhrc.fr\/wp-content\/uploads\/2012\/02\/web_14-calibra-lugia-12-800x450.jpg 800w\" sizes=\"auto, (max-width: 791px) 100vw, 791px\" \/><\/a>\n\t\t\t<\/div><\/figure><figure class='gallery-item'>\n\t\t\t<div class='gallery-icon landscape'>\n\t\t\t\t<a href='https:\/\/vhrc.fr\/wp-content\/uploads\/2012\/02\/web_14-calibra-lugia-11.jpg'><img loading=\"lazy\" decoding=\"async\" width=\"593\" height=\"445\" src=\"https:\/\/vhrc.fr\/wp-content\/uploads\/2012\/02\/web_14-calibra-lugia-11.jpg\" class=\"attachment-colormag-featured-image size-colormag-featured-image\" alt=\"\" aria-describedby=\"gallery-1-3099\" srcset=\"https:\/\/vhrc.fr\/wp-content\/uploads\/2012\/02\/web_14-calibra-lugia-11.jpg 1024w, https:\/\/vhrc.fr\/wp-content\/uploads\/2012\/02\/web_14-calibra-lugia-11-500x375.jpg 500w, https:\/\/vhrc.fr\/wp-content\/uploads\/2012\/02\/web_14-calibra-lugia-11-800x600.jpg 800w\" sizes=\"auto, (max-width: 593px) 100vw, 593px\" \/><\/a>\n\t\t\t<\/div>\n\t\t\t\t<figcaption class='wp-caption-text gallery-caption' id='gallery-1-3099'>\n\t\t\t\topel calibra chassis concept 92 yankee\n\t\t\t\t<\/figcaption><\/figure><figure class='gallery-item'>\n\t\t\t<div class='gallery-icon landscape'>\n\t\t\t\t<a href='https:\/\/vhrc.fr\/wp-content\/uploads\/2012\/02\/web_14-calibra-lugia-10.jpg'><img loading=\"lazy\" decoding=\"async\" width=\"593\" height=\"445\" src=\"https:\/\/vhrc.fr\/wp-content\/uploads\/2012\/02\/web_14-calibra-lugia-10.jpg\" class=\"attachment-colormag-featured-image size-colormag-featured-image\" alt=\"\" srcset=\"https:\/\/vhrc.fr\/wp-content\/uploads\/2012\/02\/web_14-calibra-lugia-10.jpg 1024w, https:\/\/vhrc.fr\/wp-content\/uploads\/2012\/02\/web_14-calibra-lugia-10-500x375.jpg 500w, https:\/\/vhrc.fr\/wp-content\/uploads\/2012\/02\/web_14-calibra-lugia-10-800x600.jpg 800w\" sizes=\"auto, (max-width: 593px) 100vw, 593px\" \/><\/a>\n\t\t\t<\/div><\/figure><figure class='gallery-item'>\n\t\t\t<div class='gallery-icon landscape'>\n\t\t\t\t<a href='https:\/\/vhrc.fr\/wp-content\/uploads\/2012\/02\/web_14-calibra-lugia-09.jpg'><img loading=\"lazy\" decoding=\"async\" width=\"593\" height=\"445\" src=\"https:\/\/vhrc.fr\/wp-content\/uploads\/2012\/02\/web_14-calibra-lugia-09.jpg\" class=\"attachment-colormag-featured-image size-colormag-featured-image\" alt=\"\" srcset=\"https:\/\/vhrc.fr\/wp-content\/uploads\/2012\/02\/web_14-calibra-lugia-09.jpg 1024w, https:\/\/vhrc.fr\/wp-content\/uploads\/2012\/02\/web_14-calibra-lugia-09-500x375.jpg 500w, https:\/\/vhrc.fr\/wp-content\/uploads\/2012\/02\/web_14-calibra-lugia-09-800x600.jpg 800w\" sizes=\"auto, (max-width: 593px) 100vw, 593px\" \/><\/a>\n\t\t\t<\/div><\/figure><figure class='gallery-item'>\n\t\t\t<div class='gallery-icon landscape'>\n\t\t\t\t<a href='https:\/\/vhrc.fr\/wp-content\/uploads\/2012\/02\/web_14-calibra-lugia-08.jpg'><img loading=\"lazy\" decoding=\"async\" width=\"593\" height=\"445\" src=\"https:\/\/vhrc.fr\/wp-content\/uploads\/2012\/02\/web_14-calibra-lugia-08.jpg\" class=\"attachment-colormag-featured-image size-colormag-featured-image\" alt=\"\" srcset=\"https:\/\/vhrc.fr\/wp-content\/uploads\/2012\/02\/web_14-calibra-lugia-08.jpg 1024w, https:\/\/vhrc.fr\/wp-content\/uploads\/2012\/02\/web_14-calibra-lugia-08-500x375.jpg 500w, https:\/\/vhrc.fr\/wp-content\/uploads\/2012\/02\/web_14-calibra-lugia-08-800x600.jpg 800w\" sizes=\"auto, (max-width: 593px) 100vw, 593px\" \/><\/a>\n\t\t\t<\/div><\/figure><figure class='gallery-item'>\n\t\t\t<div class='gallery-icon landscape'>\n\t\t\t\t<a href='https:\/\/vhrc.fr\/wp-content\/uploads\/2012\/02\/web_14-calibra-lugia-07.jpg'><img loading=\"lazy\" decoding=\"async\" width=\"791\" height=\"445\" src=\"https:\/\/vhrc.fr\/wp-content\/uploads\/2012\/02\/web_14-calibra-lugia-07.jpg\" class=\"attachment-colormag-featured-image size-colormag-featured-image\" alt=\"\" srcset=\"https:\/\/vhrc.fr\/wp-content\/uploads\/2012\/02\/web_14-calibra-lugia-07.jpg 1024w, https:\/\/vhrc.fr\/wp-content\/uploads\/2012\/02\/web_14-calibra-lugia-07-500x281.jpg 500w, https:\/\/vhrc.fr\/wp-content\/uploads\/2012\/02\/web_14-calibra-lugia-07-800x450.jpg 800w\" sizes=\"auto, (max-width: 791px) 100vw, 791px\" \/><\/a>\n\t\t\t<\/div><\/figure><figure class='gallery-item'>\n\t\t\t<div class='gallery-icon landscape'>\n\t\t\t\t<a href='https:\/\/vhrc.fr\/wp-content\/uploads\/2012\/02\/web_14-calibra-lugia-06.jpg'><img loading=\"lazy\" decoding=\"async\" width=\"791\" height=\"445\" src=\"https:\/\/vhrc.fr\/wp-content\/uploads\/2012\/02\/web_14-calibra-lugia-06.jpg\" class=\"attachment-colormag-featured-image size-colormag-featured-image\" alt=\"\" srcset=\"https:\/\/vhrc.fr\/wp-content\/uploads\/2012\/02\/web_14-calibra-lugia-06.jpg 1024w, https:\/\/vhrc.fr\/wp-content\/uploads\/2012\/02\/web_14-calibra-lugia-06-500x281.jpg 500w, https:\/\/vhrc.fr\/wp-content\/uploads\/2012\/02\/web_14-calibra-lugia-06-800x450.jpg 800w\" sizes=\"auto, (max-width: 791px) 100vw, 791px\" \/><\/a>\n\t\t\t<\/div><\/figure><figure class='gallery-item'>\n\t\t\t<div class='gallery-icon landscape'>\n\t\t\t\t<a href='https:\/\/vhrc.fr\/wp-content\/uploads\/2012\/02\/web_14-calibra-lugia-05.jpg'><img loading=\"lazy\" decoding=\"async\" width=\"791\" height=\"445\" src=\"https:\/\/vhrc.fr\/wp-content\/uploads\/2012\/02\/web_14-calibra-lugia-05.jpg\" class=\"attachment-colormag-featured-image size-colormag-featured-image\" alt=\"\" srcset=\"https:\/\/vhrc.fr\/wp-content\/uploads\/2012\/02\/web_14-calibra-lugia-05.jpg 1024w, https:\/\/vhrc.fr\/wp-content\/uploads\/2012\/02\/web_14-calibra-lugia-05-500x281.jpg 500w, https:\/\/vhrc.fr\/wp-content\/uploads\/2012\/02\/web_14-calibra-lugia-05-800x450.jpg 800w\" sizes=\"auto, (max-width: 791px) 100vw, 791px\" \/><\/a>\n\t\t\t<\/div><\/figure><figure class='gallery-item'>\n\t\t\t<div class='gallery-icon landscape'>\n\t\t\t\t<a href='https:\/\/vhrc.fr\/wp-content\/uploads\/2012\/02\/web_14-calibra-lugia-04.jpg'><img loading=\"lazy\" decoding=\"async\" width=\"791\" height=\"445\" src=\"https:\/\/vhrc.fr\/wp-content\/uploads\/2012\/02\/web_14-calibra-lugia-04.jpg\" class=\"attachment-colormag-featured-image size-colormag-featured-image\" alt=\"\" srcset=\"https:\/\/vhrc.fr\/wp-content\/uploads\/2012\/02\/web_14-calibra-lugia-04.jpg 1024w, https:\/\/vhrc.fr\/wp-content\/uploads\/2012\/02\/web_14-calibra-lugia-04-500x281.jpg 500w, https:\/\/vhrc.fr\/wp-content\/uploads\/2012\/02\/web_14-calibra-lugia-04-800x450.jpg 800w\" sizes=\"auto, (max-width: 791px) 100vw, 791px\" \/><\/a>\n\t\t\t<\/div><\/figure><figure class='gallery-item'>\n\t\t\t<div class='gallery-icon landscape'>\n\t\t\t\t<a href='https:\/\/vhrc.fr\/wp-content\/uploads\/2012\/02\/web_14-calibra-lugia-03.jpg'><img loading=\"lazy\" decoding=\"async\" width=\"791\" height=\"445\" src=\"https:\/\/vhrc.fr\/wp-content\/uploads\/2012\/02\/web_14-calibra-lugia-03.jpg\" class=\"attachment-colormag-featured-image size-colormag-featured-image\" alt=\"\" srcset=\"https:\/\/vhrc.fr\/wp-content\/uploads\/2012\/02\/web_14-calibra-lugia-03.jpg 1024w, https:\/\/vhrc.fr\/wp-content\/uploads\/2012\/02\/web_14-calibra-lugia-03-500x281.jpg 500w, https:\/\/vhrc.fr\/wp-content\/uploads\/2012\/02\/web_14-calibra-lugia-03-800x450.jpg 800w\" sizes=\"auto, (max-width: 791px) 100vw, 791px\" \/><\/a>\n\t\t\t<\/div><\/figure><figure class='gallery-item'>\n\t\t\t<div class='gallery-icon landscape'>\n\t\t\t\t<a href='https:\/\/vhrc.fr\/wp-content\/uploads\/2012\/02\/web_14-calibra-lugia-02.jpg'><img loading=\"lazy\" decoding=\"async\" width=\"790\" height=\"445\" src=\"https:\/\/vhrc.fr\/wp-content\/uploads\/2012\/02\/web_14-calibra-lugia-02.jpg\" class=\"attachment-colormag-featured-image size-colormag-featured-image\" alt=\"\" srcset=\"https:\/\/vhrc.fr\/wp-content\/uploads\/2012\/02\/web_14-calibra-lugia-02.jpg 1024w, https:\/\/vhrc.fr\/wp-content\/uploads\/2012\/02\/web_14-calibra-lugia-02-500x281.jpg 500w, https:\/\/vhrc.fr\/wp-content\/uploads\/2012\/02\/web_14-calibra-lugia-02-800x450.jpg 800w\" sizes=\"auto, (max-width: 790px) 100vw, 790px\" \/><\/a>\n\t\t\t<\/div><\/figure><figure class='gallery-item'>\n\t\t\t<div class='gallery-icon landscape'>\n\t\t\t\t<a href='https:\/\/vhrc.fr\/wp-content\/uploads\/2012\/02\/web_14-calibra-lugia-01.jpg'><img loading=\"lazy\" decoding=\"async\" width=\"791\" height=\"445\" src=\"https:\/\/vhrc.fr\/wp-content\/uploads\/2012\/02\/web_14-calibra-lugia-01.jpg\" class=\"attachment-colormag-featured-image size-colormag-featured-image\" alt=\"\" srcset=\"https:\/\/vhrc.fr\/wp-content\/uploads\/2012\/02\/web_14-calibra-lugia-01.jpg 1024w, https:\/\/vhrc.fr\/wp-content\/uploads\/2012\/02\/web_14-calibra-lugia-01-500x281.jpg 500w, https:\/\/vhrc.fr\/wp-content\/uploads\/2012\/02\/web_14-calibra-lugia-01-800x450.jpg 800w\" sizes=\"auto, (max-width: 791px) 100vw, 791px\" \/><\/a>\n\t\t\t<\/div><\/figure><figure class='gallery-item'>\n\t\t\t<div class='gallery-icon landscape'>\n\t\t\t\t<a href='https:\/\/vhrc.fr\/wp-content\/uploads\/2012\/02\/Klaus-Ludwig-Norisring-1996-Calibra-a20254304.jpg'><img loading=\"lazy\" decoding=\"async\" width=\"639\" height=\"445\" src=\"https:\/\/vhrc.fr\/wp-content\/uploads\/2012\/02\/Klaus-Ludwig-Norisring-1996-Calibra-a20254304.jpg\" class=\"attachment-colormag-featured-image size-colormag-featured-image\" alt=\"Opel Calibra Klaus Ludwig Norisring 1996\" aria-describedby=\"gallery-1-3088\" srcset=\"https:\/\/vhrc.fr\/wp-content\/uploads\/2012\/02\/Klaus-Ludwig-Norisring-1996-Calibra-a20254304.jpg 1000w, https:\/\/vhrc.fr\/wp-content\/uploads\/2012\/02\/Klaus-Ludwig-Norisring-1996-Calibra-a20254304-500x348.jpg 500w, https:\/\/vhrc.fr\/wp-content\/uploads\/2012\/02\/Klaus-Ludwig-Norisring-1996-Calibra-a20254304-800x556.jpg 800w\" sizes=\"auto, (max-width: 639px) 100vw, 639px\" \/><\/a>\n\t\t\t<\/div>\n\t\t\t\t<figcaption class='wp-caption-text gallery-caption' id='gallery-1-3088'>\n\t\t\t\t Opel Calibra Klaus Ludwig Norisring 1996\n\t\t\t\t<\/figcaption><\/figure><figure class='gallery-item'>\n\t\t\t<div class='gallery-icon landscape'>\n\t\t\t\t<a href='https:\/\/vhrc.fr\/wp-content\/uploads\/2012\/02\/Feuer-am-Opel-Calibra-Klaus-Ludwig-19-fotoshowImageNew-6ab245c3-460178.jpg'><img loading=\"lazy\" decoding=\"async\" width=\"667\" height=\"445\" src=\"https:\/\/vhrc.fr\/wp-content\/uploads\/2012\/02\/Feuer-am-Opel-Calibra-Klaus-Ludwig-19-fotoshowImageNew-6ab245c3-460178.jpg\" class=\"attachment-colormag-featured-image size-colormag-featured-image\" alt=\"Opel Calibra Klaus Ludwig feu\" aria-describedby=\"gallery-1-3087\" srcset=\"https:\/\/vhrc.fr\/wp-content\/uploads\/2012\/02\/Feuer-am-Opel-Calibra-Klaus-Ludwig-19-fotoshowImageNew-6ab245c3-460178.jpg 898w, https:\/\/vhrc.fr\/wp-content\/uploads\/2012\/02\/Feuer-am-Opel-Calibra-Klaus-Ludwig-19-fotoshowImageNew-6ab245c3-460178-500x333.jpg 500w, https:\/\/vhrc.fr\/wp-content\/uploads\/2012\/02\/Feuer-am-Opel-Calibra-Klaus-Ludwig-19-fotoshowImageNew-6ab245c3-460178-800x533.jpg 800w\" sizes=\"auto, (max-width: 667px) 100vw, 667px\" \/><\/a>\n\t\t\t<\/div>\n\t\t\t\t<figcaption class='wp-caption-text gallery-caption' id='gallery-1-3087'>\n\t\t\t\t Opel Calibra Klaus Ludwig feu\n\t\t\t\t<\/figcaption><\/figure>\n\t\t<\/div>\n\n<h2>ICI en version DTM Opel, la d\u00e9co choisie par Yankee<\/h2>\n<p><a href=\"http:\/\/vhrc.fr\/wp-content\/uploads\/2012\/02\/opel_calibra_dtm_a_03.jpg\"><img loading=\"lazy\" decoding=\"async\" class=\"alignnone size-full wp-image-2177\" title=\"opel_calibra_dtm_a_03\" src=\"http:\/\/vhrc.fr\/wp-content\/uploads\/2012\/02\/opel_calibra_dtm_a_03.jpg\" alt=\"\" width=\"500\" height=\"375\" \/><\/a><\/p>\n<p><a href=\"http:\/\/vhrc.fr\/wp-content\/uploads\/2012\/02\/opel_calibra_dtm_a_02.jpg\"><img loading=\"lazy\" decoding=\"async\" class=\"alignnone size-full wp-image-2176\" title=\"opel_calibra_dtm_a_02\" src=\"http:\/\/vhrc.fr\/wp-content\/uploads\/2012\/02\/opel_calibra_dtm_a_02.jpg\" alt=\"\" width=\"368\" height=\"276\" \/><\/a><\/p>\n<p><a href=\"http:\/\/vhrc.fr\/wp-content\/uploads\/2012\/02\/opel_calibra_dtm_a_04.jpg\"><img loading=\"lazy\" decoding=\"async\" class=\"alignnone size-full wp-image-2175\" title=\"opel_calibra_dtm_a_04\" src=\"http:\/\/vhrc.fr\/wp-content\/uploads\/2012\/02\/opel_calibra_dtm_a_04.jpg\" alt=\"\" width=\"375\" height=\"500\" \/><\/a><\/p>\n<h1>Vid\u00e9o Bonus<\/h1>\n<p>http:\/\/www.youtube.com\/watch?v=KT-o_F66r1I<\/p>","protected":false},"excerpt":{"rendered":"<p>Opel Lugia Pr\u00e9senter une OPEL CALIBRA DTM au \u00bc de fabrication Yankee, \u00e9voque un souvenir de courses passionnantes aux pilotes<\/p>","protected":false},"author":5,"featured_media":3087,"parent":183,"menu_order":0,"comment_status":"closed","ping_status":"closed","template":"","meta":{"colormag_page_container_layout":"default_layout","colormag_page_sidebar_layout":"default_layout","footnotes":""},"class_list":["post-2179","page","type-page","status-publish","has-post-thumbnail","hentry"],"_links":{"self":[{"href":"https:\/\/vhrc.fr\/en\/wp-json\/wp\/v2\/pages\/2179","targetHints":{"allow":["GET"]}}],"collection":[{"href":"https:\/\/vhrc.fr\/en\/wp-json\/wp\/v2\/pages"}],"about":[{"href":"https:\/\/vhrc.fr\/en\/wp-json\/wp\/v2\/types\/page"}],"author":[{"embeddable":true,"href":"https:\/\/vhrc.fr\/en\/wp-json\/wp\/v2\/users\/5"}],"replies":[{"embeddable":true,"href":"https:\/\/vhrc.fr\/en\/wp-json\/wp\/v2\/comments?post=2179"}],"version-history":[{"count":5,"href":"https:\/\/vhrc.fr\/en\/wp-json\/wp\/v2\/pages\/2179\/revisions"}],"predecessor-version":[{"id":9952,"href":"https:\/\/vhrc.fr\/en\/wp-json\/wp\/v2\/pages\/2179\/revisions\/9952"}],"up":[{"embeddable":true,"href":"https:\/\/vhrc.fr\/en\/wp-json\/wp\/v2\/pages\/183"}],"wp:featuredmedia":[{"embeddable":true,"href":"https:\/\/vhrc.fr\/en\/wp-json\/wp\/v2\/media\/3087"}],"wp:attachment":[{"href":"https:\/\/vhrc.fr\/en\/wp-json\/wp\/v2\/media?parent=2179"}],"curies":[{"name":"wp","href":"https:\/\/api.w.org\/{rel}","templated":true}]}}