{"id":219,"date":"2008-11-14T12:00:37","date_gmt":"2008-11-14T11:00:37","guid":{"rendered":"http:\/\/vhrc.fr\/?page_id=219"},"modified":"2015-11-06T11:04:18","modified_gmt":"2015-11-06T10:04:18","slug":"peugeot-309-yankee","status":"publish","type":"page","link":"https:\/\/vhrc.fr\/en\/voitures\/yankee\/peugeot-309-yankee\/","title":{"rendered":"Peugeot 309"},"content":{"rendered":"<h1>Peugeot 309 Yankee au 1:4<br \/>\n<a href=\"http:\/\/vhrc.fr\/wp-content\/uploads\/2008\/11\/peugeot_309.jpg\"><img loading=\"lazy\" decoding=\"async\" class=\"alignnone size-medium wp-image-2677\" title=\"peugeot_309\" src=\"http:\/\/vhrc.fr\/wp-content\/uploads\/2008\/11\/peugeot_309-300x197.jpg\" alt=\"\" width=\"300\" height=\"197\" \/><\/a><\/h1>\n<p>ven 14 nov 2008, 13:42<\/p>\n<p>&nbsp;<\/p>\n<h2>L&rsquo;impact de l&rsquo;impax&#8230; Vous avez dit ch\u00e2ssis ?<\/h2>\n<p>[singlepic id=83 w=640 h=480 float=]<\/p>\n<h3>Remontons dans le temps d\u2019une vingtaine d\u2019ann\u00e9es environ,<\/h3>\n<p>juste apr\u00e8s les ann\u00e9es Cross-Control, \u00e9poque lors de laquelle notre constructeur pr\u00e9f\u00e9r\u00e9, bas\u00e9 \u00e0 Talant, et qui n\u2019en manquait pas d\u2019ailleurs, s\u2019\u00e9tait lanc\u00e9 le d\u00e9fi de d\u00e9velopper des mod\u00e8les en adoptant une solution technologique unique et novatrice : La coque autoporteuse en Impax.<\/p>\n<p>Je ne m\u2019\u00e9tendrai pas outre mesure sur le mat\u00e9riau qu\u2019est l\u2019impax, je laisse ce soin aux membres du forum plus pointus que moi en la mati\u00e8re. Je dirai simplement que ce mat\u00e9riau synth\u00e9tique se pr\u00e9sente sous forme de plaques et qu\u2019il se thermoforme \u00e0 la mani\u00e8re du lexan.<\/p>\n<h3>Se sont donc 6 mod\u00e8les de la gamme Yankee qui furent \u00e9quip\u00e9s de ch\u00e2ssis impax :<\/h3>\n<p>Le VW Baja dans un premier temps, mais qui resta sous cette un forme un mod\u00e8le relativement confidentiel.<br \/>\nLa l\u00e9gendaire <a href=\"http:\/\/vhrc.fr\/voitures\/yankee\/yankee-renault-r21-turbo\/\">R 21 2l turbo<\/a>, qui donna ses lettres de noblesse \u00e0 ce ch\u00e2ssis et \u00e0 l\u2019\u00e9chelle \u00bc de marque Yankee.<br \/>\nVinrent ensuite la 309 GTI, sur la m\u00eame base m\u00e9canique que la R 21, le <a href=\"http:\/\/vhrc.fr\/voitures\/yankee\/cross-control\/cross-control-14\/\">Cross-Control 2<\/a> et l\u2019intemporelle P<a href=\"http:\/\/vhrc.fr\/voitures\/yankee\/porsche-930-yankee\/\">orsche 930 turbo<\/a> dernier mod\u00e8le de la marque \u00e9quip\u00e9 de ce type de ch\u00e2ssis.<\/p>\n<p>\u00c1 l\u2019exception du Baja qui ne disposait que du kt12 kawasaki et du Cross-Control 2 qui lui n\u2019\u00e9tait livr\u00e9 qu\u2019avec le M15, les trois mod\u00e8les de piste \u00e9taient livr\u00e9s indiff\u00e9remment avec l\u2019un ou l\u2019autre des 2 moteurs. C\u2019est \u00e9galement sur un ch\u00e2ssis impax que le B30 effectua ses premiers tours de circuit\u2026<\/p>\n<p>En tant qu\u2019utilisateur, quels \u00e9taient donc les avantages et les inconv\u00e9nients que nous pouvions trouver \u00e0 ce type de ch\u00e2ssis ?<\/p>\n<h3>\nAvantages :<\/h3>\n<p>&#8211; Esth\u00e9tique et r\u00e9alisme : Une coque autoporteuse thermoform\u00e9e rigidifi\u00e9e par un arceau cage \u00e0 l\u2019image des mod\u00e8les \u00e9chelle 1, que pouvait-on r\u00eaver de mieux ?<br \/>\n&#8211; Protection in\u00e9galable et in\u00e9gal\u00e9e des organes m\u00e9caniques et \u00e9lectroniques.<br \/>\n&#8211; L\u00e9g\u00e8ret\u00e9 et facilit\u00e9 de mise en \u0153uvre.<\/p>\n<h3>Inconv\u00e9nient(s) :<\/h3>\n<p>&#8211; La fragilit\u00e9<br \/>\nAux chocs, \u00e9videment, mais finalement quel ch\u00e2ssis ne l\u2019est pas, toute proportion gard\u00e9e bien entendu.<br \/>\nIls souffraient d\u2019une certaine sensibilit\u00e9 aux hydrocarbures, le carburant ayant tendance, \u00e0 long terme, \u00e0 faire se fissurer la mati\u00e8re.<br \/>\nLes ch\u00e2ssis impax en utilisation intensive, ne vieillissaient donc pas tr\u00e8s bien, aussi \u00e9tait-il n\u00e9cessaire d\u2019y apporter quelques renforts en sous face de ch\u00e2ssis sous les trains avant et arri\u00e8re et de se confectionner un par-choc en nylon afin de pr\u00e9server le nez lors de rencontres inopportunes\u2026<\/p>\n<p>Particuli\u00e8rement novateur et encore \u00e0 ce jour unique en son genre en grosse \u00e9chelle, le principe des coques autoporteuses impax disparut des catalogues en 1992, pour c\u00e9der la place au Concept 92. Mais \u00e7a c\u2019est une autre histoire\u2026<\/p>\n<p>Si je vous parle aujourd\u2019hui des mod\u00e8les impax, ce n\u2019est pas sans un arri\u00e8re-pens\u00e9e.<br \/>\nNous avons eu la chance, mon fils et moi de retrouver une 309 \u00e9quip\u00e9e de ce type de ch\u00e2ssis.<br \/>\nCe n\u2019est pas sans \u00e9motion que son ancien propri\u00e9taire l\u2019a confi\u00e9e \u00e0 mon fils.<br \/>\nAussi, c\u2019est avec tout le respect du \u00e0 ce mod\u00e8le et \u00e0 son \u00e9tat de conservation, que je vous la pr\u00e9sente aujourd\u2019hui :<\/p>\n<p>[nggallery id=7<\/p>\n<p>[foldergallery folder=\u00a0\u00bbwp-content\/gallery\/309&Prime; title=\u00a0\u00bb309&Prime;]<\/p>\n","protected":false},"excerpt":{"rendered":"<p>Peugeot 309 Yankee au 1:4 ven 14 nov 2008, 13:42 &nbsp; L&rsquo;impact de l&rsquo;impax&#8230; Vous avez dit ch\u00e2ssis ? [singlepic<\/p>","protected":false},"author":5,"featured_media":2677,"parent":183,"menu_order":0,"comment_status":"open","ping_status":"open","template":"","meta":{"colormag_page_container_layout":"default_layout","colormag_page_sidebar_layout":"default_layout","footnotes":""},"class_list":["post-219","page","type-page","status-publish","has-post-thumbnail","hentry"],"_links":{"self":[{"href":"https:\/\/vhrc.fr\/en\/wp-json\/wp\/v2\/pages\/219","targetHints":{"allow":["GET"]}}],"collection":[{"href":"https:\/\/vhrc.fr\/en\/wp-json\/wp\/v2\/pages"}],"about":[{"href":"https:\/\/vhrc.fr\/en\/wp-json\/wp\/v2\/types\/page"}],"author":[{"embeddable":true,"href":"https:\/\/vhrc.fr\/en\/wp-json\/wp\/v2\/users\/5"}],"replies":[{"embeddable":true,"href":"https:\/\/vhrc.fr\/en\/wp-json\/wp\/v2\/comments?post=219"}],"version-history":[{"count":10,"href":"https:\/\/vhrc.fr\/en\/wp-json\/wp\/v2\/pages\/219\/revisions"}],"predecessor-version":[{"id":6898,"href":"https:\/\/vhrc.fr\/en\/wp-json\/wp\/v2\/pages\/219\/revisions\/6898"}],"up":[{"embeddable":true,"href":"https:\/\/vhrc.fr\/en\/wp-json\/wp\/v2\/pages\/183"}],"wp:featuredmedia":[{"embeddable":true,"href":"https:\/\/vhrc.fr\/en\/wp-json\/wp\/v2\/media\/2677"}],"wp:attachment":[{"href":"https:\/\/vhrc.fr\/en\/wp-json\/wp\/v2\/media?parent=219"}],"curies":[{"name":"wp","href":"https:\/\/api.w.org\/{rel}","templated":true}]}}