{"id":2278,"date":"2012-03-28T19:31:25","date_gmt":"2012-03-28T18:31:25","guid":{"rendered":"http:\/\/vhrc.fr\/?page_id=2278"},"modified":"2025-07-08T09:23:25","modified_gmt":"2025-07-08T08:23:25","slug":"ferrari-312p","status":"publish","type":"page","link":"https:\/\/vhrc.fr\/en\/voitures\/menoud\/ferrari-312p\/","title":{"rendered":"Ferrari 312P"},"content":{"rendered":"<p><a href=\"http:\/\/vhrc.fr\/wp-content\/uploads\/2012\/03\/menoud-312p-pub.jpg\"><img loading=\"lazy\" decoding=\"async\" class=\"alignnone size-full wp-image-2279\" title=\"menoud-312p-pub\" src=\"http:\/\/vhrc.fr\/wp-content\/uploads\/2012\/03\/menoud-312p-pub.jpg\" alt=\"\" width=\"324\" height=\"183\" \/><\/a><\/p>\n<p>empattement 612mm<\/p>\n<p>Longueur 984mm<\/p>\n<p>Largeur 500mm<\/p>\n<p>une des tr\u00e8s rares barquettes produites \u00e0 l&rsquo;\u00e9chelle 1:4&#8230; aussi une des rares Ferrari!<\/p>","protected":false},"excerpt":{"rendered":"<p>empattement 612mm Longueur 984mm Largeur 500mm une des tr\u00e8s rares barquettes produites \u00e0 l&rsquo;\u00e9chelle 1:4&#8230; aussi une des rares Ferrari!<\/p>","protected":false},"author":5,"featured_media":2279,"parent":2268,"menu_order":0,"comment_status":"closed","ping_status":"closed","template":"","meta":{"colormag_page_container_layout":"default_layout","colormag_page_sidebar_layout":"default_layout","footnotes":""},"class_list":["post-2278","page","type-page","status-publish","has-post-thumbnail","hentry"],"_links":{"self":[{"href":"https:\/\/vhrc.fr\/en\/wp-json\/wp\/v2\/pages\/2278","targetHints":{"allow":["GET"]}}],"collection":[{"href":"https:\/\/vhrc.fr\/en\/wp-json\/wp\/v2\/pages"}],"about":[{"href":"https:\/\/vhrc.fr\/en\/wp-json\/wp\/v2\/types\/page"}],"author":[{"embeddable":true,"href":"https:\/\/vhrc.fr\/en\/wp-json\/wp\/v2\/users\/5"}],"replies":[{"embeddable":true,"href":"https:\/\/vhrc.fr\/en\/wp-json\/wp\/v2\/comments?post=2278"}],"version-history":[{"count":3,"href":"https:\/\/vhrc.fr\/en\/wp-json\/wp\/v2\/pages\/2278\/revisions"}],"predecessor-version":[{"id":9973,"href":"https:\/\/vhrc.fr\/en\/wp-json\/wp\/v2\/pages\/2278\/revisions\/9973"}],"up":[{"embeddable":true,"href":"https:\/\/vhrc.fr\/en\/wp-json\/wp\/v2\/pages\/2268"}],"wp:featuredmedia":[{"embeddable":true,"href":"https:\/\/vhrc.fr\/en\/wp-json\/wp\/v2\/media\/2279"}],"wp:attachment":[{"href":"https:\/\/vhrc.fr\/en\/wp-json\/wp\/v2\/media?parent=2278"}],"curies":[{"name":"wp","href":"https:\/\/api.w.org\/{rel}","templated":true}]}}