{"id":2365,"date":"2012-05-05T06:26:01","date_gmt":"2012-05-05T05:26:01","guid":{"rendered":"http:\/\/vhrc.fr\/?page_id=2365"},"modified":"2025-07-08T09:22:53","modified_gmt":"2025-07-08T08:22:53","slug":"2012-m5-castelsarrasin","status":"publish","type":"page","link":"https:\/\/vhrc.fr\/en\/historique\/vhrc-lhistorique\/2012-vhrc\/2012-m5-castelsarrasin\/","title":{"rendered":"2012 M05 Castelsarrasin"},"content":{"rendered":"<h1>manche du Yankee Shop Challenge 2012<\/h1>\n<h1>Photos<\/h1>\n<figure id=\"attachment_2496\" aria-describedby=\"caption-attachment-2496\" style=\"width: 649px\" class=\"wp-caption alignnone\"><a href=\"http:\/\/vhrc.fr\/wp-content\/uploads\/2012\/05\/26.27.mai-CASTELSARRASIN-071.jpg\"><img loading=\"lazy\" decoding=\"async\" class=\"size-full wp-image-2496\" title=\"podiulm M5 VHRC Castelsarrasin 26 Mai 2012\" src=\"http:\/\/vhrc.fr\/wp-content\/uploads\/2012\/05\/26.27.mai-CASTELSARRASIN-071.jpg\" alt=\"podiulm M5 VHRC Castelsarrasin 26 Mai 2012\" width=\"649\" height=\"486\" srcset=\"https:\/\/vhrc.fr\/wp-content\/uploads\/2012\/05\/26.27.mai-CASTELSARRASIN-071.jpg 1024w, https:\/\/vhrc.fr\/wp-content\/uploads\/2012\/05\/26.27.mai-CASTELSARRASIN-071-500x375.jpg 500w, https:\/\/vhrc.fr\/wp-content\/uploads\/2012\/05\/26.27.mai-CASTELSARRASIN-071-800x600.jpg 800w\" sizes=\"auto, (max-width: 649px) 100vw, 649px\" \/><\/a><figcaption id=\"caption-attachment-2496\" class=\"wp-caption-text\">podiulm M5 VHRC Castelsarrasin 26 Mai 2012<\/figcaption><\/figure>\n<p>Merci aux membres du MARCG et \u00e0 Bruno Alliot de Yankee Shop.<\/p>\n<p><img loading=\"lazy\" decoding=\"async\" class=\"alignnone\" title=\"castel 2012 1\" src=\"https:\/\/lh5.googleusercontent.com\/-qyu36n_Enmo\/T8SM0I5Q0kI\/AAAAAAAAC8o\/_Rqcm2IRcM0\/s800\/IMG_1226.jpg\" alt=\"\" width=\"800\" height=\"600\" \/><\/p>\n<p><img loading=\"lazy\" decoding=\"async\" class=\"alignnone\" title=\"yankee chanllenge 2011 castelsarrasin fiat abarth saute\" src=\"https:\/\/lh4.googleusercontent.com\/-NV49Xz76jX8\/T8SMwbUih2I\/AAAAAAAAC8Q\/_s8NiyRALwI\/s800\/IMG_1223.jpg\" alt=\"\" width=\"800\" height=\"600\" \/><\/p>\n<p><a href=\"https:\/\/lh4.googleusercontent.com\/-NV49Xz76jX8\/T8SMwbUih2I\/AAAAAAAAC8Q\/_s8NiyRALwI\/s800\/IMG_1223.jpg\">yankee chanllenge 2011 castelsarrasin fiat abarth sauteyankee chanllenge 2011 castelsarrasin fiat abarth saute<\/a><\/p>\n<p><img loading=\"lazy\" decoding=\"async\" class=\"alignnone\" title=\"yankee chanllenge 2011 castelsarrasin porsche ellen rose\" src=\"https:\/\/lh3.googleusercontent.com\/-aA7FWZ7d78U\/T8SMlT0hnQI\/AAAAAAAAC7I\/WJCWQZR4Rpc\/s912\/IMG_1210_cr.jpg\" alt=\"\" width=\"912\" height=\"608\" \/><\/p>\n<p><img loading=\"lazy\" decoding=\"async\" class=\"alignnone\" title=\"yankee chanllenge 2011 castelsarrasin pilotes s'amusent\" src=\"https:\/\/lh5.googleusercontent.com\/-xHzdxV6lyVw\/T8SMe1lF2iI\/AAAAAAAAC6U\/9n0TZHqSK38\/s800\/IMG_1203.jpg\" alt=\"\" width=\"800\" height=\"600\" \/><\/p>\n<h1>la suite <a title=\"galerie VHRC 2012 yankee shop challenge\" href=\"https:\/\/picasaweb.google.com\/101927760957968692890\/ModelismeAutoRCVHRC2012CastelasarrasinM5#\">des photos ICI<\/a><\/h1>\n<h2>R\u00e9sum\u00e9 par Luc<\/h2>\n<p>Nous voila \u00e0 la manche 5 du \u2018VHRC\u2019 sur le circuit de Castelsarrasin neuf pilotes enregistr\u00e9s en \u00bc , six du \u2018vhrc\u2019 trois externes qui sont\u00a0: M T. G\u00e9n\u00e9ro sur Ferrari P4 , R.Garros sur Fiat Abarth et P. Lorain sur Porsche 930.<\/p>\n<h3>Tous au Rendez-vous le samedi 26 Mai<\/h3>\n<p>a 14h, sauf St\u00e9ph Heyberger qui arrivera le dimanche matin , ne roulera pas et sera le photographe du jour du vhrc.<\/p>\n<p>La majorit\u00e9 d\u2019entre-nous d\u00e9couvrait pour la premi\u00e8re fois le circuit des \u00ab\u00a0Trescasses\u00a0\u00bb rte de St Aignan ,situ\u00e9 au milieu des terres coinc\u00e9 entre les pommiers et le cours d\u2019eau.<\/p>\n<p>Le circuit est technique ,agr\u00e9able \u00e0 l\u2019\u00e9chelle \u00bc, on peut doubler en permanence, il n\u2019est pas cassant ,le bitume accrocheur respecte l\u2019usure de la gomme\u00a0! Les spectateurs et pilotes sont bien prot\u00e9g\u00e9s par une ceinture grillag\u00e9e ,le podium d\u2019une bonne hauteur donne une vision tous azimuts du trac\u00e9 ,l\u2019acc\u00e8s facile par deux escaliers rend celui-ci s\u00e9curisant , les stands bien pens\u00e9s am\u00e8nent un confort aux pilotes. Cette ann\u00e9e une peinture bleue appos\u00e9e au sol ,avec des vibreurs repeints rendait visuellement le pilotage fort agr\u00e9able.<\/p>\n<p>Le samedi 14h , une m\u00e9t\u00e9o nuageuse sans pluie mais fraiche nous accueillait. Apr\u00e8s de franches poign\u00e9es de mains ,nous voila press\u00e9s de d\u00e9couvrir le trac\u00e9 ,jusqu&rsquo;\u00e0 19h les essais s\u2019enchainent\u00a0; vas-y que je monte en pneu les p3 ou les s4 non peut-\u00eatre les s3 ,finalement les mousses. Beaucoup de r\u00e9flexions et de discussions au niveau du choix judicieux du nombre de dents des pignons de transmissions.<\/p>\n<p>Particularit\u00e9, ce circuit tourne \u00e0 gauche, cela est fort rare\u00a0!au bout de la ligne droite qui passe au pied du podium, nous rentrons dans une parabolique qui peut se prendre \u00e0 fond la roue avant gauche sur le vibreur, mais avec un gros c\u0153ur\u00a0!<\/p>\n<p>A 19h30 , je voudrais remercier\u00a0: M. Misitano et son fils de Villeneuve les Avignon venus en camping car, Johan \u00e9tant pilote Yankee 1\/5 , pr\u00e9sents depuis le vendredi ils nous offrirons un ap\u00e9ro et les discussions iront bon train. 20h les pilotes se mettront en route afin d\u2019aller vers les h\u00f4tels, chambres d\u2019h\u00f4tes ou gites r\u00e9serv\u00e9s.<\/p>\n<figure id=\"attachment_2537\" aria-describedby=\"caption-attachment-2537\" style=\"width: 640px\" class=\"wp-caption alignnone\"><a href=\"http:\/\/vhrc.fr\/wp-content\/uploads\/2012\/05\/26.27.mai-CASTELSARRASIN-065.jpg\"><img loading=\"lazy\" decoding=\"async\" class=\"size-full wp-image-2537\" title=\"Johan\" src=\"http:\/\/vhrc.fr\/wp-content\/uploads\/2012\/05\/26.27.mai-CASTELSARRASIN-065.jpg\" alt=\"\" width=\"640\" height=\"480\" srcset=\"https:\/\/vhrc.fr\/wp-content\/uploads\/2012\/05\/26.27.mai-CASTELSARRASIN-065.jpg 640w, https:\/\/vhrc.fr\/wp-content\/uploads\/2012\/05\/26.27.mai-CASTELSARRASIN-065-500x375.jpg 500w\" sizes=\"auto, (max-width: 640px) 100vw, 640px\" \/><\/a><figcaption id=\"caption-attachment-2537\" class=\"wp-caption-text\">Johan<\/figcaption><\/figure>\n<h3>Dimanche matin 8h ,<\/h3>\n<p>on \u00e9carquille encore les yeux ,les stands sont d\u00e9j\u00e0 pleins.Partie droite le 1\/5, Partie gauche le \u00bc.<\/p>\n<p>L\u2019organisation\u00a0: En la personne de M <strong>Bruno Alliot<\/strong> Yankee Shop et M Miramont Pr\u00e9sident du club et du circuit nous fera un comptage et commentaire de course, accueillant chaleureux et tr\u00e8s efficace, soleil \u00e9clatant , l\u2019apr\u00e8s midi 27\u00b0 pour des finales endiabl\u00e9es.<\/p>\n<figure id=\"attachment_2517\" aria-describedby=\"caption-attachment-2517\" style=\"width: 640px\" class=\"wp-caption alignnone\"><a href=\"http:\/\/vhrc.fr\/wp-content\/uploads\/2012\/05\/26.27.mai-CASTELSARRASIN-009.jpg\"><img loading=\"lazy\" decoding=\"async\" class=\"size-full wp-image-2517\" title=\"Bruno\" src=\"http:\/\/vhrc.fr\/wp-content\/uploads\/2012\/05\/26.27.mai-CASTELSARRASIN-009.jpg\" alt=\"\" width=\"640\" height=\"480\" srcset=\"https:\/\/vhrc.fr\/wp-content\/uploads\/2012\/05\/26.27.mai-CASTELSARRASIN-009.jpg 640w, https:\/\/vhrc.fr\/wp-content\/uploads\/2012\/05\/26.27.mai-CASTELSARRASIN-009-500x375.jpg 500w\" sizes=\"auto, (max-width: 640px) 100vw, 640px\" \/><\/a><figcaption id=\"caption-attachment-2517\" class=\"wp-caption-text\">Bruno<\/figcaption><\/figure>\n<p>Programme courses\u00a0: \u00bc.<\/p>\n<p>R\u00e9mi vous fait un commentaire tr\u00e8s d\u00e9taill\u00e9 \u00e0 la suite de celui-ci.<\/p>\n<p>Le matin quatre finales de 10\u2019 , Repas offert par Yankee Shop (Merci Bruno). L\u2019apr\u00e8s midi deux finales de 15\u2019. Suivra une superbe remise de prix. Tous les pilotes seront r\u00e9compens\u00e9s, coupes lots et une surprise.<\/p>\n<p>19h RDV est donn\u00e9 pour une visite de l\u2019usine Yankee \u00e0 Bressols\u00a0!<\/p>\n<p>La voici\u00a0! YANKEE SHOP met en place en 2012 , le troph\u00e9e du challenge. Superbe pi\u00e8ce d\u2019art qu\u2019il faudra gagner trois fois pour la conserver.<\/p>\n<p>Je conclurai la M5,en vous disant que les conditions d\u2019accueil la convivialit\u00e9 des organisateurs, des membres du club ,une piste au top, des stands confortables ,une remise de prix ,DIGNE dans le respect des mod\u00e9listes avec une m\u00e9t\u00e9o formidable , nous ont fait passer un fort agr\u00e9able moment, dans la joie et le plaisir de pratiquer notre sport favori le mod\u00e9lisme auto \u00e0 l\u2019\u00e9chelle\u2026..1\/4\u2026. Devant tant de bons souvenirs. Nous reviendrons en 2013.<\/p>\n<p>Surtout un grand MERCI! \u00e0 toi BRUNO , qui a fait d\u2019\u00e9normes efforts de volont\u00e9 et de courage pour ta passion\u00a0!<\/p>\n<p>Pour nous recevoir dans les meilleures conditions possibles .Un seul mot c\u2019est une r\u00e9ussite!<\/p>\n<p>&nbsp;<\/p>\n<figure id=\"attachment_2521\" aria-describedby=\"caption-attachment-2521\" style=\"width: 640px\" class=\"wp-caption alignnone\"><a href=\"http:\/\/vhrc.fr\/wp-content\/uploads\/2012\/05\/26.27.mai-CASTELSARRASIN-014.jpg\"><img loading=\"lazy\" decoding=\"async\" class=\"size-full wp-image-2521\" title=\"GE DIGITAL CAMERA\" src=\"http:\/\/vhrc.fr\/wp-content\/uploads\/2012\/05\/26.27.mai-CASTELSARRASIN-014.jpg\" alt=\"\" width=\"640\" height=\"480\" srcset=\"https:\/\/vhrc.fr\/wp-content\/uploads\/2012\/05\/26.27.mai-CASTELSARRASIN-014.jpg 640w, https:\/\/vhrc.fr\/wp-content\/uploads\/2012\/05\/26.27.mai-CASTELSARRASIN-014-500x375.jpg 500w\" sizes=\"auto, (max-width: 640px) 100vw, 640px\" \/><\/a><figcaption id=\"caption-attachment-2521\" class=\"wp-caption-text\">JC &amp; Julien<\/figcaption><\/figure>\n<h2>La course en direct par R\u00e9mi.<\/h2>\n<p>&nbsp;<\/p>\n<h3>Samedi :<\/h3>\n<p>essai libre avec un temps humide et nuageux ; Daniel, Ellen, Raymond, Patrick, Julien, R\u00e9mi, Luc, et Thierry seront pr\u00e9sents.<\/p>\n<p>&nbsp;<\/p>\n<h3>Dimanche matin :<\/h3>\n<p>essai libre puis 4 manches de 10 min de qualifications avec un beau soleil et une bonne temp\u00e9rature ;<\/p>\n<h4>Qualifications :<\/h4>\n<p>Ellen : la voiture glisse plus que la veille ; fera les 4 manches de qualif malgr\u00e9 un manque d\u2019accroche du train arri\u00e8re. Fera le 5\u00e8me temps.<\/p>\n<figure id=\"attachment_2522\" aria-describedby=\"caption-attachment-2522\" style=\"width: 640px\" class=\"wp-caption alignnone\"><a href=\"http:\/\/vhrc.fr\/wp-content\/uploads\/2012\/05\/26.27.mai-CASTELSARRASIN-015.jpg\"><img loading=\"lazy\" decoding=\"async\" class=\"size-full wp-image-2522\" title=\"Ellen &amp; Raymond\" src=\"http:\/\/vhrc.fr\/wp-content\/uploads\/2012\/05\/26.27.mai-CASTELSARRASIN-015.jpg\" alt=\"Ellen &amp; Raymond\" width=\"640\" height=\"480\" srcset=\"https:\/\/vhrc.fr\/wp-content\/uploads\/2012\/05\/26.27.mai-CASTELSARRASIN-015.jpg 640w, https:\/\/vhrc.fr\/wp-content\/uploads\/2012\/05\/26.27.mai-CASTELSARRASIN-015-500x375.jpg 500w\" sizes=\"auto, (max-width: 640px) 100vw, 640px\" \/><\/a><figcaption id=\"caption-attachment-2522\" class=\"wp-caption-text\">Ellen &amp; Raymond<\/figcaption><\/figure>\n<figure style=\"width: 640px\" class=\"wp-caption alignnone\"><img loading=\"lazy\" decoding=\"async\" class=\"\" title=\"Ellen &amp; patrick\" src=\"https:\/\/lh3.googleusercontent.com\/-L4UL_WXKXKc\/T8SNUbLRtdI\/AAAAAAAAC_4\/3i9tMjYGBUw\/s800\/IMG_1259.jpg\" alt=\"\" width=\"640\" height=\"480\" \/><figcaption class=\"wp-caption-text\">Ellen &amp; patrick<\/figcaption><\/figure>\n<p>Daniel : a trouv\u00e9 une paire de pneus Large S3 (neuve) dans le coffre d\u2019un pilote ; le comportement de la voiture lui plait. Il roulera 3 manches de qualif sans pousser la voiture au maximum ; fera le 3\u00e8me temps des qualifs<\/p>\n<p>Patrick : en Porsche 930 FVR neuve ; roulera tr\u00e8s fort, pilote pr\u00e9cis et fairplay ; roulera tout le week-end en pneus mousses ; fera le 1er temps des qualifs<\/p>\n<p><strong>Luc<\/strong> : fera 1 manche et demi de qualif avant un crash frontal avec une autre voiture ; train avant arrach\u00e9, tordu, cass\u00e9 ; la voiture sera immobilis\u00e9e.<\/p>\n<figure style=\"width: 546px\" class=\"wp-caption alignnone\"><img loading=\"lazy\" decoding=\"async\" src=\"https:\/\/lh4.googleusercontent.com\/--a-kob4rOlI\/T8SMFAgfmAI\/AAAAAAAAC3w\/D1y9OSUfRhY\/s800\/IMG_1170.jpg\" alt=\"\" width=\"546\" height=\"409\" \/><figcaption class=\"wp-caption-text\">Lugia<\/figcaption><\/figure>\n<p>Raymond : durite d\u2019\u00e9chappement qui se fissure, crash frontal, carburateur capricieux ; fera le 7\u00e8me temps des qualifs.<\/p>\n<p>Julien : essayera plusieurs types de pneus au vu des temp\u00e9ratures \u00e9lev\u00e9es ; trouvera son bonheur dans le coffre d\u2019un pilote ; roulera fort et sera r\u00e9compens\u00e9 en signant le 2\u00e8me temps des qualifs.<\/p>\n<p><strong>Thierry<\/strong> : avec un Ferrari P4 r\u00e9par\u00e9e (crash la veille) roulera quelques tours dans chaque manche de qualif ; fera le 6\u00e8me temps des qualifs.<\/p>\n<figure style=\"width: 480px\" class=\"wp-caption alignnone\"><img loading=\"lazy\" decoding=\"async\" title=\"castelsarrasin yankee challenge 2011 ferrari p4 thierry saute\" src=\"https:\/\/lh5.googleusercontent.com\/-bDTy-GlN4Yk\/T8SMx4TFglI\/AAAAAAAAC8Y\/RNSGs9XMAZM\/s640\/IMG_1224_cr.jpg\" alt=\"\" width=\"480\" height=\"640\" \/><figcaption class=\"wp-caption-text\">Thierry<\/figcaption><\/figure>\n<p>R\u00e9mi : perdra un pignon moteur \u00e0 cause d\u2019une cloche d\u2019embrayage fatigu\u00e9 : changera la cloche (pr\u00eat par Luc) \u00e0 la 3\u00e8me qualif ; le culasse du moteur s\u2019est desserr\u00e9 \u00e0 la 4\u00e8me qualif ; fera le 4\u00e8me temps des qualifs.<\/p>\n<p>St\u00e9phane : ne roulera pas, la voiture est rest\u00e9e \u00e0 la maison<\/p>\n<p>Tour le plus rapide des qualifs par pilote :<\/p>\n<p>Ellen : 29.13<\/p>\n<p>Daniel : 25.92<\/p>\n<p>Patrick : 25.27<\/p>\n<p>Raymond : 30.32<\/p>\n<p>Julien : 26.58<\/p>\n<p>Thierry : 27.63<\/p>\n<p>R\u00e9mi : 25.97<\/p>\n<p>Grille de d\u00e9part : Patrick, Julien, Daniel, R\u00e9mi, Ellen, Thierry, et Raymond<\/p>\n<h3>\u00a0Dimanche apr\u00e8s-midi : essai libre puis course : 2 finales de 15 minutes<\/h3>\n<h4>1\u00e8re Finale:<\/h4>\n<p>Ellen : moteur capricieux et qui ne monte pas dans les tours ; fera la course comme \u00e7a, avec un manque de vitesse de d\u2019acc\u00e9l\u00e9ration ; finira 4\u00e8me avec 28 tours<\/p>\n<p>Daniel : n\u2019arrive pas \u00e0 exploiter la voiture \u00e0 fond alors qu\u2019il sait qu\u2019elle en a envie ! Finira \u00e0 une belle 3\u00e8me place avec 32 tours<\/p>\n<figure style=\"width: 627px\" class=\"wp-caption alignnone\"><img loading=\"lazy\" decoding=\"async\" src=\"https:\/\/lh3.googleusercontent.com\/-cTQXFjrp_zI\/T8SOHi9s77I\/AAAAAAAADFA\/vGKSpGYAS9w\/s800\/IMG_1310.jpg\" alt=\"\" width=\"627\" height=\"470\" \/><figcaption class=\"wp-caption-text\">Daniel<\/figcaption><\/figure>\n<p>Patrick : parti 1er fera une belle course en t\u00eate, sans fautes, avec une grande facilit\u00e9 de pilotage ; fissure de son coude d\u2019\u00e9chappement vers la fin de course : r\u00e9parera apr\u00e8s la course (pr\u00eat par Daniel) ; finira 1er avec 34 tours<\/p>\n<figure id=\"attachment_2530\" aria-describedby=\"caption-attachment-2530\" style=\"width: 626px\" class=\"wp-caption alignnone\"><img loading=\"lazy\" decoding=\"async\" class=\"alignnone\" src=\"https:\/\/lh5.googleusercontent.com\/-edv-8cYFvc4\/T8SNM8A5lTI\/AAAAAAAAC_A\/ts_kCRhinpQ\/s800\/IMG_1251.jpg\" alt=\"\" width=\"626\" height=\"469\" \/><figcaption id=\"caption-attachment-2530\" class=\"wp-caption-text\">PAtrick L<\/figcaption><\/figure>\n<p>Raymond : finira tout pr\u00eat d\u2019Ellen malgr\u00e9 une Fiat au carburateur fatigu\u00e9 ; la voiture se pilote mieux ; finira 5\u00e8me avec 28 tours<\/p>\n<figure id=\"attachment_2536\" aria-describedby=\"caption-attachment-2536\" style=\"width: 640px\" class=\"wp-caption alignnone\"><a href=\"http:\/\/vhrc.fr\/wp-content\/uploads\/2012\/05\/26.27.mai-CASTELSARRASIN-064.jpg\"><img loading=\"lazy\" decoding=\"async\" class=\"size-full wp-image-2536\" title=\"GE DIGITAL CAMERA\" src=\"http:\/\/vhrc.fr\/wp-content\/uploads\/2012\/05\/26.27.mai-CASTELSARRASIN-064.jpg\" alt=\"\" width=\"640\" height=\"480\" srcset=\"https:\/\/vhrc.fr\/wp-content\/uploads\/2012\/05\/26.27.mai-CASTELSARRASIN-064.jpg 640w, https:\/\/vhrc.fr\/wp-content\/uploads\/2012\/05\/26.27.mai-CASTELSARRASIN-064-500x375.jpg 500w\" sizes=\"auto, (max-width: 640px) 100vw, 640px\" \/><\/a><figcaption id=\"caption-attachment-2536\" class=\"wp-caption-text\">Raymond Fiat<\/figcaption><\/figure>\n<p>&nbsp;<\/p>\n<p>Julien : une chape d\u2019amortisseur s\u2019arracha au bout de 7 tours de course ; l\u2019arr\u00eat de 6 minutes pour r\u00e9parer lui fera perdre sa 3\u00e8me place ; finira 6\u00e8me avec 20 tours<\/p>\n<p>Thierry : fera un arr\u00eat de plus de 7 minutes ; finira 7\u00e8me avec 16 tours<\/p>\n<figure id=\"attachment_2532\" aria-describedby=\"caption-attachment-2532\" style=\"width: 640px\" class=\"wp-caption alignnone\"><a href=\"http:\/\/vhrc.fr\/wp-content\/uploads\/2012\/05\/26.27.mai-CASTELSARRASIN-057.jpg\"><img loading=\"lazy\" decoding=\"async\" class=\"size-full wp-image-2532\" title=\"thierry\" src=\"http:\/\/vhrc.fr\/wp-content\/uploads\/2012\/05\/26.27.mai-CASTELSARRASIN-057.jpg\" alt=\"\" width=\"640\" height=\"480\" srcset=\"https:\/\/vhrc.fr\/wp-content\/uploads\/2012\/05\/26.27.mai-CASTELSARRASIN-057.jpg 640w, https:\/\/vhrc.fr\/wp-content\/uploads\/2012\/05\/26.27.mai-CASTELSARRASIN-057-500x375.jpg 500w\" sizes=\"auto, (max-width: 640px) 100vw, 640px\" \/><\/a><figcaption id=\"caption-attachment-2532\" class=\"wp-caption-text\">thierry<\/figcaption><\/figure>\n<p>R\u00e9mi : doublera Daniel et Julien afin de s\u2019emparer de la 2nd place ; n\u2019arrivera pas \u00e0 rattraper Patrick ; finira 2nd avec 34 tours, \u00e0 10 sec de Patrick<\/p>\n<h4>\u00a02\u00e8me Finale :<\/h4>\n<p>Ellen : moteur re-r\u00e9gl\u00e9, le moteur va mieux, mais le train arri\u00e8re glisse toujours ; petit accrochage sans incidence avec Patrick au 6\u00e8me tour ; finira 4\u00e8me avec 28 tours<\/p>\n<p>Daniel : tr\u00e8s r\u00e9gulier, fera le m\u00eame nombre de tours et le m\u00eame temps qu\u2019\u00e0 la 1\u00e8re finale ; la voiture est agr\u00e9able, elle accroche, tout va bien ! Finira 3\u00e8me avec 32 tours<\/p>\n<figure id=\"attachment_2523\" aria-describedby=\"caption-attachment-2523\" style=\"width: 640px\" class=\"wp-caption alignnone\"><a href=\"http:\/\/vhrc.fr\/wp-content\/uploads\/2012\/05\/26.27.mai-CASTELSARRASIN-023.jpg\"><img loading=\"lazy\" decoding=\"async\" class=\"size-full wp-image-2523\" title=\"Daniel\" src=\"http:\/\/vhrc.fr\/wp-content\/uploads\/2012\/05\/26.27.mai-CASTELSARRASIN-023.jpg\" alt=\"\" width=\"640\" height=\"480\" srcset=\"https:\/\/vhrc.fr\/wp-content\/uploads\/2012\/05\/26.27.mai-CASTELSARRASIN-023.jpg 640w, https:\/\/vhrc.fr\/wp-content\/uploads\/2012\/05\/26.27.mai-CASTELSARRASIN-023-500x375.jpg 500w\" sizes=\"auto, (max-width: 640px) 100vw, 640px\" \/><\/a><figcaption id=\"caption-attachment-2523\" class=\"wp-caption-text\">Daniel<\/figcaption><\/figure>\n<p>Patrick : parti en t\u00eate, s\u2019accrochera avec Ellen au 6\u00e8me tour lui faisant perdre du temps ; perdit la 1\u00e8re place durant 7 tours; victoire bien m\u00e9rit\u00e9 ; finira 1er avec 34 tours<\/p>\n<p>Raymond : fera 3 tours de course et la puce ne comptabilisera plus les tours ; finira 6\u00e8me avec 3 tours<\/p>\n<p>Julien : fera une belle course \u00e0 bon rythme ; peu de fautes, tours r\u00e9guliers ; finira 2nd avec 33 tours<\/p>\n<p>Thierry : ne prendra pas le d\u00e9part de cette 2\u00e8me finale<\/p>\n<p>R\u00e9mi : bon d\u00e9part lui faisant gagner 2 places ; restera au contacte de Patrick jusqu\u2019\u00e0 ce qu\u2019il s\u2019accroche avec Ellen ; prit le commandement de la course durant 7 tours avant de fondre son support de cloche et de casser son embrayage ; finira 5\u00e8me avec 12 tours<\/p>\n<p>Tour le plus rapide des finales par pilote :<\/p>\n<p>Ellen : 29.96<\/p>\n<p>Daniel : 27.42<\/p>\n<p>Patrick : 25.47<\/p>\n<p>Raymond : 31.15<\/p>\n<p>Julien : 26.51<\/p>\n<p><a href=\"http:\/\/vhrc.fr\/wp-content\/uploads\/2012\/05\/26.27.mai-CASTELSARRASIN-069.jpg\"><img loading=\"lazy\" decoding=\"async\" title=\"julien\" src=\"http:\/\/vhrc.fr\/wp-content\/uploads\/2012\/05\/26.27.mai-CASTELSARRASIN-069.jpg\" alt=\"\" width=\"640\" height=\"480\" \/><\/a><\/p>\n<p>Thierry : 27.66<\/p>\n<p>R\u00e9mi : 25.53<\/p>\n<p>Classement Final :<\/p>\n<p>Patrick, Daniel, Ellen, Julien, R\u00e9mi, Raymond, et Thierry<\/p>\n<p>Classement VHRC Historique :<\/p>\n<p>Daniel, Ellen, Julien, R\u00e9mi<\/p>\n<p>Merci \u00e0 Bruno, aux Organisateurs, aux Pilotes, et \u00e0 la M\u00e9t\u00e9o<\/p>\n<p>&nbsp;<\/p>\n<p>R\u00e9mi<a href=\"http:\/\/vhrc.fr\/wp-content\/uploads\/2012\/05\/r%C3%A9mi.jpg\"><img loading=\"lazy\" decoding=\"async\" class=\"alignnone size-full wp-image-2510\" title=\"GE DIGITAL CAMERA\" src=\"http:\/\/vhrc.fr\/wp-content\/uploads\/2012\/05\/r%C3%A9mi.jpg\" alt=\"\" width=\"138\" height=\"138\" \/><\/a><\/p>\n<p>&nbsp;<\/p>\n<h1>Vid\u00e9os<\/h1>\n<p><iframe loading=\"lazy\" src=\"http:\/\/www.dailymotion.com\/embed\/video\/xr6muf\" frameborder=\"0\" width=\"560\" height=\"315\"><\/iframe><br \/>\n<a href=\"http:\/\/www.dailymotion.com\/video\/xr6muf_essai-libre-julien-modelisme-yankee-1-4-castelsarrasin-mai-2012-ysc_auto\" target=\"_blank\">Essai Libre Julien modelisme Yankee 1\/4&#8230;<\/a> <em>par <a href=\"http:\/\/www.dailymotion.com\/plouffff\" target=\"_blank\">plouffff<\/a><\/em><br \/>\n<iframe loading=\"lazy\" frameborder=\"0\" width=\"560\" height=\"376\" src=\"http:\/\/www.dailymotion.com\/embed\/video\/xr6mu9\"><\/iframe><br \/><a href=\"http:\/\/www.dailymotion.com\/video\/xr6mu9_essai-libre-yankee-1-4-castelsarrasin-mai-2012-ysc_auto\" target=\"_blank\">Essai Libre Yankee 1\/4 Castelsarrasin Mai 2012 YSC<\/a> <i>par <a href=\"http:\/\/www.dailymotion.com\/plouffff\" target=\"_blank\">plouffff<\/a><\/i><br \/>\n<iframe loading=\"lazy\" src=\"http:\/\/www.dailymotion.com\/embed\/video\/xr6mul\" frameborder=\"0\" width=\"560\" height=\"376\"><\/iframe><br \/>\n<a href=\"http:\/\/www.dailymotion.com\/video\/xr6mul_finale-2-modelisme-yankee-1-4-castelsarrasin-mai-2012-ysc_auto\" target=\"_blank\">Finale 2 modelisme Yankee 1\/4 Castelsarrasin Mai&#8230;<\/a> <em>par <a href=\"http:\/\/www.dailymotion.com\/plouffff\" target=\"_blank\">plouffff<\/a><\/em><br \/>\n<iframe loading=\"lazy\" src=\"http:\/\/www.dailymotion.com\/embed\/video\/xr6muj\" frameborder=\"0\" width=\"560\" height=\"376\"><\/iframe><br \/>\n<a href=\"http:\/\/www.dailymotion.com\/video\/xr6muj_finale-1-modelisme-yankee-1-4-castelsarrasin-mai-2012-ysc_auto\" target=\"_blank\">Finale 1 modelisme Yankee 1\/4 Castelsarrasin Mai&#8230;<\/a> <em>par <a href=\"http:\/\/www.dailymotion.com\/plouffff\" target=\"_blank\">plouffff<\/a><\/em><br \/>\nmerci R\u00e9mi<\/p>\n<h1>\u00a0R\u00e9sultats<\/h1>\n<h2><a href=\"http:\/\/vhrc.fr\/wp-content\/uploads\/2012\/05\/R%C3%A9sultats-VHRC-Historique-et-libre-PDF-castelsarrasin-2012-m5.pdf\">R\u00e9sultats VHRC Historique et libre PDF castelsarrasin 2012 m5<\/a><\/h2>\n<h1><\/h1>\n<h1><\/h1>\n<h1><a href=\"http:\/\/vhrc.fr\/wp-content\/uploads\/2012\/05\/Course-Castel-2012x.pdf\">bulletin inscription Course Castel 2012<\/a><br \/>\n<a href=\"http:\/\/vhrc.fr\/wp-content\/uploads\/2012\/05\/Yankee-VHR.-Castelsarrasin-2009-018.jpg\"><img loading=\"lazy\" decoding=\"async\" class=\"alignnone size-full wp-image-2437\" title=\"Yankee  VHR. Castelsarrasin 2009 018\" src=\"http:\/\/vhrc.fr\/wp-content\/uploads\/2012\/05\/Yankee-VHR.-Castelsarrasin-2009-018.jpg\" alt=\"\" width=\"498\" height=\"332\" srcset=\"https:\/\/vhrc.fr\/wp-content\/uploads\/2012\/05\/Yankee-VHR.-Castelsarrasin-2009-018.jpg 640w, https:\/\/vhrc.fr\/wp-content\/uploads\/2012\/05\/Yankee-VHR.-Castelsarrasin-2009-018-500x333.jpg 500w\" sizes=\"auto, (max-width: 498px) 100vw, 498px\" \/><\/a><\/h1>\n<p><a href=\"http:\/\/vhrc.fr\/wp-content\/uploads\/2012\/05\/yankee_shop_challenge_1000.png\"><img loading=\"lazy\" decoding=\"async\" class=\"alignnone size-full wp-image-2367\" title=\"yankee_shop_challenge_1000\" src=\"http:\/\/vhrc.fr\/wp-content\/uploads\/2012\/05\/yankee_shop_challenge_1000.png\" alt=\"\" width=\"599\" height=\"100\" srcset=\"https:\/\/vhrc.fr\/wp-content\/uploads\/2012\/05\/yankee_shop_challenge_1000.png 1000w, https:\/\/vhrc.fr\/wp-content\/uploads\/2012\/05\/yankee_shop_challenge_1000-500x83.png 500w, https:\/\/vhrc.fr\/wp-content\/uploads\/2012\/05\/yankee_shop_challenge_1000-800x133.png 800w\" sizes=\"auto, (max-width: 599px) 100vw, 599px\" \/><\/a><\/p>\n<p><a href=\"http:\/\/vhrc.fr\/wp-content\/uploads\/2012\/05\/bulletin-marcg-2012.png\"><img loading=\"lazy\" decoding=\"async\" class=\"alignnone size-full wp-image-2456\" title=\"bulletin marcg 2012\" src=\"http:\/\/vhrc.fr\/wp-content\/uploads\/2012\/05\/bulletin-marcg-2012.png\" alt=\"\" width=\"155\" height=\"225\" \/><\/a><\/p>\n<p>pilotes inscrits au 20 Mai 2012<\/p>\n<ul>\n<li>Ellen D-Porsche.930<\/li>\n<li>Daniel B- Ford GT 40<\/li>\n<li>R\u00e9mi C- Porsche.930<\/li>\n<li>Julien V-Porsche.930<\/li>\n<li>Lugia- Cox R<\/li>\n<li>Raymond G &#8211; Fiat Abarth<\/li>\n<li>Patrick L -Porsche 930<\/li>\n<li>St\u00e9phane H- Venturi 600<\/li>\n<\/ul>","protected":false},"excerpt":{"rendered":"<p>manche du Yankee Shop Challenge 2012 Photos Merci aux membres du MARCG et \u00e0 Bruno Alliot de Yankee Shop. yankee<\/p>","protected":false},"author":5,"featured_media":2367,"parent":2091,"menu_order":0,"comment_status":"open","ping_status":"closed","template":"","meta":{"colormag_page_container_layout":"default_layout","colormag_page_sidebar_layout":"default_layout","footnotes":""},"class_list":["post-2365","page","type-page","status-publish","has-post-thumbnail","hentry"],"_links":{"self":[{"href":"https:\/\/vhrc.fr\/en\/wp-json\/wp\/v2\/pages\/2365","targetHints":{"allow":["GET"]}}],"collection":[{"href":"https:\/\/vhrc.fr\/en\/wp-json\/wp\/v2\/pages"}],"about":[{"href":"https:\/\/vhrc.fr\/en\/wp-json\/wp\/v2\/types\/page"}],"author":[{"embeddable":true,"href":"https:\/\/vhrc.fr\/en\/wp-json\/wp\/v2\/users\/5"}],"replies":[{"embeddable":true,"href":"https:\/\/vhrc.fr\/en\/wp-json\/wp\/v2\/comments?post=2365"}],"version-history":[{"count":16,"href":"https:\/\/vhrc.fr\/en\/wp-json\/wp\/v2\/pages\/2365\/revisions"}],"predecessor-version":[{"id":9960,"href":"https:\/\/vhrc.fr\/en\/wp-json\/wp\/v2\/pages\/2365\/revisions\/9960"}],"up":[{"embeddable":true,"href":"https:\/\/vhrc.fr\/en\/wp-json\/wp\/v2\/pages\/2091"}],"wp:featuredmedia":[{"embeddable":true,"href":"https:\/\/vhrc.fr\/en\/wp-json\/wp\/v2\/media\/2367"}],"wp:attachment":[{"href":"https:\/\/vhrc.fr\/en\/wp-json\/wp\/v2\/media?parent=2365"}],"curies":[{"name":"wp","href":"https:\/\/api.w.org\/{rel}","templated":true}]}}