{"id":239,"date":"2010-01-05T23:59:43","date_gmt":"2010-01-05T22:59:43","guid":{"rendered":"http:\/\/vhrc.fr\/?page_id=239"},"modified":"2021-02-08T19:48:03","modified_gmt":"2021-02-08T18:48:03","slug":"videos_vhrc","status":"publish","type":"page","link":"https:\/\/vhrc.fr\/en\/videos_vhrc\/","title":{"rendered":"Vid\u00e9os"},"content":{"rendered":"<h1>les vid\u00e9os du VHRC 1:4 sur Youtube<\/h1>\n<p><iframe loading=\"lazy\" title=\"VHRC Voitures Historiques Radio Command\u00e9es au 1:4\" width=\"800\" height=\"450\" src=\"https:\/\/www.youtube.com\/embed\/videoseries?list=PLKnhNOSfzBzsm22sP8K5P5P7jggKcwmnp\" frameborder=\"0\" allow=\"accelerometer; autoplay; clipboard-write; encrypted-media; gyroscope; picture-in-picture\" allowfullscreen><\/iframe><\/p>\n<h1>vid\u00e9os du groupe yankee sur Dailymotion<\/h1>\n<p><iframe loading=\"lazy\" id=\"dm_jukebox_iframe\" style=\"overflow: hidden; margin: 0; padding: 0; width: 100%; height: 100%;\" src=\"http:\/\/www.dailymotion.com\/widget\/jukebox?list[]=%2Fplaylist%2Fx3zsn2_eightman_vhrc%2F1&amp;&amp;autoplay=0&amp;mute=0\" width=\"100%\" height=\"550\" frameborder=\"0\" marginwidth=\"0\" marginheight=\"0\" align=\"middle\" allowfullscreen=\"allowfullscreen\"><\/iframe><\/p>\n<h1>Vid\u00e9os de Patrick \u00ab\u00a0le suisse\u00a0\u00bb<\/h1>\n<p><a href=\"http:\/\/www.dailymotion.com\/user\/rivieratech\/1\">http:\/\/www.dailymotion.com\/user\/rivieratech\/1<\/a><\/p>\n<div class=\"dailymotion-widget\" data-placement=\"602187328aeeb19b6ec227d1\"><\/div>\n<p><script>(function(w,d,s,u,n,e,c){w.PXLObject = n; w[n] = w[n] || function(){(w[n].q =w[n].q || []).push(arguments);};w[n].l = 1 * new Date();e = d.createElement(s); e.async = 1; e.src = u;c = d.getElementsByTagName(s)[0]; c.parentNode.insertBefore(e,c);})(window, document, \"script\", \"\/\/api.dmcdn.net\/pxl\/client.js\",\"pxl\");<\/script><br \/>\n<a href=\"http:\/\/www.dailymotion.com\/user\/rivieratech\/1\"><img loading=\"lazy\" decoding=\"async\" class=\"alignnone wp-image-7787 size-thumbnail\" src=\"http:\/\/vhrc.fr\/wp-content\/uploads\/2010\/01\/pat-dailymotion-300x300.jpeg\" alt=\"\" width=\"150\" height=\"150\" \/><\/a><\/p>\n<h1>Les vid\u00e9os de Stef<\/h1>\n<div class=\"dailymotion-widget\" data-placement=\"6021869b48566fba957b75f5\"><\/div>\n<p><script>(function(w,d,s,u,n,e,c){w.PXLObject = n; w[n] = w[n] || function(){(w[n].q =w[n].q || []).push(arguments);};w[n].l = 1 * new Date();e = d.createElement(s); e.async = 1; e.src = u;c = d.getElementsByTagName(s)[0]; c.parentNode.insertBefore(e,c);})(window, document, \"script\", \"\/\/api.dmcdn.net\/pxl\/client.js\",\"pxl\");<\/script><\/p>\n","protected":false},"excerpt":{"rendered":"<p>les vid\u00e9os du VHRC 1:4 sur Youtube vid\u00e9os du groupe yankee sur Dailymotion Vid\u00e9os de Patrick \u00ab\u00a0le suisse\u00a0\u00bb http:\/\/www.dailymotion.com\/user\/rivieratech\/1 Les<\/p>","protected":false},"author":5,"featured_media":2580,"parent":0,"menu_order":0,"comment_status":"open","ping_status":"open","template":"","meta":{"colormag_page_container_layout":"default_layout","colormag_page_sidebar_layout":"default_layout","footnotes":""},"class_list":["post-239","page","type-page","status-publish","has-post-thumbnail","hentry"],"_links":{"self":[{"href":"https:\/\/vhrc.fr\/en\/wp-json\/wp\/v2\/pages\/239","targetHints":{"allow":["GET"]}}],"collection":[{"href":"https:\/\/vhrc.fr\/en\/wp-json\/wp\/v2\/pages"}],"about":[{"href":"https:\/\/vhrc.fr\/en\/wp-json\/wp\/v2\/types\/page"}],"author":[{"embeddable":true,"href":"https:\/\/vhrc.fr\/en\/wp-json\/wp\/v2\/users\/5"}],"replies":[{"embeddable":true,"href":"https:\/\/vhrc.fr\/en\/wp-json\/wp\/v2\/comments?post=239"}],"version-history":[{"count":27,"href":"https:\/\/vhrc.fr\/en\/wp-json\/wp\/v2\/pages\/239\/revisions"}],"predecessor-version":[{"id":9804,"href":"https:\/\/vhrc.fr\/en\/wp-json\/wp\/v2\/pages\/239\/revisions\/9804"}],"wp:featuredmedia":[{"embeddable":true,"href":"https:\/\/vhrc.fr\/en\/wp-json\/wp\/v2\/media\/2580"}],"wp:attachment":[{"href":"https:\/\/vhrc.fr\/en\/wp-json\/wp\/v2\/media?parent=239"}],"curies":[{"name":"wp","href":"https:\/\/api.w.org\/{rel}","templated":true}]}}