{"id":2597,"date":"2012-06-13T10:17:21","date_gmt":"2012-06-13T09:17:21","guid":{"rendered":"http:\/\/vhrc.fr\/?page_id=2597"},"modified":"2025-07-08T09:22:53","modified_gmt":"2025-07-08T08:22:53","slug":"2012-m7-saint-affrique","status":"publish","type":"page","link":"https:\/\/vhrc.fr\/en\/historique\/vhrc-lhistorique\/2012-vhrc\/2012-m7-saint-affrique\/","title":{"rendered":"2012 M07 Saint Affrique"},"content":{"rendered":"<h1>R\u00e9sum\u00e9 M7 2012<\/h1>\n<h2>Vid\u00e9os<\/h2>\n<p><iframe loading=\"lazy\" frameborder=\"0\" width=\"560\" height=\"420\" src=\"http:\/\/www.dailymotion.com\/embed\/video\/xs9auw\"><\/iframe><br \/><a href=\"http:\/\/www.dailymotion.com\/video\/xs9auw_vhrc-2012-m7-a-saint-affrique-dans-l-aveyron_sport\" target=\"_blank\">VHRC 2012 M7 &agrave; Saint Affrique dans l&#039;Aveyron<\/a> <i>par <a href=\"http:\/\/www.dailymotion.com\/eightman\" target=\"_blank\">eightman<\/a><\/i><\/p>\n<p><iframe loading=\"lazy\" frameborder=\"0\" width=\"560\" height=\"420\" src=\"http:\/\/www.dailymotion.com\/embed\/video\/xs9diw\"><\/iframe><br \/><a href=\"http:\/\/www.dailymotion.com\/video\/xs9diw_vhrc-2012-m7-a-saint-affrique-dans-l-aveyron-partie-2_sport\" target=\"_blank\">VHRC 2012 M7 &agrave; Saint Affrique dans l&#039;Aveyron&#8230;<\/a> <i>par <a href=\"http:\/\/www.dailymotion.com\/eightman\" target=\"_blank\">eightman<\/a><\/i><\/p>\n<h2>Luc<\/h2>\n<p>Nous avons l\u2019habitude depuis plusieurs ann\u00e9es de nous rendre \u00e0 St Affrique, dans l\u2019Aveyron au mois de Juillet. Ce fabuleux circuit accueillait la M7 du VHRC le 01\/07\/2012.<\/p>\n<p>Seulement \u2026.6 pilotes\u00a0: Ellen avec une nouvelle carrosserie de Porsche . Richard qui nous a pr\u00e9sent\u00e9 sa derni\u00e8re restauration une Alpine 310\u2026..de toute beaut\u00e9\u2026..Daniel avec sa GT40. St\u00e9phane sur Venturi avec son F7 mythique\u2026\u2026J\u00e9r\u00e9my sur R5 turbo2 . Luc Cox R.<\/p>\n<p>Nous nous sommes retrouv\u00e9s le samedi apr\u00e8s midi, sous une chaleur d\u2019\u00e9t\u00e9\u2026..Afin de faire quelques essais\u2026\u2026. Technique\u00a0: Les nouveaux pneus slicks point jaune , test\u00e9s sur l\u2019alpine par Richard donnent satisfaction\u00a0! De nouvelles jantes \u2018orange\u2019 circulent pour le \u00bc.<\/p>\n<figure id=\"attachment_2788\" aria-describedby=\"caption-attachment-2788\" style=\"width: 651px\" class=\"wp-caption alignnone\"><a href=\"http:\/\/vhrc.fr\/wp-content\/uploads\/2012\/06\/2012m7-2012-07-01_10_52_1.jpg\"><img loading=\"lazy\" decoding=\"async\" class=\"wp-image-2788\" title=\"2012m7-2012-07-01_10_52_1\" src=\"http:\/\/vhrc.fr\/wp-content\/uploads\/2012\/06\/2012m7-2012-07-01_10_52_1.jpg\" alt=\"\" width=\"651\" height=\"434\" srcset=\"https:\/\/vhrc.fr\/wp-content\/uploads\/2012\/06\/2012m7-2012-07-01_10_52_1.jpg 1024w, https:\/\/vhrc.fr\/wp-content\/uploads\/2012\/06\/2012m7-2012-07-01_10_52_1-500x333.jpg 500w, https:\/\/vhrc.fr\/wp-content\/uploads\/2012\/06\/2012m7-2012-07-01_10_52_1-800x533.jpg 800w\" sizes=\"auto, (max-width: 651px) 100vw, 651px\" \/><\/a><figcaption id=\"caption-attachment-2788\" class=\"wp-caption-text\">Stef &amp; J\u00e9r\u00e9my<\/figcaption><\/figure>\n<p>La soir\u00e9e se passera devant un \u2018Barbecue\u2019 convivial ,par la suite la majorit\u00e9 des pilotes se dirigera vers l\u2019h\u00f4tel le \u2018Combalou\u2019 \u00e0 2km du circuit.<\/p>\n<p>Le dimanche matin ,la m\u00e9t\u00e9o est peu rassurante ,temps couvert et froid et humide. Il est 8h les pilotes sont en place ,J\u00e9r\u00e9my termine le montage d\u2019un nouveau moteur (G230 Zen.) Richard affine les r\u00e9glages du train AR de l\u2019alpine \u2018plus de carrossage\u2019. Daniel retend sa \u2018Chaine\u2019 pour avoir plus de musique\u00a0! Sic\u00a0! Ellen continue son petit d\u00e9jeuner, St\u00e9phane imperturbable se r\u00e9veille doucement\u2026Luc fait qq tours d\u2019essais. Des supporters du VHRC, la famille Mazard viendra nous rendre visite.<\/p>\n<p>Au menu\u00a0: 3 Qualifs de 5\u2019\u2026\u2026. La premi\u00e8re se fera sous une pluie tr\u00e8s fine ,roulage au ralenti ,sauf Daniel\u2026..Les deux autres se feront sur une piste \u00e0 peu pr\u00e8s s\u00e8che\u2026. St\u00e9phane tombera en panne d\u2019essence dans la 2\u00e9 , Richard fera une touchette, J\u00e9r\u00e9my testera toute la panoplie de pneus en sa possession ,et ce sera difficile pour tous de trouver la bonne gomme sur une piste humide et GRASSE\u2026..<\/p>\n<p>D\u00e9cid\u00e9ment cette ann\u00e9e 2012, comme me le faisait remarquer Raymond (meccano d\u2019Ellen) les manches du VHRC sont bien arros\u00e9s\u00a0!<\/p>\n<p>Le repas au menu\u00a0: tranche de melon , paella, tarte aux pommes et le\u2026\u2026\u2026traditionnel et succulent Roquefort \u00ab\u00a0 Papillon\u00a0\u00bb et un 2\u00e9 dessert vers 13h l\u2019orage annonc\u00e9 arriva, tonnerre et trombe d\u2019eau. La piste est tremp\u00e9e.<\/p>\n<p>14h vu l\u2019\u00e9tat de la piste et un ciel bas et charg\u00e9 , les pilotes 1\/5 auto et moto et le 1\/8\u00e9 d\u00e9cident de jeter \u2018l\u2019\u00e9ponge\u2019 On rentre\u00a0!<\/p>\n<p>Seul le \u00bc , les purs et durs patientent .Notre ambassadrice Ellen se d\u00e9cide a faire un essai sur le circuit la pluie ayant cess\u00e9 , \u2026elle veut faire la finale et comme je la comprends\u00a0!<\/p>\n<p>Mais l\u2019auto glisse dans tous les sens, elle rentrera dans les stands \u2018d\u00e9pit\u00e9e\u2019\u2026\u2026Apr\u00e8s concertation des pilotes ,il est d\u00e9cid\u00e9 concernant le classement de la M7 , de prendre les qualifs\u00a0! Voir document\u2026 -ci-joint .<\/p>\n<p>Le classement de la grille officielle de toutes les manches sortira plus-tard.<\/p>\n<p>&nbsp;<\/p>\n<figure id=\"attachment_2791\" aria-describedby=\"caption-attachment-2791\" style=\"width: 300px\" class=\"wp-caption alignnone\"><a href=\"http:\/\/vhrc.fr\/wp-content\/uploads\/2012\/06\/2012m7-2012-07-01_08_21_11.jpg\"><img loading=\"lazy\" decoding=\"async\" class=\"size-medium wp-image-2791\" title=\"2012m7-2012-07-01_08_21_1\" src=\"http:\/\/vhrc.fr\/wp-content\/uploads\/2012\/06\/2012m7-2012-07-01_08_21_11-300x168.jpg\" alt=\"\" width=\"300\" height=\"168\" \/><\/a><figcaption id=\"caption-attachment-2791\" class=\"wp-caption-text\">circuit saint affrique<\/figcaption><\/figure>\n<p>Bonnes vacances et bon \u00e9t\u00e9 \u00e0 tous.La prochaine \u00e0 Montpellier en Septembre.Voir calendrier fin de saison.<\/p>\n<p>&nbsp;<\/p>\n<p>06\/07\/2012\u2026\u2026\u2026Vhrc org.<\/p>\n<p><a href=\"http:\/\/vhrc.fr\/wp-content\/uploads\/2011\/11\/lugia400.jpg\"><img loading=\"lazy\" decoding=\"async\" class=\"alignnone  wp-image-2015\" title=\"lugia400\" src=\"http:\/\/vhrc.fr\/wp-content\/uploads\/2011\/11\/lugia400-300x160.jpg\" alt=\"\" width=\"120\" height=\"64\" \/><\/a><\/p>\n<p>la manche au pays du Roquefort! un week end plaisant en vue!<\/p>\n<p><a href=\"http:\/\/vhrc.fr\/wp-content\/uploads\/2011\/03\/vhrc2011_saintaffrique_m4_01.jpg\"><img loading=\"lazy\" decoding=\"async\" class=\"alignnone size-full wp-image-1631\" title=\"vhrc2011_saintaffrique_m4_01\" src=\"http:\/\/vhrc.fr\/wp-content\/uploads\/2011\/03\/vhrc2011_saintaffrique_m4_01.jpg\" alt=\"\" width=\"633\" height=\"422\" srcset=\"https:\/\/vhrc.fr\/wp-content\/uploads\/2011\/03\/vhrc2011_saintaffrique_m4_01.jpg 1024w, https:\/\/vhrc.fr\/wp-content\/uploads\/2011\/03\/vhrc2011_saintaffrique_m4_01-500x333.jpg 500w, https:\/\/vhrc.fr\/wp-content\/uploads\/2011\/03\/vhrc2011_saintaffrique_m4_01-800x533.jpg 800w\" sizes=\"auto, (max-width: 633px) 100vw, 633px\" \/><\/a><\/p>\n<h2>inscrits<\/h2>\n<ul>\n<li>Daniel BEGOU &gt; Ford &gt; H<\/li>\n<li>Richard ROBAKOWSKI &gt; Alpine &gt; L<\/li>\n<li>Lugia &gt; Cox .R\u00a0 &gt; L<\/li>\n<li>J\u00e9remy GREVE &gt; R5 Turbo &gt; H<\/li>\n<li>Elen DRONE &gt; Porsche 930 &gt; H<\/li>\n<li>Steph &gt; Venturi &gt; L<\/li>\n<\/ul>\n<h2><span style=\"color: #ff0000;\">\u00a0limite inscription le 24 juin<\/span><\/h2>\n<h1><a href=\"http:\/\/vhrc.fr\/wp-content\/uploads\/2012\/06\/engagement-01.07.12.St-Affrique-.M7.2012.pdf\">buletin engagement 01.07.12.St Affrique .M7.2012<\/a><\/h1>","protected":false},"excerpt":{"rendered":"<p>R\u00e9sum\u00e9 M7 2012 Vid\u00e9os VHRC 2012 M7 &agrave; Saint Affrique dans l&#039;Aveyron par eightman VHRC 2012 M7 &agrave; Saint Affrique<\/p>","protected":false},"author":5,"featured_media":1631,"parent":2091,"menu_order":0,"comment_status":"open","ping_status":"closed","template":"","meta":{"colormag_page_container_layout":"default_layout","colormag_page_sidebar_layout":"default_layout","footnotes":""},"class_list":["post-2597","page","type-page","status-publish","has-post-thumbnail","hentry"],"_links":{"self":[{"href":"https:\/\/vhrc.fr\/en\/wp-json\/wp\/v2\/pages\/2597","targetHints":{"allow":["GET"]}}],"collection":[{"href":"https:\/\/vhrc.fr\/en\/wp-json\/wp\/v2\/pages"}],"about":[{"href":"https:\/\/vhrc.fr\/en\/wp-json\/wp\/v2\/types\/page"}],"author":[{"embeddable":true,"href":"https:\/\/vhrc.fr\/en\/wp-json\/wp\/v2\/users\/5"}],"replies":[{"embeddable":true,"href":"https:\/\/vhrc.fr\/en\/wp-json\/wp\/v2\/comments?post=2597"}],"version-history":[{"count":11,"href":"https:\/\/vhrc.fr\/en\/wp-json\/wp\/v2\/pages\/2597\/revisions"}],"predecessor-version":[{"id":9961,"href":"https:\/\/vhrc.fr\/en\/wp-json\/wp\/v2\/pages\/2597\/revisions\/9961"}],"up":[{"embeddable":true,"href":"https:\/\/vhrc.fr\/en\/wp-json\/wp\/v2\/pages\/2091"}],"wp:featuredmedia":[{"embeddable":true,"href":"https:\/\/vhrc.fr\/en\/wp-json\/wp\/v2\/media\/1631"}],"wp:attachment":[{"href":"https:\/\/vhrc.fr\/en\/wp-json\/wp\/v2\/media?parent=2597"}],"curies":[{"name":"wp","href":"https:\/\/api.w.org\/{rel}","templated":true}]}}