{"id":2804,"date":"2012-07-16T06:13:38","date_gmt":"2012-07-16T05:13:38","guid":{"rendered":"http:\/\/vhrc.fr\/?page_id=2804"},"modified":"2025-07-08T09:23:25","modified_gmt":"2025-07-08T08:23:25","slug":"cf-1995","status":"publish","type":"page","link":"https:\/\/vhrc.fr\/en\/historique\/le-championat-de-france-1990-1998\/cf-1995\/","title":{"rendered":"CF 1995"},"content":{"rendered":"<h1>Piste 1:4 Thermique<\/h1>\n<p>Longvic, Limoges,Macon,Evry,Moulin, Coupe Clermont Ferrand,Coupe espoir Besan\u00e7on<\/p>\n<h2>18 19 mars 1995 longvic 021\/7<\/h2>\n<h2>15 16 avril 1995 limoges 034\/16<\/h2>\n<p>Disput\u00e9e durant le week-end Pascal, la deuxi\u00e8me manche du Championnat de France 1\/4 a attir\u00e9 un tr\u00e8s vaste public. Pour l&rsquo;occasion, le club de Limoges avait bien fait les choses et les empoignades sur la piste ont fait rage durant les deux jours de course.<\/p>\n<figure id=\"attachment_7769\" aria-describedby=\"caption-attachment-7769\" style=\"width: 500px\" class=\"wp-caption alignnone\"><a href=\"http:\/\/vhrc.fr\/wp-content\/uploads\/2012\/07\/bug.jpg\"><img loading=\"lazy\" decoding=\"async\" class=\"size-medium wp-image-7769\" src=\"http:\/\/vhrc.fr\/wp-content\/uploads\/2012\/07\/bug-500x314.jpg\" alt=\"\" width=\"500\" height=\"314\" srcset=\"https:\/\/vhrc.fr\/wp-content\/uploads\/2012\/07\/bug-500x314.jpg 500w, https:\/\/vhrc.fr\/wp-content\/uploads\/2012\/07\/bug-768x483.jpg 768w, https:\/\/vhrc.fr\/wp-content\/uploads\/2012\/07\/bug-800x503.jpg 800w, https:\/\/vhrc.fr\/wp-content\/uploads\/2012\/07\/bug.jpg 1952w\" sizes=\"auto, (max-width: 500px) 100vw, 500px\" \/><\/a><figcaption id=\"caption-attachment-7769\" class=\"wp-caption-text\">En GT, la demi-finale fut aussi bagarr\u00e9e que la finale. La lutte entre B. Putanier (N\u00b01) et A. Chaussard (N\u00b02) fit rage durant 20 mn avec des \u00e9carts de quelques centim\u00e8tres.<\/figcaption><\/figure>\n<p>0utre le succ\u00e8s aupr\u00e8s du public, Limoges a aussi profit\u00e9 de l&rsquo;engouement pour le 1\/4 avec 89 pilotes pr\u00e9sents et ce, malgr\u00e9 le<br \/>\nweek-end de trois jours des f\u00eates de P\u00e2ques. Deuxi\u00e8me bon point, l&rsquo;\u00e9quipe du pr\u00e9sident P.Cad\u00e9o avait mis le paquet pour annoncer la comp\u00e9tition. Aux nombreux articles parus dans tous les quotidiens r\u00e9gionaux, il convient de signaler la venue d&rsquo;une \u00e9quipe de France 3 le samedi. Les images des F1 diffus\u00e9es le soir au JT r\u00e9gional ont, sans nul doute, fait conna\u00eetre l&rsquo;\u00e9v\u00e9nement dans toute la r\u00e9gion. Un exemple \u00e0 suivre. En plus, il faut avouer que la m\u00e9t\u00e9o, beaucoup plus cl\u00e9mente qu&rsquo;\u00e0 Dijon, a permis aux diff\u00e9rentes courses de se disputer avec la poign\u00e9e de gaz dans le coin : spectacle garanti. Seules les F1 souffrirent de la piste s\u00e8che. En effet, la poussi\u00e8re laiss\u00e9e par les pneus mouss\u00e9s des GT et protos rendait le bitume fort peu adh\u00e9rent pour les pneus caoutchouc. Il y a fort \u00e0 parier que les instances f\u00e9d\u00e9rales pr\u00e9sentes cherchent activement une solution \u00e0 ce point. La seconde remarque, toujours au sujet des Fl, concerne leur silence. Nombreux sont les spectateurs pour qui F1 est synonyme de vitesse mais aussi de d\u00e9cibels. R\u00e9alisme quand tu nous tiens! En attendant et comme \u00e0 chaque fois, calons nous dans un baquet pour la d\u00e9couverte du circuit Calberson.<\/p>\n<p><a href=\"http:\/\/vhrc.fr\/wp-content\/uploads\/2012\/07\/D\u00e9co-cocorico-pour-la-Bugatti-de-Blanc-4\u00e8-en-12-finale..jpg\"><img loading=\"lazy\" decoding=\"async\" class=\"alignnone size-full wp-image-7766\" src=\"http:\/\/vhrc.fr\/wp-content\/uploads\/2012\/07\/D\u00e9co-cocorico-pour-la-Bugatti-de-Blanc-4\u00e8-en-12-finale..jpg\" alt=\"\" width=\"314\" height=\"158\" \/><\/a><\/p>\n<h3>Le tour du circuit<\/h3>\n<p>La grille de d\u00e9part, situ\u00e9e dans la petite ligne droite devant le podium s&rsquo;ach\u00e8ve tr\u00e8s vite par un 180\u00b0 \u00e0 droite tr\u00e8s glissant. Dans la mont\u00e9e sur la gauche qui suit, la seconde vitesse peut passer avant que le pilote ne touche les freins pour la courbe \u00e0 140\u00b0 \u00e0 gauche qui conditionne la portion quasi-droite suivante pour ceux qui ont pu garder la corde. Au fond, un 180\u00b0 \u00e0 droite d\u00e9voile la longue ligne droite en opposition et l\u00e9g\u00e8rement en descente. La parabolique qui suit est attaqu\u00e9e pied dedans avant le freinage pour n\u00e9gocier le droite qui remonte sur un virage serr\u00e9 \u00e0 gauche. Portion droite avant le freinage pour la partie la plus lente du trac\u00e9 et dont\u00a0le bitume ondul\u00e9 ne facilite pas la t\u00e2che du pilote. Apr\u00e8s le 180\u00b0 \u00e0 gauche, les \u00ab\u00a0S\u00a0\u00bb du comptage ram\u00e8nent devant l&rsquo;entr\u00e9e des stands et la chicane de la ligne de d\u00e9part. Un trac\u00e9 technique et int\u00e9ressant qui n\u00e9cessite un bon moteur en raison de son l\u00e9ger relief.<\/p>\n<h3>Sport proto<\/h3>\n<figure id=\"attachment_7768\" aria-describedby=\"caption-attachment-7768\" style=\"width: 500px\" class=\"wp-caption alignnone\"><a href=\"http:\/\/vhrc.fr\/wp-content\/uploads\/2012\/07\/justes.jpg\"><img loading=\"lazy\" decoding=\"async\" class=\"size-medium wp-image-7768\" src=\"http:\/\/vhrc.fr\/wp-content\/uploads\/2012\/07\/justes-500x313.jpg\" alt=\"\" width=\"500\" height=\"313\" srcset=\"https:\/\/vhrc.fr\/wp-content\/uploads\/2012\/07\/justes-500x313.jpg 500w, https:\/\/vhrc.fr\/wp-content\/uploads\/2012\/07\/justes-768x481.jpg 768w, https:\/\/vhrc.fr\/wp-content\/uploads\/2012\/07\/justes-800x501.jpg 800w, https:\/\/vhrc.fr\/wp-content\/uploads\/2012\/07\/justes.jpg 1449w\" sizes=\"auto, (max-width: 500px) 100vw, 500px\" \/><\/a><figcaption id=\"caption-attachment-7768\" class=\"wp-caption-text\">Du coup, JM Justes et sa 905 LM aux couleurs de RC Racing Cars, l&#8217;emportera apr\u00e8s avoir r\u00e9sist\u00e9 et contr\u00f4l\u00e9 P. Daburon durant 30 mn<\/figcaption><\/figure>\n<p>L&rsquo;ordre des qualifications sera quasiment respect\u00e9 \u00e0 l&rsquo;issue de la demi-finale puisque Dufour (8\u00e8), Capelli (1 1 \u00e8) et Lemoine (10\u00e8) remonteront. La finale s&rsquo;ach\u00e8vera rapide\u00adment pour le poleman D. Chaussebourg qui, apr\u00e8s un accrochage d\u00e8s le d\u00e9part, grillera son emanifest\u00e9euite \u00e0 la fougue manifes\u00ad\u00e9e pour refaire son retard. Devant, Justes (N&rsquo;2), suivi de pr\u00e8s par Daburon (N&rsquo;5), seront rapidement d\u00e9barrass\u00e9s de la mena\u00adce de Ledruillenec (N\u00b03) et Griffi\u00e9 (N\u00b04) vic\u00adtimes de probl\u00e8mes. Levy, vainqueur \u00e0 Dijon, et Eschalier lutteront alors pour la troisi\u00e8me marche, du podium tant les deux leaders semblaient hors d&rsquo;atteinte. Quand aux deux rescap\u00e9s de la demi-finale (apr\u00e8s &lsquo;abandon de Lemoine), ils se tireront la \u00b0bourre pour terminer s\u00e9par\u00e9s par seulement trois secondes Dufour devan\u00e7ant Capelli (6\u00e8). Justes \u00e9tablira \u00e0 deux minutes de la fin le meilleur tour en course et franchira la ligne cinq secondes devant Daburon. Des \u00e9carts tr\u00e8s serr\u00e9s puisque Levy terminera troisi\u00e8me devant Eschalier pour une petite seconde seulement.<\/p>\n<figure id=\"attachment_7767\" aria-describedby=\"caption-attachment-7767\" style=\"width: 500px\" class=\"wp-caption alignnone\"><a href=\"http:\/\/vhrc.fr\/wp-content\/uploads\/2012\/07\/depart-sp.jpg\"><img loading=\"lazy\" decoding=\"async\" class=\"size-medium wp-image-7767\" src=\"http:\/\/vhrc.fr\/wp-content\/uploads\/2012\/07\/depart-sp-500x313.jpg\" alt=\"\" width=\"500\" height=\"313\" srcset=\"https:\/\/vhrc.fr\/wp-content\/uploads\/2012\/07\/depart-sp-500x313.jpg 500w, https:\/\/vhrc.fr\/wp-content\/uploads\/2012\/07\/depart-sp-768x481.jpg 768w, https:\/\/vhrc.fr\/wp-content\/uploads\/2012\/07\/depart-sp-800x501.jpg 800w, https:\/\/vhrc.fr\/wp-content\/uploads\/2012\/07\/depart-sp.jpg 1430w\" sizes=\"auto, (max-width: 500px) 100vw, 500px\" \/><\/a><figcaption id=\"caption-attachment-7767\" class=\"wp-caption-text\">Le d\u00e9part Proto est imminent et Chaussebourg (N\u00b01) perdra la course dans les dix premiers m\u00e8tres (accrochage).<\/figcaption><\/figure>\n<table>\n<tbody>\n<tr>\n<td colspan=\"4\" width=\"343\"><span style=\"color: #ffffff;\">CF piste 1\/4 F1 16\/04\/95 Limoges<\/span><\/td>\n<\/tr>\n<tr>\n<td>place<\/td>\n<td>noms, pr\u00e9noms<\/td>\n<td>voitures<\/td>\n<td>moteurs<\/td>\n<\/tr>\n<tr>\n<td>1<\/td>\n<td>Curien B<\/td>\n<td>Williams Yankee<\/td>\n<td>Zenoah<\/td>\n<\/tr>\n<tr>\n<td>2<\/td>\n<td>Molat JL<\/td>\n<td>Larousse<\/td>\n<td>Zenoah Moser<\/td>\n<\/tr>\n<tr>\n<td>3<\/td>\n<td>Menoud C<\/td>\n<td>Sauber Menoud<\/td>\n<td>Zenoah<\/td>\n<\/tr>\n<tr>\n<td>4<\/td>\n<td>Martinez JY<\/td>\n<td>Williams Yankee<\/td>\n<td>Zenoah<\/td>\n<\/tr>\n<tr>\n<td>5<\/td>\n<td>Puginier M<\/td>\n<td>Mc Loren<\/td>\n<td>Zenoah<\/td>\n<\/tr>\n<tr>\n<td>6<\/td>\n<td>Venturino A<\/td>\n<td>Benetton<\/td>\n<td>Zenoah<\/td>\n<\/tr>\n<tr>\n<td>7<\/td>\n<td>Bessaudou E<\/td>\n<td>Benetton<\/td>\n<td>Zenoah<\/td>\n<\/tr>\n<tr>\n<td>8<\/td>\n<td>Michel JC<\/td>\n<td>Williams<\/td>\n<td>Zenoah<\/td>\n<\/tr>\n<tr>\n<td>9<\/td>\n<td>Lamant G<\/td>\n<td>Williams<\/td>\n<td>Zenoah<\/td>\n<\/tr>\n<tr>\n<td>10<\/td>\n<td>Denis JM<\/td>\n<td>Jordan<\/td>\n<td>Zenoah New Team<\/td>\n<\/tr>\n<\/tbody>\n<\/table>\n<figure id=\"attachment_7770\" aria-describedby=\"caption-attachment-7770\" style=\"width: 500px\" class=\"wp-caption alignnone\"><a href=\"http:\/\/vhrc.fr\/wp-content\/uploads\/2012\/07\/brigitte.jpg\"><img loading=\"lazy\" decoding=\"async\" class=\"size-medium wp-image-7770\" src=\"http:\/\/vhrc.fr\/wp-content\/uploads\/2012\/07\/brigitte-500x415.jpg\" alt=\"\" width=\"500\" height=\"415\" srcset=\"https:\/\/vhrc.fr\/wp-content\/uploads\/2012\/07\/brigitte-500x415.jpg 500w, https:\/\/vhrc.fr\/wp-content\/uploads\/2012\/07\/brigitte-768x637.jpg 768w, https:\/\/vhrc.fr\/wp-content\/uploads\/2012\/07\/brigitte-800x663.jpg 800w, https:\/\/vhrc.fr\/wp-content\/uploads\/2012\/07\/brigitte.jpg 949w\" sizes=\"auto, (max-width: 500px) 100vw, 500px\" \/><\/a><figcaption id=\"caption-attachment-7770\" class=\"wp-caption-text\">Concentr\u00e9 sur son pilotage, B. Putanier ne c\u00e9dera pas aux attaques de Chaussard durant la demi-finale. En finale, l&rsquo;attaque sur les vibreurs fit sauter la cha\u00eene de transmission de sa Bugatti.<\/figcaption><\/figure>\n<p>&nbsp;<\/p>\n<table border=\"0\" frame=\"VOID\" rules=\"NONE\" cellspacing=\"0\">\n<colgroup>\n<col width=\"86\" \/>\n<col width=\"86\" \/>\n<col width=\"86\" \/><\/colgroup>\n<tbody>\n<tr>\n<td align=\"LEFT\" width=\"86\" height=\"18\"><\/td>\n<td colspan=\"4\" align=\"LEFT\" bgcolor=\"#FF0000\" width=\"343\"><b><i><span style=\"color: #ebece7; font-family: Verdana;\">CF piste 1\/4 Sport Proto 16\/04\/95<\/span><\/i><\/b><\/td>\n<\/tr>\n<tr>\n<td align=\"RIGHT\" height=\"17\">1<\/td>\n<td align=\"LEFT\">Justes JM<\/td>\n<td align=\"LEFT\">905 LM Yankee<\/td>\n<\/tr>\n<tr>\n<td align=\"RIGHT\" height=\"17\">2<\/td>\n<td align=\"LEFT\">Daburon P<\/td>\n<td align=\"LEFT\">905 1M Yankee<\/td>\n<\/tr>\n<tr>\n<td align=\"RIGHT\" height=\"17\">3<\/td>\n<td align=\"LEFT\">Levy A<\/td>\n<td align=\"LEFT\">905 LM Yankee<\/td>\n<\/tr>\n<tr>\n<td align=\"RIGHT\" height=\"17\">4<\/td>\n<td align=\"LEFT\">Eschallier M<\/td>\n<td align=\"LEFT\">905 LM Yankee<\/td>\n<\/tr>\n<tr>\n<td align=\"RIGHT\" height=\"17\">5<\/td>\n<td align=\"LEFT\">Dufour R<\/td>\n<td align=\"JUSTIFY\">905 LM Yankee<\/td>\n<\/tr>\n<tr>\n<td align=\"RIGHT\" height=\"17\">6<\/td>\n<td align=\"LEFT\">Capelli P<\/td>\n<td align=\"JUSTIFY\">905 LM Yankee<\/td>\n<\/tr>\n<tr>\n<td align=\"RIGHT\" height=\"17\">7<\/td>\n<td align=\"LEFT\">Chaussebourg D<\/td>\n<td align=\"LEFT\">Sauber C11Menoud<\/td>\n<\/tr>\n<tr>\n<td align=\"RIGHT\" height=\"17\">8<\/td>\n<td align=\"LEFT\">Lemoine D<\/td>\n<td align=\"LEFT\">Jaguar Yankee<\/td>\n<\/tr>\n<tr>\n<td align=\"RIGHT\" height=\"17\">9<\/td>\n<td align=\"LEFT\">Griffi\u00e9 T<\/td>\n<td align=\"JUSTIFY\">905 LM Yankee<\/td>\n<\/tr>\n<tr>\n<td align=\"RIGHT\" height=\"17\">10<\/td>\n<td align=\"LEFT\">Ledruillenec G<\/td>\n<td align=\"JUSTIFY\">905 LM Yankee<\/td>\n<\/tr>\n<\/tbody>\n<\/table>\n<h2>20 21 mai\u00a01995 macon 331\/07<\/h2>\n<h2>17 18 juin 1995 evry 020\/02<\/h2>\n<figure id=\"attachment_7880\" aria-describedby=\"caption-attachment-7880\" style=\"width: 437px\" class=\"wp-caption alignnone\"><a href=\"http:\/\/vhrc.fr\/wp-content\/uploads\/2012\/07\/rcm167-066w.jpg\"><img loading=\"lazy\" decoding=\"async\" class=\"wp-image-7880 size-large\" src=\"http:\/\/vhrc.fr\/wp-content\/uploads\/2012\/07\/rcm167-066w-437x800.jpg\" alt=\"\" width=\"437\" height=\"800\" srcset=\"https:\/\/vhrc.fr\/wp-content\/uploads\/2012\/07\/rcm167-066w-437x800.jpg 437w, https:\/\/vhrc.fr\/wp-content\/uploads\/2012\/07\/rcm167-066w-273x500.jpg 273w, https:\/\/vhrc.fr\/wp-content\/uploads\/2012\/07\/rcm167-066w-768x1406.jpg 768w, https:\/\/vhrc.fr\/wp-content\/uploads\/2012\/07\/rcm167-066w.jpg 1391w\" sizes=\"auto, (max-width: 437px) 100vw, 437px\" \/><\/a><figcaption id=\"caption-attachment-7880\" class=\"wp-caption-text\">podium F1 CF 1995 Evry photo Auto RCM 197<\/figcaption><\/figure>\n<h2>9 10 septembre 1995 moulins 22\/08<\/h2>\n<h2>coupe de France 1:4<\/h2>\n<p>30 septembre 1er octobre 1995 Clermont ferrand 65\/8<\/p>\n<h3>coupe de France Espoir 1:4<\/h3>\n<p>26 27 aout 1995 Besan\u00e7on 51\/7<\/p>\n<p>&nbsp;<\/p>\n<p>&nbsp;<\/p>\n<h1>Piste 1\/5 thermique<\/h1>\n<p>&nbsp;<\/p>\n<p>18 19 Mars 1995 Trelissac 003\/16<\/p>\n<p>15 16 avril 1995 Ferri\u00e8re aux Etangs 272\/03<\/p>\n<p>20 21 mai 1995 Niort 241\/16<\/p>\n<p>17 18 Juin 1995 Les Rousses 205\/07<\/p>\n<p>15 16 Juillet 1995 Le Corbier (Fitem) GNMARC<\/p>\n<p>Coupe de France 30 septembre 1er Octobre 1995 Chateauroux 346\/18<\/p>\n<p>&nbsp;<\/p>\n<p>&nbsp;<\/p>\n<p>&nbsp;<\/p>","protected":false},"excerpt":{"rendered":"<p>Piste 1:4 Thermique Longvic, Limoges,Macon,Evry,Moulin, Coupe Clermont Ferrand,Coupe espoir Besan\u00e7on 18 19 mars 1995 longvic 021\/7 15 16 avril 1995<\/p>","protected":false},"author":5,"featured_media":2811,"parent":133,"menu_order":0,"comment_status":"closed","ping_status":"closed","template":"","meta":{"colormag_page_container_layout":"default_layout","colormag_page_sidebar_layout":"default_layout","footnotes":""},"class_list":["post-2804","page","type-page","status-publish","has-post-thumbnail","hentry"],"_links":{"self":[{"href":"https:\/\/vhrc.fr\/en\/wp-json\/wp\/v2\/pages\/2804","targetHints":{"allow":["GET"]}}],"collection":[{"href":"https:\/\/vhrc.fr\/en\/wp-json\/wp\/v2\/pages"}],"about":[{"href":"https:\/\/vhrc.fr\/en\/wp-json\/wp\/v2\/types\/page"}],"author":[{"embeddable":true,"href":"https:\/\/vhrc.fr\/en\/wp-json\/wp\/v2\/users\/5"}],"replies":[{"embeddable":true,"href":"https:\/\/vhrc.fr\/en\/wp-json\/wp\/v2\/comments?post=2804"}],"version-history":[{"count":9,"href":"https:\/\/vhrc.fr\/en\/wp-json\/wp\/v2\/pages\/2804\/revisions"}],"predecessor-version":[{"id":9586,"href":"https:\/\/vhrc.fr\/en\/wp-json\/wp\/v2\/pages\/2804\/revisions\/9586"}],"up":[{"embeddable":true,"href":"https:\/\/vhrc.fr\/en\/wp-json\/wp\/v2\/pages\/133"}],"wp:featuredmedia":[{"embeddable":true,"href":"https:\/\/vhrc.fr\/en\/wp-json\/wp\/v2\/media\/2811"}],"wp:attachment":[{"href":"https:\/\/vhrc.fr\/en\/wp-json\/wp\/v2\/media?parent=2804"}],"curies":[{"name":"wp","href":"https:\/\/api.w.org\/{rel}","templated":true}]}}