{"id":2821,"date":"2012-07-16T06:29:46","date_gmt":"2012-07-16T05:29:46","guid":{"rendered":"http:\/\/vhrc.fr\/?page_id=2821"},"modified":"2025-07-08T09:23:25","modified_gmt":"2025-07-08T08:23:25","slug":"cf-1991","status":"publish","type":"page","link":"https:\/\/vhrc.fr\/en\/historique\/le-championat-de-france-1990-1998\/cf-1991\/","title":{"rendered":"CF 1991"},"content":{"rendered":"<table border=\"0\" frame=\"VOID\" rules=\"NONE\" cellspacing=\"0\">\n<colgroup>\n<col width=\"116\" \/>\n<col width=\"165\" \/>\n<col width=\"165\" \/><\/colgroup>\n<tbody>\n<tr>\n<td align=\"CENTER\" width=\"116\" height=\"17\">date<\/td>\n<td align=\"CENTER\" width=\"165\"><\/td>\n<td align=\"CENTER\" width=\"165\">PISTE 1\/4 THERMIQUE<\/td>\n<\/tr>\n<tr>\n<td align=\"CENTER\" height=\"17\"><\/td>\n<td align=\"CENTER\">1e Manche<\/td>\n<td align=\"CENTER\">\u00a0Lavardac (auto8 78)<\/td>\n<\/tr>\n<tr>\n<td align=\"CENTER\" height=\"17\"><\/td>\n<td align=\"CENTER\">2\u00e8 Manche<\/td>\n<td align=\"CENTER\">Ampuis<\/td>\n<\/tr>\n<tr>\n<td align=\"CENTER\" height=\"17\"><\/td>\n<td align=\"CENTER\">3\u00e8 Manche<\/td>\n<td align=\"CENTER\"><\/td>\n<\/tr>\n<tr>\n<td align=\"CENTER\" height=\"17\"><\/td>\n<td align=\"CENTER\">4\u00e8 Manche<\/td>\n<td align=\"CENTER\">Manspach<\/td>\n<\/tr>\n<tr>\n<td align=\"CENTER\" height=\"17\"><\/td>\n<td align=\"CENTER\">5\u00e8 Manche<\/td>\n<td align=\"CENTER\">Saran<\/td>\n<\/tr>\n<tr>\n<td align=\"CENTER\" height=\"17\"><\/td>\n<td align=\"CENTER\">Coupe de France Espoirs<\/td>\n<td align=\"CENTER\"><\/td>\n<\/tr>\n<tr>\n<td align=\"CENTER\" height=\"17\"><\/td>\n<td align=\"CENTER\">Coupe de France<\/td>\n<td align=\"CENTER\"><\/td>\n<\/tr>\n<\/tbody>\n<\/table>\n<h1>date?<\/h1>\n<p>article <a href=\"http:\/\/www.retromodelisme.com\" target=\"_blank\" rel=\"noopener\">retromodelisme.com<\/a><\/p>\n<p><img loading=\"lazy\" decoding=\"async\" class=\"alignnone size-large wp-image-7041\" src=\"http:\/\/vhrc.fr\/wp-content\/uploads\/2012\/07\/a8-72-page_079-cf-566x800.jpg\" alt=\"a8-72-page_079 cf\" width=\"566\" height=\"800\" srcset=\"https:\/\/vhrc.fr\/wp-content\/uploads\/2012\/07\/a8-72-page_079-cf-566x800.jpg 566w, https:\/\/vhrc.fr\/wp-content\/uploads\/2012\/07\/a8-72-page_079-cf-353x500.jpg 353w, https:\/\/vhrc.fr\/wp-content\/uploads\/2012\/07\/a8-72-page_079-cf-768x1086.jpg 768w, https:\/\/vhrc.fr\/wp-content\/uploads\/2012\/07\/a8-72-page_079-cf.jpg 1131w\" sizes=\"auto, (max-width: 566px) 100vw, 566px\" \/><\/p>\n<p><img loading=\"lazy\" decoding=\"async\" class=\"alignnone size-large wp-image-7042\" src=\"http:\/\/vhrc.fr\/wp-content\/uploads\/2012\/07\/cf-1991-auto8-72-800x600.jpg\" alt=\"cf 1991 auto8 72\" width=\"800\" height=\"600\" srcset=\"https:\/\/vhrc.fr\/wp-content\/uploads\/2012\/07\/cf-1991-auto8-72-800x600.jpg 800w, https:\/\/vhrc.fr\/wp-content\/uploads\/2012\/07\/cf-1991-auto8-72-500x375.jpg 500w, https:\/\/vhrc.fr\/wp-content\/uploads\/2012\/07\/cf-1991-auto8-72-768x576.jpg 768w, https:\/\/vhrc.fr\/wp-content\/uploads\/2012\/07\/cf-1991-auto8-72.jpg 1227w\" sizes=\"auto, (max-width: 800px) 100vw, 800px\" \/><\/p>\n<p>&nbsp;<\/p>\n<p>Clermont Ferrand : Organisation du YANKEE SHOW avec l&rsquo;apparition des PORSCHE et des PEUGEOT 309<\/p>\n<p>Champion de France 1991 1:4\u00a0 laurence Lyaudet sur DWA Austro Blue<\/p>","protected":false},"excerpt":{"rendered":"<p>date PISTE 1\/4 THERMIQUE 1e Manche \u00a0Lavardac (auto8 78) 2\u00e8 Manche Ampuis 3\u00e8 Manche 4\u00e8 Manche Manspach 5\u00e8 Manche Saran<\/p>","protected":false},"author":5,"featured_media":7042,"parent":133,"menu_order":0,"comment_status":"closed","ping_status":"closed","template":"","meta":{"colormag_page_container_layout":"default_layout","colormag_page_sidebar_layout":"default_layout","footnotes":""},"class_list":["post-2821","page","type-page","status-publish","has-post-thumbnail","hentry"],"_links":{"self":[{"href":"https:\/\/vhrc.fr\/en\/wp-json\/wp\/v2\/pages\/2821","targetHints":{"allow":["GET"]}}],"collection":[{"href":"https:\/\/vhrc.fr\/en\/wp-json\/wp\/v2\/pages"}],"about":[{"href":"https:\/\/vhrc.fr\/en\/wp-json\/wp\/v2\/types\/page"}],"author":[{"embeddable":true,"href":"https:\/\/vhrc.fr\/en\/wp-json\/wp\/v2\/users\/5"}],"replies":[{"embeddable":true,"href":"https:\/\/vhrc.fr\/en\/wp-json\/wp\/v2\/comments?post=2821"}],"version-history":[{"count":6,"href":"https:\/\/vhrc.fr\/en\/wp-json\/wp\/v2\/pages\/2821\/revisions"}],"predecessor-version":[{"id":8478,"href":"https:\/\/vhrc.fr\/en\/wp-json\/wp\/v2\/pages\/2821\/revisions\/8478"}],"up":[{"embeddable":true,"href":"https:\/\/vhrc.fr\/en\/wp-json\/wp\/v2\/pages\/133"}],"wp:featuredmedia":[{"embeddable":true,"href":"https:\/\/vhrc.fr\/en\/wp-json\/wp\/v2\/media\/7042"}],"wp:attachment":[{"href":"https:\/\/vhrc.fr\/en\/wp-json\/wp\/v2\/media?parent=2821"}],"curies":[{"name":"wp","href":"https:\/\/api.w.org\/{rel}","templated":true}]}}