{"id":288,"date":"2010-01-10T17:55:52","date_gmt":"2010-01-10T16:55:52","guid":{"rendered":"http:\/\/vhrc.fr\/?page_id=288"},"modified":"2010-01-10T18:34:16","modified_gmt":"2010-01-10T17:34:16","slug":"reglages-de-base-du-chassis","status":"publish","type":"page","link":"https:\/\/vhrc.fr\/en\/la-technique-des-autos-14\/reglages-de-base-du-chassis\/","title":{"rendered":"r\u00e9glages de base du chassis"},"content":{"rendered":"<h1>Les Meilleures Techniques Pour R\u00e9gler Sa Voiture<\/h1>\n<h2><a href=\"#ackerman\">L&rsquo;Ackerman<\/a><\/p>\n<p><a href=\"#carros\">Le Carrossage<\/a><\/p>\n<p><a href=\"#pince\">Le Pincement et L&rsquo;Ouverture<\/a><\/p>\n<p><a href=\"#chasse\">La Chasse et L&rsquo;anticabrage<\/a><\/p>\n<p><a href=\"#empat\">L&#8217;empattement et La voie<\/a><\/p>\n<p><a href=\"#rapport\">Les Rapports<\/a><\/h2>\n<h2><a name=\"ackerman\">L&rsquo;Ackerman<\/a><\/h2>\n<p>L&rsquo;Ackerman : c&rsquo;est la diff\u00e9rence d&rsquo;angle que forme les deux roues avant lorsqu&rsquo;elles sont braqu\u00e9es \u00e0 fond. Plus la diff\u00e9rence de braquage entre les deux roues est importante, plus I effet d&rsquo;Ackerman est grand.<\/p>\n<p>Sur une voiture, plus cette diff\u00e9rence est importante, plus l&rsquo;auto rentrera fort dans le virage pour avoir tendance \u00e0 se d\u00e9-braquer ensuite.<\/p>\n<p><a name=\"carros\">Le Carrossage<\/a><\/p>\n<p>Le carrossage : c&rsquo;est l&rsquo;angle d&rsquo;inclinaison de la roue par rapport \u00e0 un plan vertical perpendiculaire au sol. Il est positif si la roue penche vers l&rsquo;ext\u00e9rieur de la voiture, et n\u00e9gatif dans le cas contraire:plus simplement il est positif si la distance entre le sommets des deux roues est sup\u00e9rieure \u00e0 celle qui s\u00e9pare les bases de ces m\u00eames roues. Pour modifier le carrossage, il faut jouer sur la longueur des biellettes sup\u00e9rieures ou des triangles sup\u00e9rieurs ( dessin\u00e9es en bleu ci-dessous ).<\/p>\n<p><a href=\"http:\/\/vhrc.fr\/wp-content\/uploads\/2010\/01\/600_reglages_Picture1.jpg\"><img loading=\"lazy\" decoding=\"async\" class=\"alignnone size-full wp-image-300\" title=\"600_reglages_Picture1\" src=\"http:\/\/vhrc.fr\/wp-content\/uploads\/2010\/01\/600_reglages_Picture1.jpg\" alt=\"600_reglages_Picture1\" width=\"600\" height=\"216\" srcset=\"https:\/\/vhrc.fr\/wp-content\/uploads\/2010\/01\/600_reglages_Picture1.jpg 600w, https:\/\/vhrc.fr\/wp-content\/uploads\/2010\/01\/600_reglages_Picture1-500x180.jpg 500w\" sizes=\"auto, (max-width: 600px) 100vw, 600px\" \/><\/a><\/p>\n<p>Effets du carrossage positif \u00e0 l&rsquo;avant et \u00e0 l&rsquo;arri\u00e8re: Ne chercher pas ce type de r\u00e9glage n&rsquo;est jamais utilis\u00e9 que ce soit pour l&rsquo;avant comme pour l&rsquo;arri\u00e8re.<\/p>\n<p>Effet du carrossage n\u00e9gatif \u00e0 l&rsquo;avant et \u00e0 l&rsquo;arri\u00e8re: Avec le carrossage n\u00e9gatif, lorsque la voiture est en virage quasiment 100% de la surface du pneu ext\u00e9rieur est en contact avec la piste. Pour le voir il suffit de prendre l&rsquo;avant d&rsquo;une voiture avec la main et de la faire bouge de gauche a droite. On voit que le pneu est quasiment a 90\u00b0 avec le sol; Donc plus de motricit\u00e9.<\/p>\n<p>Variation du carrossage \u00e0 l&rsquo;enfoncement:La variation de carrossage d\u00e9pend des \u00e9pures de suspension du ch\u00e2ssis. Il faut essayer tous les points d&rsquo;ancrage des biellettes et faire comme pr\u00e9c\u00e9demment a la main pour voir la diff\u00e9rence entre chaque point. (ou encore mieux sur la piste)<\/p>\n<h2><a name=\"pince\">LE PINCEMENT ET L&rsquo;OUVERTURE<\/a><\/h2>\n<p>Le pincement : c&rsquo;est l&rsquo;angle que fait la roue par rapport \u00e0 l&rsquo;axe longitudinal de la voiture, vu de dessus. On parle de pincement lorsque les roues semblent converger vers l&rsquo;avant de la voiture. Dans le cas contraire, on appelle cela l&rsquo;angle d&rsquo;ouverture. A l&rsquo;avant, on le r\u00e8gle en modifiant la longueur des biellettes de direction. Le sch\u00e9ma ci-dessous repr\u00e9sente le train AV, mais le principe est le m\u00eame \u00e0 l&rsquo;arri\u00e8re.<br \/>\nPincement et ouverture avant<\/p>\n<p><a href=\"http:\/\/vhrc.fr\/wp-content\/uploads\/2010\/01\/600_reglages_Picture2.jpg\"><img loading=\"lazy\" decoding=\"async\" class=\"alignnone size-full wp-image-301\" title=\"600_reglages_Picture2\" src=\"http:\/\/vhrc.fr\/wp-content\/uploads\/2010\/01\/600_reglages_Picture2.jpg\" alt=\"600_reglages_Picture2\" width=\"600\" height=\"397\" srcset=\"https:\/\/vhrc.fr\/wp-content\/uploads\/2010\/01\/600_reglages_Picture2.jpg 600w, https:\/\/vhrc.fr\/wp-content\/uploads\/2010\/01\/600_reglages_Picture2-500x330.jpg 500w\" sizes=\"auto, (max-width: 600px) 100vw, 600px\" \/><\/a><\/p>\n<p>Effet du pincement \u00e0 l&rsquo;avant: Avec ce r\u00e9glage la voiture aura tendance a moins tourner car l&rsquo;angle d&rsquo;attaque de la roue int\u00e9rieur dans le virage est r\u00e9duit. En revanche, le pincement va aider l&rsquo;auto \u00e0 sortir du virage, une fois en appui sur la roue ext\u00e9rieur.<\/p>\n<p>Effet de l&rsquo;ouverture \u00e0 l&rsquo;avant: Dans ce cas, la voiture aura tendance a rapidement perdre son cap,cela d\u00e9pend des voitures , mais sera plus directive du fait d&rsquo;un angle de braquage plus important. Ce r\u00e9glages est bon pour les entr\u00e9es de virages<br \/>\nPincement arri\u00e8re<\/p>\n<p><a href=\"http:\/\/vhrc.fr\/wp-content\/uploads\/2010\/01\/600_reglages_Picture3.jpg\"><img loading=\"lazy\" decoding=\"async\" class=\"alignnone size-full wp-image-302\" title=\"pincement arri\u00e8re\" src=\"http:\/\/vhrc.fr\/wp-content\/uploads\/2010\/01\/600_reglages_Picture3.jpg\" alt=\"pincement arri\u00e8re\" width=\"600\" height=\"335\" srcset=\"https:\/\/vhrc.fr\/wp-content\/uploads\/2010\/01\/600_reglages_Picture3.jpg 600w, https:\/\/vhrc.fr\/wp-content\/uploads\/2010\/01\/600_reglages_Picture3-500x279.jpg 500w\" sizes=\"auto, (max-width: 600px) 100vw, 600px\" \/><\/a><\/p>\n<p>Effet du pincement \u00e0 l&rsquo;arri\u00e8re: En g\u00e9n\u00e9ral cela stabilise la voiture, par contre cet angle sur des voitures de comp\u00e9tition peut se r\u00e9gler cot\u00e9 roue (outboard) ou cot\u00e9 cellule (inboard).<\/p>\n<p>outboard (cot\u00e9 roue): II privil\u00e9gie la directivit\u00e9 tout en gardant un minimum de stabilit\u00e9 rallong\u00e9 (int\u00e9ressant pour les 4&#215;2 pour de fortes accroches)<br \/>\ninboard (cot\u00e9 cellule): II privil\u00e9gie la stabilit\u00e9 et la motricit\u00e9 de plus inboard as tendance a diminuer l&#8217;empattement.<br \/>\nEffet de l&rsquo;ouverture \u00e0 l&rsquo;arri\u00e8re: Que ce soit avec n&rsquo;importe quel voiture et sur n&rsquo;importe quel circuit l&rsquo;ouverture n&rsquo;est JAMAIS utiliser.<\/p>\n<h2><a name=\"chasse\">LA CHASSE ET L&rsquo;ANTICABRAGE<\/a><\/h2>\n<p>La chasse: C&rsquo;est l&rsquo;angle form\u00e9e, vue de profil par la droite passant par l&rsquo;axe du pivot de la fus\u00e9e ou de son porte fus\u00e9e et la<br \/>\nverticale.<\/p>\n<p>L&rsquo;anticabrage : C&rsquo;est l&rsquo;angle que forme vue de profil le triangle avant avec le plan horizontal<\/p>\n<p><a href=\"http:\/\/vhrc.fr\/wp-content\/uploads\/2010\/01\/600_reglages_Picture4.jpg\"><img loading=\"lazy\" decoding=\"async\" class=\"alignnone size-full wp-image-303\" title=\"600_reglages_Picture4\" src=\"http:\/\/vhrc.fr\/wp-content\/uploads\/2010\/01\/600_reglages_Picture4.jpg\" alt=\"600_reglages_Picture4\" width=\"600\" height=\"397\" srcset=\"https:\/\/vhrc.fr\/wp-content\/uploads\/2010\/01\/600_reglages_Picture4.jpg 600w, https:\/\/vhrc.fr\/wp-content\/uploads\/2010\/01\/600_reglages_Picture4-500x330.jpg 500w\" sizes=\"auto, (max-width: 600px) 100vw, 600px\" \/><\/a><\/p>\n<p>L&rsquo;angle de chasse: Il permet de stabiliser la voiture et donc un meilleur contr\u00f4le en ligne droite mais a tendance a sous virer. Selon les voitures l&rsquo;angle de chasse varie entre 10\u00b0 et 30\u00b0 . Plus la chasse est importante plus la voiture aura tendance \u00e0 sortir fort du virage mais en contre partie l&rsquo;entr\u00e9e dans le virage sera moins bonne. Ce r\u00e9glage est tr\u00e8s int\u00e9ressant pour adapter la voiture au feeling du pilote.<\/p>\n<p>Chasse variable: Lors du freinage par exemple les triangle avant forme un angle moins important a cause du transfert de masse donc l&rsquo;angle de chasse se trouve r\u00e9duit est donne \u00e0 la voiture une meilleur directivit\u00e9<\/p>\n<p>L&rsquo;angle d&rsquo;anticabrage: Il \u00e9vite que le ch\u00e2ssis s&rsquo;enfonce \u00e0 l&rsquo;acc\u00e9l\u00e9ration en retardant les transferts des masses vers l&rsquo;arri\u00e8re a l&rsquo;acc\u00e9l\u00e9ration<\/p>\n<h2>L&rsquo;ANTIPLONGEE<\/h2>\n<p>L&rsquo;antiplong\u00e9e : C&rsquo;est l&rsquo;angle que forme vue de profil l&rsquo;axe du triangle arri\u00e8re avec le plan horizontal Effet d&rsquo;antiplong\u00e9e: Plus d&rsquo;antiplong\u00e9e est importante plus la voiture est stable durant les freinages<\/p>\n<h2><a name=\"empat\">EMPATTEMENT ET VOIE<\/a><\/h2>\n<p>Effet de l&#8217;empattement: Plus il est long plus la voiture est stable et plus elle aura de facilit\u00e9e \u00e0 passer des parties d\u00e9fonc\u00e9es mais<br \/>\nen contre partie si l&#8217;empattement devient trop long la voiture perdra de sa vivacit\u00e9 donc un empattement court rendra la voiture<br \/>\nplus vive. On pourra aussi rallonger l&#8217;empattement pour \u00e9viter les \u00ab\u00a0Wheelings\u00a0\u00bb. Attention le r\u00e9glage est diff\u00e9rent sur un 4&#215;4 que sur<br \/>\nun 4&#215;2. Sur un 4&#215;2 un empattement court augmente le porte faux arri\u00e8re ( plus de poids derri\u00e8re l&rsquo;axe des roues arri\u00e8res), et donc<br \/>\nstabilise l&rsquo;auto, mais elle devient moins vive<br \/>\nEffet de la voie: Plus la voie est large \u00e0 l&rsquo;avant plus la voiture est stable mais tourne moins, \u00e0 l&rsquo;arri\u00e8re plus la voie est large plus l&rsquo;auto est stable mais il y a une perte de motricit\u00e9<br \/>\n<a href=\"http:\/\/vhrc.fr\/wp-content\/uploads\/2010\/01\/600_reglages_Picture5.jpg\"><img loading=\"lazy\" decoding=\"async\" class=\"alignnone size-full wp-image-299\" title=\"600_reglages_Picture5\" src=\"http:\/\/vhrc.fr\/wp-content\/uploads\/2010\/01\/600_reglages_Picture5.jpg\" alt=\"600_reglages_Picture5\" width=\"600\" height=\"336\" srcset=\"https:\/\/vhrc.fr\/wp-content\/uploads\/2010\/01\/600_reglages_Picture5.jpg 600w, https:\/\/vhrc.fr\/wp-content\/uploads\/2010\/01\/600_reglages_Picture5-500x280.jpg 500w\" sizes=\"auto, (max-width: 600px) 100vw, 600px\" \/><\/a><\/p>\n<h2><a name=\"rapport\">RAPPORT DE TRANSMISSION<\/a><\/h2>\n<p>Le rapport se calcul avec le nombre de dents de la couronne, du pignon et du ratio de la boite de transmission. Chaque mod\u00e8le r\u00e9duit a son propre ratio, celui-ci est souvent donn\u00e9 dans la notice de votre voiture<\/p>\n<p>ex : Couronne: 81 Pignon: 24 Ratio:2.40<\/p>\n<p>Rapport 81\/24 x 2.40 = 8.10<\/p>\n<p>Si on rallonge le rapport,donc si on le diminue (en passant de 8.1 \u00e0 7.5 par exemple), la voiture aura une tr\u00e8s bonne vitesse de pointe mais va perdre en acc\u00e9l\u00e9ration. Dans le cas contraire, si on raccourci le rapport, la voiture sera plus nerveuse mais perdra en vitesse de pointe.<\/p>","protected":false},"excerpt":{"rendered":"<p>Les Meilleures Techniques Pour R\u00e9gler Sa Voiture L&rsquo;Ackerman Le Carrossage Le Pincement et L&rsquo;Ouverture La Chasse et L&rsquo;anticabrage L&#8217;empattement et<\/p>","protected":false},"author":5,"featured_media":0,"parent":286,"menu_order":0,"comment_status":"closed","ping_status":"open","template":"","meta":{"colormag_page_container_layout":"default_layout","colormag_page_sidebar_layout":"default_layout","footnotes":""},"class_list":["post-288","page","type-page","status-publish","hentry"],"_links":{"self":[{"href":"https:\/\/vhrc.fr\/en\/wp-json\/wp\/v2\/pages\/288","targetHints":{"allow":["GET"]}}],"collection":[{"href":"https:\/\/vhrc.fr\/en\/wp-json\/wp\/v2\/pages"}],"about":[{"href":"https:\/\/vhrc.fr\/en\/wp-json\/wp\/v2\/types\/page"}],"author":[{"embeddable":true,"href":"https:\/\/vhrc.fr\/en\/wp-json\/wp\/v2\/users\/5"}],"replies":[{"embeddable":true,"href":"https:\/\/vhrc.fr\/en\/wp-json\/wp\/v2\/comments?post=288"}],"version-history":[{"count":7,"href":"https:\/\/vhrc.fr\/en\/wp-json\/wp\/v2\/pages\/288\/revisions"}],"predecessor-version":[{"id":291,"href":"https:\/\/vhrc.fr\/en\/wp-json\/wp\/v2\/pages\/288\/revisions\/291"}],"up":[{"embeddable":true,"href":"https:\/\/vhrc.fr\/en\/wp-json\/wp\/v2\/pages\/286"}],"wp:attachment":[{"href":"https:\/\/vhrc.fr\/en\/wp-json\/wp\/v2\/media?parent=288"}],"curies":[{"name":"wp","href":"https:\/\/api.w.org\/{rel}","templated":true}]}}