{"id":2973,"date":"2012-08-30T11:02:09","date_gmt":"2012-08-30T10:02:09","guid":{"rendered":"http:\/\/vhrc.fr\/?page_id=2973"},"modified":"2025-07-08T09:22:53","modified_gmt":"2025-07-08T08:22:53","slug":"2012-m8-montpellier","status":"publish","type":"page","link":"https:\/\/vhrc.fr\/en\/historique\/vhrc-lhistorique\/2012-vhrc\/2012-m8-montpellier\/","title":{"rendered":"2012 M09 Montpellier"},"content":{"rendered":"<h2>le circuit de l&rsquo;AMO continue la saison du VHRC&#8230;<\/h2>\n<h1>r\u00e9sum\u00e9 R\u00e9mi <img loading=\"lazy\" decoding=\"async\" class=\"wp-image-2510\" title=\"R\u00e9mi\" src=\"http:\/\/vhrc.fr\/wp-content\/uploads\/2012\/05\/r\u00e9mi-150x150.jpg\" alt=\"R\u00e9mi\" width=\"62\" height=\"62\" srcset=\"https:\/\/vhrc.fr\/wp-content\/uploads\/2012\/05\/r\u00e9mi-150x150.jpg 150w, https:\/\/vhrc.fr\/wp-content\/uploads\/2012\/05\/r\u00e9mi-64x64.jpg 64w, https:\/\/vhrc.fr\/wp-content\/uploads\/2012\/05\/r\u00e9mi-128x128.jpg 128w, https:\/\/vhrc.fr\/wp-content\/uploads\/2012\/05\/r\u00e9mi-320x320.jpg 320w, https:\/\/vhrc.fr\/wp-content\/uploads\/2012\/05\/r\u00e9mi.jpg 400w\" sizes=\"auto, (max-width: 62px) 100vw, 62px\" \/><\/h1>\n<p>Dimanche 16 septembre 2012, rdv \u00e0 Montpellier pour la M9 du VHRC<\/p>\n<p>&nbsp;<\/p>\n<p>8 pilotes pr\u00e9sents : Julien, J\u00e9r\u00e9my, Luc, Daniel, R\u00e9mi, Ellen, Jean-Paul et Jean-Louis.<\/p>\n<h2>\u00a0Le matin :<\/h2>\n<p>2 qualifications de 5 minutes car la 3\u00e8me ne comptera pas \u00e0 cause d\u2019un probl\u00e8me de comptage.<\/p>\n<p>Ces 3 manches de qualifications auront permis aux pilotes de tester diff\u00e9rents types de pneus, de r\u00e9gler les trains arri\u00e8res (pincement) ; \u00e0 noter, aucuns pilotes ne passera sous la barre des 12 tours en 5 minutes.<\/p>\n<p>Jean-Paul rencontrera des probl\u00e8mes de puces durant les 2 premi\u00e8res manches de qualifications ; la changera pour la finale. Cassera \u00e9galement son moteur G240 lors de la derni\u00e8re qualif ; le changera pendant la pause d\u00e9jeuner.<\/p>\n<p>&nbsp;<\/p>\n<p>Meilleurs temps au tour par pilote pendant les qualifs :<\/p>\n<p>Julien sur Porsche : 26.08<\/p>\n<p>J\u00e9r\u00e9my sur R5 Turbo 2 : 29.75<\/p>\n<p>Luc sur Porsche : 27.48<\/p>\n<p>Daniel sur GT40 : 28.05<\/p>\n<p>R\u00e9mi sur Porsche : 26.41<\/p>\n<p>Ellen sur Porsche : 28.12<\/p>\n<p>Jean-Paul sur Mini : 26.72<\/p>\n<p>Jean-Louis sur Alpine A110 : 27.87<\/p>\n<p>Grille de d\u00e9part pour la finale : R\u00e9mi, Julien, Luc, Daniel, Ellen, J\u00e9r\u00e9my, Jean-Louis, et Jean-Paul<\/p>\n<h2>\u00a0L\u2019apr\u00e8s-midi : 1 seule finale de 30 minutes<\/h2>\n<p>&#8211; R\u00e9mi : parti 1er finira 1er avec 66 tours ; course en t\u00eate du d\u00e9but \u00e0 la fin<\/p>\n<figure id=\"attachment_3046\" aria-describedby=\"caption-attachment-3046\" style=\"width: 687px\" class=\"wp-caption alignnone\"><a href=\"http:\/\/vhrc.fr\/wp-content\/uploads\/2012\/08\/vhrc-mpt-m9-16-sept-2012.-vhrc.-011.jpg\"><img loading=\"lazy\" decoding=\"async\" class=\"wp-image-3046\" title=\"porsche\" src=\"http:\/\/vhrc.fr\/wp-content\/uploads\/2012\/08\/vhrc-mpt-m9-16-sept-2012.-vhrc.-011.jpg\" alt=\"\" width=\"687\" height=\"515\" srcset=\"https:\/\/vhrc.fr\/wp-content\/uploads\/2012\/08\/vhrc-mpt-m9-16-sept-2012.-vhrc.-011.jpg 1024w, https:\/\/vhrc.fr\/wp-content\/uploads\/2012\/08\/vhrc-mpt-m9-16-sept-2012.-vhrc.-011-500x375.jpg 500w, https:\/\/vhrc.fr\/wp-content\/uploads\/2012\/08\/vhrc-mpt-m9-16-sept-2012.-vhrc.-011-800x600.jpg 800w\" sizes=\"auto, (max-width: 687px) 100vw, 687px\" \/><\/a><figcaption id=\"caption-attachment-3046\" class=\"wp-caption-text\">porsche<\/figcaption><\/figure>\n<p>&#8211; Luc : parti 3\u00e8me finira 2nd avec 63 tours ; pneus arri\u00e8res \u00ab proto \u00bb en phase de test ; r\u00e9sultat int\u00e9ressant pour ces nouveaux pneus<\/p>\n<p>&#8211; Ellen : parti 5\u00e8me finira 3\u00e8me avec 59 tours ; tours r\u00e9guliers, ouvre les portes et suit le rythme des autres pilotes !<\/p>\n<p>&#8211; Jean-Louis : parti 7\u00e8me finira 4\u00e8me avec 51 tours ; probl\u00e8me de sauve servo sur cette Alpine Bleu ; peu de braquage du c\u00f4t\u00e9 gauche ; enchainera les tours avec fair-play. Premi\u00e8re course r\u00e9ussit ! Futur pilote pour 2013 ?<\/p>\n<p>&#8211; Daniel : parti 4\u00e8me finira 5\u00e8me avec 44 tours ; cassera deux servo de direction durant la finale de 30 minutes (surchauffe) ; la carrosserie neuve n\u2019a pas souffert !<\/p>\n<figure id=\"attachment_3044\" aria-describedby=\"caption-attachment-3044\" style=\"width: 642px\" class=\"wp-caption alignnone\"><a href=\"http:\/\/vhrc.fr\/wp-content\/uploads\/2012\/08\/vhrc-mpt-m9-16-sept-2012.-vhrc.-004.jpg\"><img loading=\"lazy\" decoding=\"async\" class=\"wp-image-3044\" title=\"daniel gt40 nouvelle carrosserie\" src=\"http:\/\/vhrc.fr\/wp-content\/uploads\/2012\/08\/vhrc-mpt-m9-16-sept-2012.-vhrc.-004.jpg\" alt=\"\" width=\"642\" height=\"481\" srcset=\"https:\/\/vhrc.fr\/wp-content\/uploads\/2012\/08\/vhrc-mpt-m9-16-sept-2012.-vhrc.-004.jpg 1024w, https:\/\/vhrc.fr\/wp-content\/uploads\/2012\/08\/vhrc-mpt-m9-16-sept-2012.-vhrc.-004-500x375.jpg 500w, https:\/\/vhrc.fr\/wp-content\/uploads\/2012\/08\/vhrc-mpt-m9-16-sept-2012.-vhrc.-004-800x600.jpg 800w\" sizes=\"auto, (max-width: 642px) 100vw, 642px\" \/><\/a><figcaption id=\"caption-attachment-3044\" class=\"wp-caption-text\">daniel gt40 nouvelle carrosserie<\/figcaption><\/figure>\n<p>&nbsp;<\/p>\n<p>&#8211; J\u00e9r\u00e9my : parti 6\u00e8me finira 6\u00e8me avec 28 tours ; cassera une fus\u00e9e arri\u00e8re sur cette R5 Racing ; ne pourra pas r\u00e9parer, abandonnera apr\u00e8s 15 minutes de courses.<\/p>\n<p>&#8211; Julien : parti 2\u00e8me finira 7\u00e8me avec 19 tours ; cassera son support de couronne apr\u00e8s 9 minutes de course ; n\u2019arrivera pas \u00e0 d\u00e9terminer la panne, donc abandonnera alors qu\u2019il \u00e9tait dans le rythme des voitures de t\u00eate !<\/p>\n<p>&#8211; Jean-Paul : parti 8\u00e8me finira 8\u00e8me ; manque de temps pour faire chauffer la Mini ; Probl\u00e8me de TurnForce d\u00e9cel\u00e9 juste apr\u00e8s le d\u00e9part en bout de ligne droite ; abandonnera sans avoir fait un seul tour. <strong>Futur pilote pour 2013 ? Au VHRC, on compte sur lui !<\/strong><\/p>\n<figure id=\"attachment_3043\" aria-describedby=\"caption-attachment-3043\" style=\"width: 718px\" class=\"wp-caption alignnone\"><a href=\"http:\/\/vhrc.fr\/wp-content\/uploads\/2012\/08\/vhrc-mpt-m9-16-sept-2012.-vhrc.-003.jpg\"><img loading=\"lazy\" decoding=\"async\" class=\"wp-image-3043\" title=\"JP mini\" src=\"http:\/\/vhrc.fr\/wp-content\/uploads\/2012\/08\/vhrc-mpt-m9-16-sept-2012.-vhrc.-003.jpg\" alt=\"\" width=\"718\" height=\"538\" srcset=\"https:\/\/vhrc.fr\/wp-content\/uploads\/2012\/08\/vhrc-mpt-m9-16-sept-2012.-vhrc.-003.jpg 1024w, https:\/\/vhrc.fr\/wp-content\/uploads\/2012\/08\/vhrc-mpt-m9-16-sept-2012.-vhrc.-003-500x375.jpg 500w, https:\/\/vhrc.fr\/wp-content\/uploads\/2012\/08\/vhrc-mpt-m9-16-sept-2012.-vhrc.-003-800x600.jpg 800w\" sizes=\"auto, (max-width: 718px) 100vw, 718px\" \/><\/a><figcaption id=\"caption-attachment-3043\" class=\"wp-caption-text\">JP mini<\/figcaption><\/figure>\n<p>Meilleurs temps au tour par pilote pendant la finale :<\/p>\n<p>Julien sur Porsche : 27.45<\/p>\n<p>J\u00e9r\u00e9my sur R5 Turbo 2 : 29.98<\/p>\n<p>Luc sur Porsche : 26.64<\/p>\n<p>Daniel sur GT40 : 27.86<\/p>\n<p>R\u00e9mi sur Porsche : 26.37<\/p>\n<p>Ellen sur Porsche : 28.63<\/p>\n<p>Jean-Paul sur Mini : &#8212;-<\/p>\n<p>Jean-Louis sur Alpine A110 : 29.34<\/p>\n<p>R\u00e9sultat Finale : R\u00e9mi, Luc, Ellen, Jean-Louis, Daniel, J\u00e9r\u00e9my, Julien, et Jean-Paul.<\/p>\n<p>Classement VHRC Historique : R\u00e9mi, Ellen, Daniel, J\u00e9r\u00e9my, Julien<\/p>\n<p>Classement VHRC Libre : Luc<\/p>\n<p>Nous avons voulu comparer le poids des 3 Porsche Yankee du podium :<\/p>\n<p>Porsche R\u00e9mi : 10.200 kg sans essence sans Accus<\/p>\n<p>Porsche Luc : 11.300 kg sans essence sans Accus<\/p>\n<p>Porsche Ellen : 12.380 kg sans essence avec Accus.<\/p>\n<figure id=\"attachment_3042\" aria-describedby=\"caption-attachment-3042\" style=\"width: 671px\" class=\"wp-caption alignnone\"><a href=\"http:\/\/vhrc.fr\/wp-content\/uploads\/2012\/08\/vhrc-mpt-m9-16-sept-2012.-vhrc.-001.jpg\"><img loading=\"lazy\" decoding=\"async\" class=\"wp-image-3042\" title=\"J\u00e9r\u00e9my, r\u00e9mi et julien\" src=\"http:\/\/vhrc.fr\/wp-content\/uploads\/2012\/08\/vhrc-mpt-m9-16-sept-2012.-vhrc.-001.jpg\" alt=\"\" width=\"671\" height=\"503\" srcset=\"https:\/\/vhrc.fr\/wp-content\/uploads\/2012\/08\/vhrc-mpt-m9-16-sept-2012.-vhrc.-001.jpg 1024w, https:\/\/vhrc.fr\/wp-content\/uploads\/2012\/08\/vhrc-mpt-m9-16-sept-2012.-vhrc.-001-500x375.jpg 500w, https:\/\/vhrc.fr\/wp-content\/uploads\/2012\/08\/vhrc-mpt-m9-16-sept-2012.-vhrc.-001-800x600.jpg 800w\" sizes=\"auto, (max-width: 671px) 100vw, 671px\" \/><\/a><figcaption id=\"caption-attachment-3042\" class=\"wp-caption-text\">J\u00e9r\u00e9my, r\u00e9mi et julien<\/figcaption><\/figure>\n<p>Compte rendu du reporter du VHRC : R\u00e9mi C.<\/p>\n<p>17\/09\/2012.<\/p>\n<h1>R\u00e9sum\u00e9 Luc <a href=\"http:\/\/vhrc.fr\/wp-content\/uploads\/2011\/11\/lugia400.jpg\"><img loading=\"lazy\" decoding=\"async\" class=\"alignnone  wp-image-2015\" title=\"lugia400\" src=\"http:\/\/vhrc.fr\/wp-content\/uploads\/2011\/11\/lugia400-300x160.jpg\" alt=\"\" width=\"77\" height=\"41\" \/><\/a><\/h1>\n<p>Manche 9 c\u2019est la rentr\u00e9e du VHRC 1\/4<\/p>\n<p>Sous un soleil resplendissant \u00e0 Montpellier, circuit de Grammont\u00a0: Huit pilotes formaient le plateau et ont d\u00e9cid\u00e9s de d\u00e9dier cette course \u00e0 notre ami et pilote \u2018 Bruno ALLIOT PDG de la soci\u00e9t\u00e9 YANKEE , d\u00e9c\u00e9d\u00e9 le 03 Septembre 2012.<\/p>\n<p>&nbsp;<\/p>\n<figure id=\"attachment_3048\" aria-describedby=\"caption-attachment-3048\" style=\"width: 727px\" class=\"wp-caption alignnone\"><a href=\"http:\/\/vhrc.fr\/wp-content\/uploads\/2012\/08\/vhrc-mpt-m9-16-sept-2012.-vhrc.-013.jpg\"><img loading=\"lazy\" decoding=\"async\" class=\"wp-image-3048\" title=\"bruno\" src=\"http:\/\/vhrc.fr\/wp-content\/uploads\/2012\/08\/vhrc-mpt-m9-16-sept-2012.-vhrc.-013.jpg\" alt=\"\" width=\"727\" height=\"545\" srcset=\"https:\/\/vhrc.fr\/wp-content\/uploads\/2012\/08\/vhrc-mpt-m9-16-sept-2012.-vhrc.-013.jpg 1024w, https:\/\/vhrc.fr\/wp-content\/uploads\/2012\/08\/vhrc-mpt-m9-16-sept-2012.-vhrc.-013-500x375.jpg 500w, https:\/\/vhrc.fr\/wp-content\/uploads\/2012\/08\/vhrc-mpt-m9-16-sept-2012.-vhrc.-013-800x600.jpg 800w\" sizes=\"auto, (max-width: 727px) 100vw, 727px\" \/><\/a><figcaption id=\"caption-attachment-3048\" class=\"wp-caption-text\">hommage Bruno<\/figcaption><\/figure>\n<p>Un cadre contenant sa photo a \u00e9t\u00e9 plac\u00e9 sur les stands tout le dimanche.<\/p>\n<p>Merci a Ellen pour cet hommage.<\/p>\n<p>&nbsp;<\/p>\n<figure id=\"attachment_3050\" aria-describedby=\"caption-attachment-3050\" style=\"width: 736px\" class=\"wp-caption alignnone\"><a href=\"http:\/\/vhrc.fr\/wp-content\/uploads\/2012\/08\/vhrc-mpt-m9-16-sept-2012.-vhrc.-015_cr.jpg\"><img loading=\"lazy\" decoding=\"async\" class=\"wp-image-3050\" title=\"les pilotes VHRC Septembre 2012\" src=\"http:\/\/vhrc.fr\/wp-content\/uploads\/2012\/08\/vhrc-mpt-m9-16-sept-2012.-vhrc.-015_cr.jpg\" alt=\"\" width=\"736\" height=\"414\" srcset=\"https:\/\/vhrc.fr\/wp-content\/uploads\/2012\/08\/vhrc-mpt-m9-16-sept-2012.-vhrc.-015_cr.jpg 1024w, https:\/\/vhrc.fr\/wp-content\/uploads\/2012\/08\/vhrc-mpt-m9-16-sept-2012.-vhrc.-015_cr-500x281.jpg 500w, https:\/\/vhrc.fr\/wp-content\/uploads\/2012\/08\/vhrc-mpt-m9-16-sept-2012.-vhrc.-015_cr-800x450.jpg 800w\" sizes=\"auto, (max-width: 736px) 100vw, 736px\" \/><\/a><figcaption id=\"caption-attachment-3050\" class=\"wp-caption-text\">les pilotes VHRC Septembre 2012<\/figcaption><\/figure>\n<p>Cot\u00e9 Stands\u00a0:<\/p>\n<p>-Deux invit\u00e9s, JP. B sur Mini Cooper. J. Louis. F sur Alpine A 110. Les deux autos, seront pr\u00eat\u00e9es gracieusement par le Team Ellen et Raymond que je remercie.<\/p>\n<p>-Patrick Bols\u00e9e du VHRC (Pilote Viper) venu avec son pote Daniel, fera le meccano de la GT 40 et pense reprendre du service.<\/p>\n<figure id=\"attachment_3045\" aria-describedby=\"caption-attachment-3045\" style=\"width: 607px\" class=\"wp-caption alignnone\"><a href=\"http:\/\/vhrc.fr\/wp-content\/uploads\/2012\/08\/vhrc-mpt-m9-16-sept-2012.-vhrc.-006.jpg\"><img loading=\"lazy\" decoding=\"async\" class=\"wp-image-3045\" title=\"Patrick et Daniel\" src=\"http:\/\/vhrc.fr\/wp-content\/uploads\/2012\/08\/vhrc-mpt-m9-16-sept-2012.-vhrc.-006.jpg\" alt=\"\" width=\"607\" height=\"455\" srcset=\"https:\/\/vhrc.fr\/wp-content\/uploads\/2012\/08\/vhrc-mpt-m9-16-sept-2012.-vhrc.-006.jpg 1024w, https:\/\/vhrc.fr\/wp-content\/uploads\/2012\/08\/vhrc-mpt-m9-16-sept-2012.-vhrc.-006-500x375.jpg 500w, https:\/\/vhrc.fr\/wp-content\/uploads\/2012\/08\/vhrc-mpt-m9-16-sept-2012.-vhrc.-006-800x600.jpg 800w\" sizes=\"auto, (max-width: 607px) 100vw, 607px\" \/><\/a><figcaption id=\"caption-attachment-3045\" class=\"wp-caption-text\">Patrick et Daniel<\/figcaption><\/figure>\n<p>&nbsp;<\/p>\n<p>-C\u00f4t\u00e9 engouement et comp\u00e9tition pour le classement en cat\u00e9gorie Historique 2012 , \u00e7a bagarre dur\u00a0!<\/p>\n<p>-Les discussions vont bon train. Quatre pilotes peuvent pr\u00e9tendre gagner cette cat\u00e9gorie\u00a0: \u00a0Ellen, Daniel, R\u00e9mi, Julien , il reste deux manches \u00e0 courir cela va \u00eatre tr\u00e8s serr\u00e9 au final.<\/p>\n<p>&nbsp;<\/p>\n<figure id=\"attachment_3047\" aria-describedby=\"caption-attachment-3047\" style=\"width: 614px\" class=\"wp-caption alignnone\"><a href=\"http:\/\/vhrc.fr\/wp-content\/uploads\/2012\/08\/vhrc-mpt-m9-16-sept-2012.-vhrc.-012.jpg\"><img loading=\"lazy\" decoding=\"async\" class=\"wp-image-3047\" title=\"r\u00e9mi \" src=\"http:\/\/vhrc.fr\/wp-content\/uploads\/2012\/08\/vhrc-mpt-m9-16-sept-2012.-vhrc.-012.jpg\" alt=\"\" width=\"614\" height=\"461\" srcset=\"https:\/\/vhrc.fr\/wp-content\/uploads\/2012\/08\/vhrc-mpt-m9-16-sept-2012.-vhrc.-012.jpg 1024w, https:\/\/vhrc.fr\/wp-content\/uploads\/2012\/08\/vhrc-mpt-m9-16-sept-2012.-vhrc.-012-500x375.jpg 500w, https:\/\/vhrc.fr\/wp-content\/uploads\/2012\/08\/vhrc-mpt-m9-16-sept-2012.-vhrc.-012-800x600.jpg 800w\" sizes=\"auto, (max-width: 614px) 100vw, 614px\" \/><\/a><figcaption id=\"caption-attachment-3047\" class=\"wp-caption-text\">r\u00e9mi<\/figcaption><\/figure>\n<p>&nbsp;<\/p>\n<p>-C\u00f4t\u00e9 M\u00e9canique.<\/p>\n<p>Une casse moteur Zenoah pr\u00e9par\u00e9. (Piston) voir photo. Sur La Mini Cooper.<\/p>\n<p>&nbsp;<\/p>\n<figure id=\"attachment_3049\" aria-describedby=\"caption-attachment-3049\" style=\"width: 300px\" class=\"wp-caption alignnone\"><a href=\"http:\/\/vhrc.fr\/wp-content\/uploads\/2012\/08\/vhrc-mpt-m9-16-sept-2012.-vhrc.-014.jpg\"><img loading=\"lazy\" decoding=\"async\" class=\"size-medium wp-image-3049\" title=\"moteur JP HS\" src=\"http:\/\/vhrc.fr\/wp-content\/uploads\/2012\/08\/vhrc-mpt-m9-16-sept-2012.-vhrc.-014-300x225.jpg\" alt=\"\" width=\"300\" height=\"225\" \/><\/a><figcaption id=\"caption-attachment-3049\" class=\"wp-caption-text\">moteur JP HS<\/figcaption><\/figure>\n<p>-La majorit\u00e9 du plateau roulait en pneus gomme.<\/p>\n<p>-Tous les ch\u00e2ssis \u00e9taient des \u00ab\u00a0Yankee\u00a0\u00bb<\/p>\n<p>-Daniel a r\u00e9alis\u00e9 une nouvelle carrosserie de FORD Gt40, avec les couleurs de son \u00ab\u00a0team\u00a0\u00bb blanc et rouge.<\/p>\n<p>-Trois Porsche Yankee \u00ab\u00a0930 Fvr\u00a0\u00bb feront le podium.<\/p>\n<p>&nbsp;<\/p>\n<p>Le Pr\u00e9sident du Club de Montpellier \u00e0 droite a pr\u00e9sente le podium.<\/p>\n<figure id=\"attachment_3051\" aria-describedby=\"caption-attachment-3051\" style=\"width: 300px\" class=\"wp-caption alignnone\"><a href=\"http:\/\/vhrc.fr\/wp-content\/uploads\/2012\/08\/vhrc-mpt-m9-16-sept-2012.-vhrc.-022_cr.jpg\"><img loading=\"lazy\" decoding=\"async\" class=\"size-medium wp-image-3051\" title=\"podium  VHRC Septembre 2012\" src=\"http:\/\/vhrc.fr\/wp-content\/uploads\/2012\/08\/vhrc-mpt-m9-16-sept-2012.-vhrc.-022_cr-300x168.jpg\" alt=\"\" width=\"300\" height=\"168\" \/><\/a><figcaption id=\"caption-attachment-3051\" class=\"wp-caption-text\">podium VHRC Septembre 2012<\/figcaption><\/figure>\n<p>RDV\u00a0:<\/p>\n<p>Manche 10\u00a0: 14\/10\/2012..\u00e0 Villeneuve lez Avignon , royaume du \u00bc depuis sa cr\u00e9ation\u00a0!<\/p>\n<p>VHRC\u00a0:org. 17\/09\/2012.<\/p>\n<p>&nbsp;<\/p>\n<h1>\u00a0Vid\u00e9os<\/h1>\n<p>&nbsp;<\/p>\n<p><iframe loading=\"lazy\" title=\"CAMISARD-RC O\/P 1\/4 1\/5 1\/8 AMO (matin)\" width=\"800\" height=\"450\" src=\"https:\/\/www.youtube.com\/embed\/axfrPhbcXQ8?feature=oembed\" frameborder=\"0\" allow=\"accelerometer; autoplay; encrypted-media; gyroscope; picture-in-picture\" allowfullscreen><\/iframe><\/p>\n<p><iframe loading=\"lazy\" title=\"CAMISARD-RC O\/P 1\/4 1\/5 1\/8 AMO (apr\u00e9s midi)\" width=\"800\" height=\"450\" src=\"https:\/\/www.youtube.com\/embed\/sko8zR3UO0s?feature=oembed\" frameborder=\"0\" allow=\"accelerometer; autoplay; encrypted-media; gyroscope; picture-in-picture\" allowfullscreen><\/iframe><\/p>\n<p>&nbsp;<\/p>\n<h1>R\u00e9sultats<\/h1>\n<h2><a href=\"http:\/\/vhrc.fr\/wp-content\/uploads\/2012\/08\/R\u00e9sultats-VHRC-2012-m9.pdf\">ICI <img loading=\"lazy\" decoding=\"async\" class=\"alignnone size-full wp-image-994\" title=\"E_PDF\" src=\"http:\/\/vhrc.fr\/wp-content\/uploads\/2010\/06\/E_PDF.png\" alt=\"\" width=\"107\" height=\"107\" srcset=\"https:\/\/vhrc.fr\/wp-content\/uploads\/2010\/06\/E_PDF.png 107w, https:\/\/vhrc.fr\/wp-content\/uploads\/2010\/06\/E_PDF-64x64.png 64w\" sizes=\"auto, (max-width: 107px) 100vw, 107px\" \/> R\u00e9sultats VHRC 2012 m9<\/a><\/h2>\n<p>&nbsp;<\/p>\n<figure id=\"attachment_2974\" aria-describedby=\"caption-attachment-2974\" style=\"width: 300px\" class=\"wp-caption alignnone\"><a href=\"http:\/\/vhrc.fr\/wp-content\/uploads\/2012\/08\/w-03-juin-Montpellier-VHRC-M6.-036.jpg\"><img loading=\"lazy\" decoding=\"async\" class=\"size-medium wp-image-2974\" title=\"r5 turbo montpellier 2012\" src=\"http:\/\/vhrc.fr\/wp-content\/uploads\/2012\/08\/w-03-juin-Montpellier-VHRC-M6.-036-300x225.jpg\" alt=\"\" width=\"300\" height=\"225\" \/><\/a><figcaption id=\"caption-attachment-2974\" class=\"wp-caption-text\">r5 turbo Montpellier 2012<\/figcaption><\/figure>","protected":false},"excerpt":{"rendered":"<p>le circuit de l&rsquo;AMO continue la saison du VHRC&#8230; r\u00e9sum\u00e9 R\u00e9mi Dimanche 16 septembre 2012, rdv \u00e0 Montpellier pour la<\/p>","protected":false},"author":5,"featured_media":3048,"parent":2091,"menu_order":0,"comment_status":"open","ping_status":"closed","template":"","meta":{"colormag_page_container_layout":"default_layout","colormag_page_sidebar_layout":"default_layout","footnotes":""},"class_list":["post-2973","page","type-page","status-publish","has-post-thumbnail","hentry"],"_links":{"self":[{"href":"https:\/\/vhrc.fr\/en\/wp-json\/wp\/v2\/pages\/2973","targetHints":{"allow":["GET"]}}],"collection":[{"href":"https:\/\/vhrc.fr\/en\/wp-json\/wp\/v2\/pages"}],"about":[{"href":"https:\/\/vhrc.fr\/en\/wp-json\/wp\/v2\/types\/page"}],"author":[{"embeddable":true,"href":"https:\/\/vhrc.fr\/en\/wp-json\/wp\/v2\/users\/5"}],"replies":[{"embeddable":true,"href":"https:\/\/vhrc.fr\/en\/wp-json\/wp\/v2\/comments?post=2973"}],"version-history":[{"count":11,"href":"https:\/\/vhrc.fr\/en\/wp-json\/wp\/v2\/pages\/2973\/revisions"}],"predecessor-version":[{"id":9963,"href":"https:\/\/vhrc.fr\/en\/wp-json\/wp\/v2\/pages\/2973\/revisions\/9963"}],"up":[{"embeddable":true,"href":"https:\/\/vhrc.fr\/en\/wp-json\/wp\/v2\/pages\/2091"}],"wp:featuredmedia":[{"embeddable":true,"href":"https:\/\/vhrc.fr\/en\/wp-json\/wp\/v2\/media\/3048"}],"wp:attachment":[{"href":"https:\/\/vhrc.fr\/en\/wp-json\/wp\/v2\/media?parent=2973"}],"curies":[{"name":"wp","href":"https:\/\/api.w.org\/{rel}","templated":true}]}}