{"id":3074,"date":"2012-10-05T21:28:17","date_gmt":"2012-10-05T20:28:17","guid":{"rendered":"http:\/\/vhrc.fr\/?page_id=3074"},"modified":"2025-07-08T09:21:22","modified_gmt":"2025-07-08T08:21:22","slug":"yankee-racing-show","status":"publish","type":"page","link":"https:\/\/vhrc.fr\/en\/historique\/yankee-racing-show\/","title":{"rendered":"Yankee Racing Shows"},"content":{"rendered":"<p>\u00e9v\u00e9nements organis\u00e9s d\u00e8s 1989 par Yankee, une des marques pr\u00e9curseurs dans le domaine du 1:4<\/p>\n<p><a href=\"http:\/\/vhrc.fr\/wp-content\/uploads\/2012\/10\/yankee-racing-show.png\"><img loading=\"lazy\" decoding=\"async\" class=\"alignnone size-medium wp-image-3075\" title=\"yankee racing show\" src=\"http:\/\/vhrc.fr\/wp-content\/uploads\/2012\/10\/yankee-racing-show-300x57.png\" alt=\"\" width=\"300\" height=\"57\" \/><\/a><\/p>\n<h1>Liste des \u00e9ditions:<\/h1>\n<div class=\"pt-cv-wrapper\"><div class=\"pt-cv-view pt-cv-grid pt-cv-colsys\" id=\"pt-cv-view-0c535704v8\"><div data-id=\"pt-cv-page-1\" class=\"pt-cv-page\" data-cvc=\"2\"><div class=\"col-md-6 col-sm-6 col-xs-12 pt-cv-content-item pt-cv-1-col\" ><div class='pt-cv-ifield'><a href=\"https:\/\/vhrc.fr\/en\/historique\/yankee-racing-show\/yrs-1989\/\" class=\"_self pt-cv-href-thumbnail pt-cv-thumb-default\" target=\"_self\" ><img loading=\"lazy\" decoding=\"async\" width=\"378\" height=\"260\" src=\"https:\/\/vhrc.fr\/wp-content\/uploads\/2014\/11\/yrs-romorantin-1989.png\" class=\"pt-cv-thumbnail\" alt=\"\" \/><\/a>\n<h4 class=\"pt-cv-title\"><a href=\"https:\/\/vhrc.fr\/en\/historique\/yankee-racing-show\/yrs-1989\/\" class=\"_self\" target=\"_self\" >YRS 1989<\/a><\/h4>\n<div class=\"pt-cv-content\">Vid\u00e9os Romorantin 1989 R21 Yankee 1\/4 http:\/\/youtu.be\/4wMhvjOOnCw ...<br \/><div class=\"pt-cv-rmwrap\"><a href=\"https:\/\/vhrc.fr\/en\/historique\/yankee-racing-show\/yrs-1989\/\" class=\"_self pt-cv-readmore btn btn-success\" target=\"_self\">Lire La Suite\u2026<\/a><\/div><\/div><\/div><\/div>\n<div class=\"col-md-6 col-sm-6 col-xs-12 pt-cv-content-item pt-cv-1-col\" ><div class='pt-cv-ifield'><a href=\"https:\/\/vhrc.fr\/en\/historique\/yankee-racing-show\/yrs-1990\/\" class=\"_self pt-cv-href-thumbnail pt-cv-thumb-default\" target=\"_self\" ><img loading=\"lazy\" decoding=\"async\" width=\"400\" height=\"280\" src=\"https:\/\/vhrc.fr\/wp-content\/uploads\/2014\/11\/vhrc-1990-09-01-europa-control-cup-500x350.jpg\" class=\"pt-cv-thumbnail\" alt=\"\" srcset=\"https:\/\/vhrc.fr\/wp-content\/uploads\/2014\/11\/vhrc-1990-09-01-europa-control-cup-500x350.jpg 500w, https:\/\/vhrc.fr\/wp-content\/uploads\/2014\/11\/vhrc-1990-09-01-europa-control-cup-800x561.jpg 800w, https:\/\/vhrc.fr\/wp-content\/uploads\/2014\/11\/vhrc-1990-09-01-europa-control-cup.jpg 2048w\" sizes=\"auto, (max-width: 400px) 100vw, 400px\" \/><\/a>\n<h4 class=\"pt-cv-title\"><a href=\"https:\/\/vhrc.fr\/en\/historique\/yankee-racing-show\/yrs-1990\/\" class=\"_self\" target=\"_self\" >YRS 1990<\/a><\/h4>\n<div class=\"pt-cv-content\">1er et 2 septembre 1990 circuit de besan\u00e7on pouilley fran\u00e7ais cross control cup europa control cup ...<br \/><div class=\"pt-cv-rmwrap\"><a href=\"https:\/\/vhrc.fr\/en\/historique\/yankee-racing-show\/yrs-1990\/\" class=\"_self pt-cv-readmore btn btn-success\" target=\"_self\">Lire La Suite\u2026<\/a><\/div><\/div><\/div><\/div>\n<div class=\"col-md-6 col-sm-6 col-xs-12 pt-cv-content-item pt-cv-1-col\" ><div class='pt-cv-ifield'><a href=\"https:\/\/vhrc.fr\/en\/historique\/yankee-racing-show\/yrs-1991\/\" class=\"_self pt-cv-href-thumbnail pt-cv-thumb-default\" target=\"_self\" ><img loading=\"lazy\" decoding=\"async\" width=\"400\" height=\"300\" src=\"https:\/\/vhrc.fr\/wp-content\/uploads\/2014\/11\/vhrc-page_091_auto8-075-500x375.jpg\" class=\"pt-cv-thumbnail\" alt=\"\" srcset=\"https:\/\/vhrc.fr\/wp-content\/uploads\/2014\/11\/vhrc-page_091_auto8-075-500x375.jpg 500w, https:\/\/vhrc.fr\/wp-content\/uploads\/2014\/11\/vhrc-page_091_auto8-075-800x600.jpg 800w, https:\/\/vhrc.fr\/wp-content\/uploads\/2014\/11\/vhrc-page_091_auto8-075.jpg 848w\" sizes=\"auto, (max-width: 400px) 100vw, 400px\" \/><\/a>\n<h4 class=\"pt-cv-title\"><a href=\"https:\/\/vhrc.fr\/en\/historique\/yankee-racing-show\/yrs-1991\/\" class=\"_self\" target=\"_self\" >YRS 1991<\/a><\/h4>\n<div class=\"pt-cv-content\">Macon Longvic Evry Grenoble Avril M4 Besan\u00e7on 5 mai M5 Chateauroux 19 mai M6 Ampuis M7 Moulins 15 Juin M8 ...<br \/><div class=\"pt-cv-rmwrap\"><a href=\"https:\/\/vhrc.fr\/en\/historique\/yankee-racing-show\/yrs-1991\/\" class=\"_self pt-cv-readmore btn btn-success\" target=\"_self\">Lire La Suite\u2026<\/a><\/div><\/div><\/div><\/div>\n<div class=\"col-md-6 col-sm-6 col-xs-12 pt-cv-content-item pt-cv-1-col\" ><div class='pt-cv-ifield'><a href=\"https:\/\/vhrc.fr\/en\/historique\/yankee-racing-show\/yrs-1992\/\" class=\"_self pt-cv-href-thumbnail pt-cv-thumb-default\" target=\"_self\" ><img loading=\"lazy\" decoding=\"async\" width=\"400\" height=\"347\" src=\"https:\/\/vhrc.fr\/wp-content\/uploads\/2014\/11\/w-auto8_79-73--500x434.jpg\" class=\"pt-cv-thumbnail\" alt=\"\" srcset=\"https:\/\/vhrc.fr\/wp-content\/uploads\/2014\/11\/w-auto8_79-73--500x434.jpg 500w, https:\/\/vhrc.fr\/wp-content\/uploads\/2014\/11\/w-auto8_79-73--800x695.jpg 800w, https:\/\/vhrc.fr\/wp-content\/uploads\/2014\/11\/w-auto8_79-73-.jpg 884w\" sizes=\"auto, (max-width: 400px) 100vw, 400px\" \/><\/a>\n<h4 class=\"pt-cv-title\"><a href=\"https:\/\/vhrc.fr\/en\/historique\/yankee-racing-show\/yrs-1992\/\" class=\"_self\" target=\"_self\" >YRS 1992<\/a><\/h4>\n<div class=\"pt-cv-content\">M\u00e2con Dijon ST: Papuchon 309: Molong 905: Curien Moulins Limoges Evry Besan\u00e7on Dijon Prenois ...<br \/><div class=\"pt-cv-rmwrap\"><a href=\"https:\/\/vhrc.fr\/en\/historique\/yankee-racing-show\/yrs-1992\/\" class=\"_self pt-cv-readmore btn btn-success\" target=\"_self\">Lire La Suite\u2026<\/a><\/div><\/div><\/div><\/div>\n<div class=\"col-md-6 col-sm-6 col-xs-12 pt-cv-content-item pt-cv-1-col\" ><div class='pt-cv-ifield'><a href=\"https:\/\/vhrc.fr\/en\/historique\/yankee-racing-show\/yrs-1995\/\" class=\"_self pt-cv-href-thumbnail pt-cv-thumb-default\" target=\"_self\" ><img loading=\"lazy\" decoding=\"async\" width=\"400\" height=\"285\" src=\"https:\/\/vhrc.fr\/wp-content\/uploads\/2014\/11\/vhrc-rcm_164-yrs-1995-500x356.jpg\" class=\"pt-cv-thumbnail\" alt=\"\" srcset=\"https:\/\/vhrc.fr\/wp-content\/uploads\/2014\/11\/vhrc-rcm_164-yrs-1995-500x356.jpg 500w, https:\/\/vhrc.fr\/wp-content\/uploads\/2014\/11\/vhrc-rcm_164-yrs-1995-800x570.jpg 800w, https:\/\/vhrc.fr\/wp-content\/uploads\/2014\/11\/vhrc-rcm_164-yrs-1995.jpg 1024w\" sizes=\"auto, (max-width: 400px) 100vw, 400px\" \/><\/a>\n<h4 class=\"pt-cv-title\"><a href=\"https:\/\/vhrc.fr\/en\/historique\/yankee-racing-show\/yrs-1995\/\" class=\"_self\" target=\"_self\" >YRS 1995<\/a><\/h4>\n<div class=\"pt-cv-content\">3e International Yankee Racing Show 22\/23 Juillet 1995 Affiche Vid\u00e9o vid\u00e9o fournie par \u00e9quipe du VHRC ...<br \/><div class=\"pt-cv-rmwrap\"><a href=\"https:\/\/vhrc.fr\/en\/historique\/yankee-racing-show\/yrs-1995\/\" class=\"_self pt-cv-readmore btn btn-success\" target=\"_self\">Lire La Suite\u2026<\/a><\/div><\/div><\/div><\/div>\n<div class=\"col-md-6 col-sm-6 col-xs-12 pt-cv-content-item pt-cv-1-col\" ><div class='pt-cv-ifield'><a href=\"https:\/\/vhrc.fr\/en\/historique\/yankee-racing-show\/yrs-1996\/\" class=\"_self pt-cv-href-thumbnail pt-cv-thumb-default\" target=\"_self\" ><img loading=\"lazy\" decoding=\"async\" width=\"400\" height=\"329\" src=\"https:\/\/vhrc.fr\/wp-content\/uploads\/2012\/10\/los-mejor-del-yankee-racing-show-1996-vhs-box-copier-500x411.jpg\" class=\"pt-cv-thumbnail\" alt=\"\" srcset=\"https:\/\/vhrc.fr\/wp-content\/uploads\/2012\/10\/los-mejor-del-yankee-racing-show-1996-vhs-box-copier-500x411.jpg 500w, https:\/\/vhrc.fr\/wp-content\/uploads\/2012\/10\/los-mejor-del-yankee-racing-show-1996-vhs-box-copier-800x658.jpg 800w, https:\/\/vhrc.fr\/wp-content\/uploads\/2012\/10\/los-mejor-del-yankee-racing-show-1996-vhs-box-copier.jpg 1200w\" sizes=\"auto, (max-width: 400px) 100vw, 400px\" \/><\/a>\n<h4 class=\"pt-cv-title\"><a href=\"https:\/\/vhrc.fr\/en\/historique\/yankee-racing-show\/yrs-1996\/\" class=\"_self\" target=\"_self\" >YRS 1996<\/a><\/h4>\n<div class=\"pt-cv-content\">une manche en Espagne \u00e0 Igualada video classements CLASIFICACION GENERAL 1:4 1- Morbin William,FRANCIA 2- Bek, Eric,FRANCIA 3- Caro, David,ESPANA ...<br \/><div class=\"pt-cv-rmwrap\"><a href=\"https:\/\/vhrc.fr\/en\/historique\/yankee-racing-show\/yrs-1996\/\" class=\"_self pt-cv-readmore btn btn-success\" target=\"_self\">Lire La Suite\u2026<\/a><\/div><\/div><\/div><\/div><\/div><\/div><\/div>","protected":false},"excerpt":{"rendered":"<p>\u00e9v\u00e9nements organis\u00e9s d\u00e8s 1989 par Yankee, une des marques pr\u00e9curseurs dans le domaine du 1:4 Liste des \u00e9ditions:<\/p>","protected":false},"author":5,"featured_media":9590,"parent":131,"menu_order":0,"comment_status":"closed","ping_status":"closed","template":"","meta":{"colormag_page_container_layout":"default_layout","colormag_page_sidebar_layout":"default_layout","footnotes":""},"class_list":["post-3074","page","type-page","status-publish","has-post-thumbnail","hentry"],"_links":{"self":[{"href":"https:\/\/vhrc.fr\/en\/wp-json\/wp\/v2\/pages\/3074","targetHints":{"allow":["GET"]}}],"collection":[{"href":"https:\/\/vhrc.fr\/en\/wp-json\/wp\/v2\/pages"}],"about":[{"href":"https:\/\/vhrc.fr\/en\/wp-json\/wp\/v2\/types\/page"}],"author":[{"embeddable":true,"href":"https:\/\/vhrc.fr\/en\/wp-json\/wp\/v2\/users\/5"}],"replies":[{"embeddable":true,"href":"https:\/\/vhrc.fr\/en\/wp-json\/wp\/v2\/comments?post=3074"}],"version-history":[{"count":6,"href":"https:\/\/vhrc.fr\/en\/wp-json\/wp\/v2\/pages\/3074\/revisions"}],"predecessor-version":[{"id":8861,"href":"https:\/\/vhrc.fr\/en\/wp-json\/wp\/v2\/pages\/3074\/revisions\/8861"}],"up":[{"embeddable":true,"href":"https:\/\/vhrc.fr\/en\/wp-json\/wp\/v2\/pages\/131"}],"wp:featuredmedia":[{"embeddable":true,"href":"https:\/\/vhrc.fr\/en\/wp-json\/wp\/v2\/media\/9590"}],"wp:attachment":[{"href":"https:\/\/vhrc.fr\/en\/wp-json\/wp\/v2\/media?parent=3074"}],"curies":[{"name":"wp","href":"https:\/\/api.w.org\/{rel}","templated":true}]}}