{"id":3145,"date":"2012-10-26T09:23:14","date_gmt":"2012-10-26T08:23:14","guid":{"rendered":"http:\/\/vhrc.fr\/?page_id=3145"},"modified":"2025-07-08T09:23:36","modified_gmt":"2025-07-08T08:23:36","slug":"transmission-yankee-optimisation","status":"publish","type":"page","link":"https:\/\/vhrc.fr\/en\/la-technique-des-autos-14\/transmission-yankee-optimisation\/","title":{"rendered":"transmission Yankee :Optimisation"},"content":{"rendered":"<p>Dossier 1<\/p>\n<p>Octobre 2012<\/p>\n<h1>Parlons technique<\/h1>\n<p>par lugia<\/p>\n<h2>Plus pr\u00e9cis\u00e9ment de la transmission de la marque, Yankee qui pose parfois probl\u00e8me.<\/h2>\n<p>Le carr\u00e9 NYLON (A) a beaucoup de contraintes m\u00e9caniques\u00a0:<\/p>\n<ol>\n<li>Maintient la couronne nylon dent\u00e9e<\/li>\n<li>Transmet la rotation \u00e0 l\u2019axe acier interm\u00e9diaire<\/li>\n<li>Supporte le disque de frein<\/li>\n<li>Encaisse la puissance ph\u00e9nom\u00e9nale du Z\u00e9noah G230.<\/li>\n<\/ol>\n<p>Cela fait beaucoup\u00a0! Verdict: les deux petits m\u00e9plats internes \u2026 l\u00e2chent\u00a0! Vous connaissez la suite.<\/p>\n<p>-Il devient difficile de trouver cette pi\u00e8ce en produit neuf.<\/p>\n<h2>Suggestions\u00a0: Photos\u00a0 et commentaires.<\/h2>\n<p><a href=\"http:\/\/vhrc.fr\/wp-content\/uploads\/2012\/10\/trans-yankee-luc-1.jpg\"><img loading=\"lazy\" decoding=\"async\" class=\"alignnone  wp-image-3146\" title=\"trans yankee luc 1\" src=\"http:\/\/vhrc.fr\/wp-content\/uploads\/2012\/10\/trans-yankee-luc-1-1024x768.jpg\" alt=\"\" width=\"700\" height=\"525\" \/><\/a><\/p>\n<p>1) Le carr\u00e9 nylon (A) peut \u00eatre remplac\u00e9 par un carr\u00e9 alu, fabrication faite a l\u2019unit\u00e9 par un bon tourneur fraiseur (B), la difficult\u00e9 et de faire les deux m\u00e9plats int\u00e9rieur, l\u2019on peut y adapter des dentures, couronne origine de 44 dents aux 40 dents.<\/p>\n<p>&nbsp;<\/p>\n<p>2) Chez FG, il y a deux supports couronnes alu de diam\u00e8tre diff\u00e9rent (C), peuvent recevoir le nombre de dents de couronne d\u00e9sir\u00e9. Mais aussi acheter la plaque de transmission et le carr\u00e9 alu support du disque de frein (F) , car celui-ci se trouve de l\u2019autre c\u00f4t\u00e9 de la plaque.<\/p>\n<p><a href=\"http:\/\/vhrc.fr\/wp-content\/uploads\/2012\/10\/trans-yankee-luc-2.png\"><img loading=\"lazy\" decoding=\"async\" class=\"alignnone  wp-image-3149\" title=\"trans-yankee-luc-2\" src=\"http:\/\/vhrc.fr\/wp-content\/uploads\/2012\/10\/trans-yankee-luc-2-1024x768.png\" alt=\"\" width=\"700\" height=\"525\" \/><\/a><\/p>\n<p>&nbsp;<\/p>\n<p>Deux techniques de remplacements\u2026\u2026..Co\u00fbteuse \u00e0 adapter\u00a0!<\/p>\n<p><a href=\"http:\/\/vhrc.fr\/wp-content\/uploads\/2012\/10\/trans-yankee-luc-31.jpg\"><img loading=\"lazy\" decoding=\"async\" class=\"alignnone  wp-image-3150\" title=\"trans yankee luc 3\" src=\"http:\/\/vhrc.fr\/wp-content\/uploads\/2012\/10\/trans-yankee-luc-31.jpg\" alt=\"\" width=\"700\" height=\"684\" srcset=\"https:\/\/vhrc.fr\/wp-content\/uploads\/2012\/10\/trans-yankee-luc-31.jpg 1000w, https:\/\/vhrc.fr\/wp-content\/uploads\/2012\/10\/trans-yankee-luc-31-500x489.jpg 500w, https:\/\/vhrc.fr\/wp-content\/uploads\/2012\/10\/trans-yankee-luc-31-800x782.jpg 800w, https:\/\/vhrc.fr\/wp-content\/uploads\/2012\/10\/trans-yankee-luc-31-64x64.jpg 64w\" sizes=\"auto, (max-width: 700px) 100vw, 700px\" \/><\/a><\/p>\n<h1>la solution DCM Laro par Richard<\/h1>\n<p>&nbsp;<\/p>\n<p>Bonjour \u00e0 tous.<\/p>\n<p>Afin de pouvoir continuer \u00e0 rouler et de ne pas \u00eatre ennuy\u00e9 avec cette pi\u00e8ce,<\/p>\n<p><a href=\"http:\/\/vhrc.fr\/wp-content\/uploads\/2012\/10\/entrainement001.jpg\"><img loading=\"lazy\" decoding=\"async\" class=\"alignnone size-full wp-image-3153\" title=\"entrainement001\" src=\"http:\/\/vhrc.fr\/wp-content\/uploads\/2012\/10\/entrainement001.jpg\" alt=\"\" width=\"640\" height=\"480\" srcset=\"https:\/\/vhrc.fr\/wp-content\/uploads\/2012\/10\/entrainement001.jpg 640w, https:\/\/vhrc.fr\/wp-content\/uploads\/2012\/10\/entrainement001-500x375.jpg 500w\" sizes=\"auto, (max-width: 640px) 100vw, 640px\" \/><\/a><\/p>\n<p>je vous propose la modification suivant en utilisant ces pi\u00e8ces d&rsquo;origine LARO<br \/>\n<a href=\"http:\/\/vhrc.fr\/wp-content\/uploads\/2012\/10\/entrainement002.jpg\"><img loading=\"lazy\" decoding=\"async\" class=\"alignnone size-full wp-image-3153\" title=\"entrainement002\" src=\"http:\/\/vhrc.fr\/wp-content\/uploads\/2012\/10\/entrainement002.jpg\" alt=\"\" width=\"640\" height=\"480\" \/><\/a><\/p>\n<p>avant d&rsquo;installer le carr\u00e9 d&rsquo;entrainement ( 21 X 21 ), intercalez une rondelle 10&#215;18 ( maxi) x 1mm afin d&rsquo;avoir un l\u00e9ger jeu entre ce carr\u00e9 et la plaque cascade de pignon<\/p>\n<p><a href=\"http:\/\/vhrc.fr\/wp-content\/uploads\/2012\/10\/entrainement004.jpg\"><img loading=\"lazy\" decoding=\"async\" class=\"alignnone size-full wp-image-3155\" title=\"entrainement004\" src=\"http:\/\/vhrc.fr\/wp-content\/uploads\/2012\/10\/entrainement004.jpg\" alt=\"\" width=\"640\" height=\"480\" srcset=\"https:\/\/vhrc.fr\/wp-content\/uploads\/2012\/10\/entrainement004.jpg 640w, https:\/\/vhrc.fr\/wp-content\/uploads\/2012\/10\/entrainement004-500x375.jpg 500w\" sizes=\"auto, (max-width: 640px) 100vw, 640px\" \/><\/a><\/p>\n<p>supprimez la partie \u00a0\u00bb rouge \u00a0\u00bb au cutter ( ATTENTION aux doigts )<\/p>\n<p><a href=\"http:\/\/vhrc.fr\/wp-content\/uploads\/2012\/10\/entrainement009.jpg\"><img loading=\"lazy\" decoding=\"async\" class=\"alignnone size-full wp-image-3160\" title=\"entrainement009\" src=\"http:\/\/vhrc.fr\/wp-content\/uploads\/2012\/10\/entrainement009.jpg\" alt=\"\" width=\"640\" height=\"480\" srcset=\"https:\/\/vhrc.fr\/wp-content\/uploads\/2012\/10\/entrainement009.jpg 640w, https:\/\/vhrc.fr\/wp-content\/uploads\/2012\/10\/entrainement009-500x375.jpg 500w\" sizes=\"auto, (max-width: 640px) 100vw, 640px\" \/><\/a><\/p>\n<p>mettre en place la couronne<\/p>\n<p><a href=\"http:\/\/vhrc.fr\/wp-content\/uploads\/2012\/10\/entrainement005.jpg\"><img loading=\"lazy\" decoding=\"async\" class=\"alignnone size-full wp-image-3156\" title=\"entrainement005\" src=\"http:\/\/vhrc.fr\/wp-content\/uploads\/2012\/10\/entrainement005.jpg\" alt=\"\" width=\"640\" height=\"480\" srcset=\"https:\/\/vhrc.fr\/wp-content\/uploads\/2012\/10\/entrainement005.jpg 640w, https:\/\/vhrc.fr\/wp-content\/uploads\/2012\/10\/entrainement005-500x375.jpg 500w\" sizes=\"auto, (max-width: 640px) 100vw, 640px\" \/><\/a><\/p>\n<p><a href=\"http:\/\/vhrc.fr\/wp-content\/uploads\/2012\/10\/entrainement006.jpg\"><img loading=\"lazy\" decoding=\"async\" class=\"alignnone size-full wp-image-3157\" title=\"entrainement006\" src=\"http:\/\/vhrc.fr\/wp-content\/uploads\/2012\/10\/entrainement006.jpg\" alt=\"\" width=\"640\" height=\"480\" srcset=\"https:\/\/vhrc.fr\/wp-content\/uploads\/2012\/10\/entrainement006.jpg 640w, https:\/\/vhrc.fr\/wp-content\/uploads\/2012\/10\/entrainement006-500x375.jpg 500w\" sizes=\"auto, (max-width: 640px) 100vw, 640px\" \/><\/a><\/p>\n<p><a href=\"http:\/\/vhrc.fr\/wp-content\/uploads\/2012\/10\/entrainement007.jpg\"><img loading=\"lazy\" decoding=\"async\" class=\"alignnone size-full wp-image-3158\" title=\"entrainement007\" src=\"http:\/\/vhrc.fr\/wp-content\/uploads\/2012\/10\/entrainement007.jpg\" alt=\"\" width=\"640\" height=\"480\" srcset=\"https:\/\/vhrc.fr\/wp-content\/uploads\/2012\/10\/entrainement007.jpg 640w, https:\/\/vhrc.fr\/wp-content\/uploads\/2012\/10\/entrainement007-500x375.jpg 500w\" sizes=\"auto, (max-width: 640px) 100vw, 640px\" \/><\/a><\/p>\n<p><a href=\"http:\/\/vhrc.fr\/wp-content\/uploads\/2012\/10\/entrainement008.jpg\"><img loading=\"lazy\" decoding=\"async\" class=\"alignnone size-full wp-image-3159\" title=\"entrainement008\" src=\"http:\/\/vhrc.fr\/wp-content\/uploads\/2012\/10\/entrainement008.jpg\" alt=\"\" width=\"640\" height=\"480\" srcset=\"https:\/\/vhrc.fr\/wp-content\/uploads\/2012\/10\/entrainement008.jpg 640w, https:\/\/vhrc.fr\/wp-content\/uploads\/2012\/10\/entrainement008-500x375.jpg 500w\" sizes=\"auto, (max-width: 640px) 100vw, 640px\" \/><\/a><\/p>\n<p>NOTA: il y a un insert ALU au centre de la couronne<\/p>\n<p>le carr\u00e9 avec le disque de frein ALU<\/p>\n<p><a href=\"http:\/\/vhrc.fr\/wp-content\/uploads\/2012\/10\/entrainement010.jpg\"><img loading=\"lazy\" decoding=\"async\" class=\"alignnone size-full wp-image-3161\" title=\"entrainement010\" src=\"http:\/\/vhrc.fr\/wp-content\/uploads\/2012\/10\/entrainement010.jpg\" alt=\"\" width=\"640\" height=\"480\" srcset=\"https:\/\/vhrc.fr\/wp-content\/uploads\/2012\/10\/entrainement010.jpg 640w, https:\/\/vhrc.fr\/wp-content\/uploads\/2012\/10\/entrainement010-500x375.jpg 500w\" sizes=\"auto, (max-width: 640px) 100vw, 640px\" \/><\/a><\/p>\n<p>le montage termin\u00e9<\/p>\n<p><a href=\"http:\/\/vhrc.fr\/wp-content\/uploads\/2012\/10\/entrainement011.jpg\"><img loading=\"lazy\" decoding=\"async\" class=\"alignnone size-full wp-image-3162\" title=\"entrainement011\" src=\"http:\/\/vhrc.fr\/wp-content\/uploads\/2012\/10\/entrainement011.jpg\" alt=\"\" width=\"640\" height=\"480\" srcset=\"https:\/\/vhrc.fr\/wp-content\/uploads\/2012\/10\/entrainement011.jpg 640w, https:\/\/vhrc.fr\/wp-content\/uploads\/2012\/10\/entrainement011-500x375.jpg 500w\" sizes=\"auto, (max-width: 640px) 100vw, 640px\" \/><\/a><\/p>\n<p><a href=\"http:\/\/vhrc.fr\/wp-content\/uploads\/2012\/10\/entrainement012.jpg\"><img loading=\"lazy\" decoding=\"async\" class=\"alignnone size-full wp-image-3163\" title=\"entrainement012\" src=\"http:\/\/vhrc.fr\/wp-content\/uploads\/2012\/10\/entrainement012.jpg\" alt=\"\" width=\"640\" height=\"480\" srcset=\"https:\/\/vhrc.fr\/wp-content\/uploads\/2012\/10\/entrainement012.jpg 640w, https:\/\/vhrc.fr\/wp-content\/uploads\/2012\/10\/entrainement012-500x375.jpg 500w\" sizes=\"auto, (max-width: 640px) 100vw, 640px\" \/><\/a><\/p>\n<p><a href=\"http:\/\/vhrc.fr\/wp-content\/uploads\/2012\/10\/entrainement013.jpg\"><img loading=\"lazy\" decoding=\"async\" class=\"alignnone size-full wp-image-3164\" title=\"entrainement013\" src=\"http:\/\/vhrc.fr\/wp-content\/uploads\/2012\/10\/entrainement013.jpg\" alt=\"\" width=\"640\" height=\"480\" srcset=\"https:\/\/vhrc.fr\/wp-content\/uploads\/2012\/10\/entrainement013.jpg 640w, https:\/\/vhrc.fr\/wp-content\/uploads\/2012\/10\/entrainement013-500x375.jpg 500w\" sizes=\"auto, (max-width: 640px) 100vw, 640px\" \/><\/a><\/p>\n<p>ne pas oublier de mettre un peu de p\u00e2te \u00e0 joint afin de ne pas perdre les circlips<\/p>\n<p>cette modification vaut pour le rapport de transmission 19\/44 qui est le plus souvent utilis\u00e9.<\/p>\n<p><del>la couronne de 43z n&rsquo;est pas disponible pour l&rsquo;instant<\/del> &gt;&gt;&gt; \u00e9dit : Bonjour \u00e0 tous.La couronne de 43 dents est disponible sous la r\u00e9f\u00e9rence: 606027E sur le site suivant.http:\/\/www.homeracing-seat.com\/pieces_detachees-laro_1_5_laro_1_5_pieces_detachees_voiture_rc_1_5eme_dcm_laro-408.html#prod<\/p>\n<p>&nbsp;<\/p>\n<p>&nbsp;<\/p>\n<p>A bient\u00f4t, Richard.<\/p>\n<p>ci-dessous les r\u00e9f\u00e9rences des pi\u00e8ces<\/p>\n<p>carr\u00e9 d&rsquo;entrainement r\u00e9f: 605063<\/p>\n<p>disque de frein ALU r\u00e9f: 605054<\/p>\n<p>couronne 44z r\u00e9f 604098A<\/p>\n<p>ces pi\u00e8ces sont disponibles sur le site suivant:<\/p>\n<p><a title=\"homeracing-seat\" href=\"http:\/\/www.homeracing-seat.com\/pieces_detachees-laro_1_5_laro_1_5_pieces_detachees_voiture_rc_1_5eme_dcm_laro-408.html#prod\" target=\"_blank\">http:\/\/www.homeracing-seat.com\/pieces_detachees-laro_1_5_laro_1_5_pieces_detachees_voiture_rc_1_5eme_dcm_laro-408.html#prod<\/a><\/p>\n<p>si vous avez des questions, n&rsquo;h\u00e9sitez pas.<\/p>\n<p>A bient\u00f4t, Richard<\/p>\n<p><a href=\"http:\/\/vhrc.fr\/wp-content\/uploads\/2012\/10\/riroba-w.jpg\"><img loading=\"lazy\" decoding=\"async\" class=\"alignnone  wp-image-3165\" title=\"riroba-w\" src=\"http:\/\/vhrc.fr\/wp-content\/uploads\/2012\/10\/riroba-w.jpg\" alt=\"\" width=\"101\" height=\"101\" srcset=\"https:\/\/vhrc.fr\/wp-content\/uploads\/2012\/10\/riroba-w.jpg 705w, https:\/\/vhrc.fr\/wp-content\/uploads\/2012\/10\/riroba-w-150x150.jpg 150w, https:\/\/vhrc.fr\/wp-content\/uploads\/2012\/10\/riroba-w-500x500.jpg 500w, https:\/\/vhrc.fr\/wp-content\/uploads\/2012\/10\/riroba-w-64x64.jpg 64w, https:\/\/vhrc.fr\/wp-content\/uploads\/2012\/10\/riroba-w-128x128.jpg 128w, https:\/\/vhrc.fr\/wp-content\/uploads\/2012\/10\/riroba-w-320x320.jpg 320w\" sizes=\"auto, (max-width: 101px) 100vw, 101px\" \/><\/a><\/p>\n<p>&nbsp;<\/p>\n<p>Merci \u00e0 Lugia et Richard pour cet article, n&rsquo;h\u00e9sitez pas \u00e0 nosu faire parvenir les v\u00f4tres!<\/p>\n<p>&nbsp;<\/p>","protected":false},"excerpt":{"rendered":"<p>Dossier 1 Octobre 2012 Parlons technique par lugia Plus pr\u00e9cis\u00e9ment de la transmission de la marque, Yankee qui pose parfois<\/p>","protected":false},"author":5,"featured_media":3146,"parent":286,"menu_order":0,"comment_status":"closed","ping_status":"closed","template":"","meta":{"colormag_page_container_layout":"default_layout","colormag_page_sidebar_layout":"default_layout","footnotes":""},"class_list":["post-3145","page","type-page","status-publish","has-post-thumbnail","hentry"],"_links":{"self":[{"href":"https:\/\/vhrc.fr\/en\/wp-json\/wp\/v2\/pages\/3145","targetHints":{"allow":["GET"]}}],"collection":[{"href":"https:\/\/vhrc.fr\/en\/wp-json\/wp\/v2\/pages"}],"about":[{"href":"https:\/\/vhrc.fr\/en\/wp-json\/wp\/v2\/types\/page"}],"author":[{"embeddable":true,"href":"https:\/\/vhrc.fr\/en\/wp-json\/wp\/v2\/users\/5"}],"replies":[{"embeddable":true,"href":"https:\/\/vhrc.fr\/en\/wp-json\/wp\/v2\/comments?post=3145"}],"version-history":[{"count":6,"href":"https:\/\/vhrc.fr\/en\/wp-json\/wp\/v2\/pages\/3145\/revisions"}],"predecessor-version":[{"id":9982,"href":"https:\/\/vhrc.fr\/en\/wp-json\/wp\/v2\/pages\/3145\/revisions\/9982"}],"up":[{"embeddable":true,"href":"https:\/\/vhrc.fr\/en\/wp-json\/wp\/v2\/pages\/286"}],"wp:featuredmedia":[{"embeddable":true,"href":"https:\/\/vhrc.fr\/en\/wp-json\/wp\/v2\/media\/3146"}],"wp:attachment":[{"href":"https:\/\/vhrc.fr\/en\/wp-json\/wp\/v2\/media?parent=3145"}],"curies":[{"name":"wp","href":"https:\/\/api.w.org\/{rel}","templated":true}]}}