{"id":3231,"date":"2012-11-16T20:33:37","date_gmt":"2012-11-16T19:33:37","guid":{"rendered":"http:\/\/vhrc.fr\/?page_id=3231"},"modified":"2025-07-08T09:23:36","modified_gmt":"2025-07-08T08:23:36","slug":"les-tringleries","status":"publish","type":"page","link":"https:\/\/vhrc.fr\/en\/la-technique-des-autos-14\/les-tringleries\/","title":{"rendered":"les tringleries"},"content":{"rendered":"<p><a href=\"http:\/\/vhrc.fr\/wp-content\/uploads\/2012\/11\/tringleries.jpg\"><img loading=\"lazy\" decoding=\"async\" class=\"alignnone  wp-image-3232\" title=\"tringleries\" src=\"http:\/\/vhrc.fr\/wp-content\/uploads\/2012\/11\/tringleries.jpg\" alt=\"\" width=\"700\" height=\"546\" srcset=\"https:\/\/vhrc.fr\/wp-content\/uploads\/2012\/11\/tringleries.jpg 1000w, https:\/\/vhrc.fr\/wp-content\/uploads\/2012\/11\/tringleries-500x390.jpg 500w, https:\/\/vhrc.fr\/wp-content\/uploads\/2012\/11\/tringleries-800x624.jpg 800w\" sizes=\"auto, (max-width: 700px) 100vw, 700px\" \/><\/a><\/p>\n<h1>Les Tringleries<\/h1>\n<p>En mati\u00e8re de tringleries, il existe des r\u00e8gles qui lorsqu&rsquo;on les conna\u00eet et lorsqu&rsquo;on les ma\u00eetrise, peuvent devenir de pr\u00e9cieuses alli\u00e9es pour mettre au point son auto. C&rsquo;est le cas du r\u00e9glage du bras de levier de la tringlerie, et en particulier celui de la commande de direction qui d\u00e9pend directement des ancrages qui vont \u00eatre retenus de part et d&rsquo;autre du palonnier du servo et parfois aussi de celui du save servo. C&rsquo;est en effet par l&rsquo;interm\u00e9diaire du palonnier que votre servo va pouvoir r\u00e9percuter vos ordres transmis \u00e0 partir de l&rsquo;\u00e9metteur, soit aux roues, \u00e0 l&rsquo;acc\u00e9l\u00e9rateur ou au frein. A la direction surtout, le positionnement de la tringlerie pourra avoir des r\u00e9percutions sur le comportement routier de votre voiture. Car le bras de levier retenu et ses angles d&rsquo;attaque diff\u00e9rents vont influencer les r\u00e9actions du servo. Pour bien monter sa tringlerie de direction, il faut d&rsquo;abord respecter la r\u00e8gle \u00e9l\u00e9mentaire qui veut qu&rsquo;\u00e0 l&rsquo;arr\u00eat, le<\/p>\n<p>levier ou support du save servo via lequel on vient ancrer la biellette ou la corde \u00e0 piano qui le relie au palonnier du servo, soit positionn\u00e9 de fa\u00e7on \u00e0 se retrouver totalement parall\u00e8le au palonnier du servo, pour obtenir une parfaite sym\u00e9trie de r\u00e9action et pour pouvoir b\u00e9n\u00e9ficier ainsi d&rsquo;un rayon de braquage \u00e9quivalent de chaque c\u00f4t\u00e9. A partir de cette base, on pourra n\u00e9anmoins modifier le comportement de son auto, et surtout celui de la direction, en fonction de l&rsquo;ancrage adopt\u00e9. A point de fixation identique sur le palonnier du servo en effet, plus la fixation sur le save servo tendra \u00e0 se rapprocher de son axe qui le supporte (donc vers l&rsquo;int\u00e9rieur), plus la vivacit\u00e9 sera de mise \u00e0 la conduite, notamment autour du point neutre. Cela aura pour cons\u00e9quence de favoriser l&rsquo;inscription en virage, avec une auto qui sera plus sensible en ligne droite, mais qui en contrepartie manifestera d&rsquo;avantage d&rsquo;entrain pour s&rsquo;engager dans les virages.<\/p>\n<p>A l&rsquo;inverse, si l&rsquo;on souhaite obtenir une voiture plus facile \u00e0 piloter et moins r\u00e9active, ce qui peut \u00eatre le cas avec une voiture d\u00e9licate du train arri\u00e8re, ou avec une propulsion, on pourra d\u00e9caler l&rsquo;ancrage de la tringlerie jusqu&rsquo;\u00e0 sortir compl\u00e8tement \u00e0 l&rsquo;extr\u00e9mit\u00e9 du save servo, ou bien au contraire en faisant appel aux points de fixation qui sont situ\u00e9s le plus \u00e0 l&rsquo;int\u00e9rieur du palonnier du servo. Cela diminura la capacit\u00e9 de ce dernier \u00e0 pouvoir les roues au sol.<\/p>","protected":false},"excerpt":{"rendered":"<p>Les Tringleries En mati\u00e8re de tringleries, il existe des r\u00e8gles qui lorsqu&rsquo;on les conna\u00eet et lorsqu&rsquo;on les ma\u00eetrise, peuvent devenir<\/p>","protected":false},"author":5,"featured_media":3232,"parent":286,"menu_order":0,"comment_status":"closed","ping_status":"closed","template":"","meta":{"colormag_page_container_layout":"default_layout","colormag_page_sidebar_layout":"default_layout","footnotes":""},"class_list":["post-3231","page","type-page","status-publish","has-post-thumbnail","hentry"],"_links":{"self":[{"href":"https:\/\/vhrc.fr\/en\/wp-json\/wp\/v2\/pages\/3231","targetHints":{"allow":["GET"]}}],"collection":[{"href":"https:\/\/vhrc.fr\/en\/wp-json\/wp\/v2\/pages"}],"about":[{"href":"https:\/\/vhrc.fr\/en\/wp-json\/wp\/v2\/types\/page"}],"author":[{"embeddable":true,"href":"https:\/\/vhrc.fr\/en\/wp-json\/wp\/v2\/users\/5"}],"replies":[{"embeddable":true,"href":"https:\/\/vhrc.fr\/en\/wp-json\/wp\/v2\/comments?post=3231"}],"version-history":[{"count":2,"href":"https:\/\/vhrc.fr\/en\/wp-json\/wp\/v2\/pages\/3231\/revisions"}],"predecessor-version":[{"id":9981,"href":"https:\/\/vhrc.fr\/en\/wp-json\/wp\/v2\/pages\/3231\/revisions\/9981"}],"up":[{"embeddable":true,"href":"https:\/\/vhrc.fr\/en\/wp-json\/wp\/v2\/pages\/286"}],"wp:featuredmedia":[{"embeddable":true,"href":"https:\/\/vhrc.fr\/en\/wp-json\/wp\/v2\/media\/3232"}],"wp:attachment":[{"href":"https:\/\/vhrc.fr\/en\/wp-json\/wp\/v2\/media?parent=3231"}],"curies":[{"name":"wp","href":"https:\/\/api.w.org\/{rel}","templated":true}]}}