{"id":3234,"date":"2012-11-16T20:37:11","date_gmt":"2012-11-16T19:37:11","guid":{"rendered":"http:\/\/vhrc.fr\/?page_id=3234"},"modified":"2025-07-08T09:23:36","modified_gmt":"2025-07-08T08:23:36","slug":"entretien-des-amortisseurs","status":"publish","type":"page","link":"https:\/\/vhrc.fr\/en\/la-technique-des-autos-14\/entretien-des-amortisseurs\/","title":{"rendered":"shock absorber maintenance"},"content":{"rendered":"<p><a href=\"http:\/\/vhrc.fr\/wp-content\/uploads\/2012\/11\/amortos.jpg\"><img loading=\"lazy\" decoding=\"async\" class=\"alignnone  wp-image-3235\" title=\"amortos\" src=\"http:\/\/vhrc.fr\/wp-content\/uploads\/2012\/11\/amortos.jpg\" alt=\"\" width=\"698\" height=\"547\" srcset=\"https:\/\/vhrc.fr\/wp-content\/uploads\/2012\/11\/amortos.jpg 1000w, https:\/\/vhrc.fr\/wp-content\/uploads\/2012\/11\/amortos-500x392.jpg 500w, https:\/\/vhrc.fr\/wp-content\/uploads\/2012\/11\/amortos-800x627.jpg 800w\" sizes=\"auto, (max-width: 698px) 100vw, 698px\" \/><\/a><\/p>\n<p>Quand la suspension se met \u00e0 rencontrer quelques d\u00e9faillances, il ne faut parfois pas s&rsquo;interroger tr\u00e8s longtemps pour retrouver le ou les responsables de ces dis-fonctionnements. Les amortisseurs font partie des premi\u00e8res cibles potentielles que l&rsquo;on peut d\u00e9signer comme \u00e9tant coupables dans le cas o\u00f9 l&rsquo;amortissement se met \u00e0 conna\u00eetre des rat\u00e9s. D&rsquo;o\u00f9 la n\u00e9cessit\u00e9 de les contr\u00f4ler et de les entretenir au m\u00eame titre qu&rsquo;un autre organe de votre auto. Pour voir dans quel \u00e9tat se trouvent les v\u00f4tres, il faut d&rsquo;abord d\u00e9monter chacun d&rsquo;entre eux de leur base, c&rsquo;est-\u00e0-dire de la voiture. Le premier \u00e9l\u00e9ment qui doit vous interpeller concerne la membrane en plastique ou en silicone qui est situ\u00e9e \u00e0 l&rsquo;int\u00e9rieur du bouchon. Si vous d\u00e9couvrez que celle-ci est perc\u00e9e ou abim\u00e9e, remplacez-la car elle peut \u00eatre \u00e0 l&rsquo;origine de dis-fonctionnements de l&rsquo;amortisseur en compression. Quand le membrane est crev\u00e9e notamment, et qu&rsquo;une partie de l&rsquo;huile contenue \u00e0 l&rsquo;int\u00e9rieur de l&rsquo;amortisseur parvient \u00e0 s&rsquo;\u00e9couler derri\u00e8re elle, le piston de l&rsquo;amortisseur peut m\u00eame se retrouver bloqu\u00e9 une fois parvenu \u00e0 une certaine hauteur du corps !<\/p>\n<p>Ensuite, vous devez rep\u00e9rer l&rsquo;\u00e9tat de la tige, qui ne doit pas \u00eatre ray\u00e9e ou pr\u00e9senter des variations de diam\u00e8tre dues \u00e0 une usure prononc\u00e9e. Si c&rsquo;est le cas, on remplace \u00e9galement. Le troisi\u00e8me \u00e9l\u00e9ment \u00e0 surveiller de pr\u00e8s est le piston. Avec le temps, celui-ci a tendance \u00e0 perdre un peu en diam\u00e8tre \u00e0 force de coulisser \u00e0 l&rsquo;int\u00e9rieur du corps. Si le piston r\u00e9tr\u00e9cit, vous allez vous en apercevoir, car vous serez oblig\u00e9 d&rsquo;augmenter la viscosit\u00e9 de l&rsquo;huile que vous utilisez. Lorsqu&rsquo;un jeu trop important est ressenti, il faut bannir le piston us\u00e9 pour le remplacer \u00e9galement. Dernier \u00e9l\u00e9ment capital enfin, les joints d&rsquo;\u00e9tanch\u00e9it\u00e9 qui se trouvent au bas du corps de l&rsquo;amortisseur. On distingue g\u00e9n\u00e9ralement deux joints, puis deux bagues d&rsquo;\u00e9paisseur in\u00e9gale. Si l&rsquo;amortisseur conna\u00eet des fuites importantes ou un jeu prononc\u00e9 de la tige lorsque celle-ci est d\u00e9tendue, le set complet est bon pour la poubelle. Attention de bien replacer le circlip de fixation au cours du remontage.\u2022<\/p>","protected":false},"excerpt":{"rendered":"<p>Quand la suspension se met \u00e0 rencontrer quelques d\u00e9faillances, il ne faut parfois pas s&rsquo;interroger tr\u00e8s longtemps pour retrouver le<\/p>","protected":false},"author":5,"featured_media":3235,"parent":286,"menu_order":0,"comment_status":"closed","ping_status":"closed","template":"","meta":{"colormag_page_container_layout":"default_layout","colormag_page_sidebar_layout":"default_layout","footnotes":""},"class_list":["post-3234","page","type-page","status-publish","has-post-thumbnail","hentry"],"_links":{"self":[{"href":"https:\/\/vhrc.fr\/en\/wp-json\/wp\/v2\/pages\/3234","targetHints":{"allow":["GET"]}}],"collection":[{"href":"https:\/\/vhrc.fr\/en\/wp-json\/wp\/v2\/pages"}],"about":[{"href":"https:\/\/vhrc.fr\/en\/wp-json\/wp\/v2\/types\/page"}],"author":[{"embeddable":true,"href":"https:\/\/vhrc.fr\/en\/wp-json\/wp\/v2\/users\/5"}],"replies":[{"embeddable":true,"href":"https:\/\/vhrc.fr\/en\/wp-json\/wp\/v2\/comments?post=3234"}],"version-history":[{"count":1,"href":"https:\/\/vhrc.fr\/en\/wp-json\/wp\/v2\/pages\/3234\/revisions"}],"predecessor-version":[{"id":3236,"href":"https:\/\/vhrc.fr\/en\/wp-json\/wp\/v2\/pages\/3234\/revisions\/3236"}],"up":[{"embeddable":true,"href":"https:\/\/vhrc.fr\/en\/wp-json\/wp\/v2\/pages\/286"}],"wp:featuredmedia":[{"embeddable":true,"href":"https:\/\/vhrc.fr\/en\/wp-json\/wp\/v2\/media\/3235"}],"wp:attachment":[{"href":"https:\/\/vhrc.fr\/en\/wp-json\/wp\/v2\/media?parent=3234"}],"curies":[{"name":"wp","href":"https:\/\/api.w.org\/{rel}","templated":true}]}}