{"id":3270,"date":"2012-11-27T10:56:50","date_gmt":"2012-11-27T09:56:50","guid":{"rendered":"http:\/\/vhrc.fr\/?page_id=3270"},"modified":"2025-07-08T09:23:36","modified_gmt":"2025-07-08T08:23:36","slug":"fabriquer-son-coupe-circuit-automatique-killswitch","status":"publish","type":"page","link":"https:\/\/vhrc.fr\/en\/la-technique-des-autos-14\/fabriquer-son-coupe-circuit-automatique-killswitch\/","title":{"rendered":"Fabriquer son coupe circuit automatique ( Killswitch)"},"content":{"rendered":"<p>dossier N\u00b0 2\u00a0: 01\/12\/2012.<\/p>\n<p>Vous allez d\u00e9couvrir comment am\u00e9liorer votre auto \u00e9lectriquement , afin de jouer la s\u00e9curit\u00e9 .<\/p>\n<p>&nbsp;<\/p>\n<p>-Les avantages\u00a0: avec ce syst\u00e8me.<\/p>\n<p>1)Tu peux couper ton moteur \u00e0 distance.<\/p>\n<p>2)Le moteur se coupe \u00e0 une perte radio.<\/p>\n<p>3) Quand l\u2019Accus est d\u00e9charg\u00e9.<\/p>\n<p>4)Un Fil d\u2019alimentation coup\u00e9.<\/p>\n<p>( &#8211; Daniel B\u00e9gou du VHRC. a roul\u00e9 avec en 2012 ).<\/p>\n<p>-Un peu de lecture et du bon bricolage \u2018 en \u00e9lectricit\u00e9 \u2018 et l\u2019affaire est dans le sac\u00a0!<\/p>\n<h1>\u00a0Voici la premi\u00e8re m\u00e9thode:<\/h1>\n<h2><a href=\"http:\/\/www.fgmarder.net\/t6142-fabriquer-son-killswitch-soi-meme\">http:\/\/www.fgmarder.net\/t6142-fabriquer-son-killswitch-soi-meme<\/a><\/h2>\n<p>&nbsp;<\/p>\n<h1>la solution Allemande et anglaise en vid\u00e9o<\/h1>\n<p><iframe loading=\"lazy\" title=\"Failsafe &amp; Bigscale Schalter \/\/ rc-car-online.de\" width=\"800\" height=\"450\" src=\"https:\/\/www.youtube.com\/embed\/0wKoco_Kp0E?feature=oembed\" frameborder=\"0\" allow=\"accelerometer; autoplay; encrypted-media; gyroscope; picture-in-picture\" allowfullscreen><\/iframe><\/p>\n<h1><a href=\" http:\/\/rc-car-online.de\/shop\/en\/products\/nov_2012_25-y1147-failsafe-with-kill-switch-and-diagnostic-leds-best-quality-fits-for-all-transmitters-1-pce-offer-11-12.html\">http:\/\/rc-car-online.de\/<\/a><\/h1>\n<h3><a href=\" http:\/\/rc-car-online.de\/shop\/en\/products\/nov_2012_25-y1147-failsafe-with-kill-switch-and-diagnostic-leds-best-quality-fits-for-all-transmitters-1-pce-offer-11-12.html\">en ce moment \u00e0 29\u20ac90 au lieu de 39\u20ac90.<\/a><\/h3>\n<p><a href=\"http:\/\/rc-car-online.de\/shop\/en\/products\/y1147-y1147-failsafe-with-kill-switch-and-diagnostic-leds-best-quality-fits-for-all-transmitters-1-pce-.html\">prix normal ICI<\/a><\/p>\n<p>variante moins sympa car pas pour le 2.4Ghz<\/p>\n<p><a href=\"http:\/\/rc-car-online.de\/shop\/en\/products\/y0080-failsafe-module-with-engine-kill-switch-1pce-y0080.html\">http:\/\/rc-car-online.de\/shop\/en\/products\/y0080-failsafe-module-with-engine-kill-switch-1pce-y0080.html<\/a><\/p>\n<p>\u00e0 20\u20ac50<\/p>\n<h1>la version originale<\/h1>\n<p>ce mod\u00e8le am\u00e9ricain a en plus une fonction d&rsquo;analyse de donn\u00e9es sur PC apr\u00e8s roulage<\/p>\n<h2><a href=\"http:\/\/www.killerrc.com\/product\/super-bee-kill-switch-car-kit\/\">http:\/\/www.killerrc.com\/product\/super-bee-kill-switch-car-kit\/<\/a><\/h2>\n<p><a href=\"http:\/\/vhrc.fr\/wp-content\/uploads\/2012\/11\/krc-ks-sbk3-super-bee-kill-switch-car-kit-2000px-w-graphic.jpg\"><img loading=\"lazy\" decoding=\"async\" class=\"alignnone  wp-image-3273\" title=\"krc-ks-sbk3-super-bee-kill-switch-car-kit-2000px-w-graphic\" src=\"http:\/\/vhrc.fr\/wp-content\/uploads\/2012\/11\/krc-ks-sbk3-super-bee-kill-switch-car-kit-2000px-w-graphic-1024x801.jpg\" alt=\"\" width=\"828\" height=\"647\" \/><\/a><\/p>\n<p><a href=\"http:\/\/vhrc.fr\/wp-content\/uploads\/2012\/11\/super-bee-wire-diagram.jpg\"><img loading=\"lazy\" decoding=\"async\" class=\"alignnone size-full wp-image-3274\" title=\"super-bee-wire-diagram\" src=\"http:\/\/vhrc.fr\/wp-content\/uploads\/2012\/11\/super-bee-wire-diagram.jpg\" alt=\"\" width=\"700\" height=\"260\" srcset=\"https:\/\/vhrc.fr\/wp-content\/uploads\/2012\/11\/super-bee-wire-diagram.jpg 700w, https:\/\/vhrc.fr\/wp-content\/uploads\/2012\/11\/super-bee-wire-diagram-500x185.jpg 500w\" sizes=\"auto, (max-width: 700px) 100vw, 700px\" \/><\/a><\/p>\n<p><a href=\"http:\/\/vhrc.fr\/wp-content\/uploads\/2012\/11\/Super-Bee-Data-Logging-Screenshot-Text1.jpg\"><img loading=\"lazy\" decoding=\"async\" class=\"alignnone  wp-image-3275\" title=\"Super-Bee-Data-Logging-Screenshot-Text1\" src=\"http:\/\/vhrc.fr\/wp-content\/uploads\/2012\/11\/Super-Bee-Data-Logging-Screenshot-Text1-1024x576.jpg\" alt=\"\" width=\"648\" height=\"364\" \/><\/a><\/p>","protected":false},"excerpt":{"rendered":"<p>dossier N\u00b0 2\u00a0: 01\/12\/2012. Vous allez d\u00e9couvrir comment am\u00e9liorer votre auto \u00e9lectriquement , afin de jouer la s\u00e9curit\u00e9 . &nbsp;<\/p>","protected":false},"author":5,"featured_media":3273,"parent":286,"menu_order":0,"comment_status":"open","ping_status":"closed","template":"","meta":{"colormag_page_container_layout":"default_layout","colormag_page_sidebar_layout":"default_layout","footnotes":""},"class_list":["post-3270","page","type-page","status-publish","has-post-thumbnail","hentry"],"_links":{"self":[{"href":"https:\/\/vhrc.fr\/en\/wp-json\/wp\/v2\/pages\/3270","targetHints":{"allow":["GET"]}}],"collection":[{"href":"https:\/\/vhrc.fr\/en\/wp-json\/wp\/v2\/pages"}],"about":[{"href":"https:\/\/vhrc.fr\/en\/wp-json\/wp\/v2\/types\/page"}],"author":[{"embeddable":true,"href":"https:\/\/vhrc.fr\/en\/wp-json\/wp\/v2\/users\/5"}],"replies":[{"embeddable":true,"href":"https:\/\/vhrc.fr\/en\/wp-json\/wp\/v2\/comments?post=3270"}],"version-history":[{"count":6,"href":"https:\/\/vhrc.fr\/en\/wp-json\/wp\/v2\/pages\/3270\/revisions"}],"predecessor-version":[{"id":3472,"href":"https:\/\/vhrc.fr\/en\/wp-json\/wp\/v2\/pages\/3270\/revisions\/3472"}],"up":[{"embeddable":true,"href":"https:\/\/vhrc.fr\/en\/wp-json\/wp\/v2\/pages\/286"}],"wp:featuredmedia":[{"embeddable":true,"href":"https:\/\/vhrc.fr\/en\/wp-json\/wp\/v2\/media\/3273"}],"wp:attachment":[{"href":"https:\/\/vhrc.fr\/en\/wp-json\/wp\/v2\/media?parent=3270"}],"curies":[{"name":"wp","href":"https:\/\/api.w.org\/{rel}","templated":true}]}}