{"id":3285,"date":"2012-11-30T23:23:26","date_gmt":"2012-11-30T22:23:26","guid":{"rendered":"http:\/\/vhrc.fr\/?page_id=3285"},"modified":"2025-07-08T09:22:17","modified_gmt":"2025-07-08T08:22:17","slug":"alfa-romeo-155","status":"publish","type":"page","link":"https:\/\/vhrc.fr\/en\/voitures\/yankee\/alfa-romeo-155\/","title":{"rendered":"Alfa Romeo 155"},"content":{"rendered":"<p><a href=\"http:\/\/vhrc.fr\/wp-content\/uploads\/2012\/11\/528433alfaromeologo27696.jpg\"><img loading=\"lazy\" decoding=\"async\" class=\"alignnone size-full wp-image-3288\" title=\"528433alfaromeologo27696\" src=\"http:\/\/vhrc.fr\/wp-content\/uploads\/2012\/11\/528433alfaromeologo27696.jpg\" alt=\"\" width=\"425\" height=\"84\" \/><\/a><\/p>\n<p>Si on parlait de l\u2019histoire\u00a0 d \u2019ALFA ROMEO\u00a0 ,elle commence par un entrepreneur\u00a0 \u2018Fran\u00e7ais\u2019 original\u00a0 Alexandre DARRACQ install\u00e9 en 1906 \u00e0 Naples, mais qui\u00a0 se d\u00e9placera rapidement vers Milan, fabriquera des bicyclettes et ensuite des voitures.Sa soci\u00e9t\u00e9 s\u2019 appelera\u00a0\u00a0 \u00ab Italiana Automobili Darracq \u00bb.Les ventes seront\u00a0\u00a0 tr\u00e8s r\u00e9duites , en 1909\u00a0\u00a0 la soci\u00e9t\u00e9 est mise en liquidation .<\/p>\n<p>Un groupe d\u2019industriels et de financier parvient\u00a0 \u00e0 r\u00e9unir\u00a0 un capital suffisant pour racheter l\u2019entreprise et le 24 Juin 1910 ,il constitue la soci\u00e9t\u00e9 : \u2019 A.L.F.A\u2019. pour \u2026\u2019.Anonima\u00a0 Lombardia Fabricca\u00a0\u00a0 Automobili\u2019\u2026\u00a0\u00a0\u00a0\u00a0\u00a0 (Fabrique d\u2019automobile anonyme Lombardie)..<\/p>\n<p>A la Pr\u00e9sidence \u2018 Ugo STELLA \u2018,recrute L\u2019ing\u00e9nieur\u00a0 \u2018 Guiseppe MEROSI\u2019 qui con\u00e7oit un mod\u00e8le s\u2019offrant des pointes a\u00a0 100km\/h\u2026.\u00a0\u00a0\u00a0 .La 1\u00e9re\u00a0 \u2018 ALFA \u2018 voit le jour ,mais malheureusement en 1915,\u00a0 p\u00e9riode de la guerre\u00a0\u00a0\u00a0 \u2018ALFA\u2019\u00a0\u00a0\u00a0\u00a0 fermera ses portes.<br \/>\nUn Institut d\u2019\u00e9tat charg\u00e9 du programme d\u2019armement ,confie alors la gestion D\u2019\u00a0 ALFA\u2019\u00a0 \u00e0\u00a0\u00a0 \u2018Nicola ROMEO \u2018\u00a0 un industriel Milanais. Tr\u00e8s vite l\u2019usine,gr\u00e2ce a la fabrique d\u2019armement de guerre \u00e9pongera les dettes, et en Juin\u00a0 1918 ,la soci\u00e9t\u00e9 prendra naturellement l\u2019appellation\u00a0 \u2018ALFA ROMEO \u2018 ,une centaine d\u2019exemplaires seront assembl\u00e9s en 1919 , et ce fut le d\u00e9part\u00a0 D\u2019 \u2018ALFA ROMEO \u2018 toujours dans l\u2019esprit de la course en 1925 ,un pilote essayeur sera engag\u00e9 en la personne de\u00a0 \u2018Enzo FERRARI\u2019 ,qui cr\u00e9era plus tard la Scud\u00e9ria\u00a0 FERRARI\u00a0 et\u00a0 le pilote \u2019 Juan MANUEL-FANGIO \u2018 remportera un 1er Titre Mondial\u00a0 en\u00a0 1951\u00a0 sur une\u00a0\u00a0 F1 \u2018ALFETTA \u2018.<br \/>\n<a href=\"http:\/\/vhrc.fr\/wp-content\/uploads\/2012\/11\/982552alfaromeologo.jpg\"><img loading=\"lazy\" decoding=\"async\" class=\"alignnone size-full wp-image-3294\" title=\"982552alfaromeologo\" src=\"http:\/\/vhrc.fr\/wp-content\/uploads\/2012\/11\/982552alfaromeologo.jpg\" alt=\"\" width=\"320\" height=\"320\" srcset=\"https:\/\/vhrc.fr\/wp-content\/uploads\/2012\/11\/982552alfaromeologo.jpg 320w, https:\/\/vhrc.fr\/wp-content\/uploads\/2012\/11\/982552alfaromeologo-150x150.jpg 150w, https:\/\/vhrc.fr\/wp-content\/uploads\/2012\/11\/982552alfaromeologo-64x64.jpg 64w, https:\/\/vhrc.fr\/wp-content\/uploads\/2012\/11\/982552alfaromeologo-128x128.jpg 128w\" sizes=\"auto, (max-width: 320px) 100vw, 320px\" \/><\/a><\/p>\n<p>-Deux symboles tr\u00e8s caract\u00e9ristique chez : \u2018\u00a0 ALFA ROMEO\u2019 :\u00a0\u00a0 Le\u00a0\u00a0 TREFLE\u00a0\u00a0 et\u00a0\u00a0\u00a0 le LOGO.<br \/>\n<a href=\"http:\/\/vhrc.fr\/wp-content\/uploads\/2012\/11\/trefle.jpg\"><img loading=\"lazy\" decoding=\"async\" class=\"alignnone size-full wp-image-3297\" title=\"trefle\" src=\"http:\/\/vhrc.fr\/wp-content\/uploads\/2012\/11\/trefle.jpg\" alt=\"\" width=\"113\" height=\"107\" \/><\/a><\/p>\n<p>-Le Quadrifoglio de couleur\u00a0 vert (pour symboliser les mod\u00e8les les plus performants) ou tr\u00e8fle \u00e0 quatre feuilles,le porte bonheur apparait pour la 1\u00e9re fois\u00a0 sur les flancs de la voiture de \u2018 Ugo SIVOCCI \u2018 vainqueur de la\u00a0 \u00ab Targa Florio \u00bb en1923. Pour c\u00e9l\u00e9brer cette\u00a0 1\u00e9re victoire internationale, toutes les\u2019 ALFA ROMEO\u2019\u00a0\u00a0 de comp\u00e9tition\u00a0 vont arborer\u00a0 le tr\u00e8fle\u00a0 VERT\u00a0\u00a0 sur font triangulaire\u00a0 blanc , toujours d\u2019actualit\u00e9 a ce jour.<br \/>\nLe Logo D\u2019 ALFA ROMEO .<br \/>\n<a href=\"http:\/\/vhrc.fr\/wp-content\/uploads\/2012\/11\/902935AlfaRomeologoevolution.jpg\"><img loading=\"lazy\" decoding=\"async\" class=\"alignnone size-full wp-image-3293\" title=\"902935AlfaRomeologoevolution\" src=\"http:\/\/vhrc.fr\/wp-content\/uploads\/2012\/11\/902935AlfaRomeologoevolution.jpg\" alt=\"\" width=\"600\" height=\"415\" srcset=\"https:\/\/vhrc.fr\/wp-content\/uploads\/2012\/11\/902935AlfaRomeologoevolution.jpg 600w, https:\/\/vhrc.fr\/wp-content\/uploads\/2012\/11\/902935AlfaRomeologoevolution-500x345.jpg 500w\" sizes=\"auto, (max-width: 600px) 100vw, 600px\" \/><\/a><\/p>\n<p>Alfa Romeo poss\u00e8de la caract\u00e9ristique contrairement \u00e0 quasiment tous les constructeurs automobiles de n\u2019avoir jamais chang\u00e9 de \u2018LOGO\u2019 .En effet depuis l\u2019origine de la marque le LOGO \u00e0 toujours \u00e9t\u00e9\u00a0 rond et divis\u00e9 verticalement en deux ,<br \/>\navec \u00e0 gauche\u00a0 la croix rouge sur fond blanc symbole de la ville de Milan<br \/>\net \u00e0 droite la fameuse biscione c.\u00e0.d. un dragon au corps de serpent, qui tue et mange\u00a0 une\u00a0 proie ; la couronne sur sa t\u00eate\u00a0 est celle du roi .<br \/>\nEn 1925 apparition d\u2019une couronne de lauriers\u00a0 qui encerclera\u00a0 le LOGO\u00a0 , souvenir de la victoire au 1er CHPT du MONDE ,\u00a0 celle-ci disparaitra du\u00a0 LOGO\u00a0 en 1972\u00a0 ainsi que l\u2019inscription \u2018 MILANO \u2018.<br \/>\n<a href=\"http:\/\/vhrc.fr\/wp-content\/uploads\/2012\/11\/592436alpharomeo155gta011.jpg\"><img loading=\"lazy\" decoding=\"async\" class=\"alignnone size-full wp-image-3289\" title=\"592436alpharomeo155gta011\" src=\"http:\/\/vhrc.fr\/wp-content\/uploads\/2012\/11\/592436alpharomeo155gta011.jpg\" alt=\"\" width=\"800\" height=\"600\" srcset=\"https:\/\/vhrc.fr\/wp-content\/uploads\/2012\/11\/592436alpharomeo155gta011.jpg 800w, https:\/\/vhrc.fr\/wp-content\/uploads\/2012\/11\/592436alpharomeo155gta011-500x375.jpg 500w\" sizes=\"auto, (max-width: 800px) 100vw, 800px\" \/><\/a><\/p>\n<p><a href=\"http:\/\/vhrc.fr\/wp-content\/uploads\/2012\/11\/522253alpharomeo155gta012.jpg\"><img loading=\"lazy\" decoding=\"async\" class=\"alignnone size-full wp-image-3287\" title=\"522253alpharomeo155gta012\" src=\"http:\/\/vhrc.fr\/wp-content\/uploads\/2012\/11\/522253alpharomeo155gta012.jpg\" alt=\"\" width=\"800\" height=\"600\" srcset=\"https:\/\/vhrc.fr\/wp-content\/uploads\/2012\/11\/522253alpharomeo155gta012.jpg 800w, https:\/\/vhrc.fr\/wp-content\/uploads\/2012\/11\/522253alpharomeo155gta012-500x375.jpg 500w\" sizes=\"auto, (max-width: 800px) 100vw, 800px\" \/><\/a><\/p>\n<p><a href=\"http:\/\/vhrc.fr\/wp-content\/uploads\/2012\/11\/807000alpharomeo155gta014.jpg\"><img loading=\"lazy\" decoding=\"async\" class=\"alignnone size-full wp-image-3291\" title=\"807000alpharomeo155gta014\" src=\"http:\/\/vhrc.fr\/wp-content\/uploads\/2012\/11\/807000alpharomeo155gta014.jpg\" alt=\"\" width=\"800\" height=\"600\" srcset=\"https:\/\/vhrc.fr\/wp-content\/uploads\/2012\/11\/807000alpharomeo155gta014.jpg 800w, https:\/\/vhrc.fr\/wp-content\/uploads\/2012\/11\/807000alpharomeo155gta014-500x375.jpg 500w\" sizes=\"auto, (max-width: 800px) 100vw, 800px\" \/><\/a><\/p>\n<h2>Le constructeur Yankee en 1993 ajouta \u00e0 sa gamme une fabuleuse auto \u00e0 l\u2019\u00e9chelle \u00bc &#8211; L\u2019ALFA ROMEO 155 GTA<\/h2>\n<p>celle-ci sera d\u00e9cor\u00e9 sous les couleurs \u2018Martini\u2019.<\/p>\n<figure id=\"attachment_3300\" aria-describedby=\"caption-attachment-3300\" style=\"width: 720px\" class=\"wp-caption alignnone\"><a href=\"http:\/\/vhrc.fr\/wp-content\/uploads\/2012\/11\/155-1994.jpg\"><img loading=\"lazy\" decoding=\"async\" class=\"size-full wp-image-3300\" title=\"155-1994\" src=\"http:\/\/vhrc.fr\/wp-content\/uploads\/2012\/11\/155-1994.jpg\" alt=\"\" width=\"720\" height=\"525\" srcset=\"https:\/\/vhrc.fr\/wp-content\/uploads\/2012\/11\/155-1994.jpg 720w, https:\/\/vhrc.fr\/wp-content\/uploads\/2012\/11\/155-1994-500x364.jpg 500w\" sizes=\"auto, (max-width: 720px) 100vw, 720px\" \/><\/a><figcaption id=\"caption-attachment-3300\" class=\"wp-caption-text\">catalogue yankee stef 1994<\/figcaption><\/figure>\n<p>&nbsp;<\/p>\n<h2>Petite histoire du souvenir en course de l\u2019Alfa Romeo 155 DTM.<\/h2>\n<h3>Caract\u00e9ristiques m\u00e9caniques :<\/h3>\n<p>En 1992 : L\u2019Alfa disposait d\u2019une traction int\u00e9grale permanente, le moteur un 2l Turbo 16 valves avec 400cv, un intercooler ( ) refroidi par brumisateur d\u2019eau, la transmission \u00e9tait \u00e0 6 rapports, les freins venaient de la F1 (Ferrari).<\/p>\n<p>Puis en 1993, elle est remplac\u00e9e par la 155 TI dot\u00e9e d\u2019un moteur v6, 2.5l d\u00e9veloppant 430 cv \u00e0 12000 t\/mn. Carrosserie silhouette, ch\u00e2ssis multitubulaire, carbone et c\u00e9ramique a profusion. Ce mod\u00e8le aux couleurs \u2018Martini \u00bb pilot\u00e9 par \u2026\u2026Nicola LARINI, remporta le Championnat DTM 93.<\/p>\n<p><a href=\"http:\/\/vhrc.fr\/wp-content\/uploads\/2012\/11\/870100AlfaRomeo15525V6TIDTM1993800x600wallpaper02.jpg\"><img loading=\"lazy\" decoding=\"async\" class=\"alignnone size-full wp-image-3292\" title=\"870100AlfaRomeo15525V6TIDTM1993800x600wallpaper02\" src=\"http:\/\/vhrc.fr\/wp-content\/uploads\/2012\/11\/870100AlfaRomeo15525V6TIDTM1993800x600wallpaper02.jpg\" alt=\"\" width=\"800\" height=\"600\" srcset=\"https:\/\/vhrc.fr\/wp-content\/uploads\/2012\/11\/870100AlfaRomeo15525V6TIDTM1993800x600wallpaper02.jpg 800w, https:\/\/vhrc.fr\/wp-content\/uploads\/2012\/11\/870100AlfaRomeo15525V6TIDTM1993800x600wallpaper02-500x375.jpg 500w\" sizes=\"auto, (max-width: 800px) 100vw, 800px\" \/><\/a><\/p>\n<p><a href=\"http:\/\/vhrc.fr\/wp-content\/uploads\/2012\/11\/222787alpharomeo155gta006.jpg\"><img loading=\"lazy\" decoding=\"async\" class=\"alignnone size-full wp-image-3286\" title=\"222787alpharomeo155gta006\" src=\"http:\/\/vhrc.fr\/wp-content\/uploads\/2012\/11\/222787alpharomeo155gta006.jpg\" alt=\"\" width=\"800\" height=\"600\" srcset=\"https:\/\/vhrc.fr\/wp-content\/uploads\/2012\/11\/222787alpharomeo155gta006.jpg 800w, https:\/\/vhrc.fr\/wp-content\/uploads\/2012\/11\/222787alpharomeo155gta006-500x375.jpg 500w\" sizes=\"auto, (max-width: 800px) 100vw, 800px\" \/><\/a><\/p>\n<h3>Beau palmar\u00e8s SPORTIF de la 155.<\/h3>\n<p>Championne du super tourisme Italien en 1992 (Nicola Larini).<br \/>\nVainqueur du DTM Allemand 1993 (Nicola Larini).<br \/>\nChampionne du BTCC 1994 (Gabrielle Tarquini).<br \/>\nChampionne Du super tourisme CET Espagnol 1994 (Adrian Campos).<br \/>\nChampionne Du super tourisme CET Espagnol 1995 (Luis Villamil).<br \/>\nChampionne Du super tourisme Espagnol 1997 (Fabrizio Giovanardi).<\/p>\n<p>-DTM\u2026\u2026\u2026.Deutsche Tourewagen Meisterschaft.<br \/>\n-BTCC\u2026\u2026\u2026..British Touring Car Championship.<br \/>\n-CET\u2026\u2026\u2026\u2026Campeonato Espanol Turismos.<\/p>\n<p><a href=\"http:\/\/vhrc.fr\/wp-content\/uploads\/2012\/11\/780762moteuralfar.jpg\"><img loading=\"lazy\" decoding=\"async\" class=\"alignnone size-full wp-image-3290\" title=\"780762moteuralfar\" src=\"http:\/\/vhrc.fr\/wp-content\/uploads\/2012\/11\/780762moteuralfar.jpg\" alt=\"\" width=\"800\" height=\"536\" srcset=\"https:\/\/vhrc.fr\/wp-content\/uploads\/2012\/11\/780762moteuralfar.jpg 800w, https:\/\/vhrc.fr\/wp-content\/uploads\/2012\/11\/780762moteuralfar-500x335.jpg 500w\" sizes=\"auto, (max-width: 800px) 100vw, 800px\" \/><\/a><\/p>\n<figure id=\"attachment_3296\" aria-describedby=\"caption-attachment-3296\" style=\"width: 800px\" class=\"wp-caption alignnone\"><a href=\"http:\/\/vhrc.fr\/wp-content\/uploads\/2012\/11\/yankee_salon_modelisme_paris_1994_155.jpg\"><img loading=\"lazy\" decoding=\"async\" class=\"size-full wp-image-3296\" title=\"yankee_salon_modelisme_paris_1994_155\" src=\"http:\/\/vhrc.fr\/wp-content\/uploads\/2012\/11\/yankee_salon_modelisme_paris_1994_155.jpg\" alt=\"\" width=\"800\" height=\"1188\" srcset=\"https:\/\/vhrc.fr\/wp-content\/uploads\/2012\/11\/yankee_salon_modelisme_paris_1994_155.jpg 800w, https:\/\/vhrc.fr\/wp-content\/uploads\/2012\/11\/yankee_salon_modelisme_paris_1994_155-336x500.jpg 336w, https:\/\/vhrc.fr\/wp-content\/uploads\/2012\/11\/yankee_salon_modelisme_paris_1994_155-538x800.jpg 538w\" sizes=\"auto, (max-width: 800px) 100vw, 800px\" \/><\/a><figcaption id=\"caption-attachment-3296\" class=\"wp-caption-text\">salon mondial Paris 1994 Stef<\/figcaption><\/figure>\n<p>lugia<a href=\"http:\/\/vhrc.fr\/wp-content\/uploads\/2011\/11\/lugia400.jpg\"><img loading=\"lazy\" decoding=\"async\" class=\"alignnone wp-image-2015\" title=\"lugia400\" src=\"http:\/\/vhrc.fr\/wp-content\/uploads\/2011\/11\/lugia400.jpg\" alt=\"\" width=\"103\" height=\"55\" \/><\/a><\/p>\n<p>auto RCM<\/p>\n<p><a href=\"http:\/\/vhrc.fr\/wp-content\/uploads\/2012\/11\/web_rcm_144-1001.jpg\"><img loading=\"lazy\" decoding=\"async\" class=\"alignnone size-large wp-image-3321\" title=\"web_rcm_144-100\" src=\"http:\/\/vhrc.fr\/wp-content\/uploads\/2012\/11\/web_rcm_144-1001-744x1024.jpg\" alt=\"\" width=\"744\" height=\"1024\" \/><\/a><\/p>","protected":false},"excerpt":{"rendered":"<p>Si on parlait de l\u2019histoire\u00a0 d \u2019ALFA ROMEO\u00a0 ,elle commence par un entrepreneur\u00a0 \u2018Fran\u00e7ais\u2019 original\u00a0 Alexandre DARRACQ install\u00e9 en 1906<\/p>","protected":false},"author":5,"featured_media":3287,"parent":183,"menu_order":0,"comment_status":"closed","ping_status":"closed","template":"","meta":{"colormag_page_container_layout":"default_layout","colormag_page_sidebar_layout":"default_layout","footnotes":""},"class_list":["post-3285","page","type-page","status-publish","has-post-thumbnail","hentry"],"_links":{"self":[{"href":"https:\/\/vhrc.fr\/en\/wp-json\/wp\/v2\/pages\/3285","targetHints":{"allow":["GET"]}}],"collection":[{"href":"https:\/\/vhrc.fr\/en\/wp-json\/wp\/v2\/pages"}],"about":[{"href":"https:\/\/vhrc.fr\/en\/wp-json\/wp\/v2\/types\/page"}],"author":[{"embeddable":true,"href":"https:\/\/vhrc.fr\/en\/wp-json\/wp\/v2\/users\/5"}],"replies":[{"embeddable":true,"href":"https:\/\/vhrc.fr\/en\/wp-json\/wp\/v2\/comments?post=3285"}],"version-history":[{"count":5,"href":"https:\/\/vhrc.fr\/en\/wp-json\/wp\/v2\/pages\/3285\/revisions"}],"predecessor-version":[{"id":9121,"href":"https:\/\/vhrc.fr\/en\/wp-json\/wp\/v2\/pages\/3285\/revisions\/9121"}],"up":[{"embeddable":true,"href":"https:\/\/vhrc.fr\/en\/wp-json\/wp\/v2\/pages\/183"}],"wp:featuredmedia":[{"embeddable":true,"href":"https:\/\/vhrc.fr\/en\/wp-json\/wp\/v2\/media\/3287"}],"wp:attachment":[{"href":"https:\/\/vhrc.fr\/en\/wp-json\/wp\/v2\/media?parent=3285"}],"curies":[{"name":"wp","href":"https:\/\/api.w.org\/{rel}","templated":true}]}}