{"id":3310,"date":"2012-12-04T10:55:00","date_gmt":"2012-12-04T09:55:00","guid":{"rendered":"http:\/\/vhrc.fr\/?page_id=3310"},"modified":"2025-07-08T09:23:36","modified_gmt":"2025-07-08T08:23:36","slug":"renault-clio-16s","status":"publish","type":"page","link":"https:\/\/vhrc.fr\/en\/voitures\/mrc\/renault-clio-16s\/","title":{"rendered":"Renault Clio 16s"},"content":{"rendered":"<h1>La Renault Clio 16s MRC au 1:4<\/h1>\n<p><img loading=\"lazy\" decoding=\"async\" class=\"ngg-singlepic ngg-none\" src=\"http:\/\/vhrc.fr\/wp-content\/gallery\/mrc\/auto8_87-022034_clio_web_0.jpg\" alt=\"auto8_87-022034_clio_web_0\" width=\"800\" height=\"498\" \/><\/p>\n<h3>sortie 1993 : mod\u00e8le de course au \u00ab\u00a0vrai\u00a0\u00bb 1\/4<\/h3>\n<h4>Auto 8 mars 93<\/h4>\n<h4>Salon de Nuremberg:<\/h4>\n<p>&nbsp;<\/p>\n<h6>La Clio MRC \u00e0 l&rsquo;\u00e9chelle 1\/4 sera donc propos\u00e9e en trois versions : une version \u00e9co dite \u00ab\u00a0Basic\u00a0\u00bb pour le loisir, une version tr\u00e8s \u00e9volutive appel\u00e9e\u00a0\u00bbSport\u00a0\u00bb pour d\u00e9buter en course et une version \u00ab\u00a0comp\u00e9tition\u00a0\u00bb pour les experts. Les deux premi\u00e8res versions sont \u00e9quip\u00e9es d&rsquo;un moteur Kawasaki TG 24 et la derni\u00e8re d&rsquo;un Z\u00e9noah.<\/h6>\n<p><img loading=\"lazy\" decoding=\"async\" class=\"ngg-singlepic ngg-none\" src=\"http:\/\/vhrc.fr\/wp-content\/gallery\/mrc\/rcmcliomrc.jpg\" alt=\"rcm clio mrc\" width=\"800\" height=\"566\" \/><br \/>\narticle Auto RCM<\/p>\n<p><img decoding=\"async\" class=\"\" src=\"http:\/\/vhrc.fr\/wp-content\/gallery\/clio\/300_renault_clio_mrc.jpg\" \/><\/p>\n<p>la clio de Pascal<\/p>\n<figure style=\"width: 1216px\" class=\"wp-caption alignnone\"><img loading=\"lazy\" decoding=\"async\" class=\"\" src=\"http:\/\/vhrc.fr\/wp-content\/gallery\/clio\/0a54350c12a602990cf068fc98e5c7f7.jpg\" width=\"1216\" height=\"912\" \/><figcaption class=\"wp-caption-text\">clio frank<\/figcaption><\/figure>\n<p>ex Clio de Frank \u00ab\u00a0NL\u00a0\u00bb<\/p>\n<p>et une version\u00a0\u00bb tuning a\u00e9rograph\u00e9e\u00a0\u00bb<\/p>\n<p>&nbsp;<\/p>\n<div id='gallery-1' class='gallery galleryid-3310 gallery-columns-2 gallery-size-colormag-featured-image'><figure class='gallery-item'>\n\t\t\t<div class='gallery-icon landscape'>\n\t\t\t\t<a href='https:\/\/vhrc.fr\/wp-content\/uploads\/2012\/12\/serge-leopard-68-numari11.jpg'><img loading=\"lazy\" decoding=\"async\" width=\"799\" height=\"267\" src=\"https:\/\/vhrc.fr\/wp-content\/uploads\/2012\/12\/serge-leopard-68-numari11.jpg\" class=\"attachment-colormag-featured-image size-colormag-featured-image\" alt=\"\" srcset=\"https:\/\/vhrc.fr\/wp-content\/uploads\/2012\/12\/serge-leopard-68-numari11.jpg 799w, https:\/\/vhrc.fr\/wp-content\/uploads\/2012\/12\/serge-leopard-68-numari11-500x167.jpg 500w\" sizes=\"auto, (max-width: 799px) 100vw, 799px\" \/><\/a>\n\t\t\t<\/div><\/figure><figure class='gallery-item'>\n\t\t\t<div class='gallery-icon landscape'>\n\t\t\t\t<a href='https:\/\/vhrc.fr\/wp-content\/uploads\/2012\/12\/serge-leopard-68-numari12.jpg'><img loading=\"lazy\" decoding=\"async\" width=\"799\" height=\"267\" src=\"https:\/\/vhrc.fr\/wp-content\/uploads\/2012\/12\/serge-leopard-68-numari12.jpg\" class=\"attachment-colormag-featured-image size-colormag-featured-image\" alt=\"\" srcset=\"https:\/\/vhrc.fr\/wp-content\/uploads\/2012\/12\/serge-leopard-68-numari12.jpg 799w, https:\/\/vhrc.fr\/wp-content\/uploads\/2012\/12\/serge-leopard-68-numari12-500x167.jpg 500w\" sizes=\"auto, (max-width: 799px) 100vw, 799px\" \/><\/a>\n\t\t\t<\/div><\/figure><figure class='gallery-item'>\n\t\t\t<div class='gallery-icon portrait'>\n\t\t\t\t<a href='https:\/\/vhrc.fr\/wp-content\/uploads\/2012\/12\/rcm14510930025.jpg'><img loading=\"lazy\" decoding=\"async\" width=\"310\" height=\"445\" src=\"https:\/\/vhrc.fr\/wp-content\/uploads\/2012\/12\/rcm14510930025.jpg\" class=\"attachment-colormag-featured-image size-colormag-featured-image\" alt=\"\" srcset=\"https:\/\/vhrc.fr\/wp-content\/uploads\/2012\/12\/rcm14510930025.jpg 700w, https:\/\/vhrc.fr\/wp-content\/uploads\/2012\/12\/rcm14510930025-348x500.jpg 348w, https:\/\/vhrc.fr\/wp-content\/uploads\/2012\/12\/rcm14510930025-557x800.jpg 557w\" sizes=\"auto, (max-width: 310px) 100vw, 310px\" \/><\/a>\n\t\t\t<\/div><\/figure><figure class='gallery-item'>\n\t\t\t<div class='gallery-icon portrait'>\n\t\t\t\t<a href='https:\/\/vhrc.fr\/wp-content\/uploads\/2012\/12\/rcm14510930024.jpg'><img loading=\"lazy\" decoding=\"async\" width=\"319\" height=\"445\" src=\"https:\/\/vhrc.fr\/wp-content\/uploads\/2012\/12\/rcm14510930024.jpg\" class=\"attachment-colormag-featured-image size-colormag-featured-image\" alt=\"\" srcset=\"https:\/\/vhrc.fr\/wp-content\/uploads\/2012\/12\/rcm14510930024.jpg 700w, https:\/\/vhrc.fr\/wp-content\/uploads\/2012\/12\/rcm14510930024-358x500.jpg 358w, https:\/\/vhrc.fr\/wp-content\/uploads\/2012\/12\/rcm14510930024-573x800.jpg 573w\" sizes=\"auto, (max-width: 319px) 100vw, 319px\" \/><\/a>\n\t\t\t<\/div><\/figure><figure class='gallery-item'>\n\t\t\t<div class='gallery-icon portrait'>\n\t\t\t\t<a href='https:\/\/vhrc.fr\/wp-content\/uploads\/2012\/12\/rcm14510930023.jpg'><img loading=\"lazy\" decoding=\"async\" width=\"316\" height=\"445\" src=\"https:\/\/vhrc.fr\/wp-content\/uploads\/2012\/12\/rcm14510930023.jpg\" class=\"attachment-colormag-featured-image size-colormag-featured-image\" alt=\"\" srcset=\"https:\/\/vhrc.fr\/wp-content\/uploads\/2012\/12\/rcm14510930023.jpg 700w, https:\/\/vhrc.fr\/wp-content\/uploads\/2012\/12\/rcm14510930023-355x500.jpg 355w, https:\/\/vhrc.fr\/wp-content\/uploads\/2012\/12\/rcm14510930023-568x800.jpg 568w\" sizes=\"auto, (max-width: 316px) 100vw, 316px\" \/><\/a>\n\t\t\t<\/div><\/figure><figure class='gallery-item'>\n\t\t\t<div class='gallery-icon landscape'>\n\t\t\t\t<a href='https:\/\/vhrc.fr\/wp-content\/uploads\/2012\/12\/leopard-68-numari10.jpg'><img loading=\"lazy\" decoding=\"async\" width=\"674\" height=\"445\" src=\"https:\/\/vhrc.fr\/wp-content\/uploads\/2012\/12\/leopard-68-numari10.jpg\" class=\"attachment-colormag-featured-image size-colormag-featured-image\" alt=\"\" srcset=\"https:\/\/vhrc.fr\/wp-content\/uploads\/2012\/12\/leopard-68-numari10.jpg 800w, https:\/\/vhrc.fr\/wp-content\/uploads\/2012\/12\/leopard-68-numari10-500x330.jpg 500w\" sizes=\"auto, (max-width: 674px) 100vw, 674px\" \/><\/a>\n\t\t\t<\/div><\/figure><figure class='gallery-item'>\n\t\t\t<div class='gallery-icon landscape'>\n\t\t\t\t<a href='https:\/\/vhrc.fr\/wp-content\/uploads\/2012\/12\/clio-mrc-nanard77-e.jpg'><img loading=\"lazy\" decoding=\"async\" width=\"593\" height=\"445\" src=\"https:\/\/vhrc.fr\/wp-content\/uploads\/2012\/12\/clio-mrc-nanard77-e.jpg\" class=\"attachment-colormag-featured-image size-colormag-featured-image\" alt=\"\" srcset=\"https:\/\/vhrc.fr\/wp-content\/uploads\/2012\/12\/clio-mrc-nanard77-e.jpg 800w, https:\/\/vhrc.fr\/wp-content\/uploads\/2012\/12\/clio-mrc-nanard77-e-500x375.jpg 500w\" sizes=\"auto, (max-width: 593px) 100vw, 593px\" \/><\/a>\n\t\t\t<\/div><\/figure><figure class='gallery-item'>\n\t\t\t<div class='gallery-icon landscape'>\n\t\t\t\t<a href='https:\/\/vhrc.fr\/wp-content\/uploads\/2012\/12\/clio-mrc-nanard77-c.jpg'><img loading=\"lazy\" decoding=\"async\" width=\"593\" height=\"445\" src=\"https:\/\/vhrc.fr\/wp-content\/uploads\/2012\/12\/clio-mrc-nanard77-c.jpg\" class=\"attachment-colormag-featured-image size-colormag-featured-image\" alt=\"\" srcset=\"https:\/\/vhrc.fr\/wp-content\/uploads\/2012\/12\/clio-mrc-nanard77-c.jpg 800w, https:\/\/vhrc.fr\/wp-content\/uploads\/2012\/12\/clio-mrc-nanard77-c-500x375.jpg 500w\" sizes=\"auto, (max-width: 593px) 100vw, 593px\" \/><\/a>\n\t\t\t<\/div><\/figure><figure class='gallery-item'>\n\t\t\t<div class='gallery-icon landscape'>\n\t\t\t\t<a href='https:\/\/vhrc.fr\/wp-content\/uploads\/2012\/12\/clio-mrc-nanard77-b.jpg'><img loading=\"lazy\" decoding=\"async\" width=\"593\" height=\"445\" src=\"https:\/\/vhrc.fr\/wp-content\/uploads\/2012\/12\/clio-mrc-nanard77-b.jpg\" class=\"attachment-colormag-featured-image size-colormag-featured-image\" alt=\"\" srcset=\"https:\/\/vhrc.fr\/wp-content\/uploads\/2012\/12\/clio-mrc-nanard77-b.jpg 800w, https:\/\/vhrc.fr\/wp-content\/uploads\/2012\/12\/clio-mrc-nanard77-b-500x375.jpg 500w\" sizes=\"auto, (max-width: 593px) 100vw, 593px\" \/><\/a>\n\t\t\t<\/div><\/figure><figure class='gallery-item'>\n\t\t\t<div class='gallery-icon landscape'>\n\t\t\t\t<a href='https:\/\/vhrc.fr\/wp-content\/uploads\/2012\/12\/clio-mrc-nanard77.jpg'><img loading=\"lazy\" decoding=\"async\" width=\"593\" height=\"445\" src=\"https:\/\/vhrc.fr\/wp-content\/uploads\/2012\/12\/clio-mrc-nanard77.jpg\" class=\"attachment-colormag-featured-image size-colormag-featured-image\" alt=\"\" srcset=\"https:\/\/vhrc.fr\/wp-content\/uploads\/2012\/12\/clio-mrc-nanard77.jpg 800w, https:\/\/vhrc.fr\/wp-content\/uploads\/2012\/12\/clio-mrc-nanard77-500x375.jpg 500w\" sizes=\"auto, (max-width: 593px) 100vw, 593px\" \/><\/a>\n\t\t\t<\/div><\/figure>\n\t\t<\/div>\n\n<p>photos tir\u00e9es de <a href=\"http:\/\/www.fgmarder.net\/t7425-clio-16s-1-4-mrc\">http:\/\/www.fgmarder.net\/<\/a><\/p>\n<p>scan de rcmagvintage.com<\/p>\n<div id='gallery-2' class='gallery galleryid-3310 gallery-columns-3 gallery-size-colormag-featured-image'><figure class='gallery-item'>\n\t\t\t<div class='gallery-icon portrait'>\n\t\t\t\t<a href='https:\/\/vhrc.fr\/wp-content\/uploads\/2012\/12\/rcm14510930023.jpg'><img loading=\"lazy\" decoding=\"async\" width=\"316\" height=\"445\" src=\"https:\/\/vhrc.fr\/wp-content\/uploads\/2012\/12\/rcm14510930023.jpg\" class=\"attachment-colormag-featured-image size-colormag-featured-image\" alt=\"\" srcset=\"https:\/\/vhrc.fr\/wp-content\/uploads\/2012\/12\/rcm14510930023.jpg 700w, https:\/\/vhrc.fr\/wp-content\/uploads\/2012\/12\/rcm14510930023-355x500.jpg 355w, https:\/\/vhrc.fr\/wp-content\/uploads\/2012\/12\/rcm14510930023-568x800.jpg 568w\" sizes=\"auto, (max-width: 316px) 100vw, 316px\" \/><\/a>\n\t\t\t<\/div><\/figure><figure class='gallery-item'>\n\t\t\t<div class='gallery-icon portrait'>\n\t\t\t\t<a href='https:\/\/vhrc.fr\/wp-content\/uploads\/2012\/12\/rcm14510930024.jpg'><img loading=\"lazy\" decoding=\"async\" width=\"319\" height=\"445\" src=\"https:\/\/vhrc.fr\/wp-content\/uploads\/2012\/12\/rcm14510930024.jpg\" class=\"attachment-colormag-featured-image size-colormag-featured-image\" alt=\"\" srcset=\"https:\/\/vhrc.fr\/wp-content\/uploads\/2012\/12\/rcm14510930024.jpg 700w, https:\/\/vhrc.fr\/wp-content\/uploads\/2012\/12\/rcm14510930024-358x500.jpg 358w, https:\/\/vhrc.fr\/wp-content\/uploads\/2012\/12\/rcm14510930024-573x800.jpg 573w\" sizes=\"auto, (max-width: 319px) 100vw, 319px\" \/><\/a>\n\t\t\t<\/div><\/figure><figure class='gallery-item'>\n\t\t\t<div class='gallery-icon portrait'>\n\t\t\t\t<a href='https:\/\/vhrc.fr\/wp-content\/uploads\/2012\/12\/rcm14510930025.jpg'><img loading=\"lazy\" decoding=\"async\" width=\"310\" height=\"445\" src=\"https:\/\/vhrc.fr\/wp-content\/uploads\/2012\/12\/rcm14510930025.jpg\" class=\"attachment-colormag-featured-image size-colormag-featured-image\" alt=\"\" srcset=\"https:\/\/vhrc.fr\/wp-content\/uploads\/2012\/12\/rcm14510930025.jpg 700w, https:\/\/vhrc.fr\/wp-content\/uploads\/2012\/12\/rcm14510930025-348x500.jpg 348w, https:\/\/vhrc.fr\/wp-content\/uploads\/2012\/12\/rcm14510930025-557x800.jpg 557w\" sizes=\"auto, (max-width: 310px) 100vw, 310px\" \/><\/a>\n\t\t\t<\/div><\/figure>\n\t\t<\/div>","protected":false},"excerpt":{"rendered":"<p>La Renault Clio 16s MRC au 1:4 sortie 1993 : mod\u00e8le de course au \u00ab\u00a0vrai\u00a0\u00bb 1\/4 Auto 8 mars 93<\/p>","protected":false},"author":5,"featured_media":3312,"parent":187,"menu_order":0,"comment_status":"closed","ping_status":"closed","template":"","meta":{"colormag_page_container_layout":"default_layout","colormag_page_sidebar_layout":"default_layout","footnotes":""},"class_list":["post-3310","page","type-page","status-publish","has-post-thumbnail","hentry"],"_links":{"self":[{"href":"https:\/\/vhrc.fr\/en\/wp-json\/wp\/v2\/pages\/3310","targetHints":{"allow":["GET"]}}],"collection":[{"href":"https:\/\/vhrc.fr\/en\/wp-json\/wp\/v2\/pages"}],"about":[{"href":"https:\/\/vhrc.fr\/en\/wp-json\/wp\/v2\/types\/page"}],"author":[{"embeddable":true,"href":"https:\/\/vhrc.fr\/en\/wp-json\/wp\/v2\/users\/5"}],"replies":[{"embeddable":true,"href":"https:\/\/vhrc.fr\/en\/wp-json\/wp\/v2\/comments?post=3310"}],"version-history":[{"count":7,"href":"https:\/\/vhrc.fr\/en\/wp-json\/wp\/v2\/pages\/3310\/revisions"}],"predecessor-version":[{"id":7225,"href":"https:\/\/vhrc.fr\/en\/wp-json\/wp\/v2\/pages\/3310\/revisions\/7225"}],"up":[{"embeddable":true,"href":"https:\/\/vhrc.fr\/en\/wp-json\/wp\/v2\/pages\/187"}],"wp:featuredmedia":[{"embeddable":true,"href":"https:\/\/vhrc.fr\/en\/wp-json\/wp\/v2\/media\/3312"}],"wp:attachment":[{"href":"https:\/\/vhrc.fr\/en\/wp-json\/wp\/v2\/media?parent=3310"}],"curies":[{"name":"wp","href":"https:\/\/api.w.org\/{rel}","templated":true}]}}