{"id":3347,"date":"2012-12-09T23:07:04","date_gmt":"2012-12-09T22:07:04","guid":{"rendered":"http:\/\/vhrc.fr\/?page_id=3347"},"modified":"2025-07-08T09:23:25","modified_gmt":"2025-07-08T08:23:25","slug":"spider-renault","status":"publish","type":"page","link":"https:\/\/vhrc.fr\/en\/voitures\/menoud\/spider-renault\/","title":{"rendered":"Spider Renault"},"content":{"rendered":"<p>version personnelle du mod\u00e8le de Renault par Menoud, la version d\u00e9couvrable gagne un toit!<\/p>\n<p><a href=\"http:\/\/vhrc.fr\/wp-content\/uploads\/2012\/12\/renault_spider.jpg\"><img loading=\"lazy\" decoding=\"async\" class=\"alignnone size-full wp-image-3340\" title=\"renault_spider\" src=\"http:\/\/vhrc.fr\/wp-content\/uploads\/2012\/12\/renault_spider.jpg\" alt=\"\" width=\"640\" height=\"427\" srcset=\"https:\/\/vhrc.fr\/wp-content\/uploads\/2012\/12\/renault_spider.jpg 640w, https:\/\/vhrc.fr\/wp-content\/uploads\/2012\/12\/renault_spider-500x333.jpg 500w\" sizes=\"auto, (max-width: 640px) 100vw, 640px\" \/><\/a><\/p>\n<figure id=\"attachment_3329\" aria-describedby=\"caption-attachment-3329\" style=\"width: 462px\" class=\"wp-caption alignnone\"><a href=\"http:\/\/vhrc.fr\/wp-content\/uploads\/2012\/03\/spider-menoud-color.jpg\"><img loading=\"lazy\" decoding=\"async\" class=\"size-full wp-image-3329\" title=\"spider menoud color\" src=\"http:\/\/vhrc.fr\/wp-content\/uploads\/2012\/03\/spider-menoud-color.jpg\" alt=\"\" width=\"462\" height=\"360\" \/><\/a><figcaption id=\"caption-attachment-3329\" class=\"wp-caption-text\">spider menoud color<\/figcaption><\/figure>\n<h1>les r\u00e9f\u00e9rence au 1:1<\/h1>\n<p><a href=\"http:\/\/vhrc.fr\/wp-content\/uploads\/2012\/12\/HELEM46014.jpg\"><img loading=\"lazy\" decoding=\"async\" class=\"alignnone size-full wp-image-3345\" title=\"HELEM46014\" src=\"http:\/\/vhrc.fr\/wp-content\/uploads\/2012\/12\/HELEM46014.jpg\" alt=\"\" width=\"530\" height=\"380\" srcset=\"https:\/\/vhrc.fr\/wp-content\/uploads\/2012\/12\/HELEM46014.jpg 530w, https:\/\/vhrc.fr\/wp-content\/uploads\/2012\/12\/HELEM46014-500x358.jpg 500w\" sizes=\"auto, (max-width: 530px) 100vw, 530px\" \/><\/a><\/p>\n<p><a href=\"http:\/\/vhrc.fr\/wp-content\/uploads\/2012\/12\/HELEM45954.jpg\"><img loading=\"lazy\" decoding=\"async\" class=\"alignnone size-full wp-image-3344\" title=\"HELEM45954\" src=\"http:\/\/vhrc.fr\/wp-content\/uploads\/2012\/12\/HELEM45954.jpg\" alt=\"\" width=\"571\" height=\"380\" srcset=\"https:\/\/vhrc.fr\/wp-content\/uploads\/2012\/12\/HELEM45954.jpg 571w, https:\/\/vhrc.fr\/wp-content\/uploads\/2012\/12\/HELEM45954-500x332.jpg 500w\" sizes=\"auto, (max-width: 571px) 100vw, 571px\" \/><\/a><\/p>\n<p><a href=\"http:\/\/vhrc.fr\/wp-content\/uploads\/2012\/12\/hawk-66.gif\"><img loading=\"lazy\" decoding=\"async\" class=\"alignnone size-full wp-image-3343\" title=\"hawk-66\" src=\"http:\/\/vhrc.fr\/wp-content\/uploads\/2012\/12\/hawk-66.gif\" alt=\"\" width=\"556\" height=\"375\" \/><\/a><\/p>\n<p><a href=\"http:\/\/vhrc.fr\/wp-content\/uploads\/2012\/12\/hawk-55.gif\"><img loading=\"lazy\" decoding=\"async\" class=\"alignnone size-full wp-image-3342\" title=\"hawk-55\" src=\"http:\/\/vhrc.fr\/wp-content\/uploads\/2012\/12\/hawk-55.gif\" alt=\"\" width=\"556\" height=\"375\" \/><\/a><\/p>\n<h1>les spiders RC en course<\/h1>\n<p>&nbsp;<\/p>\n<p><a href=\"http:\/\/vhrc.fr\/wp-content\/uploads\/2012\/12\/SPIDERRC.jpg\"><img loading=\"lazy\" decoding=\"async\" class=\"alignnone size-full wp-image-3408\" title=\"SPIDERRC\" src=\"http:\/\/vhrc.fr\/wp-content\/uploads\/2012\/12\/SPIDERRC.jpg\" alt=\"\" width=\"590\" height=\"376\" srcset=\"https:\/\/vhrc.fr\/wp-content\/uploads\/2012\/12\/SPIDERRC.jpg 590w, https:\/\/vhrc.fr\/wp-content\/uploads\/2012\/12\/SPIDERRC-500x318.jpg 500w\" sizes=\"auto, (max-width: 590px) 100vw, 590px\" \/><\/a><\/p>\n<p><a href=\"http:\/\/vhrc.fr\/wp-content\/uploads\/2012\/12\/SPIDERRC2-longvic.jpg\"><img loading=\"lazy\" decoding=\"async\" class=\"alignnone size-full wp-image-3409\" title=\"SPIDERRC2 longvic\" src=\"http:\/\/vhrc.fr\/wp-content\/uploads\/2012\/12\/SPIDERRC2-longvic.jpg\" alt=\"\" width=\"590\" height=\"342\" srcset=\"https:\/\/vhrc.fr\/wp-content\/uploads\/2012\/12\/SPIDERRC2-longvic.jpg 590w, https:\/\/vhrc.fr\/wp-content\/uploads\/2012\/12\/SPIDERRC2-longvic-500x289.jpg 500w\" sizes=\"auto, (max-width: 590px) 100vw, 590px\" \/><\/a><\/p>\n<p><a href=\"http:\/\/vhrc.fr\/wp-content\/uploads\/2012\/12\/SPIDERRC3-DIJON-LONGVIC-lors-du-YANKEE-RACING-SHOW-1997-.jpg\"><img loading=\"lazy\" decoding=\"async\" class=\"alignnone size-full wp-image-3410\" title=\"SPIDERRC3 DIJON LONGVIC lors du YANKEE RACING SHOW 1997\" src=\"http:\/\/vhrc.fr\/wp-content\/uploads\/2012\/12\/SPIDERRC3-DIJON-LONGVIC-lors-du-YANKEE-RACING-SHOW-1997-.jpg\" alt=\"\" width=\"590\" height=\"367\" srcset=\"https:\/\/vhrc.fr\/wp-content\/uploads\/2012\/12\/SPIDERRC3-DIJON-LONGVIC-lors-du-YANKEE-RACING-SHOW-1997-.jpg 590w, https:\/\/vhrc.fr\/wp-content\/uploads\/2012\/12\/SPIDERRC3-DIJON-LONGVIC-lors-du-YANKEE-RACING-SHOW-1997--500x311.jpg 500w\" sizes=\"auto, (max-width: 590px) 100vw, 590px\" \/><\/a><\/p>","protected":false},"excerpt":{"rendered":"<p>version personnelle du mod\u00e8le de Renault par Menoud, la version d\u00e9couvrable gagne un toit! les r\u00e9f\u00e9rence au 1:1 les spiders<\/p>","protected":false},"author":5,"featured_media":3340,"parent":2268,"menu_order":0,"comment_status":"closed","ping_status":"closed","template":"","meta":{"colormag_page_container_layout":"default_layout","colormag_page_sidebar_layout":"default_layout","footnotes":""},"class_list":["post-3347","page","type-page","status-publish","has-post-thumbnail","hentry"],"_links":{"self":[{"href":"https:\/\/vhrc.fr\/en\/wp-json\/wp\/v2\/pages\/3347","targetHints":{"allow":["GET"]}}],"collection":[{"href":"https:\/\/vhrc.fr\/en\/wp-json\/wp\/v2\/pages"}],"about":[{"href":"https:\/\/vhrc.fr\/en\/wp-json\/wp\/v2\/types\/page"}],"author":[{"embeddable":true,"href":"https:\/\/vhrc.fr\/en\/wp-json\/wp\/v2\/users\/5"}],"replies":[{"embeddable":true,"href":"https:\/\/vhrc.fr\/en\/wp-json\/wp\/v2\/comments?post=3347"}],"version-history":[{"count":3,"href":"https:\/\/vhrc.fr\/en\/wp-json\/wp\/v2\/pages\/3347\/revisions"}],"predecessor-version":[{"id":9976,"href":"https:\/\/vhrc.fr\/en\/wp-json\/wp\/v2\/pages\/3347\/revisions\/9976"}],"up":[{"embeddable":true,"href":"https:\/\/vhrc.fr\/en\/wp-json\/wp\/v2\/pages\/2268"}],"wp:featuredmedia":[{"embeddable":true,"href":"https:\/\/vhrc.fr\/en\/wp-json\/wp\/v2\/media\/3340"}],"wp:attachment":[{"href":"https:\/\/vhrc.fr\/en\/wp-json\/wp\/v2\/media?parent=3347"}],"curies":[{"name":"wp","href":"https:\/\/api.w.org\/{rel}","templated":true}]}}