{"id":339,"date":"2010-01-19T07:45:09","date_gmt":"2010-01-19T06:45:09","guid":{"rendered":"http:\/\/vhrc.fr\/?page_id=339"},"modified":"2020-01-09T14:33:36","modified_gmt":"2020-01-09T13:33:36","slug":"du-cote-des-usa","status":"publish","type":"page","link":"https:\/\/vhrc.fr\/en\/voitures\/du-cote-des-usa\/","title":{"rendered":"USA 1:4 cars"},"content":{"rendered":"<h1>les USA proposent les voitures \u00e9chelle 1:4 les plus impressionnantes avec un r\u00e9alisme extr\u00eame!<\/h1>\n<div class=\"pt-cv-wrapper\"><div class=\"pt-cv-view pt-cv-grid pt-cv-colsys\" id=\"pt-cv-view-0a8939387b\"><div data-id=\"pt-cv-page-1\" class=\"pt-cv-page\" data-cvc=\"2\"><div class=\"col-md-6 col-sm-6 col-xs-12 pt-cv-content-item pt-cv-1-col\" ><div class='pt-cv-ifield'><a href=\"https:\/\/vhrc.fr\/en\/voitures\/du-cote-des-usa\/the-mini-car-project\/\" class=\"_self pt-cv-href-thumbnail pt-cv-thumb-default\" target=\"_self\" ><img loading=\"lazy\" decoding=\"async\" width=\"400\" height=\"296\" src=\"https:\/\/vhrc.fr\/wp-content\/uploads\/2025\/09\/1963-Corvette-Stingray-RC-Car-FTDEdward-Nunn-400x296.jpg\" class=\"pt-cv-thumbnail\" alt=\"\" srcset=\"https:\/\/vhrc.fr\/wp-content\/uploads\/2025\/09\/1963-Corvette-Stingray-RC-Car-FTDEdward-Nunn-400x296.jpg 400w, https:\/\/vhrc.fr\/wp-content\/uploads\/2025\/09\/1963-Corvette-Stingray-RC-Car-FTDEdward-Nunn-800x592.jpg 800w, https:\/\/vhrc.fr\/wp-content\/uploads\/2025\/09\/1963-Corvette-Stingray-RC-Car-FTDEdward-Nunn-768x568.jpg 768w, https:\/\/vhrc.fr\/wp-content\/uploads\/2025\/09\/1963-Corvette-Stingray-RC-Car-FTDEdward-Nunn-16x12.jpg 16w, https:\/\/vhrc.fr\/wp-content\/uploads\/2025\/09\/1963-Corvette-Stingray-RC-Car-FTDEdward-Nunn.jpg 1000w\" sizes=\"auto, (max-width: 400px) 100vw, 400px\" \/><\/a>\n<h4 class=\"pt-cv-title\"><a href=\"https:\/\/vhrc.fr\/en\/voitures\/du-cote-des-usa\/the-mini-car-project\/\" class=\"_self\" target=\"_self\" >The Mini car project<\/a><\/h4>\n<div class=\"pt-cv-content\">Edward Nunn est un am\u00e9ricain qui a fabriqu\u00e9 plusieurs mod\u00e8les de voitures hyper r\u00e9alistes dont une fameuse Corvette C2 d'apr\u00e8s ...<br \/><div class=\"pt-cv-rmwrap\"><a href=\"https:\/\/vhrc.fr\/en\/voitures\/du-cote-des-usa\/the-mini-car-project\/\" class=\"_self pt-cv-readmore btn btn-success\" target=\"_self\">Lire La Suite\u2026<\/a><\/div><\/div><\/div><\/div>\n<div class=\"col-md-6 col-sm-6 col-xs-12 pt-cv-content-item pt-cv-1-col\" ><div class='pt-cv-ifield'><a href=\"https:\/\/vhrc.fr\/en\/voitures\/du-cote-des-usa\/losi-mini-wrc\/\" class=\"_self pt-cv-href-thumbnail pt-cv-thumb-default\" target=\"_self\" ><img loading=\"lazy\" decoding=\"async\" width=\"400\" height=\"400\" src=\"https:\/\/vhrc.fr\/wp-content\/uploads\/2014\/04\/wrc-mini-LOS05000_a3.jpg\" class=\"pt-cv-thumbnail\" alt=\"\" srcset=\"https:\/\/vhrc.fr\/wp-content\/uploads\/2014\/04\/wrc-mini-LOS05000_a3.jpg 450w, https:\/\/vhrc.fr\/wp-content\/uploads\/2014\/04\/wrc-mini-LOS05000_a3-150x150.jpg 150w, https:\/\/vhrc.fr\/wp-content\/uploads\/2014\/04\/wrc-mini-LOS05000_a3-64x64.jpg 64w, https:\/\/vhrc.fr\/wp-content\/uploads\/2014\/04\/wrc-mini-LOS05000_a3-128x128.jpg 128w, https:\/\/vhrc.fr\/wp-content\/uploads\/2014\/04\/wrc-mini-LOS05000_a3-320x320.jpg 320w\" sizes=\"auto, (max-width: 400px) 100vw, 400px\" \/><\/a>\n<h4 class=\"pt-cv-title\"><a href=\"https:\/\/vhrc.fr\/en\/voitures\/du-cote-des-usa\/losi-mini-wrc\/\" class=\"_self\" target=\"_self\" >Losi Mini WRC<\/a><\/h4>\n<div class=\"pt-cv-content\">les am\u00e9ricains ne savent pas compter! la marque Losi qui a fait ses d\u00e9but avec des 1:10 \u00e9lectriques en 1988.Ils ...<br \/><div class=\"pt-cv-rmwrap\"><a href=\"https:\/\/vhrc.fr\/en\/voitures\/du-cote-des-usa\/losi-mini-wrc\/\" class=\"_self pt-cv-readmore btn btn-success\" target=\"_self\">Lire La Suite\u2026<\/a><\/div><\/div><\/div><\/div>\n<div class=\"col-md-6 col-sm-6 col-xs-12 pt-cv-content-item pt-cv-1-col\" ><div class='pt-cv-ifield'><a href=\"https:\/\/vhrc.fr\/en\/voitures\/du-cote-des-usa\/le-hot-rod-made-in-france-et-son-histoire\/\" class=\"_self pt-cv-href-thumbnail pt-cv-thumb-default\" target=\"_self\" ><img loading=\"lazy\" decoding=\"async\" width=\"400\" height=\"300\" src=\"https:\/\/vhrc.fr\/wp-content\/uploads\/2012\/04\/hotrod_lugia_02-500x375.jpg\" class=\"pt-cv-thumbnail\" alt=\"\" srcset=\"https:\/\/vhrc.fr\/wp-content\/uploads\/2012\/04\/hotrod_lugia_02-500x375.jpg 500w, https:\/\/vhrc.fr\/wp-content\/uploads\/2012\/04\/hotrod_lugia_02.jpg 800w\" sizes=\"auto, (max-width: 400px) 100vw, 400px\" \/><\/a>\n<h4 class=\"pt-cv-title\"><a href=\"https:\/\/vhrc.fr\/en\/voitures\/du-cote-des-usa\/le-hot-rod-made-in-france-et-son-histoire\/\" class=\"_self\" target=\"_self\" >Le Hot Rod RC 1:5 made in France et son histoire<\/a><\/h4>\n<div class=\"pt-cv-content\">Le Hot Rod 1:5\u2026\u2026.Petite Histoire. Provenance\u00a0 Etats Unis , voiture ancienne modifi\u00e9e tant au niveau moteur que de son aspect ...<br \/><div class=\"pt-cv-rmwrap\"><a href=\"https:\/\/vhrc.fr\/en\/voitures\/du-cote-des-usa\/le-hot-rod-made-in-france-et-son-histoire\/\" class=\"_self pt-cv-readmore btn btn-success\" target=\"_self\">Lire La Suite\u2026<\/a><\/div><\/div><\/div><\/div>\n<div class=\"col-md-6 col-sm-6 col-xs-12 pt-cv-content-item pt-cv-1-col\" ><div class='pt-cv-ifield'><a href=\"https:\/\/vhrc.fr\/en\/voitures\/du-cote-des-usa\/ac-cobra-shelby-conley-v8\/\" class=\"_self pt-cv-href-thumbnail pt-cv-thumb-default\" target=\"_self\" ><img loading=\"lazy\" decoding=\"async\" width=\"400\" height=\"266\" src=\"https:\/\/vhrc.fr\/wp-content\/uploads\/2011\/02\/COBRA-_eg002_800-500x333.jpg\" class=\"pt-cv-thumbnail\" alt=\"\" srcset=\"https:\/\/vhrc.fr\/wp-content\/uploads\/2011\/02\/COBRA-_eg002_800-500x333.jpg 500w, https:\/\/vhrc.fr\/wp-content\/uploads\/2011\/02\/COBRA-_eg002_800.jpg 800w\" sizes=\"auto, (max-width: 400px) 100vw, 400px\" \/><\/a>\n<h4 class=\"pt-cv-title\"><a href=\"https:\/\/vhrc.fr\/en\/voitures\/du-cote-des-usa\/ac-cobra-shelby-conley-v8\/\" class=\"_self\" target=\"_self\" >AC Cobra Shelby Conley V8<\/a><\/h4>\n<div class=\"pt-cv-content\">surement une des 5 voitures les plus mythiques du 1:4 ...<br \/><div class=\"pt-cv-rmwrap\"><a href=\"https:\/\/vhrc.fr\/en\/voitures\/du-cote-des-usa\/ac-cobra-shelby-conley-v8\/\" class=\"_self pt-cv-readmore btn btn-success\" target=\"_self\">Lire La Suite\u2026<\/a><\/div><\/div><\/div><\/div>\n<div class=\"col-md-6 col-sm-6 col-xs-12 pt-cv-content-item pt-cv-1-col\" ><div class='pt-cv-ifield'><a href=\"https:\/\/vhrc.fr\/en\/voitures\/du-cote-des-usa\/le-hotrod-ford-32\/\" class=\"_self pt-cv-href-thumbnail pt-cv-thumb-default\" target=\"_self\" ><img loading=\"lazy\" decoding=\"async\" width=\"400\" height=\"300\" src=\"https:\/\/vhrc.fr\/wp-content\/uploads\/ngg_featured\/ford32hotrod__016-500x375.jpg\" class=\"pt-cv-thumbnail\" alt=\"\" srcset=\"https:\/\/vhrc.fr\/wp-content\/uploads\/ngg_featured\/ford32hotrod__016-500x375.jpg 500w, https:\/\/vhrc.fr\/wp-content\/uploads\/ngg_featured\/ford32hotrod__016.jpg 640w\" sizes=\"auto, (max-width: 400px) 100vw, 400px\" \/><\/a>\n<h4 class=\"pt-cv-title\"><a href=\"https:\/\/vhrc.fr\/en\/voitures\/du-cote-des-usa\/le-hotrod-ford-32\/\" class=\"_self\" target=\"_self\" >Hotrod Ford 32<\/a><\/h4>\n<div class=\"pt-cv-content\">qu'elles soient avec V8 conley (50cm3 gav\u00e9s au methanol\/nitromethane) ou avec un simple Zenoah, ces voitures sont vraiment ce qui ...<br \/><div class=\"pt-cv-rmwrap\"><a href=\"https:\/\/vhrc.fr\/en\/voitures\/du-cote-des-usa\/le-hotrod-ford-32\/\" class=\"_self pt-cv-readmore btn btn-success\" target=\"_self\">Lire La Suite\u2026<\/a><\/div><\/div><\/div><\/div><\/div><\/div><\/div>\n<p>voici un dossier sur la Ford 32 Hotrod avec des photos trouv\u00e9es sur ebay et sur le <a href=\"http:\/\/www.quarterscalelegends.com\" target=\"_blank\" rel=\"noopener noreferrer\">forum de Mike Casey Quarterscale Legend<\/a><\/p>\n<p><img decoding=\"async\" class=\"ngg-singlepic ngg-none\" src=\"http:\/\/vhrc.fr\/wp-content\/gallery\/ford32hotrod\/ford32hotrod__016.jpg\" alt=\"Ford 32 au 1\/4\" \/><\/p>\n<figure id=\"attachment_5917\" aria-describedby=\"caption-attachment-5917\" style=\"width: 660px\" class=\"wp-caption alignnone\"><a href=\"http:\/\/vhrc.fr\/wp-content\/uploads\/2015\/03\/vhrc_14_chevrolet_nascar_yankee.jpg\"><img loading=\"lazy\" decoding=\"async\" class=\"wp-image-5917\" src=\"http:\/\/vhrc.fr\/wp-content\/uploads\/2015\/03\/vhrc_14_chevrolet_nascar_yankee-800x439.jpg\" alt=\"chevrolet Monte Carlo Yankee\" width=\"660\" height=\"362\" srcset=\"https:\/\/vhrc.fr\/wp-content\/uploads\/2015\/03\/vhrc_14_chevrolet_nascar_yankee-800x439.jpg 800w, https:\/\/vhrc.fr\/wp-content\/uploads\/2015\/03\/vhrc_14_chevrolet_nascar_yankee-500x274.jpg 500w, https:\/\/vhrc.fr\/wp-content\/uploads\/2015\/03\/vhrc_14_chevrolet_nascar_yankee.jpg 1024w\" sizes=\"auto, (max-width: 660px) 100vw, 660px\" \/><\/a><figcaption id=\"caption-attachment-5917\" class=\"wp-caption-text\">Chevrolet Monte Carlo import\u00e9e par Yankee<\/figcaption><\/figure>\n<figure id=\"attachment_6081\" aria-describedby=\"caption-attachment-6081\" style=\"width: 660px\" class=\"wp-caption alignnone\"><a href=\"http:\/\/vhrc.fr\/wp-content\/uploads\/2010\/01\/pontiac-gtp-14.jpg\"><img loading=\"lazy\" decoding=\"async\" class=\"wp-image-6081\" src=\"http:\/\/vhrc.fr\/wp-content\/uploads\/2010\/01\/pontiac-gtp-14-800x332.jpg\" alt=\"pontiac gtp Nascar au 1:4\" width=\"660\" height=\"274\" srcset=\"https:\/\/vhrc.fr\/wp-content\/uploads\/2010\/01\/pontiac-gtp-14-800x332.jpg 800w, https:\/\/vhrc.fr\/wp-content\/uploads\/2010\/01\/pontiac-gtp-14-500x208.jpg 500w, https:\/\/vhrc.fr\/wp-content\/uploads\/2010\/01\/pontiac-gtp-14.jpg 1622w\" sizes=\"auto, (max-width: 660px) 100vw, 660px\" \/><\/a><figcaption id=\"caption-attachment-6081\" class=\"wp-caption-text\">pontiac gtp Nascar au 1:4<\/figcaption><\/figure>\n<figure id=\"attachment_6083\" aria-describedby=\"caption-attachment-6083\" style=\"width: 500px\" class=\"wp-caption alignnone\"><a href=\"http:\/\/vhrc.fr\/wp-content\/uploads\/2010\/01\/sprint-car-v8-conley-bleu-09.jpg\"><img loading=\"lazy\" decoding=\"async\" class=\"size-full wp-image-6083\" src=\"http:\/\/vhrc.fr\/wp-content\/uploads\/2010\/01\/sprint-car-v8-conley-bleu-09.jpg\" alt=\"les sprint cars sont uniquement r\u00e9serv\u00e9s au course sur Ovale\" width=\"500\" height=\"375\" \/><\/a><figcaption id=\"caption-attachment-6083\" class=\"wp-caption-text\">les sprint cars sont uniquement r\u00e9serv\u00e9s au course sur Ovale<\/figcaption><\/figure>\n<figure id=\"attachment_6084\" aria-describedby=\"caption-attachment-6084\" style=\"width: 500px\" class=\"wp-caption alignnone\"><a href=\"http:\/\/vhrc.fr\/wp-content\/uploads\/2010\/01\/sprint-car-v8-conley-bleu-06.jpg\"><img loading=\"lazy\" decoding=\"async\" class=\"size-full wp-image-6084\" src=\"http:\/\/vhrc.fr\/wp-content\/uploads\/2010\/01\/sprint-car-v8-conley-bleu-06.jpg\" alt=\"sprint car v8 conley bleu\" width=\"500\" height=\"375\" \/><\/a><figcaption id=\"caption-attachment-6084\" class=\"wp-caption-text\">sprint car v8 conley bleu<\/figcaption><\/figure>\n<figure id=\"attachment_6085\" aria-describedby=\"caption-attachment-6085\" style=\"width: 660px\" class=\"wp-caption alignnone\"><a href=\"http:\/\/vhrc.fr\/wp-content\/uploads\/2010\/01\/vhrc-jimmy-delta-01.jpg\"><img loading=\"lazy\" decoding=\"async\" class=\"wp-image-6085\" src=\"http:\/\/vhrc.fr\/wp-content\/uploads\/2010\/01\/vhrc-jimmy-delta-01-800x600.jpg\" alt=\"un prostock au 1:4, dragster ressemblant \u00e0 voiture de s\u00e9rie, par jimmy delta\" width=\"660\" height=\"495\" srcset=\"https:\/\/vhrc.fr\/wp-content\/uploads\/2010\/01\/vhrc-jimmy-delta-01-800x600.jpg 800w, https:\/\/vhrc.fr\/wp-content\/uploads\/2010\/01\/vhrc-jimmy-delta-01-500x375.jpg 500w, https:\/\/vhrc.fr\/wp-content\/uploads\/2010\/01\/vhrc-jimmy-delta-01.jpg 1024w\" sizes=\"auto, (max-width: 660px) 100vw, 660px\" \/><\/a><figcaption id=\"caption-attachment-6085\" class=\"wp-caption-text\">un prostock au 1:4, dragster ressemblant \u00e0 voiture de s\u00e9rie, par jimmy delta<\/figcaption><\/figure>\n<figure id=\"attachment_6086\" aria-describedby=\"caption-attachment-6086\" style=\"width: 660px\" class=\"wp-caption alignnone\"><a href=\"http:\/\/vhrc.fr\/wp-content\/uploads\/2010\/01\/vhrc-jimmy-delta-prostock-02.jpg\"><img loading=\"lazy\" decoding=\"async\" class=\"wp-image-6086\" src=\"http:\/\/vhrc.fr\/wp-content\/uploads\/2010\/01\/vhrc-jimmy-delta-prostock-02-800x600.jpg\" alt=\"un prostock au 1:4, dragster ressemblant \u00e0 voiture de s\u00e9rie, par jimmy delta\" width=\"660\" height=\"495\" srcset=\"https:\/\/vhrc.fr\/wp-content\/uploads\/2010\/01\/vhrc-jimmy-delta-prostock-02-800x600.jpg 800w, https:\/\/vhrc.fr\/wp-content\/uploads\/2010\/01\/vhrc-jimmy-delta-prostock-02-500x375.jpg 500w, https:\/\/vhrc.fr\/wp-content\/uploads\/2010\/01\/vhrc-jimmy-delta-prostock-02.jpg 1024w\" sizes=\"auto, (max-width: 660px) 100vw, 660px\" \/><\/a><figcaption id=\"caption-attachment-6086\" class=\"wp-caption-text\">un prostock au 1:4, dragster ressemblant \u00e0 voiture de s\u00e9rie, par jimmy delta<\/figcaption><\/figure>\n<p><a href=\"http:\/\/www.QSACWest.org\" target=\"_blank\" rel=\"noopener noreferrer\">www.QSACWest.org<\/a> Quarter Scale Auto Club Western Region<\/p>\n<p><a href=\"http:\/\/vhrc.fr\/wp-content\/uploads\/2020\/01\/qsacwest-logo.png\"><img loading=\"lazy\" decoding=\"async\" class=\"alignnone size-medium wp-image-9543\" src=\"http:\/\/vhrc.fr\/wp-content\/uploads\/2020\/01\/qsacwest-logo-400x81.png\" alt=\"\" width=\"400\" height=\"81\" srcset=\"https:\/\/vhrc.fr\/wp-content\/uploads\/2020\/01\/qsacwest-logo-400x81.png 400w, https:\/\/vhrc.fr\/wp-content\/uploads\/2020\/01\/qsacwest-logo-800x163.png 800w, https:\/\/vhrc.fr\/wp-content\/uploads\/2020\/01\/qsacwest-logo-768x156.png 768w, https:\/\/vhrc.fr\/wp-content\/uploads\/2020\/01\/qsacwest-logo.png 984w\" sizes=\"auto, (max-width: 400px) 100vw, 400px\" \/><\/a><br \/>\nwww.FergusonRacing.com<br \/>\nwww.HoodsHobbies.com<br \/>\nhttp:\/\/rc-racing.com\/cgi-bin\/bt\/pist&#8230;=quarter&#038;csel=<br \/>\nhttp:\/\/www.dannysqscale.com\/<br \/>\nhttp:\/\/www.lightningrc.com\/<br \/>\n<a href=\"http:\/\/www.pro1z.com\/\" target=\"_blank\" rel=\"noopener noreferrer\">http:\/\/www.pro1z.com\/<\/a><br \/>\nPro1 Racing<br \/>\nKonawa, OK 74849<br \/>\n(405)584-2510<a href=\"http:\/\/vhrc.fr\/wp-content\/uploads\/2020\/01\/pro1_racing-logo_usa.jpg\"><img loading=\"lazy\" decoding=\"async\" class=\"alignnone size-full wp-image-9544\" src=\"http:\/\/vhrc.fr\/wp-content\/uploads\/2020\/01\/pro1_racing-logo_usa.jpg\" alt=\"\" width=\"160\" height=\"80\" \/><\/a><\/p>\n<p><a href=\"http:\/\/www.wcm-corp.com\/\" target=\"_blank\" rel=\"noopener noreferrer\">http:\/\/www.wcm-corp.com\/<\/a> &gt; <a href=\"https:\/\/wcmracing.com\/\">https:\/\/wcmracing.com\/<\/a><\/p>\n<p>http:\/\/www.quarterscalemtrsports.com\/<br \/>\nhttp:\/\/ksrmotorsports.com\/<br \/>\nhttp:\/\/www.gpracing.de\/1_4_tf_dragster1.htm<br \/>\nhttp:\/\/www.ftx-qs.com\/<br \/>\nhttp:\/\/www.raco.co.at\/cart.html<br \/>\nhttp:\/\/users.cgiforme.com\/dragracing\/cfmboard.html<br \/>\n<a href=\"http:\/\/www.qsac.org\" target=\"_blank\" rel=\"noopener noreferrer\">http:\/\/www.qsac.org<\/a> QSAC Quarter Scale Auto Club &#8211; QSAC | Quarter Scale Auto Club | Remote Control Cars<br \/>\nhttp:\/\/www.minifastcar.com\/templates\/index.php<\/p>","protected":false},"excerpt":{"rendered":"<p>les USA proposent les voitures \u00e9chelle 1:4 les plus impressionnantes avec un r\u00e9alisme extr\u00eame! voici un dossier sur la Ford<\/p>","protected":false},"author":5,"featured_media":6997,"parent":138,"menu_order":0,"comment_status":"open","ping_status":"open","template":"","meta":{"colormag_page_container_layout":"default_layout","colormag_page_sidebar_layout":"default_layout","footnotes":""},"class_list":["post-339","page","type-page","status-publish","has-post-thumbnail","hentry"],"_links":{"self":[{"href":"https:\/\/vhrc.fr\/en\/wp-json\/wp\/v2\/pages\/339","targetHints":{"allow":["GET"]}}],"collection":[{"href":"https:\/\/vhrc.fr\/en\/wp-json\/wp\/v2\/pages"}],"about":[{"href":"https:\/\/vhrc.fr\/en\/wp-json\/wp\/v2\/types\/page"}],"author":[{"embeddable":true,"href":"https:\/\/vhrc.fr\/en\/wp-json\/wp\/v2\/users\/5"}],"replies":[{"embeddable":true,"href":"https:\/\/vhrc.fr\/en\/wp-json\/wp\/v2\/comments?post=339"}],"version-history":[{"count":7,"href":"https:\/\/vhrc.fr\/en\/wp-json\/wp\/v2\/pages\/339\/revisions"}],"predecessor-version":[{"id":9545,"href":"https:\/\/vhrc.fr\/en\/wp-json\/wp\/v2\/pages\/339\/revisions\/9545"}],"up":[{"embeddable":true,"href":"https:\/\/vhrc.fr\/en\/wp-json\/wp\/v2\/pages\/138"}],"wp:featuredmedia":[{"embeddable":true,"href":"https:\/\/vhrc.fr\/en\/wp-json\/wp\/v2\/media\/6997"}],"wp:attachment":[{"href":"https:\/\/vhrc.fr\/en\/wp-json\/wp\/v2\/media?parent=339"}],"curies":[{"name":"wp","href":"https:\/\/api.w.org\/{rel}","templated":true}]}}