{"id":3420,"date":"2012-12-09T23:43:54","date_gmt":"2012-12-09T22:43:54","guid":{"rendered":"http:\/\/vhrc.fr\/?page_id=3420"},"modified":"2025-07-08T09:23:25","modified_gmt":"2025-07-08T08:23:25","slug":"mc-laren-f1-gtr","status":"publish","type":"page","link":"https:\/\/vhrc.fr\/en\/voitures\/laro\/mc-laren-f1-gtr\/","title":{"rendered":"Mc Laren F1 GTR"},"content":{"rendered":"<h1>Mc Laren F1 GTR Laro au 1:4<\/h1>\n<p>mod\u00e8le encore prestigieux qui n&rsquo;a pas \u00e9t\u00e9 commercialis\u00e9 suite \u00e0 la bascule sur le 1:5<\/p>\n<p><a href=\"http:\/\/vhrc.fr\/wp-content\/uploads\/2012\/12\/mclaren-laro.jpg\"><img loading=\"lazy\" decoding=\"async\" class=\"alignnone  wp-image-3422\" title=\"mclaren laro\" src=\"http:\/\/vhrc.fr\/wp-content\/uploads\/2012\/12\/mclaren-laro.jpg\" alt=\"\" width=\"699\" height=\"524\" srcset=\"https:\/\/vhrc.fr\/wp-content\/uploads\/2012\/12\/mclaren-laro.jpg 800w, https:\/\/vhrc.fr\/wp-content\/uploads\/2012\/12\/mclaren-laro-500x375.jpg 500w\" sizes=\"auto, (max-width: 699px) 100vw, 699px\" \/><\/a><\/p>","protected":false},"excerpt":{"rendered":"<p>Mc Laren F1 GTR Laro au 1:4 mod\u00e8le encore prestigieux qui n&rsquo;a pas \u00e9t\u00e9 commercialis\u00e9 suite \u00e0 la bascule sur<\/p>","protected":false},"author":5,"featured_media":3421,"parent":185,"menu_order":0,"comment_status":"closed","ping_status":"closed","template":"","meta":{"colormag_page_container_layout":"default_layout","colormag_page_sidebar_layout":"default_layout","footnotes":""},"class_list":["post-3420","page","type-page","status-publish","has-post-thumbnail","hentry"],"_links":{"self":[{"href":"https:\/\/vhrc.fr\/en\/wp-json\/wp\/v2\/pages\/3420","targetHints":{"allow":["GET"]}}],"collection":[{"href":"https:\/\/vhrc.fr\/en\/wp-json\/wp\/v2\/pages"}],"about":[{"href":"https:\/\/vhrc.fr\/en\/wp-json\/wp\/v2\/types\/page"}],"author":[{"embeddable":true,"href":"https:\/\/vhrc.fr\/en\/wp-json\/wp\/v2\/users\/5"}],"replies":[{"embeddable":true,"href":"https:\/\/vhrc.fr\/en\/wp-json\/wp\/v2\/comments?post=3420"}],"version-history":[{"count":3,"href":"https:\/\/vhrc.fr\/en\/wp-json\/wp\/v2\/pages\/3420\/revisions"}],"predecessor-version":[{"id":6103,"href":"https:\/\/vhrc.fr\/en\/wp-json\/wp\/v2\/pages\/3420\/revisions\/6103"}],"up":[{"embeddable":true,"href":"https:\/\/vhrc.fr\/en\/wp-json\/wp\/v2\/pages\/185"}],"wp:featuredmedia":[{"embeddable":true,"href":"https:\/\/vhrc.fr\/en\/wp-json\/wp\/v2\/media\/3421"}],"wp:attachment":[{"href":"https:\/\/vhrc.fr\/en\/wp-json\/wp\/v2\/media?parent=3420"}],"curies":[{"name":"wp","href":"https:\/\/api.w.org\/{rel}","templated":true}]}}