{"id":3430,"date":"2012-12-10T09:04:32","date_gmt":"2012-12-10T08:04:32","guid":{"rendered":"http:\/\/vhrc.fr\/?page_id=3430"},"modified":"2025-07-08T09:22:17","modified_gmt":"2025-07-08T08:22:17","slug":"f1-williams","status":"publish","type":"page","link":"https:\/\/vhrc.fr\/en\/voitures\/yankee\/f1-williams\/","title":{"rendered":"F1 Williams 94"},"content":{"rendered":"<p>cette premi\u00e8re F1 au 1:4 est sortie avec une d\u00e9co Williams, les pilotes ont reproduit toute la grille de d\u00e9part de l&rsquo;\u00e9poque avec les couleurs des autres \u00e9curies, Ferrari, Ligier, etc&#8230;<\/p>\n<figure id=\"attachment_5830\" aria-describedby=\"caption-attachment-5830\" style=\"width: 363px\" class=\"wp-caption alignnone\"><img loading=\"lazy\" decoding=\"async\" class=\"size-medium wp-image-5830\" src=\"http:\/\/vhrc.fr\/wp-content\/uploads\/2012\/12\/Yankee6-363x500.jpg\" alt=\"F1 yankee  94 nez bas pub USA\" width=\"363\" height=\"500\" srcset=\"https:\/\/vhrc.fr\/wp-content\/uploads\/2012\/12\/Yankee6-363x500.jpg 363w, https:\/\/vhrc.fr\/wp-content\/uploads\/2012\/12\/Yankee6-581x800.jpg 581w, https:\/\/vhrc.fr\/wp-content\/uploads\/2012\/12\/Yankee6.jpg 744w\" sizes=\"auto, (max-width: 363px) 100vw, 363px\" \/><figcaption id=\"caption-attachment-5830\" class=\"wp-caption-text\">F1 yankee 94 nez bas pub USA<\/figcaption><\/figure>\n<figure id=\"attachment_5829\" aria-describedby=\"caption-attachment-5829\" style=\"width: 500px\" class=\"wp-caption alignnone\"><img loading=\"lazy\" decoding=\"async\" class=\"size-medium wp-image-5829\" src=\"http:\/\/vhrc.fr\/wp-content\/uploads\/2012\/12\/vhrc_2014_img_5535_265-500x267.jpg\" alt=\"F1 yankee  94 nez bas Williams FW14 FW15\" width=\"500\" height=\"267\" srcset=\"https:\/\/vhrc.fr\/wp-content\/uploads\/2012\/12\/vhrc_2014_img_5535_265-500x267.jpg 500w, https:\/\/vhrc.fr\/wp-content\/uploads\/2012\/12\/vhrc_2014_img_5535_265.jpg 650w\" sizes=\"auto, (max-width: 500px) 100vw, 500px\" \/><figcaption id=\"caption-attachment-5829\" class=\"wp-caption-text\">F1 yankee 94 nez bas Williams FW14 FW15<\/figcaption><\/figure>\n<figure id=\"attachment_5826\" aria-describedby=\"caption-attachment-5826\" style=\"width: 400px\" class=\"wp-caption alignnone\"><img loading=\"lazy\" decoding=\"async\" class=\"size-full wp-image-5826\" src=\"http:\/\/vhrc.fr\/wp-content\/uploads\/2012\/12\/vhrc_2014_14_f1_ferrari_05.jpg\" alt=\"F1 yankee  94 nez bas ferrari\" width=\"400\" height=\"300\" \/><figcaption id=\"caption-attachment-5826\" class=\"wp-caption-text\">F1 yankee 94 nez bas ferrari<\/figcaption><\/figure>\n<figure id=\"attachment_5827\" aria-describedby=\"caption-attachment-5827\" style=\"width: 500px\" class=\"wp-caption alignnone\"><img loading=\"lazy\" decoding=\"async\" class=\"size-medium wp-image-5827\" src=\"http:\/\/vhrc.fr\/wp-content\/uploads\/2012\/12\/vhrc_2014_yankee-14-ligier-02-500x375.jpg\" alt=\"F1 yankee  94 nez bas ligier\" width=\"500\" height=\"375\" srcset=\"https:\/\/vhrc.fr\/wp-content\/uploads\/2012\/12\/vhrc_2014_yankee-14-ligier-02-500x375.jpg 500w, https:\/\/vhrc.fr\/wp-content\/uploads\/2012\/12\/vhrc_2014_yankee-14-ligier-02.jpg 640w\" sizes=\"auto, (max-width: 500px) 100vw, 500px\" \/><figcaption id=\"caption-attachment-5827\" class=\"wp-caption-text\">F1 yankee 94 nez bas ligier<\/figcaption><\/figure>\n<figure id=\"attachment_5832\" aria-describedby=\"caption-attachment-5832\" style=\"width: 500px\" class=\"wp-caption alignnone\"><img loading=\"lazy\" decoding=\"async\" class=\"wp-image-5832 size-medium\" src=\"http:\/\/vhrc.fr\/wp-content\/uploads\/2012\/12\/vhrc_2014_c5b0a4aba584aebcc22392c98e9e1ce43669441a-500x331.jpg\" alt=\"\" width=\"500\" height=\"331\" srcset=\"https:\/\/vhrc.fr\/wp-content\/uploads\/2012\/12\/vhrc_2014_c5b0a4aba584aebcc22392c98e9e1ce43669441a-500x331.jpg 500w, https:\/\/vhrc.fr\/wp-content\/uploads\/2012\/12\/vhrc_2014_c5b0a4aba584aebcc22392c98e9e1ce43669441a.jpg 672w\" sizes=\"auto, (max-width: 500px) 100vw, 500px\" \/><figcaption id=\"caption-attachment-5832\" class=\"wp-caption-text\">F1 yankee 94 nez bas williams fw16<\/figcaption><\/figure>\n<figure id=\"attachment_3431\" aria-describedby=\"caption-attachment-3431\" style=\"width: 640px\" class=\"wp-caption alignnone\"><a href=\"http:\/\/vhrc.fr\/wp-content\/uploads\/2012\/12\/Yankee-F1-Williams-Renault-kevin.jpg\"><img loading=\"lazy\" decoding=\"async\" class=\"wp-image-3431 size-full\" title=\"Yankee F1 Williams Renault kevin\" src=\"http:\/\/vhrc.fr\/wp-content\/uploads\/2012\/12\/Yankee-F1-Williams-Renault-kevin.jpg\" alt=\"\" width=\"640\" height=\"360\" srcset=\"https:\/\/vhrc.fr\/wp-content\/uploads\/2012\/12\/Yankee-F1-Williams-Renault-kevin.jpg 640w, https:\/\/vhrc.fr\/wp-content\/uploads\/2012\/12\/Yankee-F1-Williams-Renault-kevin-500x281.jpg 500w\" sizes=\"auto, (max-width: 640px) 100vw, 640px\" \/><\/a><figcaption id=\"caption-attachment-3431\" class=\"wp-caption-text\">F1 yankee 94 nez bas Williams FW15<\/figcaption><\/figure>\n<p>premier mod\u00e8le de F1 sortie par Yankee, avec son \u00ab\u00a0nez bas\u00a0\u00bb en 1994<\/p>","protected":false},"excerpt":{"rendered":"<p>cette premi\u00e8re F1 au 1:4 est sortie avec une d\u00e9co Williams, les pilotes ont reproduit toute la grille de d\u00e9part<\/p>","protected":false},"author":5,"featured_media":3431,"parent":183,"menu_order":0,"comment_status":"closed","ping_status":"closed","template":"","meta":{"colormag_page_container_layout":"default_layout","colormag_page_sidebar_layout":"default_layout","footnotes":""},"class_list":["post-3430","page","type-page","status-publish","has-post-thumbnail","hentry"],"_links":{"self":[{"href":"https:\/\/vhrc.fr\/en\/wp-json\/wp\/v2\/pages\/3430","targetHints":{"allow":["GET"]}}],"collection":[{"href":"https:\/\/vhrc.fr\/en\/wp-json\/wp\/v2\/pages"}],"about":[{"href":"https:\/\/vhrc.fr\/en\/wp-json\/wp\/v2\/types\/page"}],"author":[{"embeddable":true,"href":"https:\/\/vhrc.fr\/en\/wp-json\/wp\/v2\/users\/5"}],"replies":[{"embeddable":true,"href":"https:\/\/vhrc.fr\/en\/wp-json\/wp\/v2\/comments?post=3430"}],"version-history":[{"count":5,"href":"https:\/\/vhrc.fr\/en\/wp-json\/wp\/v2\/pages\/3430\/revisions"}],"predecessor-version":[{"id":5833,"href":"https:\/\/vhrc.fr\/en\/wp-json\/wp\/v2\/pages\/3430\/revisions\/5833"}],"up":[{"embeddable":true,"href":"https:\/\/vhrc.fr\/en\/wp-json\/wp\/v2\/pages\/183"}],"wp:featuredmedia":[{"embeddable":true,"href":"https:\/\/vhrc.fr\/en\/wp-json\/wp\/v2\/media\/3431"}],"wp:attachment":[{"href":"https:\/\/vhrc.fr\/en\/wp-json\/wp\/v2\/media?parent=3430"}],"curies":[{"name":"wp","href":"https:\/\/api.w.org\/{rel}","templated":true}]}}