{"id":3439,"date":"2012-12-10T09:15:20","date_gmt":"2012-12-10T08:15:20","guid":{"rendered":"http:\/\/vhrc.fr\/?page_id=3439"},"modified":"2025-07-08T09:23:25","modified_gmt":"2025-07-08T08:23:25","slug":"bycmo","status":"publish","type":"page","link":"https:\/\/vhrc.fr\/en\/voitures\/bycmo\/","title":{"rendered":"Bycmo"},"content":{"rendered":"<p>En Espagne, ce f abriquant a aussi \u00e9t\u00e9 un pr\u00e9curseur des voitures au 1:4.<\/p>\n<p>La plus connue en France a \u00e9t\u00e9 la Citro\u00ebn AX et la BMW E30.<\/p>\n<p><a href=\"http:\/\/vhrc.fr\/wp-content\/uploads\/2012\/12\/citroen_ax_bycmo_avioracing.jpg\"><img loading=\"lazy\" decoding=\"async\" class=\"alignnone wp-image-3440\" title=\"citroen_ax_bycmo_avioracing\" src=\"http:\/\/vhrc.fr\/wp-content\/uploads\/2012\/12\/citroen_ax_bycmo_avioracing.jpg\" alt=\"\" width=\"400\" height=\"268\" srcset=\"https:\/\/vhrc.fr\/wp-content\/uploads\/2012\/12\/citroen_ax_bycmo_avioracing.jpg 800w, https:\/\/vhrc.fr\/wp-content\/uploads\/2012\/12\/citroen_ax_bycmo_avioracing-500x335.jpg 500w\" sizes=\"auto, (max-width: 400px) 100vw, 400px\" \/><\/a><\/p>\n<p><a href=\"http:\/\/vhrc.fr\/wp-content\/uploads\/2012\/12\/1101707_1-6.jpg\"><img loading=\"lazy\" decoding=\"async\" class=\"alignnone wp-image-3442\" title=\"1101707_1-6\" src=\"http:\/\/vhrc.fr\/wp-content\/uploads\/2012\/12\/1101707_1-6.jpg\" alt=\"\" width=\"400\" height=\"300\" srcset=\"https:\/\/vhrc.fr\/wp-content\/uploads\/2012\/12\/1101707_1-6.jpg 558w, https:\/\/vhrc.fr\/wp-content\/uploads\/2012\/12\/1101707_1-6-500x374.jpg 500w\" sizes=\"auto, (max-width: 400px) 100vw, 400px\" \/><\/a><\/p>\n<figure id=\"attachment_5781\" aria-describedby=\"caption-attachment-5781\" style=\"width: 400px\" class=\"wp-caption alignnone\"><img loading=\"lazy\" decoding=\"async\" class=\"wp-image-5781\" src=\"http:\/\/vhrc.fr\/wp-content\/uploads\/2014\/12\/bycmo-bmw-lbc-dec-2014-250\u20ac-500x375.jpg\" alt=\"bycmo bmw lbc dec 2014 250\u20ac\" width=\"400\" height=\"300\" srcset=\"https:\/\/vhrc.fr\/wp-content\/uploads\/2014\/12\/bycmo-bmw-lbc-dec-2014-250\u20ac-500x375.jpg 500w, https:\/\/vhrc.fr\/wp-content\/uploads\/2014\/12\/bycmo-bmw-lbc-dec-2014-250\u20ac.jpg 672w\" sizes=\"auto, (max-width: 400px) 100vw, 400px\" \/><figcaption id=\"caption-attachment-5781\" class=\"wp-caption-text\">ch\u00e2ssis Bycmo (voiture en vente D\u00e9cembre 2014)<\/figcaption><\/figure>\n<h3>Les mod\u00e8les<\/h3>\n<p>[autonav display=\u00a0\u00bbimages\u00a0\u00bb]<\/p>\n<h3>site de la marque: <a href=\"http:\/\/www.bycmo.com\/\">http:\/\/www.bycmo.com\/<\/a><\/h3>\n","protected":false},"excerpt":{"rendered":"<p>En Espagne, ce f abriquant a aussi \u00e9t\u00e9 un pr\u00e9curseur des voitures au 1:4. La plus connue en France a<\/p>","protected":false},"author":5,"featured_media":6137,"parent":138,"menu_order":0,"comment_status":"closed","ping_status":"closed","template":"","meta":{"colormag_page_container_layout":"default_layout","colormag_page_sidebar_layout":"default_layout","footnotes":""},"class_list":["post-3439","page","type-page","status-publish","has-post-thumbnail","hentry"],"_links":{"self":[{"href":"https:\/\/vhrc.fr\/en\/wp-json\/wp\/v2\/pages\/3439","targetHints":{"allow":["GET"]}}],"collection":[{"href":"https:\/\/vhrc.fr\/en\/wp-json\/wp\/v2\/pages"}],"about":[{"href":"https:\/\/vhrc.fr\/en\/wp-json\/wp\/v2\/types\/page"}],"author":[{"embeddable":true,"href":"https:\/\/vhrc.fr\/en\/wp-json\/wp\/v2\/users\/5"}],"replies":[{"embeddable":true,"href":"https:\/\/vhrc.fr\/en\/wp-json\/wp\/v2\/comments?post=3439"}],"version-history":[{"count":6,"href":"https:\/\/vhrc.fr\/en\/wp-json\/wp\/v2\/pages\/3439\/revisions"}],"predecessor-version":[{"id":7790,"href":"https:\/\/vhrc.fr\/en\/wp-json\/wp\/v2\/pages\/3439\/revisions\/7790"}],"up":[{"embeddable":true,"href":"https:\/\/vhrc.fr\/en\/wp-json\/wp\/v2\/pages\/138"}],"wp:featuredmedia":[{"embeddable":true,"href":"https:\/\/vhrc.fr\/en\/wp-json\/wp\/v2\/media\/6137"}],"wp:attachment":[{"href":"https:\/\/vhrc.fr\/en\/wp-json\/wp\/v2\/media?parent=3439"}],"curies":[{"name":"wp","href":"https:\/\/api.w.org\/{rel}","templated":true}]}}