{"id":351,"date":"2010-01-20T07:21:07","date_gmt":"2010-01-20T06:21:07","guid":{"rendered":"http:\/\/vhrc.fr\/?page_id=351"},"modified":"2012-10-26T08:33:54","modified_gmt":"2012-10-26T07:33:54","slug":"la-boite-a-clapet-carbone-du-f7","status":"publish","type":"page","link":"https:\/\/vhrc.fr\/en\/la-technique-des-autos-14\/la-boite-a-clapet-carbone-du-f7\/","title":{"rendered":"la boite \u00e0 clapet carbone du F7"},"content":{"rendered":"<p>vue \u00e9clat\u00e9e de de syst\u00e8me d&rsquo;admission de comp\u00e9tition Yankee<br \/>\n[singlepic id=206 w=800 h=600 float=] boite \u00e0 clapet carbone pour F7 (Fox Motori)<\/p>\n<p><a href=\"http:\/\/vhrc.fr\/wp-content\/uploads\/2010\/01\/tech_boite_clapet_f7-copier.jpg\"><img loading=\"lazy\" decoding=\"async\" class=\"alignnone size-medium wp-image-3133\" title=\"tech_boite_clapet_f7 copier\" src=\"http:\/\/vhrc.fr\/wp-content\/uploads\/2010\/01\/tech_boite_clapet_f7-copier-300x277.jpg\" alt=\"\" width=\"300\" height=\"277\" \/><\/a><\/p>\n","protected":false},"excerpt":{"rendered":"<p>vue \u00e9clat\u00e9e de de syst\u00e8me d&rsquo;admission de comp\u00e9tition Yankee [singlepic id=206 w=800 h=600 float=] boite \u00e0 clapet carbone pour F7<\/p>\n","protected":false},"author":5,"featured_media":3133,"parent":286,"menu_order":0,"comment_status":"open","ping_status":"open","template":"","meta":{"colormag_page_container_layout":"default_layout","colormag_page_sidebar_layout":"default_layout","footnotes":""},"class_list":["post-351","page","type-page","status-publish","has-post-thumbnail","hentry"],"_links":{"self":[{"href":"https:\/\/vhrc.fr\/en\/wp-json\/wp\/v2\/pages\/351","targetHints":{"allow":["GET"]}}],"collection":[{"href":"https:\/\/vhrc.fr\/en\/wp-json\/wp\/v2\/pages"}],"about":[{"href":"https:\/\/vhrc.fr\/en\/wp-json\/wp\/v2\/types\/page"}],"author":[{"embeddable":true,"href":"https:\/\/vhrc.fr\/en\/wp-json\/wp\/v2\/users\/5"}],"replies":[{"embeddable":true,"href":"https:\/\/vhrc.fr\/en\/wp-json\/wp\/v2\/comments?post=351"}],"version-history":[{"count":4,"href":"https:\/\/vhrc.fr\/en\/wp-json\/wp\/v2\/pages\/351\/revisions"}],"predecessor-version":[{"id":354,"href":"https:\/\/vhrc.fr\/en\/wp-json\/wp\/v2\/pages\/351\/revisions\/354"}],"up":[{"embeddable":true,"href":"https:\/\/vhrc.fr\/en\/wp-json\/wp\/v2\/pages\/286"}],"wp:featuredmedia":[{"embeddable":true,"href":"https:\/\/vhrc.fr\/en\/wp-json\/wp\/v2\/media\/3133"}],"wp:attachment":[{"href":"https:\/\/vhrc.fr\/en\/wp-json\/wp\/v2\/media?parent=351"}],"curies":[{"name":"wp","href":"https:\/\/api.w.org\/{rel}","templated":true}]}}