{"id":3557,"date":"2013-01-17T18:50:14","date_gmt":"2013-01-17T17:50:14","guid":{"rendered":"http:\/\/vhrc.fr\/?page_id=3557"},"modified":"2025-07-08T09:22:53","modified_gmt":"2025-07-08T08:22:53","slug":"2013-vhrc-m3-dijon-longvic","status":"publish","type":"page","link":"https:\/\/vhrc.fr\/en\/historique\/vhrc-lhistorique\/2013-vhrc\/2013-vhrc-m3-dijon-longvic\/","title":{"rendered":"2013 M03 Dijon \/ Longvic"},"content":{"rendered":"<p>escapade dans le Nord pour Le VHRC<\/p>\n<figure id=\"attachment_3841\" aria-describedby=\"caption-attachment-3841\" style=\"width: 541px\" class=\"wp-caption alignnone\"><a href=\"http:\/\/vhrc.fr\/wp-content\/uploads\/2013\/04\/AfficheLaBourguignonne2013.jpg\"><img loading=\"lazy\" decoding=\"async\" class=\"size-full wp-image-3841\" alt=\"rencontre vintage RC la Bourgignonne \u00e0 Dijon Longvic\" src=\"http:\/\/vhrc.fr\/wp-content\/uploads\/2013\/04\/AfficheLaBourguignonne2013.jpg\" width=\"541\" height=\"800\" srcset=\"https:\/\/vhrc.fr\/wp-content\/uploads\/2013\/04\/AfficheLaBourguignonne2013.jpg 541w, https:\/\/vhrc.fr\/wp-content\/uploads\/2013\/04\/AfficheLaBourguignonne2013-338x500.jpg 338w\" sizes=\"auto, (max-width: 541px) 100vw, 541px\" \/><\/a><figcaption id=\"caption-attachment-3841\" class=\"wp-caption-text\">rencontre vintage RC la Bourgignonne \u00e0 Dijon Longvic<\/figcaption><\/figure>\n<h1>R\u00e9sum\u00e9<\/h1>\n<h1>Photos<\/h1>\n<p><a href=\"http:\/\/vhrc.fr\/wp-content\/uploads\/2013\/01\/48046_10200638767804819_1196308334_n.jpg\"><img loading=\"lazy\" decoding=\"async\" class=\"alignnone size-full wp-image-3848\" alt=\"48046_10200638767804819_1196308334_n\" src=\"http:\/\/vhrc.fr\/wp-content\/uploads\/2013\/01\/48046_10200638767804819_1196308334_n.jpg\" width=\"960\" height=\"640\" srcset=\"https:\/\/vhrc.fr\/wp-content\/uploads\/2013\/01\/48046_10200638767804819_1196308334_n.jpg 960w, https:\/\/vhrc.fr\/wp-content\/uploads\/2013\/01\/48046_10200638767804819_1196308334_n-500x333.jpg 500w, https:\/\/vhrc.fr\/wp-content\/uploads\/2013\/01\/48046_10200638767804819_1196308334_n-800x533.jpg 800w\" sizes=\"auto, (max-width: 960px) 100vw, 960px\" \/><\/a>\u00a0 <a href=\"http:\/\/vhrc.fr\/wp-content\/uploads\/2013\/01\/405852_10200638801005649_1227012630_n.jpg\"><img loading=\"lazy\" decoding=\"async\" class=\"alignnone size-full wp-image-3850\" alt=\"405852_10200638801005649_1227012630_n\" src=\"http:\/\/vhrc.fr\/wp-content\/uploads\/2013\/01\/405852_10200638801005649_1227012630_n.jpg\" width=\"960\" height=\"720\" srcset=\"https:\/\/vhrc.fr\/wp-content\/uploads\/2013\/01\/405852_10200638801005649_1227012630_n.jpg 960w, https:\/\/vhrc.fr\/wp-content\/uploads\/2013\/01\/405852_10200638801005649_1227012630_n-500x375.jpg 500w, https:\/\/vhrc.fr\/wp-content\/uploads\/2013\/01\/405852_10200638801005649_1227012630_n-800x600.jpg 800w\" sizes=\"auto, (max-width: 960px) 100vw, 960px\" \/><\/a><\/p>\n<figure id=\"attachment_3851\" aria-describedby=\"caption-attachment-3851\" style=\"width: 960px\" class=\"wp-caption alignnone\"><a href=\"http:\/\/vhrc.fr\/wp-content\/uploads\/2013\/01\/603569_10200638800885646_1129345575_n.jpg\"><img loading=\"lazy\" decoding=\"async\" class=\"size-full wp-image-3851\" alt=\"f1 yanke 1:4 vs yankee 1:5 406 peugeot\" src=\"http:\/\/vhrc.fr\/wp-content\/uploads\/2013\/01\/603569_10200638800885646_1129345575_n.jpg\" width=\"960\" height=\"720\" srcset=\"https:\/\/vhrc.fr\/wp-content\/uploads\/2013\/01\/603569_10200638800885646_1129345575_n.jpg 960w, https:\/\/vhrc.fr\/wp-content\/uploads\/2013\/01\/603569_10200638800885646_1129345575_n-500x375.jpg 500w, https:\/\/vhrc.fr\/wp-content\/uploads\/2013\/01\/603569_10200638800885646_1129345575_n-800x600.jpg 800w\" sizes=\"auto, (max-width: 960px) 100vw, 960px\" \/><\/a><figcaption id=\"caption-attachment-3851\" class=\"wp-caption-text\">f1 yanke 1:4 vs yankee 1:5 406 peugeot<\/figcaption><\/figure>\n<figure id=\"attachment_3852\" aria-describedby=\"caption-attachment-3852\" style=\"width: 720px\" class=\"wp-caption alignnone\"><a href=\"http:\/\/vhrc.fr\/wp-content\/uploads\/2013\/01\/922724_331190153674748_728276861_n.jpg\"><img loading=\"lazy\" decoding=\"async\" class=\"size-full wp-image-3852\" alt=\"beau plateau de 1:4\" src=\"http:\/\/vhrc.fr\/wp-content\/uploads\/2013\/01\/922724_331190153674748_728276861_n.jpg\" width=\"720\" height=\"960\" srcset=\"https:\/\/vhrc.fr\/wp-content\/uploads\/2013\/01\/922724_331190153674748_728276861_n.jpg 720w, https:\/\/vhrc.fr\/wp-content\/uploads\/2013\/01\/922724_331190153674748_728276861_n-375x500.jpg 375w, https:\/\/vhrc.fr\/wp-content\/uploads\/2013\/01\/922724_331190153674748_728276861_n-600x800.jpg 600w\" sizes=\"auto, (max-width: 720px) 100vw, 720px\" \/><\/a><figcaption id=\"caption-attachment-3852\" class=\"wp-caption-text\">beau plateau de 1:4<\/figcaption><\/figure>\n<figure id=\"attachment_3853\" aria-describedby=\"caption-attachment-3853\" style=\"width: 960px\" class=\"wp-caption alignnone\"><a href=\"http:\/\/vhrc.fr\/wp-content\/uploads\/2013\/01\/941640_10200638801125652_1294713300_n.jpg\"><img loading=\"lazy\" decoding=\"async\" class=\"size-full wp-image-3853\" alt=\"l'Audi LARO ne court pas les pistes en 2013!\" src=\"http:\/\/vhrc.fr\/wp-content\/uploads\/2013\/01\/941640_10200638801125652_1294713300_n.jpg\" width=\"960\" height=\"720\" srcset=\"https:\/\/vhrc.fr\/wp-content\/uploads\/2013\/01\/941640_10200638801125652_1294713300_n.jpg 960w, https:\/\/vhrc.fr\/wp-content\/uploads\/2013\/01\/941640_10200638801125652_1294713300_n-500x375.jpg 500w, https:\/\/vhrc.fr\/wp-content\/uploads\/2013\/01\/941640_10200638801125652_1294713300_n-800x600.jpg 800w\" sizes=\"auto, (max-width: 960px) 100vw, 960px\" \/><\/a><figcaption id=\"caption-attachment-3853\" class=\"wp-caption-text\">l&rsquo;Audi LARO ne court pas les pistes en 2013!<\/figcaption><\/figure>\n<figure id=\"attachment_3854\" aria-describedby=\"caption-attachment-3854\" style=\"width: 720px\" class=\"wp-caption alignnone\"><a href=\"http:\/\/vhrc.fr\/wp-content\/uploads\/2013\/01\/942090_10200638793005449_87029019_n.jpg\"><img loading=\"lazy\" decoding=\"async\" class=\"size-full wp-image-3854\" alt=\"podium M3 2013 libre\" src=\"http:\/\/vhrc.fr\/wp-content\/uploads\/2013\/01\/942090_10200638793005449_87029019_n.jpg\" width=\"720\" height=\"960\" srcset=\"https:\/\/vhrc.fr\/wp-content\/uploads\/2013\/01\/942090_10200638793005449_87029019_n.jpg 720w, https:\/\/vhrc.fr\/wp-content\/uploads\/2013\/01\/942090_10200638793005449_87029019_n-375x500.jpg 375w, https:\/\/vhrc.fr\/wp-content\/uploads\/2013\/01\/942090_10200638793005449_87029019_n-600x800.jpg 600w\" sizes=\"auto, (max-width: 720px) 100vw, 720px\" \/><\/a><figcaption id=\"caption-attachment-3854\" class=\"wp-caption-text\">podium M3 2013 libre<\/figcaption><\/figure>\n<figure id=\"attachment_3855\" aria-describedby=\"caption-attachment-3855\" style=\"width: 960px\" class=\"wp-caption alignnone\"><a href=\"http:\/\/vhrc.fr\/wp-content\/uploads\/2013\/01\/942640_10200638793805469_404946985_n.jpg\"><img loading=\"lazy\" decoding=\"async\" class=\"size-full wp-image-3855\" alt=\"les participants \u00e0 la m3 2013\" src=\"http:\/\/vhrc.fr\/wp-content\/uploads\/2013\/01\/942640_10200638793805469_404946985_n.jpg\" width=\"960\" height=\"720\" srcset=\"https:\/\/vhrc.fr\/wp-content\/uploads\/2013\/01\/942640_10200638793805469_404946985_n.jpg 960w, https:\/\/vhrc.fr\/wp-content\/uploads\/2013\/01\/942640_10200638793805469_404946985_n-500x375.jpg 500w, https:\/\/vhrc.fr\/wp-content\/uploads\/2013\/01\/942640_10200638793805469_404946985_n-800x600.jpg 800w\" sizes=\"auto, (max-width: 960px) 100vw, 960px\" \/><\/a><figcaption id=\"caption-attachment-3855\" class=\"wp-caption-text\">les participants \u00e0 la m3 2013<\/figcaption><\/figure>\n<figure id=\"attachment_3856\" aria-describedby=\"caption-attachment-3856\" style=\"width: 960px\" class=\"wp-caption alignnone\"><a href=\"http:\/\/vhrc.fr\/wp-content\/uploads\/2013\/01\/942850_10200638795365508_1222777950_n.jpg\"><img loading=\"lazy\" decoding=\"async\" class=\"size-full wp-image-3856\" alt=\"suite des pilotes\" src=\"http:\/\/vhrc.fr\/wp-content\/uploads\/2013\/01\/942850_10200638795365508_1222777950_n.jpg\" width=\"960\" height=\"720\" srcset=\"https:\/\/vhrc.fr\/wp-content\/uploads\/2013\/01\/942850_10200638795365508_1222777950_n.jpg 960w, https:\/\/vhrc.fr\/wp-content\/uploads\/2013\/01\/942850_10200638795365508_1222777950_n-500x375.jpg 500w, https:\/\/vhrc.fr\/wp-content\/uploads\/2013\/01\/942850_10200638795365508_1222777950_n-800x600.jpg 800w\" sizes=\"auto, (max-width: 960px) 100vw, 960px\" \/><\/a><figcaption id=\"caption-attachment-3856\" class=\"wp-caption-text\">suite des pilotes<\/figcaption><\/figure>\n<figure id=\"attachment_3857\" aria-describedby=\"caption-attachment-3857\" style=\"width: 720px\" class=\"wp-caption alignnone\"><a href=\"http:\/\/vhrc.fr\/wp-content\/uploads\/2013\/01\/945217_10200638793405459_753368825_n.jpg\"><img loading=\"lazy\" decoding=\"async\" class=\"size-full wp-image-3857\" alt=\"podium M3 2013 historique\" src=\"http:\/\/vhrc.fr\/wp-content\/uploads\/2013\/01\/945217_10200638793405459_753368825_n.jpg\" width=\"720\" height=\"960\" srcset=\"https:\/\/vhrc.fr\/wp-content\/uploads\/2013\/01\/945217_10200638793405459_753368825_n.jpg 720w, https:\/\/vhrc.fr\/wp-content\/uploads\/2013\/01\/945217_10200638793405459_753368825_n-375x500.jpg 375w, https:\/\/vhrc.fr\/wp-content\/uploads\/2013\/01\/945217_10200638793405459_753368825_n-600x800.jpg 600w\" sizes=\"auto, (max-width: 720px) 100vw, 720px\" \/><\/a><figcaption id=\"caption-attachment-3857\" class=\"wp-caption-text\">podium M3 2013 historique<\/figcaption><\/figure>\n<figure id=\"attachment_3858\" aria-describedby=\"caption-attachment-3858\" style=\"width: 960px\" class=\"wp-caption alignnone\"><a href=\"http:\/\/vhrc.fr\/wp-content\/uploads\/2013\/01\/946071_10200638794645490_347372897_n.jpg\"><img loading=\"lazy\" decoding=\"async\" class=\"size-full wp-image-3858\" alt=\"\u00e0 Longvic avec des Invit\u00e9s\" src=\"http:\/\/vhrc.fr\/wp-content\/uploads\/2013\/01\/946071_10200638794645490_347372897_n.jpg\" width=\"960\" height=\"720\" srcset=\"https:\/\/vhrc.fr\/wp-content\/uploads\/2013\/01\/946071_10200638794645490_347372897_n.jpg 960w, https:\/\/vhrc.fr\/wp-content\/uploads\/2013\/01\/946071_10200638794645490_347372897_n-500x375.jpg 500w, https:\/\/vhrc.fr\/wp-content\/uploads\/2013\/01\/946071_10200638794645490_347372897_n-800x600.jpg 800w\" sizes=\"auto, (max-width: 960px) 100vw, 960px\" \/><\/a><figcaption id=\"caption-attachment-3858\" class=\"wp-caption-text\">\u00e0 Longvic avec des Invit\u00e9s<\/figcaption><\/figure>\n<figure id=\"attachment_3859\" aria-describedby=\"caption-attachment-3859\" style=\"width: 960px\" class=\"wp-caption alignnone\"><a href=\"http:\/\/vhrc.fr\/wp-content\/uploads\/2013\/01\/946940_10200638793925472_1684184428_n.jpg\"><img loading=\"lazy\" decoding=\"async\" class=\"size-full wp-image-3859\" alt=\"les pilotes 1:4\" src=\"http:\/\/vhrc.fr\/wp-content\/uploads\/2013\/01\/946940_10200638793925472_1684184428_n.jpg\" width=\"960\" height=\"720\" srcset=\"https:\/\/vhrc.fr\/wp-content\/uploads\/2013\/01\/946940_10200638793925472_1684184428_n.jpg 960w, https:\/\/vhrc.fr\/wp-content\/uploads\/2013\/01\/946940_10200638793925472_1684184428_n-500x375.jpg 500w, https:\/\/vhrc.fr\/wp-content\/uploads\/2013\/01\/946940_10200638793925472_1684184428_n-800x600.jpg 800w\" sizes=\"auto, (max-width: 960px) 100vw, 960px\" \/><\/a><figcaption id=\"caption-attachment-3859\" class=\"wp-caption-text\">les pilotes 1:4<\/figcaption><\/figure>\n<figure id=\"attachment_3849\" aria-describedby=\"caption-attachment-3849\" style=\"width: 300px\" class=\"wp-caption alignnone\"><a href=\"http:\/\/vhrc.fr\/wp-content\/uploads\/2013\/01\/282242_10200638762204679_1176531331_n.jpg\"><img loading=\"lazy\" decoding=\"async\" class=\"size-medium wp-image-3849\" alt=\"Raymond a la p\u00e8che!\" src=\"http:\/\/vhrc.fr\/wp-content\/uploads\/2013\/01\/282242_10200638762204679_1176531331_n-300x200.jpg\" width=\"300\" height=\"200\" \/><\/a><figcaption id=\"caption-attachment-3849\" class=\"wp-caption-text\">Raymond a la p\u00e8che!<\/figcaption><\/figure>\n<h1>R\u00e9sultats<\/h1>\n<p><a href=\"http:\/\/vhrc.fr\/wp-content\/uploads\/2013\/01\/R\u00e9sultats-VHRC-2013-m3.pdf\">R\u00e9sultats VHRC 2013 m3<\/a><a href=\"http:\/\/vhrc.fr\/wp-content\/uploads\/2013\/01\/R\u00e9sultats-VHRC-2013-m3.pdf\"><img loading=\"lazy\" decoding=\"async\" class=\"alignnone size-full wp-image-994\" alt=\"E_PDF\" src=\"http:\/\/vhrc.fr\/wp-content\/uploads\/2010\/06\/E_PDF.png\" width=\"107\" height=\"107\" srcset=\"https:\/\/vhrc.fr\/wp-content\/uploads\/2010\/06\/E_PDF.png 107w, https:\/\/vhrc.fr\/wp-content\/uploads\/2010\/06\/E_PDF-64x64.png 64w\" sizes=\"auto, (max-width: 107px) 100vw, 107px\" \/><\/a><\/p>\n<h1>Vid\u00e9os<\/h1>\n<p><iframe loading=\"lazy\" title=\"Bourguignonne 2013  Longvic - Finale A 1\/4\" width=\"800\" height=\"450\" src=\"https:\/\/www.youtube.com\/embed\/Rl7VvwuF6Wg?feature=oembed\" frameborder=\"0\" allow=\"accelerometer; autoplay; encrypted-media; gyroscope; picture-in-picture\" allowfullscreen><\/iframe><br \/>\n<iframe loading=\"lazy\" title=\"Bouguignonne 2013  Longvic - Finale B 1\/4\" width=\"800\" height=\"450\" src=\"https:\/\/www.youtube.com\/embed\/kiAtMG4BUk8?feature=oembed\" frameborder=\"0\" allow=\"accelerometer; autoplay; encrypted-media; gyroscope; picture-in-picture\" allowfullscreen><\/iframe><\/p>\n<h1>Pilotes Inscrits au 19 Avril<\/h1>\n<ol>\n<li><span style=\"color: #ff0000;\">Julien Nouveau<\/span><\/li>\n<li><span style=\"color: #ff0000;\">Gilles Bouisson<\/span><\/li>\n<li><span style=\"color: #ff0000;\">Axel Bouisson<br \/>\n<\/span><\/li>\n<li><span style=\"color: #ff0000;\">Ellen Dr\u00f4ne<\/span><\/li>\n<li><span style=\"color: #ff0000;\">Pascal Godin<\/span><\/li>\n<li>Daniel Begou certifi\u00e9<\/li>\n<li>J.L.Fresneda certifi\u00e9<\/li>\n<li>Lugia certifi\u00e9<\/li>\n<li>Brice Giardini certifi\u00e9<\/li>\n<li>J.P. Boissonnade\u00a0 certifi\u00e9<\/li>\n<\/ol>\n<p>&nbsp;<\/p>\n<p>http:\/\/www.mrcl-longvic.fr\/<\/p>\n<p>ALC LONGVIC\/MRC M. LE BONNIEC<br \/>\nCh\u00e2teau de Longvic<br \/>\n7 rue Aristide BRIAND<br \/>\n21600 LONGVIC<br \/>\nchateau.longvic at alc.asso.fr<\/p>\n<p>https:\/\/maps.google.fr\/maps?q=47.288374,5.054627&#038;ll=47.288017,5.053652&#038;spn=0.004101,0.008256&#038;num=1&#038;t=h&#038;gl=fr&#038;z=18<\/p>\n<p><a href=\"http:\/\/vhrc.fr\/wp-content\/uploads\/2013\/01\/Piste-Longvic-4.jpg\"><img loading=\"lazy\" decoding=\"async\" class=\"alignnone size-full wp-image-3558\" title=\"Piste Longvic 4\" alt=\"\" src=\"http:\/\/vhrc.fr\/wp-content\/uploads\/2013\/01\/Piste-Longvic-4.jpg\" width=\"403\" height=\"403\" srcset=\"https:\/\/vhrc.fr\/wp-content\/uploads\/2013\/01\/Piste-Longvic-4.jpg 403w, https:\/\/vhrc.fr\/wp-content\/uploads\/2013\/01\/Piste-Longvic-4-150x150.jpg 150w, https:\/\/vhrc.fr\/wp-content\/uploads\/2013\/01\/Piste-Longvic-4-64x64.jpg 64w, https:\/\/vhrc.fr\/wp-content\/uploads\/2013\/01\/Piste-Longvic-4-128x128.jpg 128w, https:\/\/vhrc.fr\/wp-content\/uploads\/2013\/01\/Piste-Longvic-4-320x320.jpg 320w\" sizes=\"auto, (max-width: 403px) 100vw, 403px\" \/><\/a><\/p>\n<p>&nbsp;<\/p>\n<p>L&rsquo;adresse pour toute correspondance: ALC Longvic MRCL &#8211; Micka\u00ebl le<\/p>\n<p>Bonniec &#8211; Ch\u00e2teau de Longvic &#8211; 7 rue Aristide Briand &#8211; 21600<\/p>\n<p>Longvic<\/p>\n<p>L&rsquo;adresse du circuit:<\/p>\n<p>Z.I boulevard des Industries &#8211; 21600 Longvic<\/p>\n<p>Coordonn\u00e9es GPS :<\/p>\n<p>Longitude 05\u00b0 03&prime; 18&Prime; E<\/p>\n<p>Latitude 47\u00b0 17&prime; 17&Prime; N<\/p>\n<p>Site WEB: http:\/\/www.alc-longvic-mrcl.fr\/<\/p>\n<p>Longueur de la piste: 285m &#8211; Largeur de la piste: 4m50<\/p>\n<p>Photos du circuit en PJ et une vid\u00e9o (camion 1:5)<\/p>\n<p><iframe loading=\"lazy\" title=\"Roulage 1 Aout 2012 piste vitesse.MP4\" width=\"800\" height=\"600\" src=\"https:\/\/www.youtube.com\/embed\/oMvENSs5EtI?feature=oembed\" frameborder=\"0\" allow=\"accelerometer; autoplay; encrypted-media; gyroscope; picture-in-picture\" allowfullscreen><\/iframe><\/p>\n<p>Philippe Noirot, l&rsquo;homme du comptage, souhaiterait avoir les noms et n\u00b0 de puce des pilotes participants<\/p>\n<h2>au plus tard le 24 avril.<\/h2>\n<p>Pilotes du VHRC : Pour une bonne mise en place, l&rsquo;organisation : vous informe \u00e0 l\u2019avance et vous demande votre projet de participation \u00e0 cette manche.<\/p>\n<p>Vous demande si : oui ou non\u2026\u2026..vous serez pr\u00e9sent.<\/p>\n<p>Je vous demanderais de faire l\u2019effort de r\u00e9pondre m\u00eame dans la n\u00e9gative\u2026\u2026\u2026Pour le respect de l\u2019organisation\u2026\u2026.. LUGIA.<\/p>\n<p><a href=\"http:\/\/vhrc.fr\/wp-content\/uploads\/2013\/04\/Piste-vitesse2.jpg\"><img loading=\"lazy\" decoding=\"async\" class=\"alignnone size-full wp-image-3842\" alt=\"Piste vitesse2\" src=\"http:\/\/vhrc.fr\/wp-content\/uploads\/2013\/04\/Piste-vitesse2.jpg\" width=\"879\" height=\"659\" srcset=\"https:\/\/vhrc.fr\/wp-content\/uploads\/2013\/04\/Piste-vitesse2.jpg 1024w, https:\/\/vhrc.fr\/wp-content\/uploads\/2013\/04\/Piste-vitesse2-500x375.jpg 500w, https:\/\/vhrc.fr\/wp-content\/uploads\/2013\/04\/Piste-vitesse2-800x600.jpg 800w\" sizes=\"auto, (max-width: 879px) 100vw, 879px\" \/><\/a><\/p>\n<p>Nouveau circuit en 2013\u2026\u2026\u2026\u2026..infos communiqu\u00e9es par ELLEN secr\u00e9taire du VHRC 2013..<\/p>","protected":false},"excerpt":{"rendered":"<p>escapade dans le Nord pour Le VHRC R\u00e9sum\u00e9 Photos \u00a0 R\u00e9sultats R\u00e9sultats VHRC 2013 m3 Vid\u00e9os Pilotes Inscrits au 19<\/p>","protected":false},"author":5,"featured_media":3558,"parent":3507,"menu_order":0,"comment_status":"closed","ping_status":"closed","template":"","meta":{"colormag_page_container_layout":"default_layout","colormag_page_sidebar_layout":"default_layout","footnotes":""},"class_list":["post-3557","page","type-page","status-publish","has-post-thumbnail","hentry"],"_links":{"self":[{"href":"https:\/\/vhrc.fr\/en\/wp-json\/wp\/v2\/pages\/3557","targetHints":{"allow":["GET"]}}],"collection":[{"href":"https:\/\/vhrc.fr\/en\/wp-json\/wp\/v2\/pages"}],"about":[{"href":"https:\/\/vhrc.fr\/en\/wp-json\/wp\/v2\/types\/page"}],"author":[{"embeddable":true,"href":"https:\/\/vhrc.fr\/en\/wp-json\/wp\/v2\/users\/5"}],"replies":[{"embeddable":true,"href":"https:\/\/vhrc.fr\/en\/wp-json\/wp\/v2\/comments?post=3557"}],"version-history":[{"count":13,"href":"https:\/\/vhrc.fr\/en\/wp-json\/wp\/v2\/pages\/3557\/revisions"}],"predecessor-version":[{"id":9968,"href":"https:\/\/vhrc.fr\/en\/wp-json\/wp\/v2\/pages\/3557\/revisions\/9968"}],"up":[{"embeddable":true,"href":"https:\/\/vhrc.fr\/en\/wp-json\/wp\/v2\/pages\/3507"}],"wp:featuredmedia":[{"embeddable":true,"href":"https:\/\/vhrc.fr\/en\/wp-json\/wp\/v2\/media\/3558"}],"wp:attachment":[{"href":"https:\/\/vhrc.fr\/en\/wp-json\/wp\/v2\/media?parent=3557"}],"curies":[{"name":"wp","href":"https:\/\/api.w.org\/{rel}","templated":true}]}}