{"id":3567,"date":"2013-01-17T20:45:38","date_gmt":"2013-01-17T19:45:38","guid":{"rendered":"http:\/\/vhrc.fr\/?page_id=3567"},"modified":"2025-07-08T09:22:53","modified_gmt":"2025-07-08T08:22:53","slug":"2013-m5-besancon","status":"publish","type":"page","link":"https:\/\/vhrc.fr\/en\/historique\/vhrc-lhistorique\/2013-vhrc\/2013-m5-besancon\/","title":{"rendered":"2013 M05 Besan\u00e7on"},"content":{"rendered":"<h1>la 5e manche du VHRC \u00e0<\/h1>\n<h1>C.A.R.BESAN\u00c7ON<\/h1>\n<p><a href=\"http:\/\/vhrc.fr\/wp-content\/uploads\/2013\/01\/Affiche-CAR-Besan\u00e7on.jpg\"><img loading=\"lazy\" decoding=\"async\" class=\"alignnone size-full wp-image-3870\" alt=\"Affiche CAR Besan\u00e7on\" src=\"http:\/\/vhrc.fr\/wp-content\/uploads\/2013\/01\/Affiche-CAR-Besan\u00e7on.jpg\" width=\"262\" height=\"369\" \/><\/a><\/p>\n<p>051 CLUB D&rsquo;AUTOS R\/C DE BESANCON<\/p>\n<p>M. DEMESMAY<\/p>\n<p>47 Grande Rue<\/p>\n<p>25690 AVOUDREY<\/p>\n<p>carbesancon at free.fr<\/p>\n<p>06 88 63 57 78 * * * * E<\/p>\n<p>Route de Besan\u00e7on<\/p>\n<p>25410 POUILLEY-Fran\u00e7ais<\/p>\n<p>(croisement N 73 \/ D 233 )<\/p>\n<p>http:\/\/www.carbesancon.free.fr\/<\/p>\n<p><a href=\"http:\/\/vhrc.fr\/wp-content\/uploads\/2013\/01\/carbesancon-piste.jpg\"><img loading=\"lazy\" decoding=\"async\" class=\"alignnone size-full wp-image-3708\" alt=\"carbesancon piste\" src=\"http:\/\/vhrc.fr\/wp-content\/uploads\/2013\/01\/carbesancon-piste.jpg\" width=\"600\" height=\"221\" srcset=\"https:\/\/vhrc.fr\/wp-content\/uploads\/2013\/01\/carbesancon-piste.jpg 600w, https:\/\/vhrc.fr\/wp-content\/uploads\/2013\/01\/carbesancon-piste-500x184.jpg 500w\" sizes=\"auto, (max-width: 600px) 100vw, 600px\" \/><\/a><\/p>\n<h1>R\u00e9sum\u00e9 par R\u00e9mi<\/h1>\n<p>Week-end de courses Vintage \u00e0 Besan\u00e7on pour les 30 ans du Club<\/p>\n<p>&nbsp;<\/p>\n<p>Samedi 8 juin : essai Libre pour 7 pilotes : Jean-Louis, Jean-Paul, Ellen, Daniel, Patrick A, Julien N et R\u00e9mi<\/p>\n<p>&nbsp;<\/p>\n<p>Dimanche 9 juin : 10 pilotes sont pr\u00e9sents, dont 3 pilotes ext\u00e9rieurs au VHRC rouleront avec nous : Yannick, Gilles B et Xavier B ; les historiques et les libres rouleront ensembles, mais le classement sera bien entendu s\u00e9par\u00e9 en fin de journ\u00e9e<\/p>\n<p>&nbsp;<\/p>\n<p>La matin : 3 qualifications de 10 minutes<\/p>\n<p>Jean-Louis : r\u00e9alisera 24 tours en 10 min 14<\/p>\n<p>Jean-Paul : r\u00e9alisera 25 tours en 10 min 11<\/p>\n<p>Ellen : r\u00e9alisera 19 tours en 10 min 25<\/p>\n<p>Daniel : r\u00e9alisera 20 tours en 10 min 01<\/p>\n<p>Patrick A : probl\u00e8me de servos et d&rsquo;\u00e9lectronique l&#8217;emp\u00eacheront de rouler pendant les qualifications<\/p>\n<p>Julien N : r\u00e9alisera 20 tours en 10 min 15<\/p>\n<p>R\u00e9mi : r\u00e9alisera 23 tours 10 min 23<\/p>\n<p>Xavier B : r\u00e9alisera 21 tours en 10 min 05<\/p>\n<p>Gilles B : r\u00e9alisera 22 tours en 10 min 22<\/p>\n<p>Yannick : r\u00e9alisera 12 tours en 10 min<\/p>\n<p>&nbsp;<\/p>\n<p>Meilleur temps par pilote :<\/p>\n<p>Jean-Louis : 24.56<\/p>\n<p>Jean-Paul : 23.74<\/p>\n<p>Ellen : 27.44<\/p>\n<p>Daniel : 27.24<\/p>\n<p>Patrick A : &#8212;<\/p>\n<p>Julien N : 26.93<\/p>\n<p>R\u00e9mi : 25.99<\/p>\n<p>Xavier B : 25.98<\/p>\n<p>Gilles B : 26.79<\/p>\n<p>Yannick : 30.36<\/p>\n<p>&nbsp;<\/p>\n<p>L&rsquo;apr\u00e8s-midi : 3 finales de 15 minutes<\/p>\n<p>Grille de d\u00e9part : Jean-Paul, Jean-Louis, R\u00e9mi, Gilles B, Xavier B, Daniel, Julien N, Ellen, Yannick et Patrick A<\/p>\n<p>Finale 1<\/p>\n<p>Jean-Paul : finira 1er avec 36 tours en 15 min 23<\/p>\n<p>Jean-Louis : finira 9\u00e8me avec 26 tours en 15 min 21<\/p>\n<p>R\u00e9mi : finira 2\u00e8me avec 33 tours en 15 min 00<\/p>\n<p>Gilles B : finira 3\u00e8me avec 33 tours en 15 min 22<\/p>\n<p>Xavier B : finira 6\u00e8me avec 30 tours en 15 min 07<\/p>\n<p>Daniel : finira 5\u00e8me avec 32 tours en 15 min 06<\/p>\n<p>Julien N : finira 7\u00e8me avec 30 tours en 15 min 20<\/p>\n<p>Ellen : finira 4\u00e8me avec 32 tours en 15 min 04<\/p>\n<p>Yannick : finira 8\u00e8me avec 26 tours en 15 min 10<\/p>\n<p>Patrick A : finira 10\u00e8me avec 20 tours en 15 min 11<\/p>\n<p>&nbsp;<\/p>\n<p>Pluie juste avant la 2\u00e8me finale : certain ont opt\u00e9 pour des pneus pluies, et d&rsquo;autres pour des pneus normaux ; la piste a vite s\u00e9ch\u00e9 et la pluie a cess\u00e9 rapidement<\/p>\n<p>Finale 2<\/p>\n<p>Jean-Paul : finira 1er avec 35 tours en 15 min 01<\/p>\n<p>Jean-Louis : finira 9\u00e8me avec 1 tours : accrochage au d\u00e9part l&#8217;emp\u00eachant de continuer<\/p>\n<p>R\u00e9mi : finira 2\u00e8me avec 34 tours en 15 min 19<\/p>\n<p>Gilles B : finira 3\u00e8me avec 32 tours en 15 min 06<\/p>\n<p>Xavier B : finira 8\u00e8me avec 18 tours en 15 min 00<\/p>\n<p>Daniel : finira 6\u00e8me avec 29 tours en 15 min 00<\/p>\n<p>Julien N : finira 4\u00e8me avec 31 tours en 15 min 31<\/p>\n<p>Ellen : finira 5\u00e8me avec 30 tours en 15 min 22<\/p>\n<p>Yannick : finira 7\u00e8me avec 25 tours en 15 min 27<\/p>\n<p>Patrick A : ne roulera pas<\/p>\n<p>&nbsp;<\/p>\n<p>Finale 3<\/p>\n<p>Jean-Paul : finira 1er avec 36 tours en 15 min 13<\/p>\n<p>Jean-Louis : finira 3\u00e8me avec 34 tours en 15 min 19<\/p>\n<p>R\u00e9mi : finira 2\u00e8me avec 34 tours en 15 min 03<\/p>\n<p>Gilles B : finira 6\u00e8me avec 31 tours en 15 min 28<\/p>\n<p>Xavier B : finira 7\u00e8me avec 28 tours en 15 min 02<\/p>\n<p>Daniel : finira 5\u00e8me avec 32 tours en 15 min 27<\/p>\n<p>Julien N : finira 4\u00e8me avec 32 tours en 15 min 17<\/p>\n<p>Ellen : finira 8\u00e8me avec 25 tours en 15 min 03<\/p>\n<p>Yannick : finira 10\u00e8me avec 10 tours en 15 min 00<\/p>\n<p>Patrick A : finira 9\u00e8me avec 21 tours en 15 min 23<\/p>\n<p>&nbsp;<\/p>\n<p>Meilleur temps par pilote :<\/p>\n<p>Jean-Paul : 24.21<a href=\"http:\/\/vhrc.fr\/wp-content\/uploads\/2013\/01\/vhrc-2013-besanconi-2013-06-10_00001.jpg\"><img loading=\"lazy\" decoding=\"async\" class=\"alignnone size-medium wp-image-4175\" alt=\"vhrc 2013 besanconi-2013-06-10_00001\" src=\"http:\/\/vhrc.fr\/wp-content\/uploads\/2013\/01\/vhrc-2013-besanconi-2013-06-10_00001-300x225.jpg\" width=\"300\" height=\"225\" \/><\/a><\/p>\n<p>Jean-Louis : 24.86<\/p>\n<p>R\u00e9mi : 25.73<\/p>\n<p>Gilles B : 26.56<\/p>\n<p>Xavier B : 26.42<\/p>\n<p>Daniel : 27.23<\/p>\n<p>Julien N : 27.66<\/p>\n<p>Ellen : 26.74<\/p>\n<p>Yannick : 28.96<\/p>\n<p>Patrick A : 32.30<\/p>\n<p>&nbsp;<\/p>\n<p>Je vous donne le classement annonc\u00e9 le jour de la course :<\/p>\n<p>ATTENTION : ce classement prend en compte que les positions des deux meilleures finales<\/p>\n<p>Habituellement, nous prenons le nombre de tours des deux meilleurs finales<\/p>\n<p>&nbsp;<\/p>\n<p>Classement G\u00e9n\u00e9ral :<\/p>\n<p>Jean-Paul, R\u00e9mi, Gilles, Julien, Ellen, Daniel, Jean-Louis, Xavier, Yannick, et Patrick<\/p>\n<p><a href=\"http:\/\/vhrc.fr\/wp-content\/uploads\/2013\/01\/vhrc-2013-besanconi-2013-06-10_00003.jpg\"><img loading=\"lazy\" decoding=\"async\" class=\"alignnone size-medium wp-image-4177\" alt=\"vhrc 2013 besanconi-2013-06-10_00003\" src=\"http:\/\/vhrc.fr\/wp-content\/uploads\/2013\/01\/vhrc-2013-besanconi-2013-06-10_00003-300x225.jpg\" width=\"300\" height=\"225\" \/><\/a><\/p>\n<p>Classement VHRC :<\/p>\n<p>Historique : R\u00e9mi, Julien, Ellen, Daniel, et Patrick<\/p>\n<p>Libre : Jean-Paul, et Jean-Louis<\/p>\n<p><a href=\"http:\/\/vhrc.fr\/wp-content\/uploads\/2013\/01\/vhrc-2013-besanconi-2013-06-10_00002.jpg\"><img loading=\"lazy\" decoding=\"async\" class=\"alignnone size-medium wp-image-4176\" alt=\"vhrc 2013 besanconi-2013-06-10_00002\" src=\"http:\/\/vhrc.fr\/wp-content\/uploads\/2013\/01\/vhrc-2013-besanconi-2013-06-10_00002-300x225.jpg\" width=\"300\" height=\"225\" \/><\/a><\/p>\n<p>&nbsp;<\/p>\n<p>&nbsp;<\/p>\n<p>Voici le classement en prenant le nombre de tours des deux meilleurs finales :<\/p>\n<p>&nbsp;<\/p>\n<p>Classement G\u00e9n\u00e9ral :<\/p>\n<p>Jean-Paul, R\u00e9mi, Gilles, Daniel, Julien, Ellen, Jean-Louis, Xavier, Yannick et Patrick<\/p>\n<p>&nbsp;<\/p>\n<p>Classement VHRC :<\/p>\n<p>Historique : R\u00e9mi, Daniel, Julien, Ellen, et Patrick<\/p>\n<p>Libre : Jean-Paul, et Jean-Louis<\/p>\n<p>&nbsp;<\/p>\n<p>Ce classement modifie la position de Daniel qui passe 2nd au lieu de 4\u00e8me, la position de Julien qui passe 3\u00e8me au lieu de 2nd, et la position de Ellen qui passe 4\u00e8me au lieu de 3\u00e8me.<\/p>\n<p><a href=\"http:\/\/vhrc.fr\/wp-content\/uploads\/2013\/01\/vhrc-2013-besanconi-2013-06-11_00004.jpg\"><img loading=\"lazy\" decoding=\"async\" class=\"alignnone size-medium wp-image-4178\" alt=\"vhrc 2013 besanconi-2013-06-11_00004\" src=\"http:\/\/vhrc.fr\/wp-content\/uploads\/2013\/01\/vhrc-2013-besanconi-2013-06-11_00004-207x300.jpg\" width=\"207\" height=\"300\" \/><\/a><\/p>\n<p>Je dois consulter Luc G. afin de d\u00e9cider quel classement on prend, sachant que celui donn\u00e9 le jour de la course n&rsquo;est pas coh\u00e9rent avec la fa\u00e7on habituelle d&rsquo;\u00e9tablir ce classement.<br \/>\nVoil\u00e0 les vid\u00e9os :<\/p>\n<p>Voil\u00e0 les vid\u00e9os :<\/p>\n<p>Qualifications :<br \/>\n<iframe loading=\"lazy\" title=\"VHRC Qualification Groupe A 1\/4 Historique Besan\u00e7on 2013\" width=\"800\" height=\"600\" src=\"https:\/\/www.youtube.com\/embed\/toGiOQX39ZE?feature=oembed\" frameborder=\"0\" allow=\"accelerometer; autoplay; encrypted-media; gyroscope; picture-in-picture\" allowfullscreen><\/iframe><\/p>\n<p>Finale 3 :<br \/>\n<iframe loading=\"lazy\" title=\"VHRC Finale 3 1\/4 Historique-Libre Besan\u00e7on 2013\" width=\"800\" height=\"600\" src=\"https:\/\/www.youtube.com\/embed\/g3YSSVQu31E?feature=oembed\" frameborder=\"0\" allow=\"accelerometer; autoplay; encrypted-media; gyroscope; picture-in-picture\" allowfullscreen><\/iframe><\/p>\n<h2>inscriptions<\/h2>\n<h2><a href=\"http:\/\/vhrc.fr\/wp-content\/uploads\/2013\/01\/inscription-Besan\u00e7on-M5-vhrc-05-.06.2013.CORRIGE.pdf\">PDF inscription Besan\u00e7on M5 vhrc 05 .06.2013.CORRIGE<\/a><a href=\"http:\/\/vhrc.fr\/wp-content\/uploads\/2013\/01\/inscription-Besan\u00e7on-M5-vhrc-05-.06.2013.CORRIGE.pdf\"><img loading=\"lazy\" decoding=\"async\" class=\"alignnone size-full wp-image-994\" alt=\"E_PDF\" src=\"http:\/\/vhrc.fr\/wp-content\/uploads\/2010\/06\/E_PDF.png\" width=\"107\" height=\"107\" srcset=\"https:\/\/vhrc.fr\/wp-content\/uploads\/2010\/06\/E_PDF.png 107w, https:\/\/vhrc.fr\/wp-content\/uploads\/2010\/06\/E_PDF-64x64.png 64w\" sizes=\"auto, (max-width: 107px) 100vw, 107px\" \/><\/a><\/h2>\n<p><a href=\"http:\/\/vhrc.fr\/wp-content\/uploads\/2013\/01\/254583_1962587677265_1620039994_1955311_5173428_n.jpg\"><img loading=\"lazy\" decoding=\"async\" class=\"alignnone size-full wp-image-3709\" alt=\"piste besancon\" src=\"http:\/\/vhrc.fr\/wp-content\/uploads\/2013\/01\/254583_1962587677265_1620039994_1955311_5173428_n.jpg\" width=\"720\" height=\"480\" srcset=\"https:\/\/vhrc.fr\/wp-content\/uploads\/2013\/01\/254583_1962587677265_1620039994_1955311_5173428_n.jpg 720w, https:\/\/vhrc.fr\/wp-content\/uploads\/2013\/01\/254583_1962587677265_1620039994_1955311_5173428_n-500x333.jpg 500w\" sizes=\"auto, (max-width: 720px) 100vw, 720px\" \/><\/a><\/p>\n<h1>les inscrits au 26 mai<\/h1>\n<p>-Daniel B\u00e9gou. \u2026\u2026\u2026\u2026\u2026\u2026. .Ford GT40\u2026\u2026\u2026\u2026\u2026\u2026\u2026\u2026\u2026\u2026\u2026.068839\u2026\u2026\u20264840307<\/p>\n<p>-J p.Boissonnade\u2026\u2026\u2026\u2026\u2026. .Morris Cooper\u2026\u2026\u2026\u2026\u2026\u2026\u2026\u2026. 002590\u2026\u2026\u20268074601<\/p>\n<p>-Gilles Bertin\u2026\u2026\u2026\u2026\u2026\u2026\u2026\u2026 invit\u00e9 ,\u00e9tait pr\u00e9sent \u00e0 Dijon 032061\u2026\u2026..8309670<\/p>\n<p>&#8211;Xavier Bertin\u2026\u2026\u2026\u2026\u2026\u2026\u2026\u2026invit\u00e9 ,\u00e9tait pr\u00e9sent \u00e0 Dijon. 073057\u2026\u2026..8223659<\/p>\n<p>-Jean Louis Fresneda\u2026\u2026\u2026\u2026.Morris Cooper\u2026\u2026\u2026\u2026\u2026\u2026\u2026\u2026..029540\u2026\u2026\u20266090247<\/p>\n<p>-Julien Nouveau\u2026\u2026\u2026\u2026\u2026\u2026\u2026Porsche 930\u2026\u2026\u2026\u2026\u2026\u2026\u2026\u2026\u2026\u2026071177\u2026\u2026\u20262874373<\/p>\n<p>-Ellen Dr\u00f4ne\u2026\u2026\u2026\u2026\u2026\u2026\u2026\u2026\u2026Porsche 930\u2026\u2026\u2026\u2026\u2026\u2026\u2026\u2026\u2026\u2026.070524\u2026\u2026..8242623<\/p>\n<p>-R\u00e9mi Coronas\u2026\u2026\u2026\u2026\u2026\u2026\u2026..Porsche 930\u2026\u2026\u2026\u2026\u2026\u2026\u2026\u2026\u2026\u2026053250\u2026\u2026..5328612<\/p>\n<p>-Patrick Aubort\u2026\u2026\u2026\u2026\u2026\u2026\u2026.Bmw M3\u2026\u2026\u2026\u2026\u2026\u2026\u2026\u2026\u2026\u2026\u2026..037737\u2026\u2026..2789475<\/p>\n<p>&nbsp;<\/p>","protected":false},"excerpt":{"rendered":"<p>la 5e manche du VHRC \u00e0 C.A.R.BESAN\u00c7ON 051 CLUB D&rsquo;AUTOS R\/C DE BESANCON M. DEMESMAY 47 Grande Rue 25690 AVOUDREY<\/p>","protected":false},"author":5,"featured_media":3708,"parent":3507,"menu_order":0,"comment_status":"closed","ping_status":"closed","template":"","meta":{"colormag_page_container_layout":"default_layout","colormag_page_sidebar_layout":"default_layout","footnotes":""},"class_list":["post-3567","page","type-page","status-publish","has-post-thumbnail","hentry"],"_links":{"self":[{"href":"https:\/\/vhrc.fr\/en\/wp-json\/wp\/v2\/pages\/3567","targetHints":{"allow":["GET"]}}],"collection":[{"href":"https:\/\/vhrc.fr\/en\/wp-json\/wp\/v2\/pages"}],"about":[{"href":"https:\/\/vhrc.fr\/en\/wp-json\/wp\/v2\/types\/page"}],"author":[{"embeddable":true,"href":"https:\/\/vhrc.fr\/en\/wp-json\/wp\/v2\/users\/5"}],"replies":[{"embeddable":true,"href":"https:\/\/vhrc.fr\/en\/wp-json\/wp\/v2\/comments?post=3567"}],"version-history":[{"count":10,"href":"https:\/\/vhrc.fr\/en\/wp-json\/wp\/v2\/pages\/3567\/revisions"}],"predecessor-version":[{"id":9970,"href":"https:\/\/vhrc.fr\/en\/wp-json\/wp\/v2\/pages\/3567\/revisions\/9970"}],"up":[{"embeddable":true,"href":"https:\/\/vhrc.fr\/en\/wp-json\/wp\/v2\/pages\/3507"}],"wp:featuredmedia":[{"embeddable":true,"href":"https:\/\/vhrc.fr\/en\/wp-json\/wp\/v2\/media\/3708"}],"wp:attachment":[{"href":"https:\/\/vhrc.fr\/en\/wp-json\/wp\/v2\/media?parent=3567"}],"curies":[{"name":"wp","href":"https:\/\/api.w.org\/{rel}","templated":true}]}}