{"id":360,"date":"2010-01-23T16:00:40","date_gmt":"2010-01-23T15:00:40","guid":{"rendered":"http:\/\/vhrc.fr\/?page_id=360"},"modified":"2025-07-08T09:21:22","modified_gmt":"2025-07-08T08:21:22","slug":"1995-gp-villeneuve","status":"publish","type":"page","link":"https:\/\/vhrc.fr\/en\/historique\/vhrc-lhistorique\/1995-gp-villeneuve\/","title":{"rendered":"1995 GP Villeneuve"},"content":{"rendered":"<h2>Les pilotes villeneuvois sont pr\u00eats.<\/h2>\n<p>Le mod\u00e9lisme auto et l&rsquo;association Villeneuv&rsquo;models organisent les 29 et 30 juin 1995 ,leur septi\u00e8me grand prix,place du March\u00e9. Ce sera comme pour les pr\u00e9c\u00e9dentes \u00e9ditions la f\u00eate des sports m\u00e9caniques autos qui sera suivie par de nombreux passionn\u00e9s.Beaucoup de pilotes de l&rsquo;as-<br \/>\nsociation villeneuvoise seront en lice dont certains participeront pour la premi\u00e8re fois,d&rsquo;autres plus chevronn\u00e9s et exp\u00e9riment\u00e9s n&rsquo;ont pas rat\u00e9 un seul grand prix, comme Brice Giardini ou Marc Coronas (sept participations). Les Villeneuvois au d\u00e9part : Sylvain Chabaud (Lancia Delta),Paul Bonnet (5 turbo), Gilles Bouisson (Porsche 930), J\u00e9r\u00f4me Chantron (Porsche 930),Dominique Godomez (Porsche 930), Marc Cornonas (Bugatti EB 110), Brice Giardini\u00a0\u00a0 \u00a0(Venturi).\u00a0\u00a0 \u00a0Patrick Jammes, seulement \u00e2g\u00e9 de huit ans, et bien s\u00fbr le plus jeune pilote de l&rsquo;\u00e9quipe, il participera sur un Spider 905.<\/p>\n<figure id=\"attachment_361\" aria-describedby=\"caption-attachment-361\" style=\"width: 947px\" class=\"wp-caption alignnone\"><a href=\"http:\/\/vhrc.fr\/wp-content\/uploads\/2010\/01\/villeneuve_7gp-1995_1600.png\"><img loading=\"lazy\" decoding=\"async\" class=\"size-large wp-image-361\" title=\"villeneuve_7gp-1995_1600\" src=\"http:\/\/vhrc.fr\/wp-content\/uploads\/2010\/01\/villeneuve_7gp-1995_1600-947x1024.png\" alt=\"Les pilotes villeneuvois sont pr\u00eats.\" width=\"947\" height=\"1024\" \/><\/a><figcaption id=\"caption-attachment-361\" class=\"wp-caption-text\">Les pilotes villeneuvois sont pr\u00eats.<\/figcaption><\/figure>","protected":false},"excerpt":{"rendered":"<p>Les pilotes villeneuvois sont pr\u00eats. Le mod\u00e9lisme auto et l&rsquo;association Villeneuv&rsquo;models organisent les 29 et 30 juin 1995 ,leur septi\u00e8me<\/p>","protected":false},"author":5,"featured_media":8742,"parent":686,"menu_order":0,"comment_status":"open","ping_status":"open","template":"","meta":{"colormag_page_container_layout":"default_layout","colormag_page_sidebar_layout":"default_layout","footnotes":""},"class_list":["post-360","page","type-page","status-publish","has-post-thumbnail","hentry"],"_links":{"self":[{"href":"https:\/\/vhrc.fr\/en\/wp-json\/wp\/v2\/pages\/360","targetHints":{"allow":["GET"]}}],"collection":[{"href":"https:\/\/vhrc.fr\/en\/wp-json\/wp\/v2\/pages"}],"about":[{"href":"https:\/\/vhrc.fr\/en\/wp-json\/wp\/v2\/types\/page"}],"author":[{"embeddable":true,"href":"https:\/\/vhrc.fr\/en\/wp-json\/wp\/v2\/users\/5"}],"replies":[{"embeddable":true,"href":"https:\/\/vhrc.fr\/en\/wp-json\/wp\/v2\/comments?post=360"}],"version-history":[{"count":6,"href":"https:\/\/vhrc.fr\/en\/wp-json\/wp\/v2\/pages\/360\/revisions"}],"predecessor-version":[{"id":8743,"href":"https:\/\/vhrc.fr\/en\/wp-json\/wp\/v2\/pages\/360\/revisions\/8743"}],"up":[{"embeddable":true,"href":"https:\/\/vhrc.fr\/en\/wp-json\/wp\/v2\/pages\/686"}],"wp:featuredmedia":[{"embeddable":true,"href":"https:\/\/vhrc.fr\/en\/wp-json\/wp\/v2\/media\/8742"}],"wp:attachment":[{"href":"https:\/\/vhrc.fr\/en\/wp-json\/wp\/v2\/media?parent=360"}],"curies":[{"name":"wp","href":"https:\/\/api.w.org\/{rel}","templated":true}]}}