{"id":366,"date":"2010-01-23T18:14:00","date_gmt":"2010-01-23T17:14:00","guid":{"rendered":"http:\/\/vhrc.fr\/?page_id=366"},"modified":"2020-01-30T17:29:30","modified_gmt":"2020-01-30T16:29:30","slug":"1999-le-mont-ventoux","status":"publish","type":"page","link":"https:\/\/vhrc.fr\/en\/historique\/les-courses-de-cote\/1999-le-mont-ventoux\/","title":{"rendered":"1999 le Mont Ventoux"},"content":{"rendered":"<p style=\"margin: 4.8px 0px 0px; background-color: #ffffff; text-align: center; text-indent: 0px; line-height: normal;\"><span style=\"font-family: Times New Roman,serif; font-style: normal; font-weight: bold; font-size: 19.8pt; letter-spacing: -1.13pt;\">Des mod\u00e9listes <span style=\"font-family: Bookman Old Style; vertical-align: super;\">1<\/span>\/4 \u00e0 l&rsquo;assaut du<br \/>\n<span style=\"letter-spacing: 0.37pt;\">VENTOUX <\/span><\/span><\/p>\n<p style=\"margin: 74.4px 4.8px 0px 0px; background-color: #ffffff; text-align: justify; text-indent: 0px; line-height: normal;\"><span style=\"font-family: Times New Roman,serif; font-style: normal; font-weight: normal; font-size: 12.6pt; letter-spacing: 0.37pt;\">Les <strong>19 et 20 juin 1999<\/strong>, dans le cadre de la course du Ventoux, organis\u00e9 par l&rsquo;ASAC <span style=\"letter-spacing: -0.38pt;\">VAUCLUSIEN, trois pilotes auto \u00e9chelle <\/span><span style=\"font-family: Bookman Old Style; letter-spacing: -0.38pt; vertical-align: super;\">1<\/span><span style=\"letter-spacing: -0.38pt;\">\/4 du Club Villeneuv&rsquo; Models vont participer \u00e0 cette <\/span><span style=\"letter-spacing: -0.38pt;\">manifestation. <\/span><\/span><\/p>\n<p style=\"margin: 0px 4.8px 31.2px 0px; background-color: #ffffff; text-align: justify; text-indent: 0px; line-height: normal;\"><span style=\"font-family: Times New Roman,serif; font-style: normal; font-weight: normal; font-size: 12.6pt; letter-spacing: 0.37pt;\">Cela va \u00eatre une premi\u00e8re en Vaucluse, nos mod\u00e9listes vont changer leurs habitudes de <span style=\"letter-spacing: 0.37pt;\">pilotage, car ils vont diriger leur auto assis dans une voiture afin de suivre le trac\u00e9 de la course <\/span><span style=\"letter-spacing: -0.38pt;\">de c\u00f4te du Ventoux. <\/span><\/span><\/p>\n<p style=\"margin: 0px 4.8px 31.2px 0px; background-color: #ffffff; text-align: justify; text-indent: 0px; line-height: normal;\"><span style=\"font-family: Times New Roman,serif; font-style: normal; font-weight: normal; font-size: 12.6pt; letter-spacing: 0.37pt;\"><span style=\"letter-spacing: -0.38pt;\"><a href=\"http:\/\/vhrc.fr\/wp-content\/uploads\/2010\/01\/ventoux99_Picture11.jpg\"><img loading=\"lazy\" decoding=\"async\" class=\"alignnone size-medium wp-image-368\" title=\"ventoux99_Picture1\" src=\"http:\/\/vhrc.fr\/wp-content\/uploads\/2010\/01\/ventoux99_Picture11-300x144.jpg\" alt=\"ventoux99_Picture1\" width=\"300\" height=\"144\" \/><\/a><\/span><\/span><\/p>\n<p style=\"margin: 4.8px 0px 0px; background-color: #ffffff; text-align: center; text-indent: 0px; line-height: normal;\"><span style=\"font-family: Verdana,sans-serif; font-style: italic; font-weight: bold; font-size: 9.5pt; letter-spacing: -0.38pt;\"><span style=\"text-decoration: underline;\">Les pilotes : <\/span><\/span><\/p>\n<p style=\"margin: 21.6px 0px 0px; background-color: #ffffff; text-align: center; text-indent: 0px; line-height: normal;\"><span style=\"font-family: Times New Roman,serif; font-style: normal; font-weight: normal; font-size: 12.6pt; letter-spacing: 0.37pt;\">Hadrien COMTAT <span style=\"font-style: normal; font-weight: bold; font-size: 11.5pt;\">Spider 905 PEUGEOT,<br \/>\n<\/span><span style=\"letter-spacing: -0.38pt;\">accompagn\u00e9 de :<br \/>\n<\/span><span style=\"letter-spacing: 0.37pt;\">Thierry VAXELAIRE &#8211; <\/span><span style=\"font-style: normal; font-weight: bold; font-size: 11.5pt; letter-spacing: 0.37pt;\">R5 TURBO 1. <\/span><\/span><\/p>\n<p style=\"margin: 21.6px 0px 0px; background-color: #ffffff; text-align: center; text-indent: 0px; line-height: normal;\"><span style=\"font-family: Times New Roman,serif; font-style: normal; font-weight: normal; font-size: 12.6pt; letter-spacing: 0.37pt;\">J\u00e9rome CHANTRON &#8211; <span style=\"font-style: normal; font-weight: bold; font-size: 11.5pt;\">Venturi le Mans, <\/span>accompagn\u00e9<br \/>\n<span style=\"letter-spacing: 0.37pt;\">de<br \/>\n<\/span><span style=\"letter-spacing: 0.37pt;\">Luc GIARDINI &#8211; <\/span><span style=\"font-style: normal; font-weight: bold; font-size: 11.5pt; letter-spacing: 0.37pt;\">Super 5 GT TURBO. <\/span><\/span><\/p>\n<p style=\"margin: 19.2px 0px 0px; background-color: #ffffff; text-align: center; text-indent: 0px; line-height: normal;\"><span style=\"font-family: Times New Roman,serif; font-style: normal; font-weight: normal; font-size: 12.6pt; letter-spacing: 0.37pt;\">Brice GIARDINI &#8211; <span style=\"font-style: normal; font-weight: bold; font-size: 11.5pt;\">F1, <\/span>accompagn\u00e9 de:<br \/>\n<span style=\"letter-spacing: 0.37pt;\">S\u00e9verin MISITANO &#8211; <\/span><span style=\"font-style: normal; font-weight: bold; font-size: 11.5pt; letter-spacing: 0.37pt;\">LANCIA Delta int\u00e9grale. <\/span><\/span><\/p>\n<p style=\"margin: 19.2px 0px 0px; background-color: #ffffff; text-align: center; text-indent: 0px; line-height: normal;\"><span style=\"font-family: Times New Roman,serif; font-style: normal; font-weight: normal; font-size: 12.6pt; letter-spacing: 0.37pt;\"><span style=\"font-style: normal; font-weight: bold; font-size: 11.5pt; letter-spacing: 0.37pt;\">[singlepic id=211 w=640 h=640 float=]<br \/>\n<\/span><\/span><\/p>\n<h3 style=\"margin: 19.2px 0px 12px; background-color: #ffffff; text-align: center; text-indent: 0px; line-height: normal;\"><span style=\"font-family: Times New Roman,serif; font-style: normal; font-weight: normal; font-size: 12.6pt; letter-spacing: 0.37pt;\">Un spectacle nouveau \u00e0 d\u00e9couvrir sur les pentes du <span style=\"letter-spacing: -0.38pt;\">g\u00e9ant de Vaucluse. <\/span><\/span><\/h3>\n<p style=\"text-align: center;\"><span style=\"font-family: Times New Roman,serif; font-style: normal; font-weight: normal; font-size: 12.6pt; letter-spacing: 0.37pt;\"><span style=\"letter-spacing: -0.38pt;\">[nggallery id=19]<br \/>\n<\/span><\/span><\/p>\n","protected":false},"excerpt":{"rendered":"<p>Des mod\u00e9listes 1\/4 \u00e0 l&rsquo;assaut du VENTOUX Les 19 et 20 juin 1999, dans le cadre de la course du<\/p>","protected":false},"author":5,"featured_media":368,"parent":364,"menu_order":0,"comment_status":"open","ping_status":"closed","template":"","meta":{"colormag_page_container_layout":"default_layout","colormag_page_sidebar_layout":"default_layout","footnotes":""},"class_list":["post-366","page","type-page","status-publish","has-post-thumbnail","hentry"],"_links":{"self":[{"href":"https:\/\/vhrc.fr\/en\/wp-json\/wp\/v2\/pages\/366","targetHints":{"allow":["GET"]}}],"collection":[{"href":"https:\/\/vhrc.fr\/en\/wp-json\/wp\/v2\/pages"}],"about":[{"href":"https:\/\/vhrc.fr\/en\/wp-json\/wp\/v2\/types\/page"}],"author":[{"embeddable":true,"href":"https:\/\/vhrc.fr\/en\/wp-json\/wp\/v2\/users\/5"}],"replies":[{"embeddable":true,"href":"https:\/\/vhrc.fr\/en\/wp-json\/wp\/v2\/comments?post=366"}],"version-history":[{"count":6,"href":"https:\/\/vhrc.fr\/en\/wp-json\/wp\/v2\/pages\/366\/revisions"}],"predecessor-version":[{"id":9574,"href":"https:\/\/vhrc.fr\/en\/wp-json\/wp\/v2\/pages\/366\/revisions\/9574"}],"up":[{"embeddable":true,"href":"https:\/\/vhrc.fr\/en\/wp-json\/wp\/v2\/pages\/364"}],"wp:featuredmedia":[{"embeddable":true,"href":"https:\/\/vhrc.fr\/en\/wp-json\/wp\/v2\/media\/368"}],"wp:attachment":[{"href":"https:\/\/vhrc.fr\/en\/wp-json\/wp\/v2\/media?parent=366"}],"curies":[{"name":"wp","href":"https:\/\/api.w.org\/{rel}","templated":true}]}}