{"id":37,"date":"2011-05-02T12:40:47","date_gmt":"2011-05-02T11:40:47","guid":{"rendered":"http:\/\/vhrc.fr\/?page_id=37"},"modified":"2025-07-08T09:22:17","modified_gmt":"2025-07-08T08:22:17","slug":"contact","status":"publish","type":"page","link":"https:\/\/vhrc.fr\/en\/contact\/","title":{"rendered":"z contactez nous ICI!"},"content":{"rendered":"<h3>si vous avez une question ou des informations et photos \u00e0 partager&#8230;<\/h3>\n<p><!--cforms name=\"vhrc simple\"--><\/p>\n<p>&nbsp;<\/p>\n<h1>Site h\u00e9berg\u00e9 par 1&amp;1<\/h1>\n<p><a href=\"http:\/\/1and1.fr\/xml\/order?k_id=19685084\" target=\"_blank\"><img loading=\"lazy\" decoding=\"async\" src=\"http:\/\/adimg.uimserv.net\/1und1\/Werbemittel_FR\/wh_an_250x250.gif\" alt=\"\" width=\"250\" height=\"250\" border=\"0\" \/><\/a><\/p>","protected":false},"excerpt":{"rendered":"<p>si vous avez une question ou des informations et photos \u00e0 partager&#8230; &nbsp; Site h\u00e9berg\u00e9 par 1&amp;1<\/p>","protected":false},"author":5,"featured_media":0,"parent":0,"menu_order":0,"comment_status":"open","ping_status":"open","template":"","meta":{"colormag_page_container_layout":"default_layout","colormag_page_sidebar_layout":"default_layout","footnotes":""},"class_list":["post-37","page","type-page","status-publish","hentry"],"_links":{"self":[{"href":"https:\/\/vhrc.fr\/en\/wp-json\/wp\/v2\/pages\/37","targetHints":{"allow":["GET"]}}],"collection":[{"href":"https:\/\/vhrc.fr\/en\/wp-json\/wp\/v2\/pages"}],"about":[{"href":"https:\/\/vhrc.fr\/en\/wp-json\/wp\/v2\/types\/page"}],"author":[{"embeddable":true,"href":"https:\/\/vhrc.fr\/en\/wp-json\/wp\/v2\/users\/5"}],"replies":[{"embeddable":true,"href":"https:\/\/vhrc.fr\/en\/wp-json\/wp\/v2\/comments?post=37"}],"version-history":[{"count":13,"href":"https:\/\/vhrc.fr\/en\/wp-json\/wp\/v2\/pages\/37\/revisions"}],"predecessor-version":[{"id":5622,"href":"https:\/\/vhrc.fr\/en\/wp-json\/wp\/v2\/pages\/37\/revisions\/5622"}],"wp:attachment":[{"href":"https:\/\/vhrc.fr\/en\/wp-json\/wp\/v2\/media?parent=37"}],"curies":[{"name":"wp","href":"https:\/\/api.w.org\/{rel}","templated":true}]}}