{"id":3726,"date":"2013-03-19T13:14:55","date_gmt":"2013-03-19T12:14:55","guid":{"rendered":"http:\/\/vhrc.fr\/?page_id=3726"},"modified":"2025-07-08T09:22:53","modified_gmt":"2025-07-08T08:22:53","slug":"2013-m07-baho","status":"publish","type":"page","link":"https:\/\/vhrc.fr\/en\/historique\/vhrc-lhistorique\/2013-vhrc\/2013-m07-baho\/","title":{"rendered":"2013 M07 Baho"},"content":{"rendered":"<h1>15 Septembre 2013 \u00e0 Perpignan \/ baho<\/h1>\n<p>Dimanche 15 Septembre \u00e0 Baho (Perpignan 66)<br \/>\nLes pilotes du VHRC arriveront t\u00f4t au circuit ; deux absents Luc et Julien N ne feront pas le d\u00e9placement.<\/p>\n<figure id=\"attachment_9329\" aria-describedby=\"caption-attachment-9329\" style=\"width: 640px\" class=\"wp-caption alignnone\"><img loading=\"lazy\" decoding=\"async\" class=\"size-large wp-image-9329\" src=\"http:\/\/vhrc.fr\/wp-content\/uploads\/2019\/12\/Screenshot_4-800x537.jpg\" alt=\"baho 2013\" width=\"640\" height=\"430\" srcset=\"https:\/\/vhrc.fr\/wp-content\/uploads\/2019\/12\/Screenshot_4-800x537.jpg 800w, https:\/\/vhrc.fr\/wp-content\/uploads\/2019\/12\/Screenshot_4-400x269.jpg 400w, https:\/\/vhrc.fr\/wp-content\/uploads\/2019\/12\/Screenshot_4-768x516.jpg 768w, https:\/\/vhrc.fr\/wp-content\/uploads\/2019\/12\/Screenshot_4.jpg 834w\" sizes=\"auto, (max-width: 640px) 100vw, 640px\" \/><figcaption id=\"caption-attachment-9329\" class=\"wp-caption-text\">baho 2013<\/figcaption><\/figure>\n<p>En Historique, nous avons : Julien V, R\u00e9mi C, Gilles B, et Daniel B.<br \/>\nEn Libre, nous avons : Jean-Louis F, Jean-Paul B, Julien V, Daniel B, Axel B, et R\u00e9mi C.<\/p>\n<h2>Au programme de la matin\u00e9e : 3 manches de 5 minutes de qualifs pour chaque cat\u00e9gorie<\/h2>\n<p>Libre : (cat\u00e9gorie Mini)<br \/>\nJean-Louis : fera 3 belles qualifs lui donnant la p\u00f4le position ; 13 tours en 5 min 09<br \/>\nJean-Paul : roulera avec son mulet, et cherchera l&rsquo;accroche ; 13 tours en 5 min 10<br \/>\nAxel : rencontrera des probl\u00e8mes de suspension avant ; 12 tours en 5 min 25<br \/>\nJulien V : probl\u00e8me de suspension avant ; travaillera sur le train avant afin de le rendre plus ferme ; 11 tours en 5 min 09<br \/>\nR\u00e9mi : r\u00e9glage du train avant, et cherchera l&rsquo;accroche toute la matin\u00e9e ; 11 tours en 5 min 04<br \/>\nDaniel : se r\u00e9gale avec sa mini ; roulera fort, et fera 13 tours en 5 min 19<br \/>\nTemps par pilote :<br \/>\nJean-Louis : 22.99<br \/>\nJean-Paul : 23.04<br \/>\nAxel : 25.43<br \/>\nJulien : 25.62<br \/>\nR\u00e9mi : 24.32<br \/>\nDaniel : 23.61<br \/>\nHistorique :<br \/>\nJulien V : essayera plusieurs pneus avant ; trouvera un bon compromis, et roulera fort ; 12 tours en 5 min 07<br \/>\nDaniel : la ch\u00e2ssis de la GT40 a pris du ventre durant l&rsquo;\u00e9t\u00e9 ; Daniel r\u00e8glera la garde au sol ; 12 tours en 5 min 18<br \/>\nGilles : cherchera l&rsquo;accroche, et r\u00e8glera son carrossage avant ; 11 tours en 5 min 07<br \/>\nR\u00e9mi : changera de pneus avant afin d&rsquo;avoir de l&rsquo;accroche ; 13 tours en 5 min 18<br \/>\nTemps par pilote :<br \/>\nJulien V : 23.94<br \/>\nDaniel : 25.47<br \/>\nGilles : 26.21<br \/>\nR\u00e9mi : 23.36<br \/>\nClassement apr\u00e8s les 3 qualifs :<br \/>\nLibre : Jean-Louis, Jean-Paul, Daniel, Axel, R\u00e9mi, et Julien<br \/>\nHistoriques : R\u00e9mi, Julien, Daniel, et Gilles<\/p>\n<h2>Les Finales : 3 manches de finales de 10 minutes<\/h2>\n<p>Libre : Finale 1<br \/>\nJean-Louis : 26 tours en 10 min 14 ; se battra avec Jean-Paul pour conserver sa 1\u00e8re place; finira 1er<br \/>\nJean-Paul : 26 tours en 10 min 16 ; 2nd<br \/>\nAxel : 18 tours en 10 min 25 ; 5\u00e8me<br \/>\nJulien : 22 tours en 10 min 10 ; 4\u00e8me<br \/>\nR\u00e9mi : 24 tours en 10 min 21 ; 3\u00e8me<br \/>\nDaniel : 14 tours en 10 min 13 ; perdra une vis de la fus\u00e9e avant gauche ; finira 6\u00e8me<br \/>\nFinale 2<br \/>\nJean-Louis : 26 tours en 10 min 08 ; se mettra hors de port\u00e9 du 2nd, et finira 1er<br \/>\nJean-Paul : 25 tours en 10 min 00 ; se battra avec R\u00e9mi pour la 2\u00e8me place ; finira 3\u00e8me<br \/>\nAxel : 24 tours en 10 min 18 ; fera une tr\u00e8s belle course ; finira 4\u00e8me<br \/>\nJulien : 22 tours en 10 min 14 ; 5\u00e8me<br \/>\nR\u00e9mi : 25 tours en 10 min 00 ; finira coll\u00e9 \u00e0 Jean-Paul ; finira 2nd<br \/>\nDaniel : 13 tours en 10 min 00 ; la vis de la fus\u00e9e s&rsquo;est desserr\u00e9e une nouvelle fois ; finira 6\u00e8me<br \/>\nFinale 3<br \/>\nJean-Louis : 26 tours en 10 min 14 ; se battra avec R\u00e9mi : perdra la 1\u00e8re place, mais la r\u00e9cup\u00e8rera en fin de course ; 1er<br \/>\nJean-Paul : 26 tours en 10 min 18 ; se plaindra de l&rsquo;accroche ; 2nd<br \/>\nAxel : 24 tours en 10 min 17 ; 5\u00e8me<br \/>\nJulien : 22 tours en 10 min 10 ; 6\u00e8me<br \/>\nR\u00e9mi : 26 tours en 10 min 19 ; perdra 2 places en fin de course : pneus arri\u00e8res HS ; finira 3\u00e8me<br \/>\nDaniel : 25 tours en 10 min 24 ; la vis de la fus\u00e9e chang\u00e9e, et la mini roule \u00e0 nouveau ! Finira 4\u00e8me<br \/>\nTemps par pilote :<br \/>\nJean-Louis : 22.41<br \/>\nJean-Paul : 21.72<br \/>\nAxel : 24.06<br \/>\nJulien : 23.89<br \/>\nR\u00e9mi : 22.33<br \/>\nDaniel : 23.76<br \/>\nHistorique : Finale 1<br \/>\nJulien V : 24 tours en 10 min 06 ; 2nd<br \/>\nDaniel : 1 tours ; s&rsquo;accrochera avec Julien dans le 2\u00e8me tours, l&rsquo;obligeant \u00e0 s&rsquo;arr\u00eater : vis de la fus\u00e9e arrach\u00e9e ; 4\u00e8me<br \/>\nGilles : 22 tours en 10 min 06 ; la voiture glisse, mais Gilles s&rsquo;amuse ; 3\u00e8me<br \/>\nR\u00e9mi : 26 tours en 10 min 19 ; 1er<br \/>\nFinale 2<br \/>\nJulien V : 24 tours en 10 min 06 ; 2nd<br \/>\nDaniel : 23 tours en 10 min 11 ; roulera sur le m\u00eame rythme que Gilles ; 3\u00e8me<br \/>\nGilles : 23 tours en 10 min 18 ; finira \u00e0 7 sec de Daniel ; les bi-pneus arri\u00e8re lui font perdre de la direction ; 4\u00e8me<br \/>\nR\u00e9mi : 26 tours en 10 min 12 ; 1er<br \/>\nFinale 3<br \/>\nJulien V : 15 tours en 10 min 01 ; s&rsquo;accrochera en d\u00e9but de course l&rsquo;obligeant \u00e0 s&rsquo;arr\u00eater remettre sa carrosserie ; probl\u00e8me de braquage : biellette de direction qui s&rsquo;est d\u00e9faite ; 4\u00e8me<br \/>\nDaniel : 20 tours en 10 min 00 ; s&rsquo;arr\u00eatera en fin de course : vis de la fus\u00e9e av arrach\u00e9e ; 3\u00e8me<br \/>\nGilles : 23 tours en 10 min 23 ; finira \u00e0 une belle 2\u00e8me place<br \/>\nR\u00e9mi : 26 tours en 10 min 04 ; 1er<br \/>\nTemps par pilote :<br \/>\nJulien V : 22.79<br \/>\nDaniel : 25.21<br \/>\nGilles : 25.24<br \/>\nR\u00e9mi : 22.08<\/p>\n<h1>vid\u00e9os<\/h1>\n<p><iframe loading=\"lazy\" title=\"Baho 2013 Finale 3 - VHRC Historique\" width=\"800\" height=\"600\" src=\"https:\/\/www.youtube.com\/embed\/JiFyBPcFO18?feature=oembed\" frameborder=\"0\" allow=\"accelerometer; autoplay; encrypted-media; gyroscope; picture-in-picture\" allowfullscreen><\/iframe><\/p>\n<p><iframe loading=\"lazy\" title=\"Baho VHRC Finale 3 Cat\u00e9gorie Libre 2013\" width=\"800\" height=\"600\" src=\"https:\/\/www.youtube.com\/embed\/V_NRKOa4z0U?feature=oembed\" frameborder=\"0\" allow=\"accelerometer; autoplay; encrypted-media; gyroscope; picture-in-picture\" allowfullscreen><\/iframe><\/p>\n<p><a href=\"http:\/\/vhrc.fr\/wp-content\/uploads\/2013\/03\/baho.-M4-.22.04.-2012.-005.jpg\"><img loading=\"lazy\" decoding=\"async\" class=\"alignnone size-full wp-image-3735\" src=\"http:\/\/vhrc.fr\/wp-content\/uploads\/2013\/03\/baho.-M4-.22.04.-2012.-005.jpg\" alt=\"baho 2012 vhrc\" width=\"800\" height=\"600\" srcset=\"https:\/\/vhrc.fr\/wp-content\/uploads\/2013\/03\/baho.-M4-.22.04.-2012.-005.jpg 800w, https:\/\/vhrc.fr\/wp-content\/uploads\/2013\/03\/baho.-M4-.22.04.-2012.-005-500x375.jpg 500w\" sizes=\"auto, (max-width: 800px) 100vw, 800px\" \/><\/a><\/p>","protected":false},"excerpt":{"rendered":"<p>15 Septembre 2013 \u00e0 Perpignan \/ baho Dimanche 15 Septembre \u00e0 Baho (Perpignan 66) Les pilotes du VHRC arriveront t\u00f4t<\/p>","protected":false},"author":5,"featured_media":9329,"parent":3507,"menu_order":0,"comment_status":"closed","ping_status":"closed","template":"","meta":{"colormag_page_container_layout":"default_layout","colormag_page_sidebar_layout":"default_layout","footnotes":""},"class_list":["post-3726","page","type-page","status-publish","has-post-thumbnail","hentry"],"_links":{"self":[{"href":"https:\/\/vhrc.fr\/en\/wp-json\/wp\/v2\/pages\/3726","targetHints":{"allow":["GET"]}}],"collection":[{"href":"https:\/\/vhrc.fr\/en\/wp-json\/wp\/v2\/pages"}],"about":[{"href":"https:\/\/vhrc.fr\/en\/wp-json\/wp\/v2\/types\/page"}],"author":[{"embeddable":true,"href":"https:\/\/vhrc.fr\/en\/wp-json\/wp\/v2\/users\/5"}],"replies":[{"embeddable":true,"href":"https:\/\/vhrc.fr\/en\/wp-json\/wp\/v2\/comments?post=3726"}],"version-history":[{"count":7,"href":"https:\/\/vhrc.fr\/en\/wp-json\/wp\/v2\/pages\/3726\/revisions"}],"predecessor-version":[{"id":9330,"href":"https:\/\/vhrc.fr\/en\/wp-json\/wp\/v2\/pages\/3726\/revisions\/9330"}],"up":[{"embeddable":true,"href":"https:\/\/vhrc.fr\/en\/wp-json\/wp\/v2\/pages\/3507"}],"wp:featuredmedia":[{"embeddable":true,"href":"https:\/\/vhrc.fr\/en\/wp-json\/wp\/v2\/media\/9329"}],"wp:attachment":[{"href":"https:\/\/vhrc.fr\/en\/wp-json\/wp\/v2\/media?parent=3726"}],"curies":[{"name":"wp","href":"https:\/\/api.w.org\/{rel}","templated":true}]}}