{"id":379,"date":"2010-01-23T18:41:27","date_gmt":"2010-01-23T17:41:27","guid":{"rendered":"http:\/\/vhrc.fr\/?page_id=379"},"modified":"2019-12-18T12:11:59","modified_gmt":"2019-12-18T11:11:59","slug":"2010vhrc","status":"publish","type":"page","link":"https:\/\/vhrc.fr\/en\/historique\/vhrc-lhistorique\/2010vhrc\/","title":{"rendered":"2010 VHRC"},"content":{"rendered":"<p>le VHRC nouvelle formule et toujours dans la bonne humeur et la passion des belles m\u00e9caniques en 2010.<\/p>\n<h1>Calendrier<\/h1>\n<div class=\"pt-cv-wrapper\"><div class=\"pt-cv-view pt-cv-grid pt-cv-colsys\" id=\"pt-cv-view-7471e32zgl\"><div data-id=\"pt-cv-page-1\" class=\"pt-cv-page\" data-cvc=\"2\"><div class=\"col-md-6 col-sm-6 col-xs-12 pt-cv-content-item pt-cv-1-col\" ><div class='pt-cv-ifield'><a href=\"https:\/\/vhrc.fr\/en\/historique\/vhrc-lhistorique\/2010vhrc\/03-mars-2010-manche-1-a-montpellier\/\" class=\"_self pt-cv-href-thumbnail pt-cv-thumb-default\" target=\"_self\" ><img loading=\"lazy\" decoding=\"async\" width=\"400\" height=\"266\" src=\"https:\/\/vhrc.fr\/wp-content\/uploads\/2010\/03\/002patrick-mpl-vhrc-2010-500x333.jpg\" class=\"pt-cv-thumbnail\" alt=\"\" srcset=\"https:\/\/vhrc.fr\/wp-content\/uploads\/2010\/03\/002patrick-mpl-vhrc-2010-500x333.jpg 500w, https:\/\/vhrc.fr\/wp-content\/uploads\/2010\/03\/002patrick-mpl-vhrc-2010-800x533.jpg 800w, https:\/\/vhrc.fr\/wp-content\/uploads\/2010\/03\/002patrick-mpl-vhrc-2010.jpg 1280w\" sizes=\"auto, (max-width: 400px) 100vw, 400px\" \/><\/a>\n<h4 class=\"pt-cv-title\"><a href=\"https:\/\/vhrc.fr\/en\/historique\/vhrc-lhistorique\/2010vhrc\/03-mars-2010-manche-1-a-montpellier\/\" class=\"_self\" target=\"_self\" >2010 M1 Montpellier<\/a><\/h4>\n<div class=\"pt-cv-content\">7 mars 2010 F\u00fbt-il ! Sous un beau soleil, mais froid (1\u00b0le matin), le VHRC se mit en place vers ...<br \/><div class=\"pt-cv-rmwrap\"><a href=\"https:\/\/vhrc.fr\/en\/historique\/vhrc-lhistorique\/2010vhrc\/03-mars-2010-manche-1-a-montpellier\/\" class=\"_self pt-cv-readmore btn btn-success\" target=\"_self\">Lire La Suite\u2026<\/a><\/div><\/div><\/div><\/div>\n<div class=\"col-md-6 col-sm-6 col-xs-12 pt-cv-content-item pt-cv-1-col\" ><div class='pt-cv-ifield'><a href=\"https:\/\/vhrc.fr\/en\/historique\/vhrc-lhistorique\/2010vhrc\/2010-manche-2-au-luc-en-provence-9-mai\/\" class=\"_self pt-cv-href-thumbnail pt-cv-thumb-default\" target=\"_self\" ><img loading=\"lazy\" decoding=\"async\" width=\"400\" height=\"300\" src=\"https:\/\/vhrc.fr\/wp-content\/uploads\/2010\/04\/2857435054_small_1-500x375.jpg\" class=\"pt-cv-thumbnail\" alt=\"\" srcset=\"https:\/\/vhrc.fr\/wp-content\/uploads\/2010\/04\/2857435054_small_1-500x375.jpg 500w, https:\/\/vhrc.fr\/wp-content\/uploads\/2010\/04\/2857435054_small_1.JPG 600w\" sizes=\"auto, (max-width: 400px) 100vw, 400px\" \/><\/a>\n<h4 class=\"pt-cv-title\"><a href=\"https:\/\/vhrc.fr\/en\/historique\/vhrc-lhistorique\/2010vhrc\/2010-manche-2-au-luc-en-provence-9-mai\/\" class=\"_self\" target=\"_self\" >2010 M2 Le Luc<\/a><\/h4>\n<div class=\"pt-cv-content\">09 Mai 2010 Compte rendu SITUATION Circuit du luc\u00a0.distance185 km. T\u00b0 19\u00b0. M\u00e9t\u00e9o\u00a0:Couvert sans pluie. Piste\u00a0:glissante (Humide et grasse). Pilote\u00a0: ...<br \/><div class=\"pt-cv-rmwrap\"><a href=\"https:\/\/vhrc.fr\/en\/historique\/vhrc-lhistorique\/2010vhrc\/2010-manche-2-au-luc-en-provence-9-mai\/\" class=\"_self pt-cv-readmore btn btn-success\" target=\"_self\">Lire La Suite\u2026<\/a><\/div><\/div><\/div><\/div>\n<div class=\"col-md-6 col-sm-6 col-xs-12 pt-cv-content-item pt-cv-1-col\" ><div class='pt-cv-ifield'><a href=\"https:\/\/vhrc.fr\/en\/historique\/vhrc-lhistorique\/2010vhrc\/2010-manche-3-vhrc-21e-grand-prix-de-villeneuve-les-avignon\/\" class=\"_self pt-cv-href-thumbnail pt-cv-thumb-default\" target=\"_self\" ><img loading=\"lazy\" decoding=\"async\" width=\"299\" height=\"400\" src=\"https:\/\/vhrc.fr\/wp-content\/uploads\/2010\/05\/84-374x500.jpg\" class=\"pt-cv-thumbnail\" alt=\"\" srcset=\"https:\/\/vhrc.fr\/wp-content\/uploads\/2010\/05\/84-374x500.jpg 374w, https:\/\/vhrc.fr\/wp-content\/uploads\/2010\/05\/84.jpg 500w\" sizes=\"auto, (max-width: 299px) 100vw, 299px\" \/><\/a>\n<h4 class=\"pt-cv-title\"><a href=\"https:\/\/vhrc.fr\/en\/historique\/vhrc-lhistorique\/2010vhrc\/2010-manche-3-vhrc-21e-grand-prix-de-villeneuve-les-avignon\/\" class=\"_self\" target=\"_self\" >2010 M3 Villeneuve<\/a><\/h4>\n<div class=\"pt-cv-content\">photos en ligne de cette belle journ\u00e9e nggallery id=42 [foldergallery folder=\"wp-content\/gallery\/2010-gp-villeneuve\" title=\"galerie photo\"] Classement Pilote position Montpellier 07\/03 Classement Gen ...<br \/><div class=\"pt-cv-rmwrap\"><a href=\"https:\/\/vhrc.fr\/en\/historique\/vhrc-lhistorique\/2010vhrc\/2010-manche-3-vhrc-21e-grand-prix-de-villeneuve-les-avignon\/\" class=\"_self pt-cv-readmore btn btn-success\" target=\"_self\">Lire La Suite\u2026<\/a><\/div><\/div><\/div><\/div>\n<div class=\"col-md-6 col-sm-6 col-xs-12 pt-cv-content-item pt-cv-1-col\" ><div class='pt-cv-ifield'><a href=\"https:\/\/vhrc.fr\/en\/historique\/vhrc-lhistorique\/2010vhrc\/2010-manche-4-vhrc-a-saint-affrique\/\" class=\"_self pt-cv-href-thumbnail pt-cv-thumb-default\" target=\"_self\" ><img loading=\"lazy\" decoding=\"async\" width=\"400\" height=\"300\" src=\"https:\/\/vhrc.fr\/wp-content\/uploads\/2010\/06\/30-14h47m56s_IMG_0914-500x375.jpg\" class=\"pt-cv-thumbnail\" alt=\"\" srcset=\"https:\/\/vhrc.fr\/wp-content\/uploads\/2010\/06\/30-14h47m56s_IMG_0914-500x375.jpg 500w, https:\/\/vhrc.fr\/wp-content\/uploads\/2010\/06\/30-14h47m56s_IMG_0914-800x600.jpg 800w, https:\/\/vhrc.fr\/wp-content\/uploads\/2010\/06\/30-14h47m56s_IMG_0914.jpg 1024w\" sizes=\"auto, (max-width: 400px) 100vw, 400px\" \/><\/a>\n<h4 class=\"pt-cv-title\"><a href=\"https:\/\/vhrc.fr\/en\/historique\/vhrc-lhistorique\/2010vhrc\/2010-manche-4-vhrc-a-saint-affrique\/\" class=\"_self\" target=\"_self\" >2010 M4 Saint Affrique<\/a><\/h4>\n<div class=\"pt-cv-content\">r\u00e9sum\u00e9 de la course Cinq pilotes du VHRC ont fait le d\u00e9placement,dans l\u2019Aveyron \u00e0 St Affrique. Superbe circuit,tr\u00e8s rapide,ou la ...<br \/><div class=\"pt-cv-rmwrap\"><a href=\"https:\/\/vhrc.fr\/en\/historique\/vhrc-lhistorique\/2010vhrc\/2010-manche-4-vhrc-a-saint-affrique\/\" class=\"_self pt-cv-readmore btn btn-success\" target=\"_self\">Lire La Suite\u2026<\/a><\/div><\/div><\/div><\/div>\n<div class=\"col-md-6 col-sm-6 col-xs-12 pt-cv-content-item pt-cv-1-col\" ><div class='pt-cv-ifield'><a href=\"https:\/\/vhrc.fr\/en\/historique\/vhrc-lhistorique\/2010vhrc\/2010-m5-castelsarasin\/\" class=\"_self pt-cv-href-thumbnail pt-cv-thumb-default\" target=\"_self\" ><img loading=\"lazy\" decoding=\"async\" width=\"400\" height=\"300\" src=\"https:\/\/vhrc.fr\/wp-content\/uploads\/2010\/08\/vhrc2010_m5_castelsarasin_21-500x375.jpg\" class=\"pt-cv-thumbnail\" alt=\"\" srcset=\"https:\/\/vhrc.fr\/wp-content\/uploads\/2010\/08\/vhrc2010_m5_castelsarasin_21-500x375.jpg 500w, https:\/\/vhrc.fr\/wp-content\/uploads\/2010\/08\/vhrc2010_m5_castelsarasin_21.jpg 640w\" sizes=\"auto, (max-width: 400px) 100vw, 400px\" \/><\/a>\n<h4 class=\"pt-cv-title\"><a href=\"https:\/\/vhrc.fr\/en\/historique\/vhrc-lhistorique\/2010vhrc\/2010-m5-castelsarasin\/\" class=\"_self\" target=\"_self\" >2010 M5 Castelsarasin<\/a><\/h4>\n<div class=\"pt-cv-content\">Compte rendu VHRC 5\u00e9 Manche et challenge YS .25\/26\/09\/10. La 5\u00e9 manche du VHRC nous am\u00e9ne et pour la deuxi\u00e8me ...<br \/><div class=\"pt-cv-rmwrap\"><a href=\"https:\/\/vhrc.fr\/en\/historique\/vhrc-lhistorique\/2010vhrc\/2010-m5-castelsarasin\/\" class=\"_self pt-cv-readmore btn btn-success\" target=\"_self\">Lire La Suite\u2026<\/a><\/div><\/div><\/div><\/div>\n<div class=\"col-md-6 col-sm-6 col-xs-12 pt-cv-content-item pt-cv-1-col\" ><div class='pt-cv-ifield'><a href=\"https:\/\/vhrc.fr\/en\/historique\/vhrc-lhistorique\/2010vhrc\/2010-m6-montpellier\/\" class=\"_self pt-cv-href-thumbnail pt-cv-thumb-default\" target=\"_self\" ><img loading=\"lazy\" decoding=\"async\" width=\"400\" height=\"249\" src=\"https:\/\/vhrc.fr\/wp-content\/uploads\/2012\/01\/circuit-AMO-montpellier-satellite1-500x311.jpg\" class=\"pt-cv-thumbnail\" alt=\"\" srcset=\"https:\/\/vhrc.fr\/wp-content\/uploads\/2012\/01\/circuit-AMO-montpellier-satellite1-500x311.jpg 500w, https:\/\/vhrc.fr\/wp-content\/uploads\/2012\/01\/circuit-AMO-montpellier-satellite1-800x498.jpg 800w, https:\/\/vhrc.fr\/wp-content\/uploads\/2012\/01\/circuit-AMO-montpellier-satellite1.jpg 1000w\" sizes=\"auto, (max-width: 400px) 100vw, 400px\" \/><\/a>\n<h4 class=\"pt-cv-title\"><a href=\"https:\/\/vhrc.fr\/en\/historique\/vhrc-lhistorique\/2010vhrc\/2010-m6-montpellier\/\" class=\"_self\" target=\"_self\" >2010 M6 Montpellier<\/a><\/h4>\n<div class=\"pt-cv-content\">Le club a du annuler la course pour cause d'orages ce dimanche. rendez vous \u00e0 Pierrelate ...<br \/><div class=\"pt-cv-rmwrap\"><a href=\"https:\/\/vhrc.fr\/en\/historique\/vhrc-lhistorique\/2010vhrc\/2010-m6-montpellier\/\" class=\"_self pt-cv-readmore btn btn-success\" target=\"_self\">Lire La Suite\u2026<\/a><\/div><\/div><\/div><\/div>\n<div class=\"col-md-6 col-sm-6 col-xs-12 pt-cv-content-item pt-cv-1-col\" ><div class='pt-cv-ifield'><a href=\"https:\/\/vhrc.fr\/en\/historique\/vhrc-lhistorique\/2010vhrc\/2010-m6-pierrelate\/\" class=\"_self pt-cv-href-thumbnail pt-cv-thumb-default\" target=\"_self\" ><img loading=\"lazy\" decoding=\"async\" width=\"369\" height=\"246\" src=\"https:\/\/vhrc.fr\/wp-content\/uploads\/2010\/10\/pierrelatecircuit1.jpg\" class=\"pt-cv-thumbnail\" alt=\"\" \/><\/a>\n<h4 class=\"pt-cv-title\"><a href=\"https:\/\/vhrc.fr\/en\/historique\/vhrc-lhistorique\/2010vhrc\/2010-m6-pierrelate\/\" class=\"_self\" target=\"_self\" >2010 M7 Pierrelate<\/a><\/h4>\n<div class=\"pt-cv-content\">la m\u00e9t\u00e9o ne nous a pas laiss\u00e9 courir, rendez vous en 2011! La Derni\u00e8re manche ! venez! Radio-Model Club de ...<br \/><div class=\"pt-cv-rmwrap\"><a href=\"https:\/\/vhrc.fr\/en\/historique\/vhrc-lhistorique\/2010vhrc\/2010-m6-pierrelate\/\" class=\"_self pt-cv-readmore btn btn-success\" target=\"_self\">Lire La Suite\u2026<\/a><\/div><\/div><\/div><\/div>\n<div class=\"col-md-6 col-sm-6 col-xs-12 pt-cv-content-item pt-cv-1-col\" ><div class='pt-cv-ifield'><a href=\"https:\/\/vhrc.fr\/en\/historique\/vhrc-lhistorique\/2010vhrc\/reglement-vhrc-2010\/\" class=\"_self pt-cv-href-thumbnail pt-cv-thumb-default\" target=\"_self\" ><img loading=\"lazy\" decoding=\"async\" width=\"400\" height=\"357\" src=\"https:\/\/vhrc.fr\/wp-content\/uploads\/2010\/01\/VHRC_1000-500x446.png\" class=\"pt-cv-thumbnail\" alt=\"\" srcset=\"https:\/\/vhrc.fr\/wp-content\/uploads\/2010\/01\/VHRC_1000-500x446.png 500w, https:\/\/vhrc.fr\/wp-content\/uploads\/2010\/01\/VHRC_1000-800x713.png 800w, https:\/\/vhrc.fr\/wp-content\/uploads\/2010\/01\/VHRC_1000.png 1000w\" sizes=\"auto, (max-width: 400px) 100vw, 400px\" \/><\/a>\n<h4 class=\"pt-cv-title\"><a href=\"https:\/\/vhrc.fr\/en\/historique\/vhrc-lhistorique\/2010vhrc\/reglement-vhrc-2010\/\" class=\"_self\" target=\"_self\" >R\u00e8glement 2010 VHRC<\/a><\/h4>\n<div class=\"pt-cv-content\">- R\u00e8glement G\u00e9n\u00e9ral VHRC 2010 - 8\u00e8me \u00e9dition - Si\u00e9ge social\u00a0: Villeneuv\u2019 models t\u00e9l\u00e9charger version PDF \u00e0 imprimer et garder ...<br \/><div class=\"pt-cv-rmwrap\"><a href=\"https:\/\/vhrc.fr\/en\/historique\/vhrc-lhistorique\/2010vhrc\/reglement-vhrc-2010\/\" class=\"_self pt-cv-readmore btn btn-success\" target=\"_self\">Lire La Suite\u2026<\/a><\/div><\/div><\/div><\/div><\/div><\/div><\/div>\n<p>&nbsp;<\/p>\n<p><!--more--><\/p>\n<h1>Pilotes:<\/h1>\n<table style=\"border-collapse: collapse; width: 139pt;\" border=\"0\" width=\"185\" cellspacing=\"0\" cellpadding=\"0\">\n<tbody>\n<tr style=\"height: 20.25pt;\">\n<td style=\"height: 20.25pt; width: 74pt;\" width=\"98\" height=\"27\">PRENOM<\/td>\n<td style=\"border-left: medium none; width: 65pt;\" width=\"87\">AUTO<\/td>\n<\/tr>\n<tr style=\"height: 15.75pt;\">\n<td style=\"border-top: medium none; height: 15.75pt;\" height=\"21\">BRUNO<\/td>\n<td style=\"border-top: medium none; border-left: medium none;\">ALFA<\/td>\n<\/tr>\n<tr style=\"height: 15.75pt;\">\n<td style=\"border-top: medium none; height: 15.75pt;\" height=\"21\">PATRICK<\/td>\n<td style=\"border-top: medium none; border-left: medium none;\">S.PROTO<\/td>\n<\/tr>\n<tr style=\"height: 15.75pt;\">\n<td style=\"border-top: medium none; height: 15.75pt;\" height=\"21\">DANIEL<\/td>\n<td style=\"border-top: medium none; border-left: medium none;\">PORSCHE<\/td>\n<\/tr>\n<tr style=\"height: 15.75pt;\">\n<td style=\"border-top: medium none; height: 15.75pt;\" height=\"21\">LAURENT<\/td>\n<td style=\"border-top: medium none; border-left: medium none;\">PORSCHE<\/td>\n<\/tr>\n<tr style=\"height: 15.75pt;\">\n<td style=\"border-top: medium none; height: 15.75pt;\" height=\"21\">GILLES<\/td>\n<td style=\"border-top: medium none; border-left: medium none;\">PORSCHE<\/td>\n<\/tr>\n<tr style=\"height: 15.75pt;\">\n<td style=\"border-top: medium none; height: 15.75pt;\" height=\"21\">ANTHONY<\/td>\n<td style=\"border-top: medium none; border-left: medium none;\">PORSCHE<\/td>\n<\/tr>\n<tr style=\"height: 15.75pt;\">\n<td style=\"border-top: medium none; height: 15.75pt;\" height=\"21\">CHRISTIAN<\/td>\n<td style=\"border-top: medium none; border-left: medium none;\">TWINGO<\/td>\n<\/tr>\n<tr style=\"height: 15.75pt;\">\n<td style=\"border-top: medium none; height: 15.75pt;\" height=\"21\">PATRICK<\/td>\n<td style=\"border-top: medium none; border-left: medium none;\">?<\/td>\n<\/tr>\n<tr style=\"height: 15.75pt;\">\n<td style=\"border-top: medium none; height: 15.75pt;\" height=\"21\">GERARD<\/td>\n<td style=\"border-top: medium none; border-left: medium none;\">PORSCHE<\/td>\n<\/tr>\n<tr style=\"height: 15.75pt;\">\n<td style=\"border-top: medium none; height: 15.75pt;\" height=\"21\">ALESS.<\/td>\n<td style=\"border-top: medium none; border-left: medium none;\">R5TURBO<\/td>\n<\/tr>\n<tr style=\"height: 15.75pt;\">\n<td style=\"border-top: medium none; height: 15.75pt;\" height=\"21\">SIMON<\/td>\n<td style=\"border-top: medium none; border-left: medium none;\">PORSCHE<\/td>\n<\/tr>\n<tr style=\"height: 15.75pt;\">\n<td style=\"border-top: medium none; height: 15.75pt;\" height=\"21\">MARC<\/td>\n<td style=\"border-top: medium none; border-left: medium none;\">BUGATTI<\/td>\n<\/tr>\n<tr style=\"height: 15.75pt;\">\n<td style=\"border-top: medium none; height: 15.75pt;\" height=\"21\">REMI<\/td>\n<td style=\"border-top: medium none; border-left: medium none;\">BUGATTI<\/td>\n<\/tr>\n<tr style=\"height: 15.75pt;\">\n<td style=\"border-top: medium none; height: 15.75pt;\" height=\"21\">ALEXIS<\/td>\n<td style=\"border-top: medium none; border-left: medium none;\">PORSCHE<\/td>\n<\/tr>\n<tr style=\"height: 15.75pt;\">\n<td style=\"border-top: medium none; height: 15.75pt;\" height=\"21\">THIERRY<\/td>\n<td style=\"border-top: medium none; border-left: medium none;\">GT 40<\/td>\n<\/tr>\n<tr style=\"height: 15.75pt;\">\n<td style=\"border-top: medium none; height: 15.75pt;\" height=\"21\">BRICE<\/td>\n<td style=\"border-top: medium none; border-left: medium none;\">R 21 T<\/td>\n<\/tr>\n<tr style=\"height: 15.75pt;\">\n<td style=\"border-top: medium none; height: 15.75pt;\" height=\"21\">LUC<\/td>\n<td style=\"border-top: medium none; border-left: medium none;\">COOPER S<\/td>\n<\/tr>\n<tr style=\"height: 15.75pt;\">\n<td style=\"border-top: medium none; height: 15.75pt;\" height=\"21\">PASCAL<\/td>\n<td style=\"border-top: medium none; border-left: medium none;\">CLIO16S<\/td>\n<\/tr>\n<tr style=\"height: 15.75pt;\">\n<td style=\"border-top: medium none; height: 15.75pt;\" height=\"21\">STEPHANE<\/td>\n<td style=\"border-top: medium none; border-left: medium none;\">VENTURI<\/td>\n<\/tr>\n<tr style=\"height: 15.75pt;\">\n<td style=\"border-top: medium none; height: 15.75pt;\" height=\"21\">DIDIER<\/td>\n<td style=\"border-top: medium none; border-left: medium none;\">PORSCHE<\/td>\n<\/tr>\n<tr style=\"height: 15.75pt;\">\n<td style=\"border-top: medium none; height: 15.75pt;\" height=\"21\">CHRISTOPHE<\/td>\n<td style=\"border-top: medium none; border-left: medium none;\">OPEL<\/td>\n<\/tr>\n<tr style=\"height: 15.75pt;\">\n<td style=\"border-top: medium none; height: 15.75pt;\" height=\"21\">JOHAN<\/td>\n<td style=\"border-top: medium none; border-left: medium none;\">905<\/td>\n<\/tr>\n<tr style=\"height: 15.75pt;\">\n<td style=\"border-top: medium none; height: 15.75pt;\" height=\"21\">GUILLAUME<\/td>\n<td style=\"border-top: medium none; border-left: medium none;\">PORSCHE<\/td>\n<\/tr>\n<tr style=\"height: 15.75pt;\">\n<td style=\"border-top: medium none; height: 15.75pt;\" height=\"21\">VINCENT<\/td>\n<td style=\"border-top: medium none; border-left: medium none;\">PORSCHE<\/td>\n<\/tr>\n<tr style=\"height: 15.75pt;\">\n<td style=\"border-top: medium none; height: 15.75pt;\" height=\"21\">THIERRY<\/td>\n<td style=\"border-top: medium none; border-left: medium none;\">TWINGO<\/td>\n<\/tr>\n<tr style=\"height: 15.75pt;\">\n<td style=\"height: 15.75pt;\" height=\"21\">JULIEN<\/td>\n<td style=\"border-left: medium none;\">PORSCHE<\/td>\n<\/tr>\n<\/tbody>\n<\/table>\n<h3>M1 : 07 Mars\u2026\u2026\u2026\u2026Montpellier &gt; <a href=\"http:\/\/amo34.xooit.fr\" target=\"_blank\" rel=\"noopener noreferrer\">club AMO<\/a> &gt; <a title=\"Manche 1 VHRC 2010 Montpellier 7 Mars\" href=\"http:\/\/vhrc.fr\/historique\/histoire-du-vhr\/palmares-du-vhrc\/2010-vhrc\/03-mars-2010-manche-1-a-montpellier\/\">la course , les r\u00e9sultats et photos<\/a>.<\/h3>\n<p><a class=\"shutterset_\" href=\"http:\/\/vhrc.fr\/wp-content\/gallery\/montpellier-mars-2010\/vhrc-2010-montpellier-038.jpg\"><img decoding=\"async\" class=\"ngg-singlepic ngg-none\" src=\"http:\/\/vhrc.fr\/wp-content\/gallery\/montpellier-mars-2010\/thumbs\/thumbs_vhrc-2010-montpellier-038.jpg\" alt=\"vhrc-2010-montpellier-038\" \/><\/a><\/p>\n<h3>M2 : 09 Mai\u2026\u2026\u2026\u2026.Le Luc &gt; <a href=\"http:\/\/www.mrcv.new.fr\/\" target=\"_blank\" rel=\"noopener noreferrer\">club MRCV<\/a> &gt; <a title=\"2010 manche 2 VHRC au Luc en Provence 9 Mai\" href=\"http:\/\/vhrc.fr\/historique\/vhrc-lhistorique\/2010-vhrc\/2010-manche-2-au-luc-en-provence-9-mai\/\">la course<\/a><\/h3>\n<h3><a title=\"2010 manche 2 VHRC au Luc en Provence 9 Mai\" href=\"http:\/\/vhrc.fr\/historique\/vhrc-lhistorique\/2010-vhrc\/2010-manche-2-au-luc-en-provence-9-mai\/\"><img loading=\"lazy\" decoding=\"async\" class=\"alignnone size-medium wp-image-991\" title=\"2010-05-09_22h03m_leluc2010_01\" src=\"http:\/\/vhrc.fr\/wp-content\/uploads\/2010\/01\/2010-05-09_22h03m_leluc2010_01-300x225.jpg\" alt=\"\" width=\"300\" height=\"225\" \/><\/a><\/h3>\n<h3>M3 : 13 Juin\u2026\u2026\u2026\u2026Villeneuve Les Avignon &gt; <a href=\"http:\/\/villeneuvmodels.asso-web.com\/index.php\" target=\"_blank\" rel=\"noopener noreferrer\">club Villeneuv&rsquo;Models<\/a> &gt; <a title=\"2010 manche 3 VHRC 21e Grand Prix de Villeneuve les Avignon\" href=\"http:\/\/vhrc.fr\/historique\/vhrc-lhistorique\/2010-vhrc\/2010-manche-3-vhrc-21e-grand-prix-de-villeneuve-les-avignon\/\">la course<\/a><\/h3>\n<p><a class=\"shutterset_\" title=\"2010 manche 3 VHRC 21e Grand Prix de Villeneuve les Avignon\" href=\"http:\/\/vhrc.fr\/historique\/vhrc-lhistorique\/2010-vhrc\/2010-manche-3-vhrc-21e-grand-prix-de-villeneuve-les-avignon\/\"><img decoding=\"async\" class=\"ngg-singlepic ngg-none\" src=\"http:\/\/vhrc.fr\/wp-content\/gallery\/2010-gp-villeneuve\/thumbs\/thumbs_09h-50m-55s_100.jpg\" alt=\"09h-50m-55s_100\" \/><\/a><\/p>\n<h3>M4 : 11 Juillet\u2026\u2026\u2026Saint Affrique &gt; <a href=\"http:\/\/www.modelisme.saintaffrique.com\" target=\"_blank\" rel=\"noopener noreferrer\">club MSA Modelisme Saint Affricain<\/a> &gt; <a title=\"2010 manche 4 VHRC \u00e0 Saint Affrique\" href=\"http:\/\/vhrc.fr\/historique\/vhrc-lhistorique\/2010-vhrc\/2010-manche-4-vhrc-a-saint-affrique\/\">la course<\/a><\/h3>\n<p><a title=\"2010 manche 4 VHRC \u00e0 Saint Affrique\" href=\"http:\/\/vhrc.fr\/historique\/vhrc-lhistorique\/2010-vhrc\/2010-manche-4-vhrc-a-saint-affrique\/\"><img loading=\"lazy\" decoding=\"async\" class=\"alignnone size-medium wp-image-997\" title=\"30-14h47m56s_IMG_0914\" src=\"http:\/\/vhrc.fr\/wp-content\/uploads\/2010\/01\/30-14h47m56s_IMG_0914-300x225.jpg\" alt=\"\" width=\"300\" height=\"225\" \/><\/a><\/p>\n<h3>M5 : 26 Septembre : <a title=\"2010 M5 Castelsarasin\" href=\"http:\/\/vhrc.fr\/historique\/vhrc-lhistorique\/2010vhrc\/2010-m5-castelsarasin\/\">Castelsarasin. &gt; Article<\/a><\/h3>\n<p><a title=\"2010 M5 Castelsarasin\" href=\"http:\/\/vhrc.fr\/historique\/vhrc-lhistorique\/2010vhrc\/2010-m5-castelsarasin\/\"><img loading=\"lazy\" decoding=\"async\" class=\"alignnone size-medium wp-image-1276\" title=\"vhrc2010_m5_castelsarasin_18\" src=\"http:\/\/vhrc.fr\/wp-content\/uploads\/2010\/08\/vhrc2010_m5_castelsarasin_18-300x225.jpg\" alt=\"\" width=\"300\" height=\"225\" \/><\/a><\/p>\n<p>club <a href=\"http:\/\/marcg.forumpro.fr\/\" target=\"_blank\" rel=\"noopener noreferrer\">MARCG : forum<\/a><\/p>\n<h3>M6 : <span style=\"text-decoration: line-through;\">03 Octobre : <a title=\"2010 M6 Montpellier\" href=\"http:\/\/vhrc.fr\/historique\/vhrc-lhistorique\/2010vhrc\/2010-m6-montpellier\/\">Montpellier<\/a> <a href=\"http:\/\/amo34.xooit.fr\" target=\"_blank\" rel=\"noopener noreferrer\">club AMO<\/a><\/span> Annul\u00e9e pluie<\/h3>\n<h3>M7 : <span style=\"text-decoration: line-through;\">31 Octobre : <a title=\"2010 M7 Pierrelate\" href=\"http:\/\/vhrc.fr\/historique\/vhrc-lhistorique\/2010vhrc\/2010-m6-pierrelate\/\">Pierrelate<\/a><\/span> Annul\u00e9e pluie<\/h3>\n<h2>Rendez vous le 21 Novembre pour la remise des prix 2010!<\/h2>\n<p>une AG bien men\u00e9e dans un nouveau restaurant o\u00f9 nous f\u00fbmes bien re\u00e7us et bien nourris.<\/p>\n<p>R\u00e9sum\u00e9 de l&rsquo;ann\u00e9e et remise des prix.<\/p>\n<p>[nggallery id=58 template=caption]<\/p>\n<h1>CLASSEMENT<\/h1>\n<p>[table id=26 \/]<\/p>\n<h1>fiche inscription<\/h1>\n<p><a href=\"http:\/\/vhrc.fr\/pdf\/fiche_inscription_VHRC_2010.pdf\"><img loading=\"lazy\" decoding=\"async\" class=\"size-full wp-image-174 alignnone\" title=\"fiche ins 2010 ico\" src=\"http:\/\/vhrc.fr\/wp-content\/uploads\/2010\/01\/ficheins2010ico.jpg\" alt=\"fiche ins 2010 ico\" width=\"219\" height=\"317\" \/><\/a><\/p>\n<p>Si vous souhaitez vous joindre \u00e0 nous pour rouler dans la bonne humeur avec un esprit de comp\u00e9tition amicale&#8230; trouvez <a href=\"http:\/\/vhrc.fr\/pdf\/fiche_inscription_VHRC_2010.pdf\">ICI<\/a> la fiche d&rsquo;inscription au Challenge 2010&#8230;<\/p>\n<p>&amp;nbsp<\/p>\n","protected":false},"excerpt":{"rendered":"<p>le VHRC nouvelle formule et toujours dans la bonne humeur et la passion des belles m\u00e9caniques en 2010. Calendrier &nbsp;<\/p>","protected":false},"author":5,"featured_media":4087,"parent":686,"menu_order":0,"comment_status":"open","ping_status":"open","template":"","meta":{"colormag_page_container_layout":"default_layout","colormag_page_sidebar_layout":"default_layout","footnotes":""},"class_list":["post-379","page","type-page","status-publish","has-post-thumbnail","hentry"],"_links":{"self":[{"href":"https:\/\/vhrc.fr\/en\/wp-json\/wp\/v2\/pages\/379","targetHints":{"allow":["GET"]}}],"collection":[{"href":"https:\/\/vhrc.fr\/en\/wp-json\/wp\/v2\/pages"}],"about":[{"href":"https:\/\/vhrc.fr\/en\/wp-json\/wp\/v2\/types\/page"}],"author":[{"embeddable":true,"href":"https:\/\/vhrc.fr\/en\/wp-json\/wp\/v2\/users\/5"}],"replies":[{"embeddable":true,"href":"https:\/\/vhrc.fr\/en\/wp-json\/wp\/v2\/comments?post=379"}],"version-history":[{"count":34,"href":"https:\/\/vhrc.fr\/en\/wp-json\/wp\/v2\/pages\/379\/revisions"}],"predecessor-version":[{"id":9139,"href":"https:\/\/vhrc.fr\/en\/wp-json\/wp\/v2\/pages\/379\/revisions\/9139"}],"up":[{"embeddable":true,"href":"https:\/\/vhrc.fr\/en\/wp-json\/wp\/v2\/pages\/686"}],"wp:featuredmedia":[{"embeddable":true,"href":"https:\/\/vhrc.fr\/en\/wp-json\/wp\/v2\/media\/4087"}],"wp:attachment":[{"href":"https:\/\/vhrc.fr\/en\/wp-json\/wp\/v2\/media?parent=379"}],"curies":[{"name":"wp","href":"https:\/\/api.w.org\/{rel}","templated":true}]}}