{"id":3889,"date":"2013-05-21T07:37:24","date_gmt":"2013-05-21T06:37:24","guid":{"rendered":"http:\/\/vhrc.fr\/?page_id=3889"},"modified":"2025-07-08T09:22:17","modified_gmt":"2025-07-08T08:22:17","slug":"2004-europe-lostallo","status":"publish","type":"page","link":"https:\/\/vhrc.fr\/en\/historique\/championnat-deurope-palmares\/2004-europe-lostallo\/","title":{"rendered":"2004 Lostallo CE"},"content":{"rendered":"<p>la derni\u00e8re \u00e9preuve officielle de 1:4 en Europe&#8230; jusqu&rsquo;\u00e0 ce jour<\/p>\n<p>gagn\u00e9e par Hadrien Comptat.<\/p>\n<p><iframe loading=\"lazy\" title=\"European Championship 1\/4thGT, 1\/5thF1 &amp; Trucks\" width=\"800\" height=\"600\" src=\"https:\/\/www.youtube.com\/embed\/uEVkQOFR1Rg?feature=oembed\" frameborder=\"0\" allow=\"accelerometer; autoplay; encrypted-media; gyroscope; picture-in-picture\" allowfullscreen><\/iframe><\/p>\n<figure id=\"attachment_3890\" aria-describedby=\"caption-attachment-3890\" style=\"width: 472px\" class=\"wp-caption alignnone\"><a href=\"http:\/\/vhrc.fr\/wp-content\/uploads\/2013\/05\/ce-2004-lostallo.jpg\"><img loading=\"lazy\" decoding=\"async\" class=\"size-full wp-image-3890\" src=\"http:\/\/vhrc.fr\/wp-content\/uploads\/2013\/05\/ce-2004-lostallo.jpg\" alt=\"6 pilotes C.E. 2004 lostallo\" width=\"472\" height=\"349\" \/><\/a><figcaption id=\"caption-attachment-3890\" class=\"wp-caption-text\">ce 2004 lostallo \u00e9quipe France<\/figcaption><\/figure>\n<figure id=\"attachment_3891\" aria-describedby=\"caption-attachment-3891\" style=\"width: 473px\" class=\"wp-caption alignnone\"><a href=\"http:\/\/vhrc.fr\/wp-content\/uploads\/2013\/05\/ce-2004-lostallo-comptat.jpg\"><img loading=\"lazy\" decoding=\"async\" class=\"wp-image-3891\" src=\"http:\/\/vhrc.fr\/wp-content\/uploads\/2013\/05\/ce-2004-lostallo-comptat.jpg\" alt=\"hadrien comptat C.E. 2004 lostallo\" width=\"473\" height=\"344\" srcset=\"https:\/\/vhrc.fr\/wp-content\/uploads\/2013\/05\/ce-2004-lostallo-comptat.jpg 1413w, https:\/\/vhrc.fr\/wp-content\/uploads\/2013\/05\/ce-2004-lostallo-comptat-500x363.jpg 500w, https:\/\/vhrc.fr\/wp-content\/uploads\/2013\/05\/ce-2004-lostallo-comptat-800x581.jpg 800w\" sizes=\"auto, (max-width: 473px) 100vw, 473px\" \/><\/a><figcaption id=\"caption-attachment-3891\" class=\"wp-caption-text\">hadrien comptat C.E. 2004 lostallo<\/figcaption><\/figure>\n<figure id=\"attachment_3892\" aria-describedby=\"caption-attachment-3892\" style=\"width: 478px\" class=\"wp-caption alignnone\"><a href=\"http:\/\/vhrc.fr\/wp-content\/uploads\/2013\/05\/ce-2004-lostallo-delabasse.jpg\"><img loading=\"lazy\" decoding=\"async\" class=\"size-full wp-image-3892\" src=\"http:\/\/vhrc.fr\/wp-content\/uploads\/2013\/05\/ce-2004-lostallo-delabasse.jpg\" alt=\"DELABASSE Vincent C.E. 2004 lostallo\" width=\"478\" height=\"351\" \/><\/a><figcaption id=\"caption-attachment-3892\" class=\"wp-caption-text\">DELABASSE Vincent C.E. 2004 lostallo<\/figcaption><\/figure>\n<figure id=\"attachment_3893\" aria-describedby=\"caption-attachment-3893\" style=\"width: 477px\" class=\"wp-caption alignnone\"><a href=\"http:\/\/vhrc.fr\/wp-content\/uploads\/2013\/05\/ce-2004-lhermitte.jpg\"><img loading=\"lazy\" decoding=\"async\" class=\"size-full wp-image-3893\" src=\"http:\/\/vhrc.fr\/wp-content\/uploads\/2013\/05\/ce-2004-lhermitte.jpg\" alt=\"LHERMITTE Wielfried C.E. 2004 lostallo\" width=\"477\" height=\"283\" \/><\/a><figcaption id=\"caption-attachment-3893\" class=\"wp-caption-text\">LHERMITTE Wielfried C.E. 2004 lostallo<\/figcaption><\/figure>\n<figure id=\"attachment_3894\" aria-describedby=\"caption-attachment-3894\" style=\"width: 476px\" class=\"wp-caption alignnone\"><a href=\"http:\/\/vhrc.fr\/wp-content\/uploads\/2013\/05\/ce-2004-lostallo-bouralla.jpg\"><img loading=\"lazy\" decoding=\"async\" class=\"wp-image-3894\" src=\"http:\/\/vhrc.fr\/wp-content\/uploads\/2013\/05\/ce-2004-lostallo-bouralla.jpg\" alt=\"BOURALIA Eric C.E. 2004 lostallo\" width=\"476\" height=\"344\" srcset=\"https:\/\/vhrc.fr\/wp-content\/uploads\/2013\/05\/ce-2004-lostallo-bouralla.jpg 1137w, https:\/\/vhrc.fr\/wp-content\/uploads\/2013\/05\/ce-2004-lostallo-bouralla-500x361.jpg 500w, https:\/\/vhrc.fr\/wp-content\/uploads\/2013\/05\/ce-2004-lostallo-bouralla-800x579.jpg 800w\" sizes=\"auto, (max-width: 476px) 100vw, 476px\" \/><\/a><figcaption id=\"caption-attachment-3894\" class=\"wp-caption-text\">BOURALIA Eric C.E. 2004 lostallo<\/figcaption><\/figure>\n<figure id=\"attachment_3895\" aria-describedby=\"caption-attachment-3895\" style=\"width: 472px\" class=\"wp-caption alignnone\"><a href=\"http:\/\/vhrc.fr\/wp-content\/uploads\/2013\/05\/ce-2004-lostallo-giaramita.jpg\"><img loading=\"lazy\" decoding=\"async\" class=\"size-full wp-image-3895\" src=\"http:\/\/vhrc.fr\/wp-content\/uploads\/2013\/05\/ce-2004-lostallo-giaramita.jpg\" alt=\"GIARAMITA Vincent C.E. 2004 lostallo\" width=\"472\" height=\"347\" \/><\/a><figcaption id=\"caption-attachment-3895\" class=\"wp-caption-text\">GIARAMITA Vincent C.E. 2004 lostallo<\/figcaption><\/figure>\n<figure id=\"attachment_3896\" aria-describedby=\"caption-attachment-3896\" style=\"width: 476px\" class=\"wp-caption alignnone\"><a href=\"http:\/\/vhrc.fr\/wp-content\/uploads\/2013\/05\/ce-2004-lostallo-maugain.jpg\"><img loading=\"lazy\" decoding=\"async\" class=\"size-full wp-image-3896\" src=\"http:\/\/vhrc.fr\/wp-content\/uploads\/2013\/05\/ce-2004-lostallo-maugain.jpg\" alt=\"Maugain Jean-Paul C.E. 2004 lostallo\" width=\"476\" height=\"352\" \/><\/a><figcaption id=\"caption-attachment-3896\" class=\"wp-caption-text\">Maugain Jean-Paul C.E. 2004 lostallo<\/figcaption><\/figure>\n<figure id=\"attachment_3897\" aria-describedby=\"caption-attachment-3897\" style=\"width: 478px\" class=\"wp-caption alignnone\"><a href=\"http:\/\/vhrc.fr\/wp-content\/uploads\/2013\/05\/ce-2004-lostallo-delabasse-christophe.jpg\"><img loading=\"lazy\" decoding=\"async\" class=\"size-full wp-image-3897\" src=\"http:\/\/vhrc.fr\/wp-content\/uploads\/2013\/05\/ce-2004-lostallo-delabasse-christophe.jpg\" alt=\"Christophe DELABASSE C.E. 2004 lostallo\" width=\"478\" height=\"354\" \/><\/a><figcaption id=\"caption-attachment-3897\" class=\"wp-caption-text\">Christophe DELABASSE C.E. 2004 lostallo<\/figcaption><\/figure>\n<figure id=\"attachment_3898\" aria-describedby=\"caption-attachment-3898\" style=\"width: 476px\" class=\"wp-caption alignnone\"><a href=\"http:\/\/vhrc.fr\/wp-content\/uploads\/2013\/05\/ce-2004-lostallo-6-pilotes.jpg\"><img loading=\"lazy\" decoding=\"async\" class=\"size-full wp-image-3898\" src=\"http:\/\/vhrc.fr\/wp-content\/uploads\/2013\/05\/ce-2004-lostallo-6-pilotes.jpg\" alt=\"d\u00e9part finale C.E. 2004 lostallo\" width=\"476\" height=\"349\" \/><\/a><figcaption id=\"caption-attachment-3898\" class=\"wp-caption-text\">d\u00e9part finale C.E. 2004 lostallo<\/figcaption><\/figure>\n<figure id=\"attachment_3899\" aria-describedby=\"caption-attachment-3899\" style=\"width: 482px\" class=\"wp-caption alignnone\"><a href=\"http:\/\/vhrc.fr\/wp-content\/uploads\/2013\/05\/ce-2004-lostallo-finalle.jpg\"><img loading=\"lazy\" decoding=\"async\" class=\"wp-image-3899\" src=\"http:\/\/vhrc.fr\/wp-content\/uploads\/2013\/05\/ce-2004-lostallo-finalle.jpg\" alt=\"finale C.E. 2004 lostallo\" width=\"482\" height=\"309\" srcset=\"https:\/\/vhrc.fr\/wp-content\/uploads\/2013\/05\/ce-2004-lostallo-finalle.jpg 928w, https:\/\/vhrc.fr\/wp-content\/uploads\/2013\/05\/ce-2004-lostallo-finalle-500x320.jpg 500w, https:\/\/vhrc.fr\/wp-content\/uploads\/2013\/05\/ce-2004-lostallo-finalle-800x512.jpg 800w\" sizes=\"auto, (max-width: 482px) 100vw, 482px\" \/><\/a><figcaption id=\"caption-attachment-3899\" class=\"wp-caption-text\">finale C.E. 2004 lostallo<\/figcaption><\/figure>\n<figure id=\"attachment_3900\" aria-describedby=\"caption-attachment-3900\" style=\"width: 389px\" class=\"wp-caption alignnone\"><a href=\"http:\/\/vhrc.fr\/wp-content\/uploads\/2013\/05\/ce-2004-lostallo-comptat-podium.jpg\"><img loading=\"lazy\" decoding=\"async\" class=\"size-full wp-image-3900\" src=\"http:\/\/vhrc.fr\/wp-content\/uploads\/2013\/05\/ce-2004-lostallo-comptat-podium.jpg\" alt=\"hadrien comptat C.E. 2004 lostallo\" width=\"389\" height=\"470\" \/><\/a><figcaption id=\"caption-attachment-3900\" class=\"wp-caption-text\">hadrien comptat C.E. 2004 lostallo<\/figcaption><\/figure>\n<figure id=\"attachment_3901\" aria-describedby=\"caption-attachment-3901\" style=\"width: 640px\" class=\"wp-caption alignnone\"><a href=\"http:\/\/vhrc.fr\/wp-content\/uploads\/2013\/05\/ce-2004-lostallo-comptat-podium-2.jpg\"><img loading=\"lazy\" decoding=\"async\" class=\"wp-image-3901\" src=\"http:\/\/vhrc.fr\/wp-content\/uploads\/2013\/05\/ce-2004-lostallo-comptat-podium-2.jpg\" alt=\"podium C.E. 2004 lostallo\" width=\"640\" height=\"472\" srcset=\"https:\/\/vhrc.fr\/wp-content\/uploads\/2013\/05\/ce-2004-lostallo-comptat-podium-2.jpg 640w, https:\/\/vhrc.fr\/wp-content\/uploads\/2013\/05\/ce-2004-lostallo-comptat-podium-2-500x368.jpg 500w\" sizes=\"auto, (max-width: 640px) 100vw, 640px\" \/><\/a><figcaption id=\"caption-attachment-3901\" class=\"wp-caption-text\">podium C.E. 2004 lostallo<\/figcaption><\/figure>\n<p>surement un des plus beaux circuits du monde, seulement 6 pilotes mais les voitures ne trainaient pas &#8230;<\/p>\n<h1>un article sur l&rsquo;ex site de Patrick Aubort.<\/h1>\n<p><a href=\"http:\/\/vhrc.fr\/wp-content\/uploads\/2018\/04\/Lostallo2_004.jpg\"><img loading=\"lazy\" decoding=\"async\" class=\"alignnone size-medium wp-image-8388\" src=\"http:\/\/vhrc.fr\/wp-content\/uploads\/2018\/04\/Lostallo2_004-500x375.jpg\" alt=\"\" width=\"500\" height=\"375\" srcset=\"https:\/\/vhrc.fr\/wp-content\/uploads\/2018\/04\/Lostallo2_004-500x375.jpg 500w, https:\/\/vhrc.fr\/wp-content\/uploads\/2018\/04\/Lostallo2_004.jpg 640w\" sizes=\"auto, (max-width: 500px) 100vw, 500px\" \/><\/a><br \/>\nHadrien Contat vendredi soir travaille sur la voiture r\u00e9glage du train arri\u00e8re compliqu\u00e9 il y resteras jusqu\u2019\u00e0 un peu plus de 23h 00 quand il ira se coucher, de m\u00eame samedi soir pour la finale de dimanche.<\/p>\n<p><a href=\"http:\/\/vhrc.fr\/wp-content\/uploads\/2018\/04\/a_Lostallo_005.jpg\"><img loading=\"lazy\" decoding=\"async\" class=\"alignnone size-full wp-image-8397\" src=\"http:\/\/vhrc.fr\/wp-content\/uploads\/2018\/04\/a_Lostallo_005.jpg\" alt=\"\" width=\"288\" height=\"201\" \/><\/a><\/p>\n<p>L\u2019\u00e9quipe 2C feras pareille et l\u2019\u00e9quipe du du Luc de m\u00eame tous le mondes et rester tard le soir pour que les voitures soit pr\u00eate pour la finale de dimanche.<\/p>\n<p><a href=\"http:\/\/vhrc.fr\/wp-content\/uploads\/2018\/04\/Lostallo2_010.jpg\"><img loading=\"lazy\" decoding=\"async\" class=\"alignnone size-full wp-image-8393\" src=\"http:\/\/vhrc.fr\/wp-content\/uploads\/2018\/04\/Lostallo2_010.jpg\" alt=\"\" width=\"640\" height=\"480\" srcset=\"https:\/\/vhrc.fr\/wp-content\/uploads\/2018\/04\/Lostallo2_010.jpg 640w, https:\/\/vhrc.fr\/wp-content\/uploads\/2018\/04\/Lostallo2_010-500x375.jpg 500w\" sizes=\"auto, (max-width: 640px) 100vw, 640px\" \/><\/a><a href=\"http:\/\/vhrc.fr\/wp-content\/uploads\/2018\/04\/Lostallo2_009.jpg\"><img loading=\"lazy\" decoding=\"async\" class=\"alignnone size-full wp-image-8392\" src=\"http:\/\/vhrc.fr\/wp-content\/uploads\/2018\/04\/Lostallo2_009.jpg\" alt=\"\" width=\"640\" height=\"480\" srcset=\"https:\/\/vhrc.fr\/wp-content\/uploads\/2018\/04\/Lostallo2_009.jpg 640w, https:\/\/vhrc.fr\/wp-content\/uploads\/2018\/04\/Lostallo2_009-500x375.jpg 500w\" sizes=\"auto, (max-width: 640px) 100vw, 640px\" \/><\/a><\/p>\n<p>C\u00e9r\u00e9monie le samedi enfin de journ\u00e9e de toutes les \u00e9quipes engag\u00e9es: Angleterre,Allemagne,Autriche,France,Suisse,Tch\u00e9quie,Norv\u00e8ge et France.<\/p>\n<p><a href=\"http:\/\/vhrc.fr\/wp-content\/uploads\/2018\/04\/Lostallo2_011.jpg\"><img loading=\"lazy\" decoding=\"async\" class=\"alignnone size-full wp-image-8394\" src=\"http:\/\/vhrc.fr\/wp-content\/uploads\/2018\/04\/Lostallo2_011.jpg\" alt=\"\" width=\"640\" height=\"480\" srcset=\"https:\/\/vhrc.fr\/wp-content\/uploads\/2018\/04\/Lostallo2_011.jpg 640w, https:\/\/vhrc.fr\/wp-content\/uploads\/2018\/04\/Lostallo2_011-500x375.jpg 500w\" sizes=\"auto, (max-width: 640px) 100vw, 640px\" \/><\/a><\/p>\n<p>Le d\u00e9part est retard\u00e9 par un probl\u00e8me radio de deux pilotes qui sont sur la m\u00eame fr\u00e9quence, les huit voitures sont pr\u00eates partir, voil\u00e0 le d\u00e9part et donn\u00e9 Hadrien le polemen prend tous de suite le dessus sur tous le monde un temps de r\u00e9action d\u2019une demi-seconde, suivis Jean-Paul Maugin et Christophe et Patrick.<br \/>\nLes tours s\u2019enchainent pour une finale de 20 min en t\u00eate Hadrien prend six tours sur Jean-Paul et belle bagarre aussi entre Christophe et Patrick pour la troisi\u00e8me place Patrick finiras finalement \u00e0 la quatri\u00e8mes place de ses championnat d\u2019Europe et derri\u00e8re tous les pilotes finissent cette finale.<\/p>\n<p><a href=\"http:\/\/vhrc.fr\/wp-content\/uploads\/2018\/04\/Lostallo2_002.jpg\"><img loading=\"lazy\" decoding=\"async\" class=\"alignnone size-full wp-image-8386\" src=\"http:\/\/vhrc.fr\/wp-content\/uploads\/2018\/04\/Lostallo2_002.jpg\" alt=\"\" width=\"640\" height=\"480\" srcset=\"https:\/\/vhrc.fr\/wp-content\/uploads\/2018\/04\/Lostallo2_002.jpg 640w, https:\/\/vhrc.fr\/wp-content\/uploads\/2018\/04\/Lostallo2_002-500x375.jpg 500w\" sizes=\"auto, (max-width: 640px) 100vw, 640px\" \/><\/a><\/p>\n<p><a href=\"http:\/\/vhrc.fr\/wp-content\/uploads\/2018\/04\/Lostallo2_001.jpg\"><img loading=\"lazy\" decoding=\"async\" class=\"alignnone size-full wp-image-8385\" src=\"http:\/\/vhrc.fr\/wp-content\/uploads\/2018\/04\/Lostallo2_001.jpg\" alt=\"\" width=\"640\" height=\"480\" srcset=\"https:\/\/vhrc.fr\/wp-content\/uploads\/2018\/04\/Lostallo2_001.jpg 640w, https:\/\/vhrc.fr\/wp-content\/uploads\/2018\/04\/Lostallo2_001-500x375.jpg 500w\" sizes=\"auto, (max-width: 640px) 100vw, 640px\" \/><\/a><br \/>\net bravo au petit jeune Giaramita qui finis 6\u00e8me. nous avons pass\u00e9 un beau s\u00e9jours durant ces quatre jours. je tient aussi \u00e0 relever le fairplay durant la finale de camion et de F1 qui sont partis \u00e0 20 voitures sur la grille de d\u00e9part je n\u2019avait jamais vu \u00e7a dans la RC et je peux vous dire que c&rsquo;est impressionnant!<\/p>\n<p><a href=\"http:\/\/vhrc.fr\/wp-content\/uploads\/2018\/04\/Lostallo2_008.jpg\"><img loading=\"lazy\" decoding=\"async\" class=\"alignnone size-full wp-image-8391\" src=\"http:\/\/vhrc.fr\/wp-content\/uploads\/2018\/04\/Lostallo2_008.jpg\" alt=\"\" width=\"640\" height=\"480\" srcset=\"https:\/\/vhrc.fr\/wp-content\/uploads\/2018\/04\/Lostallo2_008.jpg 640w, https:\/\/vhrc.fr\/wp-content\/uploads\/2018\/04\/Lostallo2_008-500x375.jpg 500w\" sizes=\"auto, (max-width: 640px) 100vw, 640px\" \/><\/a> <a href=\"http:\/\/vhrc.fr\/wp-content\/uploads\/2018\/04\/Lostallo2_007.jpg\"><img loading=\"lazy\" decoding=\"async\" class=\"alignnone size-full wp-image-8390\" src=\"http:\/\/vhrc.fr\/wp-content\/uploads\/2018\/04\/Lostallo2_007.jpg\" alt=\"\" width=\"640\" height=\"480\" srcset=\"https:\/\/vhrc.fr\/wp-content\/uploads\/2018\/04\/Lostallo2_007.jpg 640w, https:\/\/vhrc.fr\/wp-content\/uploads\/2018\/04\/Lostallo2_007-500x375.jpg 500w\" sizes=\"auto, (max-width: 640px) 100vw, 640px\" \/><\/a><\/p>\n<h1>Classement<\/h1>\n<p><a href=\"http:\/\/vhrc.fr\/wp-content\/uploads\/2018\/04\/Lostallo_002.jpg\"><img loading=\"lazy\" decoding=\"async\" class=\"alignnone size-full wp-image-8384\" src=\"http:\/\/vhrc.fr\/wp-content\/uploads\/2018\/04\/Lostallo_002.jpg\" alt=\"\" width=\"640\" height=\"480\" srcset=\"https:\/\/vhrc.fr\/wp-content\/uploads\/2018\/04\/Lostallo_002.jpg 640w, https:\/\/vhrc.fr\/wp-content\/uploads\/2018\/04\/Lostallo_002-500x375.jpg 500w\" sizes=\"auto, (max-width: 640px) 100vw, 640px\" \/><\/a><\/p>\n<table style=\"height: 522px; background-color: #c7edff;\" border=\"1\" width=\"958\">\n<caption>\u00a0<\/caption>\n<tbody>\n<tr>\n<td>place<\/td>\n<td>pilote<\/td>\n<td>tours<\/td>\n<td>marque<\/td>\n<td>mod\u00e8le<\/td>\n<\/tr>\n<tr>\n<td>1<\/td>\n<td>Contat Hadrien<\/td>\n<td>39<\/td>\n<td>yankee<\/td>\n<td>venturi<\/td>\n<\/tr>\n<tr>\n<td>2<\/td>\n<td>Maugin Jean-paul<\/td>\n<td>33<\/td>\n<td>yankee<\/td>\n<td>venturi<\/td>\n<\/tr>\n<tr>\n<td>3<\/td>\n<td>Delabasse Christophe<\/td>\n<td>32<\/td>\n<td>yankee<\/td>\n<td>mercedes C<\/td>\n<\/tr>\n<tr>\n<td>4<\/td>\n<td>Aubort Patrick<\/td>\n<td>29<\/td>\n<td>yankee<\/td>\n<td>BMW M3 GTR<\/td>\n<\/tr>\n<tr>\n<td>5<\/td>\n<td>Lhermitte Wilfried<\/td>\n<td>28<\/td>\n<td>yankee<\/td>\n<td>Porsche 930<\/td>\n<\/tr>\n<tr>\n<td>6<\/td>\n<td>Giaramita Vincent<\/td>\n<td>24<\/td>\n<td>yankee<\/td>\n<td>twingo<\/td>\n<\/tr>\n<tr>\n<td>7<\/td>\n<td>Delabasse Vincent<\/td>\n<td>23<\/td>\n<td>yankee<\/td>\n<td>mercedes C<\/td>\n<\/tr>\n<tr>\n<td>8<\/td>\n<td>Bouralla Eric<\/td>\n<td>13<\/td>\n<td>yankee<\/td>\n<td>venturi<\/td>\n<\/tr>\n<\/tbody>\n<\/table>\n<p>&nbsp;<\/p>\n<p><a href=\"http:\/\/vhrc.fr\/wp-content\/uploads\/2018\/04\/Lostallo2_019.jpg\"><img loading=\"lazy\" decoding=\"async\" class=\"alignnone size-full wp-image-8383\" src=\"http:\/\/vhrc.fr\/wp-content\/uploads\/2018\/04\/Lostallo2_019.jpg\" alt=\"\" width=\"640\" height=\"480\" srcset=\"https:\/\/vhrc.fr\/wp-content\/uploads\/2018\/04\/Lostallo2_019.jpg 640w, https:\/\/vhrc.fr\/wp-content\/uploads\/2018\/04\/Lostallo2_019-500x375.jpg 500w\" sizes=\"auto, (max-width: 640px) 100vw, 640px\" \/><\/a><\/p>\n<h3>Coup de gueule<\/h3>\n<p>La critique facile, j\u2019ai \u00e9t\u00e9 faire une visite sur le site de Hobbit center.J\u2019ai pu lire diff\u00e9rent courriers sur le forum parlant du 1\/4, je ne veux pas pol\u00e9miquer mais \u00e0 dire que c\u2019\u00e9tait des voitures bricol\u00e9es, je ne suis pas d\u2019accord . d\u00e9j\u00e0 il fallait passer un contr\u00f4le technique, je vous parle de ma voiture il est vrai que j\u2019avais une carro en fibre, mais au contr\u00f4le me disant que je ne pouvais pas courir avec \u00e7a, les qualifs et la finale \u00e0 \u00e9t\u00e9 faites avec une carro en Lexan BMW et le ch\u00e2ssis \u00e9tais d\u2019origine du concept 94 donc des cellule en plastique homologu\u00e9es voil\u00e0 pour M Bovard Patrick Amicalement votre serviteur Patrick Aubort.<\/p>\n<p><a href=\"http:\/\/vhrc.fr\/wp-content\/uploads\/2018\/04\/Lostallo2_016.jpg\"><img loading=\"lazy\" decoding=\"async\" class=\"alignnone size-full wp-image-8382\" src=\"http:\/\/vhrc.fr\/wp-content\/uploads\/2018\/04\/Lostallo2_016.jpg\" alt=\"\" width=\"640\" height=\"480\" srcset=\"https:\/\/vhrc.fr\/wp-content\/uploads\/2018\/04\/Lostallo2_016.jpg 640w, https:\/\/vhrc.fr\/wp-content\/uploads\/2018\/04\/Lostallo2_016-500x375.jpg 500w\" sizes=\"auto, (max-width: 640px) 100vw, 640px\" \/><\/a><\/p>\n<p><a href=\"http:\/\/vhrc.fr\/wp-content\/uploads\/2018\/04\/Lostallo2_005.jpg\"><img loading=\"lazy\" decoding=\"async\" class=\"alignnone size-full wp-image-8389\" src=\"http:\/\/vhrc.fr\/wp-content\/uploads\/2018\/04\/Lostallo2_005.jpg\" alt=\"\" width=\"640\" height=\"480\" srcset=\"https:\/\/vhrc.fr\/wp-content\/uploads\/2018\/04\/Lostallo2_005.jpg 640w, https:\/\/vhrc.fr\/wp-content\/uploads\/2018\/04\/Lostallo2_005-500x375.jpg 500w\" sizes=\"auto, (max-width: 640px) 100vw, 640px\" \/><\/a> <a href=\"http:\/\/vhrc.fr\/wp-content\/uploads\/2018\/04\/Lostallo2_003.jpg\"><img loading=\"lazy\" decoding=\"async\" class=\"alignnone size-full wp-image-8387\" src=\"http:\/\/vhrc.fr\/wp-content\/uploads\/2018\/04\/Lostallo2_003.jpg\" alt=\"\" width=\"640\" height=\"480\" srcset=\"https:\/\/vhrc.fr\/wp-content\/uploads\/2018\/04\/Lostallo2_003.jpg 640w, https:\/\/vhrc.fr\/wp-content\/uploads\/2018\/04\/Lostallo2_003-500x375.jpg 500w\" sizes=\"auto, (max-width: 640px) 100vw, 640px\" \/><\/a> <a href=\"http:\/\/vhrc.fr\/wp-content\/uploads\/2018\/04\/Lostallo2_013.jpg\"><img loading=\"lazy\" decoding=\"async\" class=\"alignnone size-full wp-image-8396\" src=\"http:\/\/vhrc.fr\/wp-content\/uploads\/2018\/04\/Lostallo2_013.jpg\" alt=\"\" width=\"640\" height=\"480\" srcset=\"https:\/\/vhrc.fr\/wp-content\/uploads\/2018\/04\/Lostallo2_013.jpg 640w, https:\/\/vhrc.fr\/wp-content\/uploads\/2018\/04\/Lostallo2_013-500x375.jpg 500w\" sizes=\"auto, (max-width: 640px) 100vw, 640px\" \/><\/a><\/p>","protected":false},"excerpt":{"rendered":"<p>la derni\u00e8re \u00e9preuve officielle de 1:4 en Europe&#8230; jusqu&rsquo;\u00e0 ce jour gagn\u00e9e par Hadrien Comptat. surement un des plus beaux<\/p>","protected":false},"author":5,"featured_media":3890,"parent":481,"menu_order":0,"comment_status":"closed","ping_status":"closed","template":"","meta":{"colormag_page_container_layout":"default_layout","colormag_page_sidebar_layout":"default_layout","footnotes":""},"class_list":["post-3889","page","type-page","status-publish","has-post-thumbnail","hentry"],"_links":{"self":[{"href":"https:\/\/vhrc.fr\/en\/wp-json\/wp\/v2\/pages\/3889","targetHints":{"allow":["GET"]}}],"collection":[{"href":"https:\/\/vhrc.fr\/en\/wp-json\/wp\/v2\/pages"}],"about":[{"href":"https:\/\/vhrc.fr\/en\/wp-json\/wp\/v2\/types\/page"}],"author":[{"embeddable":true,"href":"https:\/\/vhrc.fr\/en\/wp-json\/wp\/v2\/users\/5"}],"replies":[{"embeddable":true,"href":"https:\/\/vhrc.fr\/en\/wp-json\/wp\/v2\/comments?post=3889"}],"version-history":[{"count":8,"href":"https:\/\/vhrc.fr\/en\/wp-json\/wp\/v2\/pages\/3889\/revisions"}],"predecessor-version":[{"id":8400,"href":"https:\/\/vhrc.fr\/en\/wp-json\/wp\/v2\/pages\/3889\/revisions\/8400"}],"up":[{"embeddable":true,"href":"https:\/\/vhrc.fr\/en\/wp-json\/wp\/v2\/pages\/481"}],"wp:featuredmedia":[{"embeddable":true,"href":"https:\/\/vhrc.fr\/en\/wp-json\/wp\/v2\/media\/3890"}],"wp:attachment":[{"href":"https:\/\/vhrc.fr\/en\/wp-json\/wp\/v2\/media?parent=3889"}],"curies":[{"name":"wp","href":"https:\/\/api.w.org\/{rel}","templated":true}]}}